{"id":38,"date":"2022-05-09T15:40:53","date_gmt":"2022-05-09T13:40:53","guid":{"rendered":"https:\/\/semmelweis.hu\/baratikor\/?page_id=38"},"modified":"2023-10-18T13:05:33","modified_gmt":"2023-10-18T11:05:33","slug":"kiadvanyok","status":"publish","type":"page","link":"https:\/\/semmelweis.hu\/baratikor\/dokumentumtar\/kiadvanyok\/","title":{"rendered":"Kiadv\u00e1nyok"},"content":{"rendered":"<h1>A SEMMELWEIS EGYETEM BAR\u00c1TI K\u00d6R\u00c9NEK PUBLIK\u00c1CI\u00d3I<\/h1>\n<p>(k\u00f6nyv, k\u00f6nyvfejezet, \u00fajs\u00e1gcikk)<\/p>\n<p><b>Semmelweis Ign\u00e1cra eml\u00e9kezve.<\/b><br \/>\n<i>Monos E.<\/i><br \/>\nOrvosegyetem 38\/ 17: 4, 1994.<\/p>\n<p><b>Rectores Medici Nagyszombat-Budapest.<\/b><br \/>\n<i>Szerkeszt\u0151bizotts\u00e1g: Monos E. (eln\u00f6k), D\u00e1nos Korn\u00e9l, Moln\u00e1r L\u00e1szl\u00f3, Romv\u00e1ri J\u00e1nos, Szir\u00e1nyi Andr\u00e1s, T\u00e1ncos L\u00e1szl\u00f3<\/i><br \/>\nSemmelweis Kiad\u00f3, Budapest, 2005. HU ISBN 963-9214-92-2 (Magyar \u00e9s angol nyelven). 2. \u00e1tdolgozott \u00e9s b\u0151v\u00edtett kiad\u00e1s Semmelweis Kiad\u00f3, Budapest, 2019. HU-ISBN 978-963-331-481-4<\/p>\n<p><b>2008-as falinapt\u00e1r<\/b><br \/>\nAz Egyetem 12 kiv\u00e1l\u00f3 professzor\u00e1nak <i>(Lumniczer S\u00e1ndor, R\u00e1cz S\u00e1muel, Lenhoss\u00e9k J\u00f3zsef, Winterl Jakab J\u00f3zsef, B\u00f3kai J\u00e1nos, Jendrassik Ern\u0151, Bene Ferenc, Semmelweis Ign\u00e1c, Preisz Hug\u00f3, Sauer Ign\u00e1c, H\u0151gyes Endre, Kor\u00e1nyi Frigyes)<\/i> m\u0171v\u00e9szi grafikai portr\u00e9ja (Szab\u00f3 \u00c1kos) \u00e9s \u00e9letrajza (Moln\u00e1r L\u00e1szl\u00f3).<br \/>\n<i>Szerkeszt\u0151k: Monos Emil, T\u00e1ncos L\u00e1szl\u00f3<\/i><br \/>\nSemmelweis Egyetem Bar\u00e1ti K\u00f6re \u00e9s Semmelweis Kiad\u00f3, Budapest, 2007.<\/p>\n<p><b>BU\u00c9K &#8211; 2010! (Falinapt\u00e1r)<\/b><br \/>\nAz Egyetem 12 kiv\u00e1l\u00f3 professzor\u00e1nak <i>(Lippay G\u00e1sp\u00e1r, Lenhoss\u00e9k Mih\u00e1ly Ign\u00e1c, Thanhoffer Lajos, Kerpel-Fr\u00f3niusz \u00d6d\u00f6n, Klug N\u00e1ndor, Eckstein Frigyes, Bezn\u00e1k Alald\u00e1r, Balogh Ern\u0151, Balogh K\u00e1lm\u00e1n, Magyar Imre, Bakay Lajos, Tauffer Vilmos)<\/i> m\u0171v\u00e9szi grafikai portr\u00e9ja (Szab\u00f3 \u00c1kos) \u00e9s \u00e9letrajza (Moln\u00e1r L\u00e1szl\u00f3).<br \/>\n<i>Szerkeszt\u0151k: Monos Emil, T\u00e1ncos L\u00e1szl\u00f3<\/i><br \/>\nSemmelweis Egyetem Bar\u00e1ti K\u00f6re \u00e9s Semmelweis Kiad\u00f3, Budapest, 2009.<\/p>\n<p><b>BOTE, SOTE, SE: Az \u00f6n\u00e1ll\u00f3 orvosegyetem els\u0151 6 \u00e9vtized\u00e9nek illusztr\u00e1lt t\u00f6rt\u00e9neti kronol\u00f3gi\u00e1ja.<\/b><br \/>\n<i>Monos E., Moln\u00e1r L.<\/i><br \/>\nIn: &#8222;Eml\u00e9kez\u00fcnk orvosainkra 9.&#8221; (szerkeszti Vincze J)<br \/>\nNDP Kiad\u00f3, Budapest, 2011. Pp. 29-70.<\/p>\n<p><b>A magyarorsz\u00e1gi \u00e9lettan-oktat\u00e1s \u00e9s t\u00e1rsul\u00e1s t\u00f6rt\u00e9nelmi m\u00e9rf\u00f6ldk\u00f6vei.<\/b><br \/>\n<i>Monos E.<\/i><br \/>\nIn: &#8222;Cito Pede Labitur AETAS &#8211; Tanulm\u00e1nyok Kapronczay K\u00e1roly 70. sz\u00fclet\u00e9snapj\u00e1ra&#8221;<br \/>\nSemmelweis Kiad\u00f3, Budapest, 2011. Pp. 187-194.<\/p>\n<p><b>Jens Bj\u00f8rneboe: Semmelweis (Norv\u00e9g dr\u00e1ma Semmelweisr\u0151l \u2013 Egy v\u00e9letlen felfedez\u00e9s t\u00f6rt\u00e9nete.<\/b><br \/>\n<i>Monos E.<\/i><br \/>\nTekintet 2015\/6, pp. 108-115. (Felk\u00e9r\u00e9sre)<\/p>\n<p><b>Semmelweis Ign\u00e1c eml\u00e9kezet\u00e9re &#8211; 150 \u00e9vvel hal\u00e1la ut\u00e1n. In memory of Ignatius Semmelweis &#8211; 150 years after his death.<\/b><br \/>\n<i>Monos E. (f\u0151szerkeszt\u0151)<\/i><br \/>\nSemmelweis Kiad\u00f3, Budapest, 2015. ISBN 978-963-331-353-4<\/p>\n<p><b>A Semmelweis Egyetem Bar\u00e1ti K\u00f6r\u00e9nek els\u0151 negyedsz\u00e1zada az Egyetem\u00e9rt<\/b><br \/>\n<i>Moln\u00e1r L\u00e1szl\u00f3, Don\u00e1th Tibor<\/i><br \/>\nSemmelweis Egyetem Bar\u00e1ti K\u00f6re \u00e9s Semmelweis Kiad\u00f3, Budapest, 2016.<\/p>\n<p><b>A Bar\u00e1ti K\u00f6r eml\u00e9kt\u00e1bla avat\u00f3 \u00fcnneps\u00e9ge a NET-ben, a bar\u00e1ts\u00e1g nemes eszm\u00e9je jegy\u00e9ben.<\/b><br \/>\n<i>Monos E.<\/i><br \/>\nIn: Anderlik P, K\u00f6vesdi V, Rajna I (szerkeszt\u0151k) &#8222;A Nagyv\u00e1rad t\u00e9ri Elm\u00e9leti T\u00f6mb 45 \u00e9ve&#8221;, Semmelweis Kiad\u00f3, Budapest, 2016. ISBN 978-963-331-376-3 (K\u00f6nyvfejezet felk\u00e9r\u00e9sre)<\/p>\n<p><strong>Semmelweis 200 \u00e9ve<br \/>\n<\/strong><em>Rosivall L\u00e1szl\u00f3 (szerkeszt\u0151)<br \/>\n<\/em>Semmelweis Kiad\u00f3, Budapest, 2018. ISBN 978-963-331-439-5 (Magyar \u00e9s angol nyelven)<\/p>\n","protected":false},"excerpt":{"rendered":"<p>A SEMMELWEIS EGYETEM BAR\u00c1TI K\u00d6R\u00c9NEK PUBLIK\u00c1CI\u00d3I (k\u00f6nyv, k\u00f6nyvfejezet, \u00fajs\u00e1gcikk) Semmelweis Ign\u00e1cra eml\u00e9kezve. Monos E. Orvosegyetem 38\/ 17: 4, 1994. Rectores Medici Nagyszombat-Budapest. Szerkeszt\u0151bizotts\u00e1g: Monos E. (eln\u00f6k), D\u00e1nos Korn\u00e9l, Moln\u00e1r L\u00e1szl\u00f3, Romv\u00e1ri J\u00e1nos, Szir\u00e1nyi Andr\u00e1s, T\u00e1ncos L\u00e1szl\u00f3 Semmelweis Kiad\u00f3, Budapest, 2005. HU ISBN 963-9214-92-2 (Magyar \u00e9s angol nyelven). 2. \u00e1tdolgozott \u00e9s b\u0151v\u00edtett kiad\u00e1s Semmelweis Kiad\u00f3, Budapest, &hellip;<\/p>\n","protected":false},"author":282,"featured_media":0,"parent":101,"menu_order":4,"comment_status":"closed","ping_status":"closed","template":"","meta":{"_acf_changed":false,"footnotes":""},"categories":[],"tags":[],"class_list":["post-38","page","type-page","status-publish","hentry"],"acf":[],"_links":{"self":[{"href":"https:\/\/semmelweis.hu\/baratikor\/wp-json\/wp\/v2\/pages\/38","targetHints":{"allow":["GET"]}}],"collection":[{"href":"https:\/\/semmelweis.hu\/baratikor\/wp-json\/wp\/v2\/pages"}],"about":[{"href":"https:\/\/semmelweis.hu\/baratikor\/wp-json\/wp\/v2\/types\/page"}],"author":[{"embeddable":true,"href":"https:\/\/semmelweis.hu\/baratikor\/wp-json\/wp\/v2\/users\/282"}],"replies":[{"embeddable":true,"href":"https:\/\/semmelweis.hu\/baratikor\/wp-json\/wp\/v2\/comments?post=38"}],"version-history":[{"count":7,"href":"https:\/\/semmelweis.hu\/baratikor\/wp-json\/wp\/v2\/pages\/38\/revisions"}],"predecessor-version":[{"id":5470,"href":"https:\/\/semmelweis.hu\/baratikor\/wp-json\/wp\/v2\/pages\/38\/revisions\/5470"}],"up":[{"embeddable":true,"href":"https:\/\/semmelweis.hu\/baratikor\/wp-json\/wp\/v2\/pages\/101"}],"wp:attachment":[{"href":"https:\/\/semmelweis.hu\/baratikor\/wp-json\/wp\/v2\/media?parent=38"}],"wp:term":[{"taxonomy":"category","embeddable":true,"href":"https:\/\/semmelweis.hu\/baratikor\/wp-json\/wp\/v2\/categories?post=38"},{"taxonomy":"post_tag","embeddable":true,"href":"https:\/\/semmelweis.hu\/baratikor\/wp-json\/wp\/v2\/tags?post=38"}],"curies":[{"name":"wp","href":"https:\/\/api.w.org\/{rel}","templated":true}]}}