{"id":34,"date":"2022-05-09T15:37:28","date_gmt":"2022-05-09T13:37:28","guid":{"rendered":"https:\/\/semmelweis.hu\/baratikor\/?page_id=34"},"modified":"2023-07-24T14:32:47","modified_gmt":"2023-07-24T12:32:47","slug":"jelentkezesi-lap","status":"publish","type":"page","link":"https:\/\/semmelweis.hu\/baratikor\/dokumentumtar\/jelentkezesi-lap\/","title":{"rendered":"Jelentkez\u00e9si lap"},"content":{"rendered":"<p>Amennyiben csatlakozni szeretne a Semmelweis Egyetem Bar\u00e1ti K\u00f6r\u00e9nek tagjai k\u00f6z\u00e9, t\u00f6ltse ki az al\u00e1bbi gombbal let\u00f6lthet\u0151 jelentkez\u00e9si lapot!<\/p>\n<p><span style=\"text-decoration: underline;\"><a class=\"button\" href=\"https:\/\/semmelweis.hu\/baratikor\/files\/2022\/05\/jelentkezesilap.doc\">JELENTKEZ\u00c9SI LAP LET\u00d6LT\u00c9SE (doc)<\/a><\/span><\/p>\n<p>&nbsp;<\/p>\n","protected":false},"excerpt":{"rendered":"<p>Amennyiben csatlakozni szeretne a Semmelweis Egyetem Bar\u00e1ti K\u00f6r\u00e9nek tagjai k\u00f6z\u00e9, t\u00f6ltse ki az al\u00e1bbi gombbal let\u00f6lthet\u0151 jelentkez\u00e9si lapot!<br \/>\n<a class=\"button\" href=\"https:\/\/semmelweis.hu\/baratikor\/files\/2022\/05\/jelentkezesilap.doc\">JELENTKEZ\u00c9SI LAP LET\u00d6LT\u00c9SE (doc)<\/a><br \/>\n&nbsp;<\/p>\n","protected":false},"author":282,"featured_media":0,"parent":101,"menu_order":1,"comment_status":"closed","ping_status":"closed","template":"","meta":{"_acf_changed":false,"footnotes":""},"categories":[],"tags":[],"class_list":["post-34","page","type-page","status-publish","hentry"],"acf":[],"_links":{"self":[{"href":"https:\/\/semmelweis.hu\/baratikor\/wp-json\/wp\/v2\/pages\/34","targetHints":{"allow":["GET"]}}],"collection":[{"href":"https:\/\/semmelweis.hu\/baratikor\/wp-json\/wp\/v2\/pages"}],"about":[{"href":"https:\/\/semmelweis.hu\/baratikor\/wp-json\/wp\/v2\/types\/page"}],"author":[{"embeddable":true,"href":"https:\/\/semmelweis.hu\/baratikor\/wp-json\/wp\/v2\/users\/282"}],"replies":[{"embeddable":true,"href":"https:\/\/semmelweis.hu\/baratikor\/wp-json\/wp\/v2\/comments?post=34"}],"version-history":[{"count":7,"href":"https:\/\/semmelweis.hu\/baratikor\/wp-json\/wp\/v2\/pages\/34\/revisions"}],"predecessor-version":[{"id":5262,"href":"https:\/\/semmelweis.hu\/baratikor\/wp-json\/wp\/v2\/pages\/34\/revisions\/5262"}],"up":[{"embeddable":true,"href":"https:\/\/semmelweis.hu\/baratikor\/wp-json\/wp\/v2\/pages\/101"}],"wp:attachment":[{"href":"https:\/\/semmelweis.hu\/baratikor\/wp-json\/wp\/v2\/media?parent=34"}],"wp:term":[{"taxonomy":"category","embeddable":true,"href":"https:\/\/semmelweis.hu\/baratikor\/wp-json\/wp\/v2\/categories?post=34"},{"taxonomy":"post_tag","embeddable":true,"href":"https:\/\/semmelweis.hu\/baratikor\/wp-json\/wp\/v2\/tags?post=34"}],"curies":[{"name":"wp","href":"https:\/\/api.w.org\/{rel}","templated":true}]}}