{"id":301,"date":"2022-05-25T12:10:35","date_gmt":"2022-05-25T10:10:35","guid":{"rendered":"https:\/\/semmelweis.hu\/baratikor\/?page_id=301"},"modified":"2023-01-04T11:26:19","modified_gmt":"2023-01-04T10:26:19","slug":"meszaros-judit","status":"publish","type":"page","link":"https:\/\/semmelweis.hu\/baratikor\/galeria\/teljes-nevlista\/meszaros-judit\/","title":{"rendered":"M\u00e9sz\u00e1ros Judit"},"content":{"rendered":"<p><a href=\"https:\/\/semmelweis.hu\/baratikor\/files\/2022\/06\/225_11.jpg\"><img loading=\"lazy\" decoding=\"async\" class=\"alignleft wp-image-575 size-full\" src=\"https:\/\/semmelweis.hu\/baratikor\/files\/2022\/06\/225_11.jpg\" alt=\"\" width=\"295\" height=\"386\" \/><\/a><strong>(Budapest, 1947 &#8211; )<\/strong><\/p>\n<p style=\"text-align: justify\">T\u00f6bb diplom\u00e1t is szerzett 1972 \u00e9s 1990 k\u00f6z\u00f6tt, sorrendben a k\u00f6vetkez\u0151ket: pedag\u00f3gia \u00e9s biol\u00f3gia tan\u00e1r, pedag\u00f3gia szakos el\u0151ad\u00f3, tan\u00e1r \u00e9s pszichol\u00f3gus, nevel\u00e9studom\u00e1ny kandid\u00e1tusa. Tanulm\u00e1nyait k\u00f6vet\u0151en, illetve p\u00e1rhuzamosan azokkal 1980 \u00e9s 1988 k\u00f6z\u00f6tt f\u0151el\u0151ad\u00f3k\u00e9nt dolgozott az Eg\u00e9szs\u00e9g\u00fcgyi Miniszt\u00e9rium Fels\u0151oktat\u00e1si F\u0151oszt\u00e1ly\u00e1n. Ezt k\u00f6vet\u0151en egy \u00e9vig az Orvostov\u00e1bbk\u00e9pz\u0151 Egyetem Eg\u00e9szs\u00e9g\u00fcgyi F\u0151iskolai Kar Pszichol\u00f3giai \u00e9s Pedag\u00f3giai Int\u00e9zet igazgat\u00f3ja volt. 1989 \u00e9s 1994 k\u00f6z\u00f6tt az Orvostov\u00e1bbk\u00e9pz\u0151 Egyetem Eg\u00e9szs\u00e9g\u00fcgyi F\u0151iskolai Kar, 1994 \u00e9s 2000 k\u00f6z\u00f6tt a Haynal Imre Eg\u00e9szs\u00e9gtudom\u00e1nyi Egyetem Eg\u00e9szs\u00e9g\u00fcgyi F\u0151iskolai Kar, 2000-t\u0151l pedig jogut\u00f3dja, a Semmelweis Egyetem Eg\u00e9szs\u00e9g\u00fcgyi F\u0151iskolai, illetve 2007-t\u0151l az Eg\u00e9szs\u00e9gtudom\u00e1nyi Kar f\u0151igazgat\u00f3ja. Ezen k\u00edv\u00fcl az \u00c1pol\u00e1studom\u00e1nyi \u00e9s Eg\u00e9szs\u00e9gpedag\u00f3giai Int\u00e9zet igazgat\u00f3ja a karon, tov\u00e1bb\u00e1 a Semmelweis Egyetem Patol\u00f3giai Tudom\u00e1nyok PhD Iskola vezet\u0151je. Tagja a Magyar Rektori Konferenci\u00e1nak, a D\u00e9k\u00e1ni Konferenci\u00e1nak, az Eg\u00e9szs\u00e9g\u00fcgyi Szak- \u00e9s Tov\u00e1bbk\u00e9pz\u00e9si Bizotts\u00e1g\u00e1nak, illetve szoros kapcsolatban van a karon k\u00e9pzett szakemberek nemzeti sz\u00f6vets\u00e9geivel (Magyar \u00c1pol\u00e1si Egyes\u00fclet; Magyar Gy\u00f3gytorn\u00e1szok T\u00e1rsas\u00e1ga; Magyar L\u00e1tszer\u00e9sz, Optometrista, Kontaktol\u00f3gus Sz\u00f6vets\u00e9g). 2003-ban a Magyar K\u00f6zt\u00e1rsas\u00e1g Aranykeresztje kit\u00fcntet\u00e9sben r\u00e9szes\u00fclt. Els\u0151k\u00e9nt vezette be a magyar fels\u0151oktat\u00e1sban az \u00e1pol\u00f3-, optometrista- \u00e9s sz\u00fcl\u00e9szn\u0151k\u00e9pz\u00e9st. Szint\u00e9n egyed\u00fcli \u00e9s egyed\u00fcl\u00e1ll\u00f3 eredm\u00e9nye, hogy meghonos\u00edtotta Magyarorsz\u00e1gon az els\u0151, amerikai-magyar kett\u0151s fokozathoz vezet\u0151, BSc szint\u0171 \u00e1pol\u00f3k\u00e9pz\u00e9st.<\/p>\n","protected":false},"excerpt":{"rendered":"<p><a href=\"https:\/\/semmelweis.hu\/baratikor\/files\/2022\/06\/225_11.jpg\"><\/a> (Budapest, 1947 &#8211; ) T\u00f6bb diplom\u00e1t is szerzett 1972 \u00e9s 1990 k\u00f6z\u00f6tt, sorrendben a k\u00f6vetkez\u0151ket: pedag\u00f3gia \u00e9s biol\u00f3gia tan\u00e1r, pedag\u00f3gia szakos el\u0151ad\u00f3, tan\u00e1r \u00e9s pszichol\u00f3gus, nevel\u00e9studom\u00e1ny kandid\u00e1tusa. Tanulm\u00e1nyait k\u00f6vet\u0151en, illetve p\u00e1rhuzamosan azokkal 1980 \u00e9s 1988 k\u00f6z\u00f6tt f\u0151el\u0151ad\u00f3k\u00e9nt dolgozott az Eg\u00e9szs\u00e9g\u00fcgyi Miniszt\u00e9rium Fels\u0151oktat\u00e1si F\u0151oszt\u00e1ly\u00e1n. Ezt k\u00f6vet\u0151en egy \u00e9vig az Orvostov\u00e1bbk\u00e9pz\u0151 Egyetem Eg\u00e9szs\u00e9g\u00fcgyi F\u0151iskolai Kar Pszichol\u00f3giai \u00e9s &hellip;<\/p>\n","protected":false},"author":282,"featured_media":575,"parent":347,"menu_order":0,"comment_status":"closed","ping_status":"closed","template":"template-fullwidth.php","meta":{"_acf_changed":false,"footnotes":""},"categories":[6,14],"tags":[],"class_list":["post-301","page","type-page","status-publish","has-post-thumbnail","hentry","category-dekanok","category-teljes-nevlista"],"acf":[],"_links":{"self":[{"href":"https:\/\/semmelweis.hu\/baratikor\/wp-json\/wp\/v2\/pages\/301","targetHints":{"allow":["GET"]}}],"collection":[{"href":"https:\/\/semmelweis.hu\/baratikor\/wp-json\/wp\/v2\/pages"}],"about":[{"href":"https:\/\/semmelweis.hu\/baratikor\/wp-json\/wp\/v2\/types\/page"}],"author":[{"embeddable":true,"href":"https:\/\/semmelweis.hu\/baratikor\/wp-json\/wp\/v2\/users\/282"}],"replies":[{"embeddable":true,"href":"https:\/\/semmelweis.hu\/baratikor\/wp-json\/wp\/v2\/comments?post=301"}],"version-history":[{"count":4,"href":"https:\/\/semmelweis.hu\/baratikor\/wp-json\/wp\/v2\/pages\/301\/revisions"}],"predecessor-version":[{"id":576,"href":"https:\/\/semmelweis.hu\/baratikor\/wp-json\/wp\/v2\/pages\/301\/revisions\/576"}],"up":[{"embeddable":true,"href":"https:\/\/semmelweis.hu\/baratikor\/wp-json\/wp\/v2\/pages\/347"}],"wp:featuredmedia":[{"embeddable":true,"href":"https:\/\/semmelweis.hu\/baratikor\/wp-json\/wp\/v2\/media\/575"}],"wp:attachment":[{"href":"https:\/\/semmelweis.hu\/baratikor\/wp-json\/wp\/v2\/media?parent=301"}],"wp:term":[{"taxonomy":"category","embeddable":true,"href":"https:\/\/semmelweis.hu\/baratikor\/wp-json\/wp\/v2\/categories?post=301"},{"taxonomy":"post_tag","embeddable":true,"href":"https:\/\/semmelweis.hu\/baratikor\/wp-json\/wp\/v2\/tags?post=301"}],"curies":[{"name":"wp","href":"https:\/\/api.w.org\/{rel}","templated":true}]}}