{"id":2428,"date":"2023-01-06T11:13:18","date_gmt":"2023-01-06T10:13:18","guid":{"rendered":"https:\/\/semmelweis.hu\/baratikor\/?page_id=2428"},"modified":"2024-04-04T08:42:05","modified_gmt":"2024-04-04T06:42:05","slug":"tortenetunk-a-kezdetektol","status":"publish","type":"page","link":"https:\/\/semmelweis.hu\/baratikor\/magunkrol\/tortenetunk-a-kezdetektol\/","title":{"rendered":"T\u00f6rt\u00e9net\u00fcnk a kezdetekt\u0151l"},"content":{"rendered":"<h2 style=\"text-align: justify;\">A Bar\u00e1ti K\u00f6r megalakul\u00e1sa<\/h2>\n<p style=\"text-align: justify;\">Megalakul\u00e1s\u00e1t 1988-ban Prof. Dr. Somogyi Endre, az Egyetem akkori rektora kezdem\u00e9nyezte. A Bar\u00e1ti K\u00f6rt azzal a gondolattal ind\u00edtotta el a Magyar Orvosok Vil\u00e1gsz\u00f6vets\u00e9g\u00e9nek Kongresszusa alkalm\u00e1val 1988 nyar\u00e1n, hogy sz\u00e1mos k\u00fclf\u00f6ldi orsz\u00e1g egyetemeit t\u00e1mogat\u00f3 t\u00e1rsas\u00e1ghoz hasonl\u00f3an j\u00f6jj\u00f6n l\u00e9tre a Semmelweis Orvostudom\u00e1nyi Egyetemet is t\u00e1mogat\u00f3 egyes\u00fclet, legyen egy Bar\u00e1ti K\u00f6r, amelynek tagja lehet az Egyetem minden volt orvos, fogorvos \u00e9s gy\u00f3gyszer\u00e9sz hallgat\u00f3ja, illetve oktat\u00f3ja; rajtuk k\u00edv\u00fcl b\u00e1rki, aki a K\u00f6r c\u00e9lkit\u0171z\u00e9seivel egyet\u00e9rt, b\u00e1rhol is \u00e9l a nagyvil\u00e1gban.<\/p>\n<p style=\"text-align: justify;\">\u00cdgy a Semmelweis Orvostudom\u00e1nyi Egyetem Bar\u00e1ti K\u00f6re alapc\u00e9lj\u00e1ban az\u00e9rt j\u00f6tt l\u00e9tre, hogy az Alma Matert, a Budapesti Orvostudom\u00e1nyi Egyetemet \u00e9s annak valamennyi jogut\u00f3dj\u00e1t hagyom\u00e1nyaiban tisztelve, \u0151rizve, igyekezzen t\u00e1mogat\u00e1st adni az Egyetem jelen \u00e9s j\u00f6v\u0151beni tev\u00e9kenys\u00e9geinek. A Semmelweis Egyetem k\u00f6zvetlen \u00e9s megszak\u00edt\u00e1s n\u00e9lk\u00fcli ut\u00f3dja, folytat\u00f3ja az 1769 \u00f3ta fenn\u00e1ll\u00f3 Tudom\u00e1nyegyetem Orvosi Fakult\u00e1s\u00e1nak (1774 \u00f3ta gy\u00f3gyszer\u00e9szk\u00e9pz\u00e9ssel), a P\u00e1zm\u00e1ny P\u00e9ter Tudom\u00e1nyegyetem Orvosi Fakult\u00e1s\u00e1nak, az 1951-ben \u00f6n\u00e1ll\u00f3sult Budapesti Orvostudom\u00e1nyi Egyetemnek, amelyen 1955-t\u0151l m\u00e1r \u00c1ltal\u00e1nos Orvosi, Fogorvosi, Gy\u00f3gyszer\u00e9sztudom\u00e1nyi Kar m\u0171k\u00f6d\u00f6tt. Az Egyetem 1969-ben vette fel vil\u00e1gh\u00edr\u0171 volt professzor\u00e1nak, Semmelweis Ign\u00e1cnak a nev\u00e9t, majd 2000-ben az egyetemi integr\u00e1ci\u00f3 folyt\u00e1n a Semmelweis Egyetem nevet.<\/p>\n<p style=\"text-align: justify;\">A K\u00f6r \u00e9ves programj\u00e1ban szerepelt k\u00f3rh\u00e1zl\u00e1togat\u00e1ssal egybek\u00f6t\u00f6tt kir\u00e1ndul\u00e1sok szervez\u00e9se, az orsz\u00e1g neves int\u00e9zm\u00e9nyeinek, t\u00e1jainak megismer\u00e9s\u00e9re. Az elm\u00falt \u00e9vekben t\u00f6bb vid\u00e9ki k\u00f3rh\u00e1zat l\u00e1togatott meg a Bar\u00e1ti K\u00f6r. A kir\u00e1ndul\u00e1sokat a helyi nevezetess\u00e9gek \u00e9s az el\u0151re megszervezett kultur\u00e1lis programok tett\u00e9k eml\u00e9kezetess\u00e9. Rendezv\u00e9nyeink tud\u00f3saink, kutat\u00f3ink, oktat\u00f3 egy\u00e9nis\u00e9geink eml\u00e9k\u00e9nek \u00e1pol\u00e1s\u00e1t, a tudom\u00e1ny egy-egy apr\u00f3, \u00e1m igen \u00e9rdekes szelet\u00e9nek felvillant\u00e1s\u00e1t c\u00e9lozz\u00e1k. Az el\u0151ad\u00e1soknak nem sz\u0171ken az orvosi tudom\u00e1nyr\u00f3l sz\u00f3l\u00f3 szok\u00e1sos t\u00e9m\u00e1i vannak, hanem egy kicsit v\u00e1ltozatosabb, m\u00e1s szemsz\u00f6gb\u0151l val\u00f3 megk\u00f6zel\u00edt\u00e9se az orvosi p\u00e1ly\u00e1nak, mint pl.: utaz\u00e1si besz\u00e1mol\u00f3k, saj\u00e1t \u00e9lm\u00e9nyek kongresszusi r\u00e9szv\u00e9tel alkalm\u00e1val, tapasztalatcsere tudom\u00e1nyos ismeretekr\u0151l. A m\u0171v\u00e9szetet p\u00e1rtol\u00f3 orvosok egy-egy klubd\u00e9lut\u00e1non k\u00f6zrem\u0171k\u00f6dve ak\u00e1r zenem\u0171vel, ak\u00e1r pr\u00f3zai fell\u00e9p\u00e9ssel, vagy az orvosok, fogorvosok, gy\u00f3gyszer\u00e9szek k\u00f6z\u00f6tt oly gyakori k\u00e9pz\u0151m\u0171v\u00e9szek saj\u00e1t ki\u00e1ll\u00edt\u00e1sukkal gazdag\u00edtva teszik \u00e9lvezetess\u00e9 az \u00f6sszej\u00f6veteleket.<\/p>\n<p style=\"text-align: justify;\">A Bar\u00e1ti K\u00f6r jelenleg t\u00f6bb, mint 1000 tagj\u00e1nak k\u00f6zel egyharmada k\u00fclf\u00f6ld\u00f6n \u00e9l. Rendezv\u00e9nyeinken az elm\u00falt \u00e9vekben sz\u00e1mos k\u00fclf\u00f6ldi tagunk is el\u0151adott. Az \u00e9vek sor\u00e1n az Amerikai-Magyar Orvossz\u00f6vets\u00e9ggel kialakult kapcsolat eredm\u00e9nyek\u00e9nt Egyetem\u00fcnk t\u00f6bb hallgat\u00f3j\u00e1t \u00e9s p\u00e1lyakezd\u0151 szakember\u00e9t siker\u00fclt amerikai tanulm\u00e1ny\u00fathoz seg\u00edteni. Az elm\u00falt \u00e9vekben a Magyar Orvost\u00f6rt\u00e9neti T\u00e1rsas\u00e1ggal is siker\u00fclt szoros egy\u00fcttm\u0171k\u00f6d\u00e9st kialak\u00edtani, t\u00f6bb k\u00f6z\u00f6s rendezv\u00e9nyt tartani.<\/p>\n<p style=\"text-align: justify;\">A Bar\u00e1ti K\u00f6r a fiatalok t\u00e1mogat\u00e1s\u00e1t tekinti egyik f\u0151 c\u00e9lkit\u0171z\u00e9s\u00e9nek. Ennek a t\u00f6rekv\u00e9snek az el\u00e9r\u00e9s\u00e9ben k\u00fclf\u00f6ld\u00f6n \u00e9l\u0151 tagok is seg\u00edts\u00e9get ny\u00fajtanak, f\u0151leg azoknak a fiatal p\u00e1lyakezd\u0151 kolleg\u00e1knak, vagy hallgat\u00f3knak, akik anyagi helyzet\u00fck miatt seg\u00edts\u00e9get ig\u00e9nyelnek. Ennek \u00e9rtelm\u00e9ben Dr. Bal\u00e1zs Dezs\u0151 (Amerikai Egyes\u00fclt \u00c1llamok) felk\u00e9r\u00e9s\u00e9re, adom\u00e1ny\u00e1b\u00f3l \u00e9vente meghirdetj\u00fck a &#8222;Dr. Bal\u00e1zs Dezs\u0151 &amp; Walter Julianna&#8221; p\u00e1ly\u00e1zatot, melyben t\u00e1mogatni k\u00edv\u00e1njuk a sikeres p\u00e1ly\u00e1z\u00f3 k\u00fclf\u00f6ldi tanulm\u00e1ny\u00fatj\u00e1t, vagy kongresszusi r\u00e9szv\u00e9tel\u00e9t. A nyertesek \u00e9lm\u00e9nybesz\u00e1mol\u00f3 tart\u00e1s\u00e1val gazdag\u00edthatj\u00e1k a rendezv\u00e9nyek programj\u00e1t. Az &#8222;Orvostudom\u00e1nyi K\u00e9pz\u00e9s\u00e9rt Alap\u00edtv\u00e1ny&#8221; l\u00e9trehoz\u00e1s\u00e1val \u00fajabb lehet\u0151s\u00e9g ny\u00edlt arra, hogy tanulm\u00e1nyutak alkalm\u00e1val sz\u00e1mos t\u00e1voli orsz\u00e1g megismer\u00e9s\u00e9re, szakmai \u00e9lm\u00e9nyek gy\u0171jt\u00e9s\u00e9re adjon m\u00f3dot \u00e9s seg\u00edts\u00e9get a K\u00f6r.<\/p>\n<p style=\"text-align: justify;\">T\u00e1mogatjuk a hallgat\u00f3k sportversenyeit (pl. Medikus Kupa, A Tud\u00e1s \u00datja fut\u00f3verseny). Az \u00e9vente megrendez\u00e9sre ker\u00fcl\u0151 Egyetemi Kos\u00e1rlabda Bajnoks\u00e1g teljes szponzor\u00e1l\u00e1s\u00e1t v\u00e1llalta a Bar\u00e1ti K\u00f6r. A megrendez\u00e9sre ker\u00fclt j\u00f3t\u00e9konys\u00e1gi hangversenyek bev\u00e9tel\u00e9t k\u00f6z\u00e9rdek\u0171 t\u00e1mogat\u00e1si c\u00e9lokra ford\u00edtottuk. A K\u00f6r hozz\u00e1j\u00e1rult k\u00fcl\u00f6nb\u00f6z\u0151 egyetemi int\u00e9zm\u00e9nyek fel\u00faj\u00edt\u00e1s\u00e1hoz, jubileumi \u00fcnneps\u00e9gek k\u00f6lts\u00e9geihez, tudom\u00e1nyos f\u00f3rumok, \u00e9vfolyam-tal\u00e1lkoz\u00f3k megrendez\u00e9s\u00e9hez. Alap\u00edtv\u00e1nyok sz\u00e1m\u00e1ra ny\u00fajtott t\u00e1mogat\u00e1st, hazai \u00e9s k\u00fclf\u00f6ldi tudom\u00e1nyos utakhoz orvostanhallgat\u00f3knak \u00e9s fiatal kolleg\u00e1knak ad anyagi t\u00e1mogat\u00e1st. A v\u00e9gz\u0151s orvos, fogorvos, gy\u00f3gyszer\u00e9sz hallgat\u00f3k avat\u00e1s\u00e1n a Bar\u00e1ti K\u00f6r eml\u00e9klappal k\u00f6sz\u00f6nti az avatand\u00f3kat, egy\u00fattal t\u00e1j\u00e9koztat\u00e1st ad a K\u00f6r l\u00e9t\u00e9r\u0151l \u00e9s felh\u00edvja a figyelmet a Bar\u00e1ti K\u00f6r soraiba t\u00f6rt\u00e9n\u0151 bel\u00e9p\u00e9sre. A Bar\u00e1ti K\u00f6r ma m\u00e1r az Egyetem szerves r\u00e9sze. Dinamikus fejl\u0151d\u00e9se, n\u00e9pszer\u0171s\u00e9ge biztos\u00edt\u00e9k, hogy egyre t\u00f6bb volt di\u00e1kja \u00e9s oktat\u00f3ja tudja tov\u00e1bbra is mag\u00e1\u00e9nak az Alma Matert!<\/p>\n<h2>A Bar\u00e1ti K\u00f6r tev\u00e9kenys\u00e9g\u00e9nek t\u00f6rt\u00e9neti \u00e1ttekint\u00e9se 2002-t\u0151l napjainkig<\/h2>\n<p>A Bar\u00e1ti K\u00f6r \u00e1lland\u00f3 alkalmait a h\u00f3nap utols\u00f3 szerd\u00e1in tartott klubestek adt\u00e1k, ahol rendszerint k\u00e9t el\u0151ad\u00e1s hangzott el. Egy bevezet\u0151nek sz\u00e1nt r\u00f6videbb \u00e9s egy hosszabb f\u0151el\u0151ad\u00e1s, t\u00f6bbnyire megh\u00edvott vend\u00e9gekt\u0151l. Ezek jegyz\u00e9k\u00e9t az Esem\u00e9nyek men\u00fcpontban tal\u00e1lni, helyenk\u00e9nt az el\u0151ad\u00e1s teljes anyag\u00e1val (sz\u00f6veg vagy ppt. bemutat\u00f3). Az el\u0151ad\u00e1sokat k\u00e9rd\u00e9sek, illetve k\u00f6tetlen besz\u00e9lget\u00e9s k\u00f6vette. 2005-t\u0151l egyes\u00fclet\u00fcnknek k\u00fcl\u00f6n fogorvosi szekci\u00f3ja is m\u0171k\u00f6dik, tan\u00e9venk\u00e9nt egy alkalmat kiz\u00e1r\u00f3lag az \u0151 el\u0151ad\u00e1saiknak szentel\u00fcnk. Tal\u00e1lkoz\u00f3ink 2020 elej\u00e9n hossz\u00fa id\u0151re megszakadtak a COVID-j\u00e1rv\u00e1ny k\u00f6vetkezt\u00e9ben \u00e9s csak 2023 \u0151sz\u00e9n tudtuk \u00fajraind\u00edtani a t\u00e9nyleges \u00f6sszej\u00f6veteleket. A k\u00f6zbees\u0151 id\u0151szakban Rosivall L\u00e1szl\u00f3 professzor online kurzusa ny\u00fajtott k\u00e1rp\u00f3tl\u00e1st, mely a \u201eTudom\u00e1ny \u00e9s m\u0171v\u00e9szet k\u00f3r\u00e9lettana\u201d c\u00edmen az egyetemi hallgat\u00f3k sz\u00e1m\u00e1ra (is) meghirdetett nyilv\u00e1nos el\u0151ad\u00e1s-sorozatk\u00e9nt jelenleg is fut.<\/p>\n<p>A rendszeres tal\u00e1lkoz\u00e1sokon t\u00fal alkalmi rendezv\u00e9nyekre is sor ker\u00fclt.<\/p>\n<p>\u00cdgy m\u0171v\u00e9szeti produkci\u00f3kra, mini-hangversenyek form\u00e1j\u00e1ban (Telemann Barokk Tri\u00f3 \u2013 Erd\u0151s G\u00e1bor, Meixner Mih\u00e1ly, T\u00fary Ferenc, Kathy-Horv\u00e1th Lajos), szaval\u00f3 estekre (M\u00e9cs K\u00e1roly, Lutter Imre), szoborbemutat\u00e1sra (Domonkos B\u00e9la). Jelent\u0151s esem\u00e9nyek voltak a m\u00fazeumi \u00e9s m\u00e1s int\u00e9zm\u00e9nyl\u00e1togat\u00e1sok is a Semmelweis Egyetem K\u00f6zponti K\u00f6nyvt\u00e1r\u00e1ba, az ELTE TTK \u00c1sv\u00e1ny- \u00e9s K\u0151zett\u00e1r\u00e1ba, a Magyar Orsz\u00e1gos Lev\u00e9lt\u00e1rba, a Terror H\u00e1za M\u00fazeumba, az ELTE F\u00fcv\u00e9szkertj\u00e9be, a Magyar Term\u00e9szettudom\u00e1nyi M\u00fazeumba, valamint a Semmelweis t\u00f6rt\u00e9nelmi eml\u00e9ks\u00e9t\u00e1k az Alumni Irod\u00e1val k\u00f6z\u00f6sen szervezve.<\/p>\n<p>2009-ben \u00fcnnepelt\u00fck fenn\u00e1ll\u00e1sunk 20 \u00e9ves jubileum\u00e1t. Az \u00fcnnepi alkalomb\u00f3l, a Magyar Orvost\u00f6rt\u00e9nelmi T\u00e1rsas\u00e1ggal (MOT) \u00e9s a Magyar \u00c9lettani T\u00e1rsas\u00e1ggal (M\u00c9T) \u00f6sszefogva a Bar\u00e1ti K\u00f6r k\u00fcl\u00f6n szimp\u00f3ziumot szervezett a M\u00c9T LXXIII. v\u00e1ndorgy\u0171l\u00e9s\u00e9nek keret\u00e9ben, mely 2009. augusztus 27-29. k\u00f6z\u00f6tt zajlott az SE Elm\u00e9leti Orvostudom\u00e1nyi K\u00f6zpont \u00e9p\u00fclet\u00e9ben. E szimp\u00f3zium a Kir\u00e1lyi Magyar Term\u00e9szettudom\u00e1nyi T\u00e1rsulat kezdem\u00e9nyez\u00e9s\u00e9re 1891-ben l\u00e9tes\u00fclt els\u0151 magyar \u00e9lettani t\u00e1rsul\u00e1s (\u201e\u00c9lettani Szak\u00e9rtekezletek\u201d) alap\u00edt\u00f3ir\u00f3l eml\u00e9kezett meg, akik csaknem mindny\u00e1jan egyetem\u00fcnk tan\u00e1rai voltak. 2009. november 25-\u00e9n a 20. \u00e9vfordul\u00f3 alkalm\u00e1b\u00f3l bronz eml\u00e9kt\u00e1bl\u00e1t avattunk a Nagyv\u00e1rad t\u00e9ri Elm\u00e9leti T\u00f6mb (NET) aul\u00e1j\u00e1ban, melyet Madarassy Istv\u00e1n \u00f6tv\u00f6s- \u00e9s szobr\u00e1szm\u0171v\u00e9sz alkotott.<\/p>\n<p>A kor\u00e1bbiakhoz k\u00e9pest \u00faj tev\u00e9kenys\u00e9gi ter\u00fcletnek sz\u00e1m\u00edtott a k\u00f6nyvkiad\u00e1s. 2005 m\u00e1jus\u00e1ban a Semmelweis Kiad\u00f3 gondoz\u00e1s\u00e1ban jelent meg a reprezentat\u00edv <em>\u201eRectores Medici, Nagyszombat &#8211; Budapest\u201d <\/em>c\u00edm\u0171 k\u00e9tnyelv\u0171 kiadv\u00e1ny (magyar-angol), mely az 1774-2005 k\u00f6z\u00f6tti id\u0151szak \u00f6sszesen 53 orvos-rektor\u00e1nak r\u00f6vid \u00e9letrajz\u00e1t \u00e9s arck\u00e9p\u00e9t tartalmazza. 2018-ban a 2. b\u0151v\u00edtett kiad\u00e1s is megjelent. Jelent\u0151s szerepet v\u00e1llaltunk a 2015-\u00f6s Semmelweis-eml\u00e9k\u00e9v meg\u00fcnnepl\u00e9s\u00e9ben, n\u00e9vad\u00f3nk hal\u00e1l\u00e1nak 150. \u00e9vfordul\u00f3j\u00e1n. Ennek egyik eredm\u00e9nye volt a <em>\u201eSemmelweis Ign\u00e1c eml\u00e9kezet\u00e9re \u2013 150 \u00e9vvel hal\u00e1la ut\u00e1n\u201d <\/em>c\u00edm\u0171 k\u00e9tnyelv\u0171 eml\u00e9kk\u00f6tet. Az eml\u00e9k\u00e9vvel kapcsolatos elfoglalts\u00e1gok is okozt\u00e1k, hogy a Bar\u00e1ti K\u00f6r 25 \u00e9ves jubileum\u00e1hoz (2014) k\u00e9pest valamivel k\u00e9s\u0151bb, 2016-ban l\u00e1tott napvil\u00e1got <em>A Semmelweis Egyetem Bar\u00e1ti K\u00f6r\u00e9nek els\u0151 negyedsz\u00e1zada az egyetem\u00e9rt\u201d <\/em>c\u00edm\u0171 k\u00f6tet, mely r\u00e9szletes \u00f6sszefoglal\u00f3j\u00e1t adja az egyes\u00fclet addigi tev\u00e9kenys\u00e9g\u00e9nek. 2018-ban \u00fajabb jeles \u00e9vfordul\u00f3hoz \u00e9rkezt\u00fcnk, Semmelweis sz\u00fclet\u00e9s\u00e9nek bicenten\u00e1rium\u00e1hoz. Rosivall L\u00e1szl\u00f3 f\u0151szerkeszt\u00e9s\u00e9vel, 58 szerz\u0151 toll\u00e1b\u00f3l \u00e1llt \u00f6ssze a <em>Semmelweis 200 \u00e9ve<\/em> c\u00edm\u0171 eml\u00e9kk\u00f6nyv, mely magyar \u00e9s angol v\u00e1ltozatban is megjelent.<\/p>\n<p><a href=\"https:\/\/semmelweis.hu\/baratikor\/esemeny-archivum\/\">Megtekinthet\u0151 az esem\u00e9nyek arch\u00edvuma \u2192<\/a><\/p>\n","protected":false},"excerpt":{"rendered":"<p>A Bar\u00e1ti K\u00f6r megalakul\u00e1sa Megalakul\u00e1s\u00e1t 1988-ban Prof. Dr. Somogyi Endre, az Egyetem akkori rektora kezdem\u00e9nyezte. A Bar\u00e1ti K\u00f6rt azzal a gondolattal ind\u00edtotta el a Magyar Orvosok Vil\u00e1gsz\u00f6vets\u00e9g\u00e9nek Kongresszusa alkalm\u00e1val 1988 nyar\u00e1n, hogy sz\u00e1mos k\u00fclf\u00f6ldi orsz\u00e1g egyetemeit t\u00e1mogat\u00f3 t\u00e1rsas\u00e1ghoz hasonl\u00f3an j\u00f6jj\u00f6n l\u00e9tre a Semmelweis Orvostudom\u00e1nyi Egyetemet is t\u00e1mogat\u00f3 egyes\u00fclet, legyen egy Bar\u00e1ti K\u00f6r, amelynek tagja lehet &hellip;<\/p>\n","protected":false},"author":282,"featured_media":0,"parent":2404,"menu_order":6,"comment_status":"closed","ping_status":"closed","template":"","meta":{"_acf_changed":false,"footnotes":""},"categories":[],"tags":[],"class_list":["post-2428","page","type-page","status-publish","hentry"],"acf":[],"_links":{"self":[{"href":"https:\/\/semmelweis.hu\/baratikor\/wp-json\/wp\/v2\/pages\/2428","targetHints":{"allow":["GET"]}}],"collection":[{"href":"https:\/\/semmelweis.hu\/baratikor\/wp-json\/wp\/v2\/pages"}],"about":[{"href":"https:\/\/semmelweis.hu\/baratikor\/wp-json\/wp\/v2\/types\/page"}],"author":[{"embeddable":true,"href":"https:\/\/semmelweis.hu\/baratikor\/wp-json\/wp\/v2\/users\/282"}],"replies":[{"embeddable":true,"href":"https:\/\/semmelweis.hu\/baratikor\/wp-json\/wp\/v2\/comments?post=2428"}],"version-history":[{"count":10,"href":"https:\/\/semmelweis.hu\/baratikor\/wp-json\/wp\/v2\/pages\/2428\/revisions"}],"predecessor-version":[{"id":5706,"href":"https:\/\/semmelweis.hu\/baratikor\/wp-json\/wp\/v2\/pages\/2428\/revisions\/5706"}],"up":[{"embeddable":true,"href":"https:\/\/semmelweis.hu\/baratikor\/wp-json\/wp\/v2\/pages\/2404"}],"wp:attachment":[{"href":"https:\/\/semmelweis.hu\/baratikor\/wp-json\/wp\/v2\/media?parent=2428"}],"wp:term":[{"taxonomy":"category","embeddable":true,"href":"https:\/\/semmelweis.hu\/baratikor\/wp-json\/wp\/v2\/categories?post=2428"},{"taxonomy":"post_tag","embeddable":true,"href":"https:\/\/semmelweis.hu\/baratikor\/wp-json\/wp\/v2\/tags?post=2428"}],"curies":[{"name":"wp","href":"https:\/\/api.w.org\/{rel}","templated":true}]}}