{"id":2404,"date":"2023-01-06T10:45:04","date_gmt":"2023-01-06T09:45:04","guid":{"rendered":"https:\/\/semmelweis.hu\/baratikor\/?page_id=2404"},"modified":"2024-04-04T08:56:50","modified_gmt":"2024-04-04T06:56:50","slug":"magunkrol","status":"publish","type":"page","link":"https:\/\/semmelweis.hu\/baratikor\/magunkrol\/","title":{"rendered":"A Bar\u00e1ti K\u00f6r bemutat\u00e1sa"},"content":{"rendered":"<div class=\"keretes w-100\">\n<p style=\"text-align: left;\">Az Egyetemen t\u00f6lt\u00f6tt di\u00e1k\u00e9vek mindenki sz\u00e1m\u00e1ra maradand\u00f3 eml\u00e9ket jelentenek. A diploma \u00e1tv\u00e9tele, az avat\u00e1s b\u00facs\u00fapercei ut\u00e1n m\u00e9gis keveseknek marad kapcsolata az Alma Materrel. E kapcsolatot k\u00edv\u00e1nja el\u0151seg\u00edteni &#8211; a vil\u00e1g nagy egyetemeihez hasonl\u00f3an &#8211; az 1989. \u00f3ta tev\u00e9kenyen m\u0171k\u00f6d\u0151 Bar\u00e1ti K\u00f6r.<\/p>\n<p style=\"text-align: left;\">A Bar\u00e1ti K\u00f6r tagja lehet az Egyetem minden volt hallgat\u00f3ja, illetve oktat\u00f3ja, illetve rajtuk k\u00edv\u00fcl b\u00e1rki, aki a K\u00f6r c\u00e9lkit\u0171z\u00e9seivel egyet\u00e9rt, b\u00e1rhol is \u00e9l a nagyvil\u00e1gban.<\/p>\n<\/div>\n<h4 style=\"text-align: left;\"><strong>A Bar\u00e1ti K\u00f6r f\u0151 c\u00e9lkit\u0171z\u00e9sei:<\/strong><\/h4>\n<ul style=\"text-align: left;\">\n<li>Az egyetemi ifj\u00fas\u00e1g eszmei \u00e9s anyagi t\u00e1mogat\u00e1sa: t\u00f6bb \u00e1gon folyik az elitteljes\u00edtm\u00e9nyek p\u00e9nzbeli szponzor\u00e1l\u00e1sa is, minderr\u0151l a <a href=\"https:\/\/semmelweis.hu\/baratikor\/tag\/palyazat\/\">P\u00e1ly\u00e1zat<\/a>-ban tal\u00e1lhat\u00f3 r\u00e9szletes inform\u00e1ci\u00f3.<\/li>\n<li>Az Egyetem t\u00f6rt\u00e9nelmi \u00e9s jelen \u00e9rt\u00e9keinek, kult\u00far\u00e1j\u00e1nak felt\u00e1r\u00e1sa, \u00e1pol\u00e1sa, valamint publik\u00e1l\u00e1sa a <a href=\"https:\/\/semmelweis.hu\/baratikor\/semmelweis-egyetem-muzeumok\/\">M\u00fazeumok \u2013 T\u00f6rt\u00e9neti kronol\u00f3gi\u00e1k<\/a>, <a href=\"https:\/\/semmelweis.hu\/baratikor\/galeria\/\">Gal\u00e9ria<\/a>, <a href=\"https:\/\/semmelweis.hu\/baratikor\/dokumentumtar\/eloadas-anyagok\/\">El\u0151ad\u00e1s anyagok<\/a> men\u00fcpontok alatt, tov\u00e1bb\u00e1 sz\u00e1mos m\u00e1s \u00faton is, mint p\u00e9ld\u00e1ul <a href=\"https:\/\/semmelweis.hu\/baratikor\/dokumentumtar\/kiadvanyok\/\">k\u00f6nyvek \u00e9s napt\u00e1rak kiad\u00e1sa<\/a> a Semmelweis Kiad\u00f3 egy\u00fcttm\u0171k\u00f6d\u00e9s\u00e9vel, tov\u00e1bb\u00e1 riportok a &#8222;Semmelweis Egyetem&#8221; c. egyetemi \u00fajs\u00e1gban<\/li>\n<li>A bar\u00e1ts\u00e1g nemes eszm\u00e9j\u00e9nek gondoz\u00e1sa Egyetem\u00fcnk\u00f6n, ezt jelk\u00e9pezik a rendszeres sz\u00ednvonalas klubestek, valamint a <a href=\"https:\/\/semmelweis.hu\/baratikor\/files\/2023\/04\/plakett1.jpg\">Bar\u00e1ti K\u00f6r m\u0171v\u00e9szi eml\u00e9kt\u00e1bl\u00e1ja<\/a> is a NET aul\u00e1j\u00e1ban.<\/li>\n<\/ul>\n<p style=\"text-align: left;\">Mindemellett m\u00e9g sz\u00e1mos egy\u00e9b fontos inform\u00e1ci\u00f3 tal\u00e1lhat\u00f3 e port\u00e1lon a K\u00f6r tev\u00e9kenys\u00e9g\u00e9r\u0151l, <a href=\"https:\/\/semmelweis.hu\/baratikor\/category\/hirek\/\">eg\u00e9sz \u00e9vi programj\u00e1r\u00f3l<\/a>, <a href=\"https:\/\/semmelweis.hu\/baratikor\/tag\/meghivo\/\">\u00f6sszej\u00f6veteleir\u0151l<\/a>, tags\u00e1g\u00e1r\u00f3l, vezet\u0151s\u00e9g\u00e9r\u0151l, <a href=\"https:\/\/semmelweis.hu\/baratikor\/magunkrol\/tortenetunk-a-kezdetektol\/\">t\u00f6rt\u00e9net\u00e9r\u0151l<\/a>, valamint a <a href=\"https:\/\/semmelweis.hu\/baratikor\/category\/hirek\/\" target=\"_blank\" rel=\"noopener\">legfrissebb h\u00edrek.<\/a><\/p>\n<p style=\"text-align: left;\">Rem\u00e9lj\u00fck, ez\u00faton is seg\u00edthetj\u00fck \u00d6nt elhat\u00e1roz\u00e1s\u00e1ban, hogy <a href=\"https:\/\/semmelweis.hu\/baratikor\/dokumentumtar\/jelentkezesi-lap\/\">bel\u00e9pjen tagjaink sor\u00e1ba<\/a>, ha m\u00e9g nem tette volna meg!<\/p>\n","protected":false},"excerpt":{"rendered":"<p>Az Egyetemen t\u00f6lt\u00f6tt di\u00e1k\u00e9vek mindenki sz\u00e1m\u00e1ra maradand\u00f3 eml\u00e9ket jelentenek. A diploma \u00e1tv\u00e9tele, az avat\u00e1s b\u00facs\u00fapercei ut\u00e1n m\u00e9gis keveseknek marad kapcsolata az Alma Materrel. E kapcsolatot k\u00edv\u00e1nja el\u0151seg\u00edteni &#8211; a vil\u00e1g nagy egyetemeihez hasonl\u00f3an &#8211; az 1989. \u00f3ta tev\u00e9kenyen m\u0171k\u00f6d\u0151 Bar\u00e1ti K\u00f6r.<\/p>\n<p>A Bar\u00e1ti K\u00f6r tagja lehet az Egyetem minden volt hallgat\u00f3ja, illetve oktat\u00f3ja, illetve rajtuk k\u00edv\u00fcl b\u00e1rki, aki a K\u00f6r c\u00e9lkit\u0171z\u00e9seivel egyet\u00e9rt, b\u00e1rhol is \u00e9l a nagyvil\u00e1gban.<\/p>\n","protected":false},"author":282,"featured_media":9,"parent":0,"menu_order":1,"comment_status":"closed","ping_status":"closed","template":"","meta":{"_acf_changed":false,"footnotes":""},"categories":[],"tags":[],"class_list":["post-2404","page","type-page","status-publish","has-post-thumbnail","hentry"],"acf":[],"_links":{"self":[{"href":"https:\/\/semmelweis.hu\/baratikor\/wp-json\/wp\/v2\/pages\/2404","targetHints":{"allow":["GET"]}}],"collection":[{"href":"https:\/\/semmelweis.hu\/baratikor\/wp-json\/wp\/v2\/pages"}],"about":[{"href":"https:\/\/semmelweis.hu\/baratikor\/wp-json\/wp\/v2\/types\/page"}],"author":[{"embeddable":true,"href":"https:\/\/semmelweis.hu\/baratikor\/wp-json\/wp\/v2\/users\/282"}],"replies":[{"embeddable":true,"href":"https:\/\/semmelweis.hu\/baratikor\/wp-json\/wp\/v2\/comments?post=2404"}],"version-history":[{"count":11,"href":"https:\/\/semmelweis.hu\/baratikor\/wp-json\/wp\/v2\/pages\/2404\/revisions"}],"predecessor-version":[{"id":5713,"href":"https:\/\/semmelweis.hu\/baratikor\/wp-json\/wp\/v2\/pages\/2404\/revisions\/5713"}],"wp:featuredmedia":[{"embeddable":true,"href":"https:\/\/semmelweis.hu\/baratikor\/wp-json\/wp\/v2\/media\/9"}],"wp:attachment":[{"href":"https:\/\/semmelweis.hu\/baratikor\/wp-json\/wp\/v2\/media?parent=2404"}],"wp:term":[{"taxonomy":"category","embeddable":true,"href":"https:\/\/semmelweis.hu\/baratikor\/wp-json\/wp\/v2\/categories?post=2404"},{"taxonomy":"post_tag","embeddable":true,"href":"https:\/\/semmelweis.hu\/baratikor\/wp-json\/wp\/v2\/tags?post=2404"}],"curies":[{"name":"wp","href":"https:\/\/api.w.org\/{rel}","templated":true}]}}