{"id":2366,"date":"2023-01-06T08:48:52","date_gmt":"2023-01-06T07:48:52","guid":{"rendered":"https:\/\/semmelweis.hu\/baratikor\/?page_id=2366"},"modified":"2023-07-03T11:20:30","modified_gmt":"2023-07-03T09:20:30","slug":"semmelweis-egyetem-urologiai-muzeum","status":"publish","type":"page","link":"https:\/\/semmelweis.hu\/baratikor\/semmelweis-egyetem-muzeumok\/semmelweis-egyetem-urologiai-muzeum\/","title":{"rendered":"Semmelweis Egyetem Urol\u00f3giai M\u00fazeum"},"content":{"rendered":"<p><img decoding=\"async\" class=\"aligncenter\" src=\"https:\/\/semmelweis.hu\/baratikor\/files\/2023\/07\/02.jpg\" \/><\/p>\n<p style=\"text-align: center\"><img decoding=\"async\" class=\"aligncenter\" src=\"https:\/\/semmelweis.hu\/baratikor\/files\/2023\/07\/03.jpg\" \/><\/p>\n<p style=\"text-align: center\">A MAGYAR UROL\u00d3GIA T\u00d6RT\u00c9NETE<\/p>\n<p style=\"text-align: justify\">Vil\u00e1gszerte a XX. sz\u00e1zad elej\u00e9n lett \u00f6n\u00e1ll\u00f3 diszciplina az urol\u00f3gia. Kor\u00e1bban els\u0151sorban seb\u00e9szek v\u00e9geztek urol\u00f3giai beavatkoz\u00e1sokat. Az els\u0151 magyar urol\u00f3gusok Balassa seb\u00e9szeti iskol\u00e1j\u00e1n nevelkedtek. Kiemelked\u0151 egy\u00e9nis\u00e9gek voltak: Kov\u00e1cs J\u00f3zsef, Antal G\u00e9za, Farkas L\u00e1szl\u00f3. A magyar urol\u00f3giai seb\u00e9szet megalak\u00edt\u00f3ja Illy\u00e9s G\u00e9za volt, akit 1913-ban a R\u00f3kus K\u00f3rh\u00e1z \u00fajonnan l\u00e9tes\u00fclt urol\u00f3giai oszt\u00e1ly\u00e1nak vezet\u0151 f\u0151orvos\u00e1v\u00e1 neveztek ki. 1920-ban megalakult Eur\u00f3pa m\u00e1sodik \u00f6n\u00e1ll\u00f3 Urol\u00f3gia Klinik\u00e1jak\u00e9nt a P\u00e1zm\u00e1ny P\u00e9ter Tudom\u00e1ny Egyetem Urol\u00f3giai Klinik\u00e1ja Illy\u00e9s professzor vezet\u00e9s\u00e9vel. Az int\u00e9zm\u00e9ny kezdetben a R\u00f3kus K\u00f3rh\u00e1z falai k\u00f6z\u00f6tt m\u0171k\u00f6d\u00f6tt, majd 1936-t\u00f3l elfoglalta jelenlegi hely\u00e9t. Illy\u00e9s professzor 1942-ig vezette a klinik\u00e1t \u00e9s olyan kiv\u00e1l\u00f3 tan\u00edtv\u00e1nyai voltak mint Babics Antal vagy Huth Tivadar. A magyar urol\u00f3gia m\u00e1sik nagy \u00e1ga 1913-ban a J\u00e1nos K\u00f3rh\u00e1zb\u00f3l indult ki, amikor Rihmer B\u00e9l\u00e1t kinevezt\u00e9k az orsz\u00e1gban m\u00e1sodikk\u00e9nt l\u00e9tes\u00fcl\u0151 urol\u00f3giai oszt\u00e1ly vezet\u0151j\u00e9nek. 1936-t\u00f3l 1942-ig az Illy\u00e9s klinik\u00e1r\u00f3l \u00e9rkez\u0151 Minder Gyula, majd a k\u00e9s\u0151bbiekben Noszkai Aur\u00e9l volt a J\u00e1nos K\u00f3rh\u00e1z urol\u00f3giai seb\u00e9szet\u00e9nek vezet\u0151je. Illy\u00e9s professzor nyugd\u00edjba vonul\u00e1s\u00e1t k\u00f6vet\u0151en el\u0151bb 1942-t\u0151l m\u00e1sf\u00e9l \u00e9ven kereszt\u00fcl Minder professzor, majd a II. Vil\u00e1gh\u00e1bor\u00fa ut\u00e1n 1946-t\u00f3l a klinika \u00fajj\u00e1\u00e9p\u00edt\u00e9s\u00e9ben, a gy\u00f3gy\u00edt\u00f3 oktat\u00f3 tev\u00e9kenys\u00e9g ism\u00e9telt megszervez\u00e9s\u00e9ben vezet\u0151 szerepet j\u00e1tsz\u00f3 Babics professzor-akad\u00e9mikus volt a klinika igazgat\u00f3ja 28 \u00e9ven \u00e1t. Az Illy\u00e9s-Babics iskola Eur\u00f3pa \u00e9lvonal\u00e1hoz tartoz\u00f3 magyar urol\u00f3gi\u00e1t teremtett, ebb\u0151l az iskol\u00e1b\u00f3l ker\u00fclt ki sz\u00e1mos f\u0151orvos \u00e9s a klinika k\u00e9s\u00f6bbi vezet\u0151i. 1974 \u00e9s 1986 k\u00f6z\u00f6tt Balogh Ferenc, 1986 \u00e9s 1997 k\u00f6z\u00f6tt Frang Dezs\u0151 professzorok, vezett\u00e9k a klinik\u00e1t, jelenleg Romics Imre professzor az igazgat\u00f3.<\/p>\n<figure style=\"width: 425px\" class=\"wp-caption aligncenter\"><img loading=\"lazy\" decoding=\"async\" src=\"https:\/\/semmelweis.hu\/baratikor\/files\/2023\/07\/04.jpg\" alt=\"\" width=\"425\" height=\"318\" \/><figcaption class=\"wp-caption-text\">Prof. Illy\u00e9s G\u00e9za munk\u00e1ss\u00e1g\u00e1nak eml\u00e9kei<\/figcaption><\/figure>\n<p style=\"text-align: center\">\u00a0<\/p>\n<figure style=\"width: 425px\" class=\"wp-caption aligncenter\"><img loading=\"lazy\" decoding=\"async\" src=\"https:\/\/semmelweis.hu\/baratikor\/files\/2023\/07\/05.jpg\" alt=\"\" width=\"425\" height=\"319\" \/><figcaption class=\"wp-caption-text\">Prof. Minder Gyula szakmai \u00e9let\u00fatja<\/figcaption><\/figure>\n<p style=\"text-align: center\">\u00a0<\/p>\n<figure style=\"width: 425px\" class=\"wp-caption aligncenter\"><img loading=\"lazy\" decoding=\"async\" src=\"https:\/\/semmelweis.hu\/baratikor\/files\/2023\/07\/06.jpg\" alt=\"\" width=\"425\" height=\"319\" \/><figcaption class=\"wp-caption-text\">Prof. Babics Antal \u00e9let\u00fatj\u00e1nak \u00e1llom\u00e1sai<\/figcaption><\/figure>\n<p style=\"text-align: center\">\u00a0<\/p>\n<figure style=\"width: 283px\" class=\"wp-caption aligncenter\"><img loading=\"lazy\" decoding=\"async\" src=\"https:\/\/semmelweis.hu\/baratikor\/files\/2023\/07\/07.jpg\" alt=\"\" width=\"283\" height=\"638\" \/><figcaption class=\"wp-caption-text\">Urol\u00f3giai beavatkoz\u00e1sok eszk\u00f6zei a r\u00f3mai kort\u00f3l&#8230;<\/figcaption><\/figure>\n<p style=\"text-align: center\">\u00a0<\/p>\n<figure style=\"width: 425px\" class=\"wp-caption aligncenter\"><img loading=\"lazy\" decoding=\"async\" src=\"https:\/\/semmelweis.hu\/baratikor\/files\/2023\/07\/08.jpg\" alt=\"\" width=\"425\" height=\"319\" \/><figcaption class=\"wp-caption-text\">&#8230; napjainkig<\/figcaption><\/figure>\n<p style=\"text-align: center\">\u00a0<\/p>\n<figure style=\"width: 425px\" class=\"wp-caption aligncenter\"><img loading=\"lazy\" decoding=\"async\" src=\"https:\/\/semmelweis.hu\/baratikor\/files\/2023\/07\/09.jpg\" alt=\"\" width=\"425\" height=\"297\" \/><figcaption class=\"wp-caption-text\">Prof. Illy\u00e9s G\u00e9za keze<\/figcaption><\/figure>\n<p style=\"text-align: center\">\u00a0<\/p>\n<figure style=\"width: 425px\" class=\"wp-caption aligncenter\"><img loading=\"lazy\" decoding=\"async\" src=\"https:\/\/semmelweis.hu\/baratikor\/files\/2023\/07\/10.jpg\" alt=\"\" width=\"425\" height=\"374\" \/><figcaption class=\"wp-caption-text\">Prof. Babics Antal k\u00fclf\u00f6ldi T\u00e1rsas\u00e1gi kinevez\u00e9sei<\/figcaption><\/figure>\n<p style=\"text-align: center\">\u00a0<\/p>\n<p><figure style=\"width: 283px\" class=\"wp-caption aligncenter\"><img loading=\"lazy\" decoding=\"async\" src=\"https:\/\/semmelweis.hu\/baratikor\/files\/2023\/07\/11.jpg\" alt=\"\" width=\"283\" height=\"765\" \/><figcaption class=\"wp-caption-text\">Prof. Babics Antal akad\u00e9mikus kit\u00fcntet\u00e9sei, d\u00edjai<\/figcaption><\/figure> <figure style=\"width: 425px\" class=\"wp-caption aligncenter\"><img loading=\"lazy\" decoding=\"async\" src=\"https:\/\/semmelweis.hu\/baratikor\/files\/2023\/07\/12.jpg\" alt=\"\" width=\"425\" height=\"247\" \/><figcaption class=\"wp-caption-text\">\u00c9rmegy\u0171jtem\u00e9ny<\/figcaption><\/figure><\/p>\n<p style=\"text-align: center\">\u00a0<\/p>\n<figure style=\"width: 283px\" class=\"wp-caption aligncenter\"><img loading=\"lazy\" decoding=\"async\" src=\"https:\/\/semmelweis.hu\/baratikor\/files\/2023\/07\/13.jpg\" alt=\"\" width=\"283\" height=\"455\" \/><figcaption class=\"wp-caption-text\">Illy\u00e9s G\u00e9za (a magyar urol\u00f3giai seb\u00e9szet megalak\u00edt\u00f3ja) sz\u00e9ke<\/figcaption><\/figure>\n<p style=\"text-align: center\">\u00a0<\/p>\n<p style=\"text-align: center\">\u00a0<\/p>\n","protected":false},"excerpt":{"rendered":"<p>A MAGYAR UROL\u00d3GIA T\u00d6RT\u00c9NETE Vil\u00e1gszerte a XX. sz\u00e1zad elej\u00e9n lett \u00f6n\u00e1ll\u00f3 diszciplina az urol\u00f3gia. Kor\u00e1bban els\u0151sorban seb\u00e9szek v\u00e9geztek urol\u00f3giai beavatkoz\u00e1sokat. Az els\u0151 magyar urol\u00f3gusok Balassa seb\u00e9szeti iskol\u00e1j\u00e1n nevelkedtek. Kiemelked\u0151 egy\u00e9nis\u00e9gek voltak: Kov\u00e1cs J\u00f3zsef, Antal G\u00e9za, Farkas L\u00e1szl\u00f3. A magyar urol\u00f3giai seb\u00e9szet megalak\u00edt\u00f3ja Illy\u00e9s G\u00e9za volt, akit 1913-ban a R\u00f3kus K\u00f3rh\u00e1z \u00fajonnan l\u00e9tes\u00fclt urol\u00f3giai oszt\u00e1ly\u00e1nak vezet\u0151 &hellip;<\/p>\n","protected":false},"author":282,"featured_media":0,"parent":1707,"menu_order":11,"comment_status":"closed","ping_status":"closed","template":"template-fullwidth.php","meta":{"_acf_changed":false,"footnotes":""},"categories":[],"tags":[],"class_list":["post-2366","page","type-page","status-publish","hentry"],"acf":[],"_links":{"self":[{"href":"https:\/\/semmelweis.hu\/baratikor\/wp-json\/wp\/v2\/pages\/2366","targetHints":{"allow":["GET"]}}],"collection":[{"href":"https:\/\/semmelweis.hu\/baratikor\/wp-json\/wp\/v2\/pages"}],"about":[{"href":"https:\/\/semmelweis.hu\/baratikor\/wp-json\/wp\/v2\/types\/page"}],"author":[{"embeddable":true,"href":"https:\/\/semmelweis.hu\/baratikor\/wp-json\/wp\/v2\/users\/282"}],"replies":[{"embeddable":true,"href":"https:\/\/semmelweis.hu\/baratikor\/wp-json\/wp\/v2\/comments?post=2366"}],"version-history":[{"count":3,"href":"https:\/\/semmelweis.hu\/baratikor\/wp-json\/wp\/v2\/pages\/2366\/revisions"}],"predecessor-version":[{"id":4568,"href":"https:\/\/semmelweis.hu\/baratikor\/wp-json\/wp\/v2\/pages\/2366\/revisions\/4568"}],"up":[{"embeddable":true,"href":"https:\/\/semmelweis.hu\/baratikor\/wp-json\/wp\/v2\/pages\/1707"}],"wp:attachment":[{"href":"https:\/\/semmelweis.hu\/baratikor\/wp-json\/wp\/v2\/media?parent=2366"}],"wp:term":[{"taxonomy":"category","embeddable":true,"href":"https:\/\/semmelweis.hu\/baratikor\/wp-json\/wp\/v2\/categories?post=2366"},{"taxonomy":"post_tag","embeddable":true,"href":"https:\/\/semmelweis.hu\/baratikor\/wp-json\/wp\/v2\/tags?post=2366"}],"curies":[{"name":"wp","href":"https:\/\/api.w.org\/{rel}","templated":true}]}}