{"id":2362,"date":"2023-01-06T08:43:43","date_gmt":"2023-01-06T07:43:43","guid":{"rendered":"https:\/\/semmelweis.hu\/baratikor\/?page_id=2362"},"modified":"2023-07-03T12:05:41","modified_gmt":"2023-07-03T10:05:41","slug":"semmelweis-orvostorteneti-muzeum-konyvtar-es-leveltar","status":"publish","type":"page","link":"https:\/\/semmelweis.hu\/baratikor\/semmelweis-egyetem-muzeumok\/semmelweis-orvostorteneti-muzeum-konyvtar-es-leveltar\/","title":{"rendered":"Semmelweis Orvost\u00f6rt\u00e9neti M\u00fazeum, K\u00f6nyvt\u00e1r \u00e9s Lev\u00e9lt\u00e1r"},"content":{"rendered":"<p><img loading=\"lazy\" decoding=\"async\" class=\"size-full wp-image-4604 aligncenter\" src=\"https:\/\/semmelweis.hu\/baratikor\/files\/2023\/07\/02-2.jpg\" alt=\"\" width=\"443\" height=\"268\" srcset=\"https:\/\/semmelweis.hu\/baratikor\/files\/2023\/07\/02-2.jpg 443w, https:\/\/semmelweis.hu\/baratikor\/files\/2023\/07\/02-2-400x242.jpg 400w\" sizes=\"auto, (max-width: 443px) 100vw, 443px\" \/><\/p>\n<p style=\"text-align: center\"><img loading=\"lazy\" decoding=\"async\" class=\"size-full wp-image-4604 aligncenter\" src=\"https:\/\/semmelweis.hu\/baratikor\/files\/2023\/07\/03-2.jpg\" alt=\"\" width=\"443\" height=\"268\" \/><\/p>\n<p style=\"text-align: center\"><img loading=\"lazy\" decoding=\"async\" class=\"size-full wp-image-4604 aligncenter\" src=\"https:\/\/semmelweis.hu\/baratikor\/files\/2023\/07\/04-2.jpg\" alt=\"\" width=\"443\" height=\"268\" \/><\/p>\n<p style=\"text-align: center\"><img loading=\"lazy\" decoding=\"async\" class=\"size-full wp-image-4604 aligncenter\" src=\"https:\/\/semmelweis.hu\/baratikor\/files\/2023\/07\/05-2.jpg\" alt=\"\" width=\"443\" height=\"268\" \/><\/p>\n<p style=\"text-align: center\"><img loading=\"lazy\" decoding=\"async\" class=\"size-full wp-image-4604 aligncenter\" src=\"https:\/\/semmelweis.hu\/baratikor\/files\/2023\/07\/06-2.jpg\" alt=\"\" width=\"443\" height=\"268\" \/><\/p>\n<p style=\"text-align: center\"><img loading=\"lazy\" decoding=\"async\" class=\"size-full wp-image-4604 aligncenter\" src=\"https:\/\/semmelweis.hu\/baratikor\/files\/2023\/07\/07-2.jpg\" alt=\"\" width=\"443\" height=\"268\" \/><\/p>\n<p style=\"text-align: center\"><img loading=\"lazy\" decoding=\"async\" class=\"size-full wp-image-4604 aligncenter\" src=\"https:\/\/semmelweis.hu\/baratikor\/files\/2023\/07\/08-2.jpg\" alt=\"\" width=\"443\" height=\"268\" \/><\/p>\n<p style=\"text-align: center\"><img loading=\"lazy\" decoding=\"async\" class=\"size-full wp-image-4604 aligncenter\" src=\"https:\/\/semmelweis.hu\/baratikor\/files\/2023\/07\/09-2.jpg\" alt=\"\" width=\"443\" height=\"268\" \/><\/p>\n<p><img loading=\"lazy\" decoding=\"async\" class=\"size-full wp-image-4604 aligncenter\" src=\"https:\/\/semmelweis.hu\/baratikor\/files\/2023\/07\/10-2.jpg\" alt=\"\" width=\"443\" height=\"268\" \/><\/p>\n","protected":false},"excerpt":{"rendered":"","protected":false},"author":282,"featured_media":0,"parent":1707,"menu_order":9,"comment_status":"closed","ping_status":"closed","template":"template-fullwidth.php","meta":{"_acf_changed":false,"footnotes":""},"categories":[],"tags":[],"class_list":["post-2362","page","type-page","status-publish","hentry"],"acf":[],"_links":{"self":[{"href":"https:\/\/semmelweis.hu\/baratikor\/wp-json\/wp\/v2\/pages\/2362","targetHints":{"allow":["GET"]}}],"collection":[{"href":"https:\/\/semmelweis.hu\/baratikor\/wp-json\/wp\/v2\/pages"}],"about":[{"href":"https:\/\/semmelweis.hu\/baratikor\/wp-json\/wp\/v2\/types\/page"}],"author":[{"embeddable":true,"href":"https:\/\/semmelweis.hu\/baratikor\/wp-json\/wp\/v2\/users\/282"}],"replies":[{"embeddable":true,"href":"https:\/\/semmelweis.hu\/baratikor\/wp-json\/wp\/v2\/comments?post=2362"}],"version-history":[{"count":5,"href":"https:\/\/semmelweis.hu\/baratikor\/wp-json\/wp\/v2\/pages\/2362\/revisions"}],"predecessor-version":[{"id":4615,"href":"https:\/\/semmelweis.hu\/baratikor\/wp-json\/wp\/v2\/pages\/2362\/revisions\/4615"}],"up":[{"embeddable":true,"href":"https:\/\/semmelweis.hu\/baratikor\/wp-json\/wp\/v2\/pages\/1707"}],"wp:attachment":[{"href":"https:\/\/semmelweis.hu\/baratikor\/wp-json\/wp\/v2\/media?parent=2362"}],"wp:term":[{"taxonomy":"category","embeddable":true,"href":"https:\/\/semmelweis.hu\/baratikor\/wp-json\/wp\/v2\/categories?post=2362"},{"taxonomy":"post_tag","embeddable":true,"href":"https:\/\/semmelweis.hu\/baratikor\/wp-json\/wp\/v2\/tags?post=2362"}],"curies":[{"name":"wp","href":"https:\/\/api.w.org\/{rel}","templated":true}]}}