{"id":2358,"date":"2023-01-06T08:41:33","date_gmt":"2023-01-06T07:41:33","guid":{"rendered":"https:\/\/semmelweis.hu\/baratikor\/?page_id=2358"},"modified":"2023-07-03T12:09:41","modified_gmt":"2023-07-03T10:09:41","slug":"egeszsegugyi-foiskolai-kar","status":"publish","type":"page","link":"https:\/\/semmelweis.hu\/baratikor\/semmelweis-egyetem-muzeumok\/egeszsegugyi-foiskolai-kar\/","title":{"rendered":"Eg\u00e9szs\u00e9g\u00fcgyi F\u0151iskolai Kar"},"content":{"rendered":"<p style=\"text-align: left\">\u00d6ssze\u00e1ll\u00edtotta: Dr. Polg\u00e1r Veronika<br \/>\nMorfol\u00f3giai \u00e9s Fiziol\u00f3giai Int\u00e9zet<\/p>\n<p><img decoding=\"async\" class=\"aligncenter\" src=\"https:\/\/semmelweis.hu\/baratikor\/files\/2023\/07\/02-3.jpg\" \/><\/p>\n<p><img decoding=\"async\" class=\"aligncenter\" src=\"https:\/\/semmelweis.hu\/baratikor\/files\/2023\/07\/03-3.jpg\" \/><\/p>\n<p style=\"text-align: justify\">2004-ben r\u00e9gi \u00e1lmunk v\u00e1lt val\u00f3ra, amikor valamennyi nappali tagozaton oktat\u00f3 int\u00e9zet \u00e9s tansz\u00e9k bek\u00f6lt\u00f6zhetett a gy\u00f6ny\u00f6r\u0171en fel\u00faj\u00edtott, hajdani Pajor szanat\u00f3rium, k\u00e9s\u0151bb Balassa k\u00f3rh\u00e1z \u00e9p\u00fclet\u00e9be. Tegy\u00fcnk s\u00e9t\u00e1t \u00e9s l\u00e1togassunk el azokra a helyekre, ahol oktat\u00f3t \u00e9s hallgat\u00f3t egyar\u00e1nt meg\u00e9rint a hely szelleme \u00e9s bels\u0151 atmoszf\u00e9r\u00e1ja.<\/p>\n<p><img decoding=\"async\" class=\"aligncenter\" src=\"https:\/\/semmelweis.hu\/baratikor\/files\/2023\/07\/04-3.jpg\" \/><\/p>\n<p><img decoding=\"async\" class=\"aligncenter\" src=\"https:\/\/semmelweis.hu\/baratikor\/files\/2023\/07\/05-3.jpg\" \/><\/p>\n<p><img decoding=\"async\" class=\"aligncenter\" src=\"https:\/\/semmelweis.hu\/baratikor\/files\/2023\/07\/06-3.jpg\" \/><\/p>\n<p><img decoding=\"async\" class=\"aligncenter\" src=\"https:\/\/semmelweis.hu\/baratikor\/files\/2023\/07\/07-3.jpg\" \/><\/p>\n<p style=\"text-align: center\">Az aula \u00fcvegkupol\u00e1ja alatt, kult\u00far\u00e1lt k\u00f6rnyezetben t\u00f6lthetik el a hallgat\u00f3k az el\u0151ad\u00e1sok k\u00f6z\u00f6tti szabad idej\u00fcket<\/p>\n<p><img decoding=\"async\" class=\"aligncenter\" src=\"https:\/\/semmelweis.hu\/baratikor\/files\/2023\/07\/08-3.jpg\" \/><\/p>\n<p><img decoding=\"async\" class=\"aligncenter\" src=\"https:\/\/semmelweis.hu\/baratikor\/files\/2023\/07\/09-3.jpg\" \/><\/p>\n<p><img decoding=\"async\" class=\"aligncenter\" src=\"https:\/\/semmelweis.hu\/baratikor\/files\/2023\/07\/10-3.jpg\" \/><\/p>\n<p><img decoding=\"async\" class=\"aligncenter\" src=\"https:\/\/semmelweis.hu\/baratikor\/files\/2023\/07\/11-2.jpg\" \/><\/p>\n<p style=\"text-align: center\">A folyos\u00f3kr\u00f3l ny\u00edlnak az el\u0151ad\u00f3termek \u00e9s az oktat\u00f3i szob\u00e1k<\/p>\n<p><img decoding=\"async\" class=\"aligncenter\" src=\"https:\/\/semmelweis.hu\/baratikor\/files\/2023\/07\/12-2.jpg\" \/><\/p>\n<p><img decoding=\"async\" class=\"aligncenter\" src=\"https:\/\/semmelweis.hu\/baratikor\/files\/2023\/07\/13-2.jpg\" \/><\/p>\n<p style=\"text-align: center\">A j\u00f3l felszerelt gyakorl\u00f3termekben \u00e9s laborat\u00f3riumokban 20-25 hallgat\u00f3 v\u00e9gezheti gyakorlati munk\u00e1j\u00e1t<\/p>\n<p><img decoding=\"async\" class=\"aligncenter\" src=\"https:\/\/semmelweis.hu\/baratikor\/files\/2023\/07\/14-1.jpg\" \/><\/p>\n<p><img decoding=\"async\" class=\"aligncenter\" src=\"https:\/\/semmelweis.hu\/baratikor\/files\/2023\/07\/15-1.jpg\" \/><\/p>\n<p style=\"text-align: center\">A szecesszi\u00f3s \u00e9p\u00fclet l\u00e9pcs\u0151h\u00e1z\u00e1ban a gy\u00f6ny\u00f6r\u0171 \u00f3lombet\u00e9tes ablak\u00fcvegek kiemelik az \u00e9p\u00fclet jelleg\u00e9t, sz\u00e9ps\u00e9g\u00e9t<\/p>\n<p><img decoding=\"async\" class=\"aligncenter\" src=\"https:\/\/semmelweis.hu\/baratikor\/files\/2023\/07\/16-1.jpg\" \/><\/p>\n<p style=\"text-align: center\">Az alagsorban kapott helyet az Internet k\u00e1v\u00e9z\u00f3, a k\u00f6nyvt\u00e1ri olvas\u00f3 \u00e9s az \u00e9tterem<\/p>\n<p><img decoding=\"async\" class=\"aligncenter\" src=\"https:\/\/semmelweis.hu\/baratikor\/files\/2023\/07\/17-1.jpg\" \/><\/p>\n<p><img decoding=\"async\" class=\"aligncenter\" src=\"https:\/\/semmelweis.hu\/baratikor\/files\/2023\/07\/18-1.jpg\" \/><\/p>\n","protected":false},"excerpt":{"rendered":"<p>\u00d6ssze\u00e1ll\u00edtotta: Dr. Polg\u00e1r Veronika Morfol\u00f3giai \u00e9s Fiziol\u00f3giai Int\u00e9zet 2004-ben r\u00e9gi \u00e1lmunk v\u00e1lt val\u00f3ra, amikor valamennyi nappali tagozaton oktat\u00f3 int\u00e9zet \u00e9s tansz\u00e9k bek\u00f6lt\u00f6zhetett a gy\u00f6ny\u00f6r\u0171en fel\u00faj\u00edtott, hajdani Pajor szanat\u00f3rium, k\u00e9s\u0151bb Balassa k\u00f3rh\u00e1z \u00e9p\u00fclet\u00e9be. Tegy\u00fcnk s\u00e9t\u00e1t \u00e9s l\u00e1togassunk el azokra a helyekre, ahol oktat\u00f3t \u00e9s hallgat\u00f3t egyar\u00e1nt meg\u00e9rint a hely szelleme \u00e9s bels\u0151 atmoszf\u00e9r\u00e1ja. Az aula \u00fcvegkupol\u00e1ja &hellip;<\/p>\n","protected":false},"author":282,"featured_media":0,"parent":1707,"menu_order":7,"comment_status":"closed","ping_status":"closed","template":"template-fullwidth.php","meta":{"_acf_changed":false,"footnotes":""},"categories":[],"tags":[],"class_list":["post-2358","page","type-page","status-publish","hentry"],"acf":[],"_links":{"self":[{"href":"https:\/\/semmelweis.hu\/baratikor\/wp-json\/wp\/v2\/pages\/2358","targetHints":{"allow":["GET"]}}],"collection":[{"href":"https:\/\/semmelweis.hu\/baratikor\/wp-json\/wp\/v2\/pages"}],"about":[{"href":"https:\/\/semmelweis.hu\/baratikor\/wp-json\/wp\/v2\/types\/page"}],"author":[{"embeddable":true,"href":"https:\/\/semmelweis.hu\/baratikor\/wp-json\/wp\/v2\/users\/282"}],"replies":[{"embeddable":true,"href":"https:\/\/semmelweis.hu\/baratikor\/wp-json\/wp\/v2\/comments?post=2358"}],"version-history":[{"count":7,"href":"https:\/\/semmelweis.hu\/baratikor\/wp-json\/wp\/v2\/pages\/2358\/revisions"}],"predecessor-version":[{"id":4634,"href":"https:\/\/semmelweis.hu\/baratikor\/wp-json\/wp\/v2\/pages\/2358\/revisions\/4634"}],"up":[{"embeddable":true,"href":"https:\/\/semmelweis.hu\/baratikor\/wp-json\/wp\/v2\/pages\/1707"}],"wp:attachment":[{"href":"https:\/\/semmelweis.hu\/baratikor\/wp-json\/wp\/v2\/media?parent=2358"}],"wp:term":[{"taxonomy":"category","embeddable":true,"href":"https:\/\/semmelweis.hu\/baratikor\/wp-json\/wp\/v2\/categories?post=2358"},{"taxonomy":"post_tag","embeddable":true,"href":"https:\/\/semmelweis.hu\/baratikor\/wp-json\/wp\/v2\/tags?post=2358"}],"curies":[{"name":"wp","href":"https:\/\/api.w.org\/{rel}","templated":true}]}}