{"id":2345,"date":"2023-01-06T08:21:02","date_gmt":"2023-01-06T07:21:02","guid":{"rendered":"https:\/\/semmelweis.hu\/baratikor\/?page_id=2345"},"modified":"2023-07-03T13:08:48","modified_gmt":"2023-07-03T11:08:48","slug":"semmelweis-egyetem-aok-ii-gyermekklinika-muzeum","status":"publish","type":"page","link":"https:\/\/semmelweis.hu\/baratikor\/semmelweis-egyetem-muzeumok\/semmelweis-egyetem-aok-ii-gyermekklinika-muzeum\/","title":{"rendered":"Semmelweis Egyetem \u00c1OK. II. Gyermekklinika M\u00fazeum"},"content":{"rendered":"<p>120 \u00c9VES A T\u0170ZOLT\u00d3 UTCAI GYERMEKKLINIKA, a volt Feh\u00e9r Kereszt Gyermekk\u00f3rh\u00e1z<img loading=\"lazy\" decoding=\"async\" class=\"aligncenter\" src=\"https:\/\/semmelweis.hu\/baratikor\/files\/2023\/07\/02-7.jpg\" alt=\"\" width=\"292\" height=\"288\" \/><\/a><img decoding=\"async\" class=\"alignleft\" src=\"https:\/\/semmelweis.hu\/baratikor\/files\/2023\/07\/03-6.jpg\" \/><\/p>\n<p>A nagym\u00e9rt\u00e9k\u0171 gyermekhalad\u00f3s\u00e1g ellen k\u00fczd\u0151 &#8222;Szeg\u00e9ny Beteg Gyermek Egyes\u00fclet&#8221; 1885. j\u00fanius 29-\u00e9n alakult meg. Klinik\u00e1nk el\u0151 csarnok\u00e1ban eml\u00e9kt\u00e1bla id\u00e9zi az alap\u00edt\u00f3 Dr. Szal\u00e1rdy M\u00f3r eml\u00e9k\u00e9t.<\/p>\n<p>Dr. Szal\u00e1rdy M\u00f3r (1851-1914), mint a budapesti Szent R\u00f3kus K\u00f3rh\u00e1z sz\u00fcl\u00e9sz orvosa, m\u00e1r 1876-ban tanulm\u00e1nyt jelentetett meg a t\u00f6rv\u00e9nytelen gyermekek v\u00e9delm\u00e9ben, 1881-ben mag\u00e1ntan\u00e1ri k\u00e9pes\u00edt\u00e9st nyert \u00e9s a P\u00e1zm\u00e1ny P\u00e9ter Tudom\u00e1nyegyetem Orvosi Kar\u00e1n az orvosi statisztik\u00e1t adta el\u0151.<\/p>\n<p>&nbsp;<\/p>\n<p>Gyermekv\u00e9delmi munk\u00e1j\u00e1nak elismer\u00e9sek\u00e9nt 1902-ben az \u00e1llami gyermekv\u00e9delem ir\u00e1ny\u00edt\u00e1s\u00e1t vette \u00e1t. Dr. Szal\u00e1rdy M\u00f3r \u00e9s t\u00e1rsai, dr. Alexander Bern\u00e1t, dr. B\u00e1n\u00f3czy J\u00f3zsef, F\u00f6ldi\u00e1k Gyula, R\u00f3nay S\u00e1ndor \u00e9s Tab\u00f3dy J\u00f3zsef az Egyes\u00fclet hivat\u00e1s\u00e1t a k\u00f6vetkez\u0151kben foglalt\u00e1k \u00f6ssze: &#8222;A szeg\u00e9ny beteg gyermekeket ingyenes orvosl\u00e1ssal, orvoss\u00e1ggal, t\u00e1pl\u00e1l\u00e9kkal ell\u00e1tni, a szeg\u00e9ny sz\u00fcl\u0151n\u0151ket &#8211; m\u00edg munkak\u00e9pess\u00e9 v\u00e1lnak &#8211; helyis\u00e9geiben \u00e1polni, anyagilag seg\u00e9lyezni, a dajk\u00e1nak alkalmasokat elhelyezni \u00e9s menhelyet biztos\u00edtani gyermekeik sz\u00e1m\u00e1ra.&#8221;<\/p>\n<p>Az Egyes\u00fclet t\u00e9nyleges m\u0171k\u00f6d\u00e9s\u00e9t 1886-ban kezdte meg, mint Feh\u00e9r Kereszt Egylet, amelyet Tisza K\u00e1lm\u00e1n korm\u00e1nyf\u0151 a 4252\/1885. okt\u00f3ber 12-i eln\u00f6ki k\u00f6rrendelet\u00e9vel az \u00f6sszes t\u00f6rv\u00e9nyhat\u00f3s\u00e1gok figyelm\u00e9be aj\u00e1nlott. Az 1800-as \u00e9vek v\u00e9g\u00e9n Londonb\u00f3l indult Feh\u00e9r Kereszt mozgalom kezdetben erk\u00f6lcsi meg\u00fajul\u00e1st hirdetett, majd Eur\u00f3pa sz\u00e1mos orsz\u00e1g\u00e1ban az \u00e1rv\u00e1k, \u00f6zvegyek t\u00e1mogat\u00f3ja lett.<\/p>\n<table style=\"border-collapse: collapse;width: 100%\">\n<tbody>\n<tr>\n<td style=\"width: 100%\">\n<p><img loading=\"lazy\" decoding=\"async\" class=\"alignleft\" src=\"https:\/\/semmelweis.hu\/baratikor\/files\/2023\/07\/04-7.jpg\" alt=\"\" width=\"228\" height=\"280\" \/><\/a><\/p>\n<p>Gr\u00f3f Teleki G\u00e9za, a Feh\u00e9r Kereszt Egyes\u00fclet eln\u00f6ke az 1893-1903 k\u00f6z\u00f6tti id\u0151szakban<\/td>\n<\/tr>\n<tr>\n<td style=\"width: 100%\">\n<p><img loading=\"lazy\" decoding=\"async\" class=\"alignleft\" src=\"https:\/\/semmelweis.hu\/baratikor\/files\/2023\/07\/05-7.jpg\" alt=\"\" width=\"263\" height=\"164\" \/><\/a> A T\u0171zolt\u00f3 utca 9. sz. \u00e9p\u00fclet homlokzati feliratai<\/p>\n<p>K\u00e9t kiemelked\u0151 j\u00f3tev\u0151 adom\u00e1nya jelent\u0151s fejleszt\u00e9st tett lehet\u0151v\u00e9: Thurn J\u00e1nosn\u00e9 T\u0171zolt\u00f3 utcai h\u00e1romemeletes h\u00e1z\u00e1t \u00e9s nagy telk\u00e9t (ma T\u0171zolt\u00f3 utca 7.), m\u00edg gr\u00f3f Alm\u00e1ssy D\u00e9nesn\u00e9 120.000 koron\u00e1s alap\u00edtv\u00e1ny\u00e1t az \u00fan. &#8222;seb\u00e9szeti pavilon&#8221; (ma T\u0171zolt\u00f3 utca 9.) fel\u00e9p\u00edt\u00e9s\u00e9re aj\u00e1nlotta fel. \u00cdgy az 1896-ra kialak\u00edtott T\u0171zolt\u00f3 utcai \u00e9p\u00fclet-csoportban megnyitott\u00e1k az Egyes\u00fclet Gyermekk\u00f3rh\u00e1z\u00e1t.<\/p>\n<\/td>\n<\/tr>\n<tr>\n<td style=\"width: 100%\">\n<p><img loading=\"lazy\" decoding=\"async\" class=\"alignleft\" src=\"https:\/\/semmelweis.hu\/baratikor\/files\/2023\/07\/06-7.jpg\" alt=\"\" width=\"257\" height=\"163\" \/><\/a>Az uralkod\u00f3, Ferenc J\u00f3zsef \u00e9s a Feh\u00e9r Kereszt Gyermekk\u00f3rh\u00e1z &#8222;seb\u00e9szeti pavilonja&#8221; felavat\u00e1si \u00fcnneps\u00e9g\u00e9nek r\u00e9sztvev\u0151i, 1897. szeptember 23-\u00e1n<\/p>\n<\/td>\n<\/tr>\n<tr>\n<td style=\"width: 100%\"><img loading=\"lazy\" decoding=\"async\" class=\"alignleft\" src=\"https:\/\/semmelweis.hu\/baratikor\/files\/2023\/07\/07-7.jpg\" width=\"256\" height=\"363\" \/>Stef\u00e1nia \u00f6zvegy tr\u00f3n\u00f6r\u00f6k\u00f6sn\u00e9 f\u0151hercegn\u0151 l\u00e1togat\u00e1sa a &#8222;Feh\u00e9r Kereszt Egyes\u00fclet Lelenczh\u00e1z\u00e1ban&#8221;<\/td>\n<\/tr>\n<tr>\n<td style=\"width: 100%\"><img loading=\"lazy\" decoding=\"async\" class=\"alignleft\" src=\"https:\/\/semmelweis.hu\/baratikor\/files\/2023\/07\/08-7.jpg\" width=\"257\" height=\"165\" \/><\/p>\n<p>A Feh\u00e9r Kereszt Gyermekk\u00f3rh\u00e1z 1913-t\u00f3l nyilv\u00e1nos jelleget nyert, a k\u00fcls\u0151 ig\u00e9nyl\u0151ket t\u00e9r\u00edt\u00e9s ellen\u00e9ben gy\u00f3gykezelt\u00e9k.<\/p>\n<p>A Feh\u00e9r Kereszt Gyermekk\u00f3rh\u00e1z az els\u0151 vil\u00e1gh\u00e1bor\u00fa alatti \u00e9s az azt k\u00f6vet\u0151 v\u00e1ls\u00e1gos id\u0151ket lesz\u00e1m\u00edtva \u00e1lland\u00f3an b\u0151v\u00fclt, betegforgalma folyamatosan emelkedett. 1926-ban a T\u0171zolt\u00f3 utcai k\u00e9t h\u00e1z k\u00f6z\u00f6tti \u00fcres telek be\u00e9p\u00edt\u00e9s\u00e9vel csecsem\u0151- \u00e9s gyermek-ambulanci\u00e1t l\u00e9tes\u00edtettek. 1930-t\u00f3l minden t\u00e9len napi 100 adag ingyen meleg eb\u00e9det osztottak ki a nagycsal\u00e1dosoknak. 1934-ben megny\u00edlt a Feh\u00e9r Kereszt Egyes\u00fclet &#8222;Erdei Gy\u00f3gyint\u00e9zete&#8221; a Sv\u00e1bhegyen, a B\u00e9la kir\u00e1ly \u00fat 20. sz\u00e1m\u00fa telken.<\/p>\n<\/td>\n<\/tr>\n<tr>\n<td style=\"width: 100%\"><img loading=\"lazy\" decoding=\"async\" class=\"alignleft\" src=\"https:\/\/semmelweis.hu\/baratikor\/files\/2023\/07\/09-7.jpg\" width=\"257\" height=\"320\" \/>A &#8222;Feh\u00e9r Kereszt Orsz\u00e1gos Lelenczh\u00e1z Egyes\u00fclet, IX. T\u0171zolt\u00f3 u. 9.&#8221; felirat\u00fa els\u0151 int\u00e9zm\u00e9nyi jelk\u00e9p<\/td>\n<\/tr>\n<tr>\n<td style=\"width: 100%\"><img loading=\"lazy\" decoding=\"async\" class=\"alignleft\" src=\"https:\/\/semmelweis.hu\/baratikor\/files\/2023\/07\/10-7.jpg\" width=\"257\" height=\"314\" \/>1908-t\u00f3l Dr. Berend Mikl\u00f3s (1870-1919) egyetemi mag\u00e1ntan\u00e1r volt a Feh\u00e9r Kereszt Gyermekk\u00f3rh\u00e1z igazgat\u00f3 f\u0151orvosa. Gyermekorvosi kik\u00e9pz\u00e9s\u00e9t \u00e9s gyakorlat\u00e1t 1893-t\u00f3l a Stef\u00e1nia Gyermekk\u00f3rh\u00e1z seg\u00e9dorvosak\u00e9nt majd tan\u00e1rseg\u00e9dk\u00e9nt B\u00f3kay J\u00e1nos professzor ir\u00e1ny\u00edt\u00e1s\u00e1val kapta meg. Ezut\u00e1n a berlini, lipcsei, \u00e9s pr\u00e1gai egyetemeken tanulm\u00e1nyutakon vett r\u00e9szt. Kora kiv\u00e1l\u00f3 vezet\u0151 gyermekorvosak\u00e9nt tartott\u00e1k sz\u00e1mon. F\u0151 \u00e9rdekl\u0151d\u00e9si ter\u00fcletei az \u00fajsz\u00fcl\u00f6ttek \u00e9s csecsem\u0151k k\u00f3rtana, a csecsem\u0151-t\u00e1pl\u00e1l\u00e1s, a csecsem\u0151kori tuberculosis voltak. A csecsem\u0151- \u00e9s gyermekv\u00e9delem \u00e9rdek\u00e9ben ennek akt\u00edv vezet\u0151jek\u00e9nt igen sokat tett.<\/td>\n<\/tr>\n<tr>\n<td style=\"width: 100%\"><img decoding=\"async\" class=\"alignleft\" src=\"https:\/\/semmelweis.hu\/baratikor\/files\/2023\/07\/11-6.jpg\" \/>A Feh\u00e9r Kereszt Orsz\u00e1gos Lelenczh\u00e1z Egyes\u00fclet 1906. m\u00e1rcius 20-\u00e1n kelt levele Dr. Berend Mikl\u00f3s f\u0151orvosi kinevez\u00e9s\u00e9r\u0151l<\/td>\n<\/tr>\n<tr>\n<td style=\"width: 100%\"><img loading=\"lazy\" decoding=\"async\" class=\"alignleft\" src=\"https:\/\/semmelweis.hu\/baratikor\/files\/2023\/07\/12-5.jpg\" width=\"257\" height=\"364\" \/>A Budapesti Kir. Magyar Tudom\u00e1ny- Egyetem rektor\u00e1nak 1908. december 7-\u00e9n kelt levele, melyben enged\u00e9lyezi Dr. Berend Mikl\u00f3s mag\u00e1ntan\u00e1ri el\u0151ad\u00e1sainak a &#8222;Feh\u00e9rkereszt Gyermekk\u00f3rh\u00e1zban&#8221; t\u00f6rt\u00e9n\u0151 megtart\u00e1s\u00e1t<\/td>\n<\/tr>\n<tr>\n<td style=\"width: 100%\"><img decoding=\"async\" class=\"alignleft\" src=\"https:\/\/semmelweis.hu\/baratikor\/files\/2023\/07\/13-6.jpg\" \/>Prof. Dr. B\u00f3kai J\u00e1nos igazgat\u00f3 f\u0151orvos al\u00e1\u00edr\u00e1s\u00e1val m\u0171k\u00f6d\u00e9si bizony\u00edtv\u00e1ny Dr. Berend Mikl\u00f3s r\u00e9sz\u00e9re (1894. febru\u00e1r 27.)<\/td>\n<\/tr>\n<tr>\n<td style=\"width: 100%\"><img loading=\"lazy\" decoding=\"async\" class=\"alignleft\" src=\"https:\/\/semmelweis.hu\/baratikor\/files\/2023\/07\/14-5.jpg\" width=\"259\" height=\"158\" \/>&#8222;Heim-n\u0151v\u00e9rek&#8221; a gondoz\u00f3n\u0151i tanfolyam z\u00e1r\u00f3vizsg\u00e1j\u00e1n. Balr\u00f3l az els\u0151 f\u00e9rfi Dr. Pet\u00e9nyi G\u00e9za, a harmadik Dr. Heim P\u00e1l professzor (1923)<\/td>\n<\/tr>\n<tr>\n<td style=\"width: 100%\"><img loading=\"lazy\" decoding=\"async\" class=\"alignleft\" src=\"https:\/\/semmelweis.hu\/baratikor\/files\/2023\/07\/15-5.jpg\" width=\"258\" height=\"303\" \/>A &#8222;Feh\u00e9r Kereszt Orsz\u00e1gos Lelenczh\u00e1zegyes\u00fclet&#8221; eln\u00f6ke dr. Szal\u00e1rdy M\u00f3r ut\u00e1n hossz\u00fa ideig Dr. Heim P\u00e1l (1875-1929) professzor volt. Nev\u00e9hez f\u0171z\u0151dik a k\u00f3rh\u00e1z gyermekgondoz\u00f3n\u0151i tanfolyamainak megszervez\u00e9se \u00e9s ir\u00e1ny\u00edt\u00e1sa.<\/td>\n<\/tr>\n<tr>\n<td style=\"width: 100%\">Itt k\u00e9pezt\u00e9k ki 1921-t\u0151l a nagy megbecs\u00fcl\u00e9st \u00e9lvez\u0151 &#8222;Heim n\u0151v\u00e9reket&#8221;, akik k\u00e9t \u00e9ves tov\u00e1bbk\u00e9pz\u00e9st k\u00f6vet\u0151en z\u00e1r\u00f3vizsg\u00e1hoz k\u00f6t\u00f6tt gondoz\u00f3n\u0151i oklevelet kaptak. Heim P\u00e1l 1897-t\u0151l B\u00f3kay J\u00e1nos professzor klinik\u00e1j\u00e1n dolgozott, majd Adalbert Czerny boroszl\u00f3i csecsem\u0151oszt\u00e1ly\u00e1n v\u00e9gzett k\u00f3r\u00e9lettani tanulm\u00e1nyokat. 1907-ben mag\u00e1ntan\u00e1ri min\u0151s\u00edt\u00e9st kapott, majd az I. vil\u00e1gh\u00e1bor\u00fa idej\u00e9n a pozsonyi Erzs\u00e9bet Tudom\u00e1nyegyetem \u00fajonnan l\u00e9trehozott gyermekklinik\u00e1j\u00e1nak els\u0151 tansz\u00e9kvezet\u0151 professzor\u00e1v\u00e1 nevezt\u00e9k ki. 1919-ben a magyar egyetemnek el kellett hagynia a v\u00e1rost, \u00edgy a gyermekklinika \u00e1tmenetileg a Feh\u00e9r Kereszt Gyermekk\u00f3rh\u00e1zban m\u0171k\u00f6d\u00f6tt. Heim P\u00e1l az 1921\/22-es tan\u00e9vben a rektori tiszts\u00e9get is bet\u00f6lt\u00f6tte. A Klinika tanterme alatti f\u00f6ldszinti falon t\u00e1bla \u0151rzi ennek az id\u0151szaknak az eml\u00e9k\u00e9t:<\/td>\n<\/tr>\n<tr>\n<td style=\"width: 100%\"><img loading=\"lazy\" decoding=\"async\" class=\"alignleft\" src=\"https:\/\/semmelweis.hu\/baratikor\/files\/2023\/07\/16-5.jpg\" width=\"268\" height=\"163\" \/>M\u00e1rv\u00e1nyt\u00e1bla a II. Gyermekklinika tantermi l\u00e9pcs\u0151h\u00e1z\u00e1nak fal\u00e1n, Heim P\u00e1l itteni m\u0171k\u00f6d\u00e9s\u00e9nek eml\u00e9k\u00e9re<\/td>\n<\/tr>\n<tr>\n<td style=\"width: 100%\">A Feh\u00e9r Kereszt Gyermekk\u00f3rh\u00e1z a II. vil\u00e1gh\u00e1bor\u00faban s\u00falyos bombatal\u00e1latot kapott, \u00e1gyl\u00e9tsz\u00e1ma 97-re cs\u00f6kkent. A m\u00e9g romos \u00e9p\u00fcletben m\u0171k\u00f6d\u0151 gyermekk\u00f3rh\u00e1z 1946-ban klinikai rangot kapott, a P\u00e1zm\u00e1ny P\u00e9ter Tudom\u00e1nyegyetem Orvosi Kara II. Gyermekklinik\u00e1jak\u00e9nt. Els\u0151 tansz\u00e9kvezet\u0151 professzor\u00e1v\u00e1 a k\u00f3rh\u00e1z addigi igazgat\u00f3 f\u0151orvos\u00e1t, Dr. Pet\u00e9nyi G\u00e9za egyetemi mag\u00e1ntan\u00e1rt nevezt\u00e9k ki.<\/td>\n<\/tr>\n<tr>\n<td style=\"width: 100%\"><img decoding=\"async\" class=\"alignleft\" src=\"https:\/\/semmelweis.hu\/baratikor\/files\/2023\/07\/17-5.jpg\" \/>Dr. Pet\u00e9nyi G\u00e9za, a Feh\u00e9r Kereszt Gyermekk\u00f3rh\u00e1z igazgat\u00f3ja \u00e9s a II. Gyermekklinika els\u0151 tansz\u00e9kvezet\u0151 professzora<\/td>\n<\/tr>\n<tr>\n<td style=\"width: 100%\"><img decoding=\"async\" class=\"alignleft\" src=\"https:\/\/semmelweis.hu\/baratikor\/files\/2023\/07\/18-5.jpg\" \/>A Feh\u00e9r Kereszt Gyermekk\u00f3rh\u00e1z orvosai \u00e9s n\u0151v\u00e9rei 1934-ben. Jobbr\u00f3l a m\u00e1sodik Dr. Pet\u00e9nyi G\u00e9za igazgat\u00f3 f\u0151orvos<\/td>\n<\/tr>\n<tr>\n<td style=\"width: 100%\"><img decoding=\"async\" class=\"alignleft\" src=\"https:\/\/semmelweis.hu\/baratikor\/files\/2023\/07\/19-4.jpg\" \/>Dr. Pet\u00e9nyi G\u00e9za eml\u00e9kt\u00e1bl\u00e1ja \u00e9s a tisztelet\u00e9re \u00fcltetett fa Jeruzs\u00e1lemben, az &#8222;Igazak Liget\u00e9ben&#8221;<\/td>\n<\/tr>\n<tr>\n<td style=\"width: 100%\"><img decoding=\"async\" class=\"alignleft\" src=\"https:\/\/semmelweis.hu\/baratikor\/files\/2023\/07\/20-4.jpg\" \/> <img decoding=\"async\" class=\"alignleft\" src=\"https:\/\/semmelweis.hu\/baratikor\/files\/2023\/07\/21-4.jpg\" \/>A Seb\u00e9szeti pavilon, a T\u0171zolt\u00f3 utca 9. sz. \u00e9p\u00fclet \u00e9s a j\u00e1r\u00f3beteg rendel\u0151 a k\u00e9t vil\u00e1gh\u00e1bor\u00fa k\u00f6z\u00f6tti id\u0151ben<\/td>\n<\/tr>\n<tr>\n<td style=\"width: 100%\">A &#8222;Pet\u00e9nyi iskola&#8221; azt jelentette \u00e9s jelenti ma is, hogy tan\u00edtv\u00e1nyai \u00e9letc\u00e9ljuknak tekintett\u00e9k az emberszeretetet, igyekeztek maguk\u00e9v\u00e1 tenni gondolkod\u00e1sm\u00f3dj\u00e1t, t\u00f6rekedtek mester\u00fck c\u00e9lkit\u0171z\u00e9seit \u00e9s alkalmazott m\u00f3dszereit k\u00f6vetni.<\/td>\n<\/tr>\n<tr>\n<td style=\"width: 100%\"><img decoding=\"async\" class=\"alignleft\" src=\"https:\/\/semmelweis.hu\/baratikor\/files\/2023\/07\/22-4.jpg\" \/>A Feh\u00e9r Kereszt Gyermekk\u00f3rh\u00e1z tev\u00e9kenys\u00e9g\u00e9t m\u00e9ltat\u00f3 korabeli \u00fajs\u00e1gcikk (N\u00e9pszava, 1908. m\u00e1jus 10.).<\/td>\n<\/tr>\n<tr>\n<td style=\"width: 100%\"><img decoding=\"async\" class=\"alignleft\" src=\"https:\/\/semmelweis.hu\/baratikor\/files\/2023\/07\/23-3.jpg\" \/>A Feh\u00e9r Kereszt Gyermekk\u00f3rh\u00e1z \u00faj l\u00e9tes\u00edtm\u00e9nyeir\u0151l tud\u00f3s\u00edt\u00f3 \u00fajs\u00e1gcikk (N\u00e9pszava, 1927. febru\u00e1r 25.)<\/td>\n<\/tr>\n<tr>\n<td style=\"width: 100%\"><img decoding=\"async\" class=\"alignleft\" src=\"https:\/\/semmelweis.hu\/baratikor\/files\/2023\/07\/24-3.jpg\" \/>Dr. Pet\u00e9nyi G\u00e9za csecsem\u0151oszt\u00e1lya, a k\u00e9s\u0151bbi gyermekklinikai I. csecsem\u0151 oszt\u00e1ly egyik r\u00e9szlete<\/td>\n<\/tr>\n<tr>\n<td style=\"width: 100%\"><img decoding=\"async\" class=\"alignleft\" src=\"https:\/\/semmelweis.hu\/baratikor\/files\/2023\/07\/25-1.jpg\" \/>A fel\u00faj\u00edtott III. Csecsem\u0151 oszt\u00e1ly sz\u00ednes el\u0151tere, a gyermekek j\u00e1tsz\u00f3sark\u00e1val<\/td>\n<\/tr>\n<tr>\n<td style=\"width: 100%\"><img decoding=\"async\" class=\"alignleft\" src=\"https:\/\/semmelweis.hu\/baratikor\/files\/2023\/07\/26-1.jpg\" \/>Dr. L\u00f3r\u00e1nt Imre egyetemi docens, a II. Gyermekklinika megb\u00edzott igazgat\u00f3ja 1965 \u00e9s 1967 k\u00f6z\u00f6tt<\/td>\n<\/tr>\n<tr>\n<td style=\"width: 100%\"><img decoding=\"async\" class=\"alignleft\" src=\"https:\/\/semmelweis.hu\/baratikor\/files\/2023\/07\/27-1.jpg\" \/>Dr. Kerpel-Fronius \u00d6d\u00f6n egyetemi tan\u00e1r, a II. Gyermekklinika tansz\u00e9kvezet\u0151 igazgat\u00f3ja 1967-t\u0151l 1976-ig<\/td>\n<\/tr>\n<tr>\n<td style=\"width: 100%\"><img decoding=\"async\" class=\"alignleft\" src=\"https:\/\/semmelweis.hu\/baratikor\/files\/2023\/07\/28-1.jpg\" \/>Kert\u00e9szn\u00e9 Wesniczky Em\u00edlia, a K\u00e9miai Diagnosztikai Laborat\u00f3rium t\u00f6bb \u00e9vtizeden \u00e1t odaad\u00f3 munk\u00e1ja r\u00e9v\u00e9n fogalomm\u00e1 v\u00e1lt Emik\u00e9je munka k\u00f6zben, az 1990-es \u00e9vek elej\u00e9n<\/td>\n<\/tr>\n<tr>\n<td style=\"width: 100%\"><img decoding=\"async\" class=\"alignleft\" src=\"https:\/\/semmelweis.hu\/baratikor\/files\/2023\/07\/29-1.jpg\" \/>Dr. Schuler Dezs\u0151 egyetemi tan\u00e1r, a II. Gyermekklinika igazgat\u00f3ja 1976-1994 k\u00f6z\u00f6tt<\/td>\n<\/tr>\n<tr>\n<td style=\"width: 100%\"><img decoding=\"async\" class=\"alignleft\" src=\"https:\/\/semmelweis.hu\/baratikor\/files\/2023\/07\/30-1.jpg\" \/>A T\u0171zolt\u00f3 utca \u00e9s Liliom utca sark\u00e1n \u00e1ll\u00f3 T\u0171zolt\u00f3 utca 9. sz\u00e1m\u00fa klinikai \u00e9p\u00fclet a homlokzat 2004. \u00e9vben t\u00f6rt\u00e9nt fel\u00faj\u00edt\u00e1sa ut\u00e1n<\/td>\n<\/tr>\n<tr>\n<td style=\"width: 100%\"><img decoding=\"async\" class=\"alignleft\" src=\"https:\/\/semmelweis.hu\/baratikor\/files\/2023\/07\/31.jpg\" \/>A klinikai orvosi k\u00f6nyvt\u00e1r, a reggeli refer\u00e1l\u00f3- \u00e9s esetmegbesz\u00e9l\u00e9sek \u00e9s a tudom\u00e1nyos \u00fcl\u00e9sek helysz\u00edne<\/td>\n<\/tr>\n<tr>\n<td style=\"width: 100%\"><img decoding=\"async\" class=\"alignleft\" src=\"https:\/\/semmelweis.hu\/baratikor\/files\/2023\/07\/32.jpg\" \/>A II. Gyermekklinka munkat\u00e1rsai \u00e1ltal \u00edrt \u00e9s szerkesztett szakk\u00f6nyvek<\/td>\n<\/tr>\n<tr>\n<td style=\"width: 100%\"><img decoding=\"async\" class=\"alignleft\" src=\"https:\/\/semmelweis.hu\/baratikor\/files\/2023\/07\/33.jpg\" \/>A Tumor- Leuk\u00e9mi\u00e1s Gyermekek\u00e9rt Alap\u00edtv\u00e1ny t\u00e1mogat\u00e1s\u00e1val 2005-ben, az Angyal utcai Ambulancia \u00e9p\u00fclete k\u00e9t \u00faj emelettel \u00e9s felvon\u00f3val b\u0151v\u00fclt<\/td>\n<\/tr>\n<\/tbody>\n<\/table>\n<p>&nbsp;<\/p>\n<p>Az orsz\u00e1g egyik legr\u00e9gebbi, \u00e9rt\u00e9kes hagyom\u00e1nyait tudatosan meg\u0151rz\u0151 \u00e9s a kor ig\u00e9nyeinek megfelel\u0151en fejleszt\u0151 gyermek-eg\u00e9szs\u00e9g\u00fcgyi int\u00e9zm\u00e9nye vezet\u0151 szerepet t\u00f6lt be az \u00fajsz\u00fcl\u00f6ttek, csecsem\u0151k, gyermekek \u00e9s serd\u00fcl\u0151k ell\u00e1t\u00e1s\u00e1ban, a magyar, angol \u00e9s n\u00e9met nyelv\u0171 orvos-, fogorvos- \u00e9s gy\u00f3gyszer\u00e9szhallgat\u00f3k oktat\u00e1s\u00e1ban, a szakorvosk\u00e9pz\u00e9sben \u00e9s a tov\u00e1bbk\u00e9pz\u00e9sben. A Klinika gy\u00f3gy\u00edt\u00f3 \u00e9s oktat\u00f3 feladataihoz szorosan kapcsol\u00f3d\u00f3 tudom\u00e1nyos kutat\u00e1sainak sz\u00ednvonal\u00e1t a felsorolt eredm\u00e9nyek, az \u00e9vtizedek alatt egyre b\u0151v\u00fcl\u0151 \u00e9s fejl\u0151d\u0151 hazai \u00e9s nemzetk\u00f6zi egy\u00fcttm\u0171k\u00f6d\u00e9sek jelzik.<\/p>\n<p>Az eltelt 120 \u00e9v alatt int\u00e9zm\u00e9ny\u00fcnk nem adhatta volna vissza oly sok beteg kisgyermek eg\u00e9szs\u00e9g\u00e9t, nem gondoskodhatott volna oly sikeresen a r\u00e1szorul\u00f3k testi-lelki fejl\u0151d\u00e9s\u00e9r\u0151l, ha dolgoz\u00f3inak szak\u00e9rtelm\u00e9t, lelkiismeretess\u00e9g\u00e9t \u00e9s szeretet\u00e9t \u00e1ldozatk\u00e9sz t\u00e1mogat\u00f3k nem seg\u00edtik. \u0150szinte h\u00e1l\u00e1val gondolunk mindazokra, akik sz\u00e9p \u00e9s \u00f6r\u00f6mteli gy\u00f3gy\u00edt\u00f3-\u00e1pol\u00f3 feladataink teljes\u00edt\u00e9s\u00e9hez \u00e9rt\u00e9kes t\u00e1maszt ny\u00fajtottak a m\u00faltban, \u00e9s bizakod\u00e1sunkat er\u0151s\u00edtik a jelenben \u00e9s a j\u00f6v\u0151ben.<\/p>\n<figure style=\"width: 533px\" class=\"wp-caption aligncenter\"><img loading=\"lazy\" decoding=\"async\" src=\"https:\/\/semmelweis.hu\/baratikor\/files\/2023\/07\/34.jpg\" alt=\"\" width=\"533\" height=\"358\" \/><\/a><figcaption class=\"wp-caption-text\">Dr. Fekete Gy\u00f6rgy egyetemi tan\u00e1r, klinikaigazgat\u00f3<\/figcaption><\/figure>\n<p>&nbsp;<\/p>\n","protected":false},"excerpt":{"rendered":"<p>120 \u00c9VES A T\u0170ZOLT\u00d3 UTCAI GYERMEKKLINIKA, a volt Feh\u00e9r Kereszt Gyermekk\u00f3rh\u00e1z<\/a> A nagym\u00e9rt\u00e9k\u0171 gyermekhalad\u00f3s\u00e1g ellen k\u00fczd\u0151 &#8222;Szeg\u00e9ny Beteg Gyermek Egyes\u00fclet&#8221; 1885. j\u00fanius 29-\u00e9n alakult meg. Klinik\u00e1nk el\u0151 csarnok\u00e1ban eml\u00e9kt\u00e1bla id\u00e9zi az alap\u00edt\u00f3 Dr. Szal\u00e1rdy M\u00f3r eml\u00e9k\u00e9t. Dr. Szal\u00e1rdy M\u00f3r (1851-1914), mint a budapesti Szent R\u00f3kus K\u00f3rh\u00e1z sz\u00fcl\u00e9sz orvosa, m\u00e1r 1876-ban tanulm\u00e1nyt jelentetett meg a t\u00f6rv\u00e9nytelen &hellip;<\/p>\n","protected":false},"author":282,"featured_media":0,"parent":1707,"menu_order":4,"comment_status":"closed","ping_status":"closed","template":"template-fullwidth.php","meta":{"_acf_changed":false,"footnotes":""},"categories":[],"tags":[],"class_list":["post-2345","page","type-page","status-publish","hentry"],"acf":[],"_links":{"self":[{"href":"https:\/\/semmelweis.hu\/baratikor\/wp-json\/wp\/v2\/pages\/2345","targetHints":{"allow":["GET"]}}],"collection":[{"href":"https:\/\/semmelweis.hu\/baratikor\/wp-json\/wp\/v2\/pages"}],"about":[{"href":"https:\/\/semmelweis.hu\/baratikor\/wp-json\/wp\/v2\/types\/page"}],"author":[{"embeddable":true,"href":"https:\/\/semmelweis.hu\/baratikor\/wp-json\/wp\/v2\/users\/282"}],"replies":[{"embeddable":true,"href":"https:\/\/semmelweis.hu\/baratikor\/wp-json\/wp\/v2\/comments?post=2345"}],"version-history":[{"count":6,"href":"https:\/\/semmelweis.hu\/baratikor\/wp-json\/wp\/v2\/pages\/2345\/revisions"}],"predecessor-version":[{"id":4756,"href":"https:\/\/semmelweis.hu\/baratikor\/wp-json\/wp\/v2\/pages\/2345\/revisions\/4756"}],"up":[{"embeddable":true,"href":"https:\/\/semmelweis.hu\/baratikor\/wp-json\/wp\/v2\/pages\/1707"}],"wp:attachment":[{"href":"https:\/\/semmelweis.hu\/baratikor\/wp-json\/wp\/v2\/media?parent=2345"}],"wp:term":[{"taxonomy":"category","embeddable":true,"href":"https:\/\/semmelweis.hu\/baratikor\/wp-json\/wp\/v2\/categories?post=2345"},{"taxonomy":"post_tag","embeddable":true,"href":"https:\/\/semmelweis.hu\/baratikor\/wp-json\/wp\/v2\/tags?post=2345"}],"curies":[{"name":"wp","href":"https:\/\/api.w.org\/{rel}","templated":true}]}}