{"id":2309,"date":"2023-01-04T15:25:36","date_gmt":"2023-01-04T14:25:36","guid":{"rendered":"https:\/\/semmelweis.hu\/baratikor\/?page_id=2309"},"modified":"2023-10-12T11:46:40","modified_gmt":"2023-10-12T09:46:40","slug":"okros-sandor","status":"publish","type":"page","link":"https:\/\/semmelweis.hu\/baratikor\/galeria\/teljes-nevlista\/okros-sandor\/","title":{"rendered":"\u00d6kr\u00f6s S\u00e1ndor"},"content":{"rendered":"<p style=\"text-align: justify\"><strong><a href=\"https:\/\/semmelweis.hu\/baratikor\/files\/2023\/07\/Okros-Sandor_.jpg\"><img loading=\"lazy\" decoding=\"async\" class=\"alignleft size-medium wp-image-4886\" src=\"https:\/\/semmelweis.hu\/baratikor\/files\/2023\/07\/Okros-Sandor_-282x400.jpg\" alt=\"\" width=\"282\" height=\"400\" srcset=\"https:\/\/semmelweis.hu\/baratikor\/files\/2023\/07\/Okros-Sandor_-282x400.jpg 282w, https:\/\/semmelweis.hu\/baratikor\/files\/2023\/07\/Okros-Sandor_.jpg 705w\" sizes=\"auto, (max-width: 282px) 100vw, 282px\" \/><\/a>(<\/strong><strong>Debrecen, 1902. m\u00e1rcius 6.<\/strong><strong> \u2013 N\u00e1dudvar, 1987. m\u00e1jus 8.)<\/strong><\/p>\n<p style=\"text-align: justify\"><strong>Tansz\u00e9k: <\/strong>Igazs\u00e1g\u00fcgyi Orvostani Int\u00e9zet 1958-1969.<\/p>\n<p style=\"text-align: justify\">Kisiparos csal\u00e1db\u00f3l sz\u00e1rmazott, \u00e9desapja kov\u00e1csmesterk\u00e9nt dolgozott. Tanulm\u00e1nyait Debrecenben v\u00e9gezte, 1920-ban \u00e9retts\u00e9gizett a Reform\u00e1tus F\u0151gimn\u00e1ziumban. Orvosi oklevel\u00e9t a debreceni Tisza Istv\u00e1n Tudom\u00e1nyegyetem Orvostudom\u00e1nyi Kar\u00e1n szerezte 1927. okt\u00f3ber 1-j\u00e9n. Hallgat\u00f3 kor\u00e1ban 3 \u00e9ven \u00e1t dolgozott a K\u00f3rbonctani Int\u00e9zetben, 1923. j\u00fal. 1-t\u0151l demonstr\u00e1tork\u00e9nt, 1924\/25-ben gyakornokk\u00e9nt, majd 1925\/26-ban m\u00e1r II. tan\u00e1rseg\u00e9dk\u00e9nt. Diplomaszerz\u00e9se ut\u00e1n is az int\u00e9zetben maradt, 1927-ben I. tan\u00e1rseg\u00e9dd\u00e9, 1932-ben adjunktuss\u00e1 l\u00e9ptett\u00e9k el\u0151. 1930-ban tett t\u00f6rv\u00e9nysz\u00e9ki orvosi szakvizsg\u00e1t. 1934-ben a k\u00f3rbonctani diagnosztika, 1942-ben a t\u00f6rv\u00e9nysz\u00e9ki orvostani diagnosztika t\u00e1rgyk\u00f6r\u00e9ben szerzett mag\u00e1ntan\u00e1ri habilit\u00e1ci\u00f3t. 1935-ben \u00e1tigazolt a debreceni T\u00f6rv\u00e9nysz\u00e9ki Orvostani Int\u00e9zetbe, ahol 1944-ben megb\u00edzt\u00e1k az int\u00e9zet vezet\u00e9s\u00e9vel. El\u0151z\u0151leg, 1939-ben iskolaorvosi \u00e9s eg\u00e9szs\u00e9gtan-tan\u00e1ri szakvizsg\u00e1t tett. 1944. m\u00e1jus 1-t\u0151l egy \u00e9ven \u00e1t megb\u00edzott v\u00e1rosi orvosk\u00e9nt ell\u00e1tta a szeg\u00e9nybeteg rendel\u00e9st. 1947-ben nyilv\u00e1nos rendes tan\u00e1ri kinevez\u00e9st kapott. 1952. okt\u00f3ber 1-j\u00e9n kandid\u00e1tusi fokozatot szerzett. 1958-ban \u00e1tvette a BOTE Igazs\u00e1g\u00fcgyi Orvostani Int\u00e9zete vezet\u00e9s\u00e9t. Az int\u00e9zeti feladatok mellett egy ideig a TDK eln\u00f6kek\u00e9nt is tev\u00e9kenykedett. 1969. j\u00fanius 30-\u00e1n vonult nyug\u00e1llom\u00e1nyba.<\/p>\n<p style=\"text-align: justify\">1916 \u00f3ta rendszeresen sportolt, 1922-1928 k\u00f6z\u00f6tt a debreceni Egyetemi Sport Club futball szakoszt\u00e1ly\u00e1ban. A Magyar F\u0151iskolai Olimpiai Football-csapat tagjak\u00e9nt r\u00e9szt vett az 1927-es r\u00f3mai \u00e9s az 1928-as p\u00e1rizsi f\u0151iskolai vil\u00e1gbajnoks\u00e1gokon. A k\u00e9s\u0151bbiekben sportszervez\u0151k\u00e9nt is tev\u00e9kenykedett, 1935-ben megalak\u00edtotta az Egyetemi Munk\u00e1sok Sportegyes\u00fclet\u00e9t, melyet eln\u00f6k\u00f6lt is, 1946-1948 k\u00f6z\u00f6tt eln\u00f6ke volt az Egyetemi Dolgoz\u00f3k Sportegyes\u00fclet\u00e9nek. 1947-ben a Magyar Olimpiai Bizotts\u00e1g propaganda oszt\u00e1lya tagj\u00e1v\u00e1 v\u00e1lasztotta.<\/p>\n<p style=\"text-align: justify\">1927-1936 k\u00f6z\u00f6tt MONE-tag volt, 1943-ban bel\u00e9pett a Csaba Bajt\u00e1rsi Egyes\u00fcletbe. N\u00e9h\u00e1ny \u00e9vig az Egys\u00e9ges P\u00e1rt \u00e9s a Magyar \u00c9let P\u00e1rtja t\u00e1rsask\u00f6r\u00e9nek tagja volt. 1945-ben csatlakozott a Magyar Orvosok Szabad Szakszervezet\u00e9hez. 1946-ban bel\u00e9pett az MKP-ba, de 1949-ben az MDP tagjel\u00f6ltt\u00e9 min\u0151s\u00edtette vissza. V\u00e9g\u00fcl 1953-ban felvett\u00e9k a p\u00e1rtba, de 1956 ut\u00e1n p\u00e1rttags\u00e1g\u00e1t m\u00e1r nem \u00faj\u00edtotta meg.<\/p>\n<p style=\"text-align: justify\">Els\u0151 munk\u00e1i k\u00f3rbonctani jelleg\u0171ek \u00e9s a korr\u00f3zi\u00f3s technika felhaszn\u00e1l\u00e1s\u00e1r\u00f3l k\u00e9sz\u00fcltek k\u00fcl\u00f6nf\u00e9le szervekkel kapcsolatban. Az igazs\u00e1g\u00fcgyi orvostan ter\u00fclet\u00e9n a vitalis \u00e9s supravitalis s\u00e9r\u00fcl\u00e9sek sz\u00f6vettani kimutat\u00e1s\u00e1val foglalkozott \u00e9s a vizsg\u00e1latokhoz sz\u00e1mos \u00faj m\u00f3dszert dolgozott ki. Legf\u0151bb kutat\u00e1si ter\u00fclete az ujjl\u00e9crajzolatok \u00f6sszehasonl\u00edt\u00f3 vizsg\u00e1lata, melyet sikerrel lehet alkalmazni sz\u00e1rmaz\u00e1si vizsg\u00e1latokn\u00e1l.<\/p>\n<p style=\"text-align: justify\">Egyik alap\u00edt\u00f3ja volt a Magyar Pathol\u00f3gusok T\u00e1rsas\u00e1g\u00e1nak, illetve a Magyar Igazs\u00e1g\u00fcgyi Orvostani T\u00e1rsulatnak, melynek eln\u00f6ki tiszt\u00e9t is bet\u00f6lt\u00f6tte. 1957-1970 k\u00f6z\u00f6tt eln\u00f6ke, majd d\u00edszeln\u00f6ke volt a Nemzetk\u00f6zi Igazs\u00e1g\u00fcgyi Orvostani T\u00e1rsulatnak.<\/p>\n<p style=\"text-align: justify\"><strong>F\u0151bb munk\u00e1ja:<\/strong> The Heredity of Papillary Pattern. Bp., 1965.<\/p>\n<p style=\"text-align: justify\"><strong>Nyughelye:<\/strong> N\u00e1dudvari temet\u0151, F\/5 parcella, 1. sor, 2. s\u00edrhely, kripta.<\/p>\n","protected":false},"excerpt":{"rendered":"<p><a href=\"https:\/\/semmelweis.hu\/baratikor\/files\/2023\/07\/Okros-Sandor_.jpg\"><\/a> (Debrecen, 1902. m\u00e1rcius 6. \u2013 N\u00e1dudvar, 1987. m\u00e1jus 8.) Tansz\u00e9k: Igazs\u00e1g\u00fcgyi Orvostani Int\u00e9zet 1958-1969. Kisiparos csal\u00e1db\u00f3l sz\u00e1rmazott, \u00e9desapja kov\u00e1csmesterk\u00e9nt dolgozott. Tanulm\u00e1nyait Debrecenben v\u00e9gezte, 1920-ban \u00e9retts\u00e9gizett a Reform\u00e1tus F\u0151gimn\u00e1ziumban. Orvosi oklevel\u00e9t a debreceni Tisza Istv\u00e1n Tudom\u00e1nyegyetem Orvostudom\u00e1nyi Kar\u00e1n szerezte 1927. okt\u00f3ber 1-j\u00e9n. Hallgat\u00f3 kor\u00e1ban 3 \u00e9ven \u00e1t dolgozott a K\u00f3rbonctani Int\u00e9zetben, 1923. j\u00fal. 1-t\u0151l demonstr\u00e1tork\u00e9nt, 1924\/25-ben &hellip;<\/p>\n","protected":false},"author":282,"featured_media":5424,"parent":347,"menu_order":0,"comment_status":"closed","ping_status":"closed","template":"template-fullwidth.php","meta":{"_acf_changed":false,"footnotes":""},"categories":[77,14],"tags":[],"class_list":["post-2309","page","type-page","status-publish","has-post-thumbnail","hentry","category-kegyeleti-adattar","category-teljes-nevlista"],"acf":[],"_links":{"self":[{"href":"https:\/\/semmelweis.hu\/baratikor\/wp-json\/wp\/v2\/pages\/2309","targetHints":{"allow":["GET"]}}],"collection":[{"href":"https:\/\/semmelweis.hu\/baratikor\/wp-json\/wp\/v2\/pages"}],"about":[{"href":"https:\/\/semmelweis.hu\/baratikor\/wp-json\/wp\/v2\/types\/page"}],"author":[{"embeddable":true,"href":"https:\/\/semmelweis.hu\/baratikor\/wp-json\/wp\/v2\/users\/282"}],"replies":[{"embeddable":true,"href":"https:\/\/semmelweis.hu\/baratikor\/wp-json\/wp\/v2\/comments?post=2309"}],"version-history":[{"count":2,"href":"https:\/\/semmelweis.hu\/baratikor\/wp-json\/wp\/v2\/pages\/2309\/revisions"}],"predecessor-version":[{"id":4887,"href":"https:\/\/semmelweis.hu\/baratikor\/wp-json\/wp\/v2\/pages\/2309\/revisions\/4887"}],"up":[{"embeddable":true,"href":"https:\/\/semmelweis.hu\/baratikor\/wp-json\/wp\/v2\/pages\/347"}],"wp:featuredmedia":[{"embeddable":true,"href":"https:\/\/semmelweis.hu\/baratikor\/wp-json\/wp\/v2\/media\/5424"}],"wp:attachment":[{"href":"https:\/\/semmelweis.hu\/baratikor\/wp-json\/wp\/v2\/media?parent=2309"}],"wp:term":[{"taxonomy":"category","embeddable":true,"href":"https:\/\/semmelweis.hu\/baratikor\/wp-json\/wp\/v2\/categories?post=2309"},{"taxonomy":"post_tag","embeddable":true,"href":"https:\/\/semmelweis.hu\/baratikor\/wp-json\/wp\/v2\/tags?post=2309"}],"curies":[{"name":"wp","href":"https:\/\/api.w.org\/{rel}","templated":true}]}}