{"id":2306,"date":"2023-01-04T15:21:51","date_gmt":"2023-01-04T14:21:51","guid":{"rendered":"https:\/\/semmelweis.hu\/baratikor\/?page_id=2306"},"modified":"2023-01-09T11:34:34","modified_gmt":"2023-01-09T10:34:34","slug":"zaray-ervin","status":"publish","type":"page","link":"https:\/\/semmelweis.hu\/baratikor\/galeria\/teljes-nevlista\/zaray-ervin\/","title":{"rendered":"Z\u00e1ray Ervin"},"content":{"rendered":"<p style=\"text-align: justify\"><strong>Z\u00e1ray (Zsivkovics) Ervin (Cegl\u00e9d<\/strong><strong>, 1906. december 15.<\/strong><strong> \u2013 Budapest, 1983. november 25.)<\/strong><\/p>\n<p style=\"text-align: justify\"><strong>Tansz\u00e9k:<\/strong> Konzerv\u00e1l\u00f3 Fog\u00e1szati Klinika 1973-1974.<\/p>\n<p style=\"text-align: justify\">Orvoscsal\u00e1db\u00f3l sz\u00e1rmazik, \u00e9desapja 46 \u00e9ven kereszt\u00fcl szolg\u00e1lt Cegl\u00e9den v\u00e1rosi tisztiorvosk\u00e9nt. \u00c9retts\u00e9git a cegl\u00e9di \u00c1llami Kossuth F\u0151gimn\u00e1ziumban tett 1926-ban. Oklevelet 1934. november 10-\u00e9n szerzett Budapesten, m\u00e9g Zsivkovics n\u00e9ven. V\u00e9gz\u00e9s\u00e9t k\u00f6vet\u0151en a Sz\u00e9kesfeh\u00e9rv\u00e1ri Megyei K\u00f6zk\u00f3rh\u00e1zba ker\u00fclt, ahol a Seb\u00e9szeti Oszt\u00e1lyon dolgozott. 1935-1940 k\u00f6z\u00f6tt \u00f6sszesen hat h\u00f3napi katonai szolg\u00e1latot teljes\u00edtett a II. gyalogezredn\u00e9l. 1938. szeptember 1-j\u00e9n t\u00e9rt vissza az egyetemre, a Stomatol\u00f3giai Klinika gyakornokak\u00e9nt. 1939-ben seb\u00e9sz szakorvosi, 1940-ben fogszakorvosi vizsg\u00e1t tett. 1941-t\u0151l tan\u00e1rseg\u00e9d beoszt\u00e1sban folytatta munk\u00e1j\u00e1t. 1945 \u00e1prilis\u00e1ban tagja lett az Orvos-Eg\u00e9szs\u00e9g\u00fcgyi Dolgoz\u00f3k Szakszervezet\u00e9nek, 1945-1946 k\u00f6z\u00f6tt pedig a F\u00fcggetlen Kisgazda \u00e9s Polg\u00e1ri P\u00e1rtnak. Ezt k\u00f6vet\u0151en politikai p\u00e1rtnak nem volt tagja. 1945-t\u0151l v\u00e9gezte a fogszakorvos jel\u00f6ltek, k\u00e9s\u0151bb a fogorvostanhallgat\u00f3k konzerv\u00e1l\u00f3 fog\u00e1szati oktat\u00e1s\u00e1t. Adler P\u00e9terrel meg\u00edrta a t\u00e1rgy egyetemi tank\u00f6nyv\u00e9t, melyet a k\u00e9s\u0151bbiekben t\u00f6bbsz\u00f6r jelent\u0151sen b\u0151v\u00edtettek \u00e9s \u00e1tdolgoztak. 1951 augusztusa \u00e9s 1958 janu\u00e1rja k\u00f6z\u00f6tt a Magyar N\u00e9phadsereg tiszti \u00e1llom\u00e1ny\u00e1ba tartozott alhadnagyi rendfokozatban. 1955. janu\u00e1r 17-\u00e9n docensi kinevez\u00e9st kapott. 1973-1974 k\u00f6z\u00f6tt vezette a Konzerv\u00e1l\u00f3 Fog\u00e1szati Klinik\u00e1t. \u00c9rdekl\u0151d\u00e9se els\u0151sorban a fiziko-k\u00e9miai caries-kutat\u00e1s fel\u00e9 ir\u00e1nyult. 1976-ban nyug\u00e1llom\u00e1nyba vonult, mely alkalomb\u00f3l az Oktat\u00e1s\u00fcgy Kiv\u00e1l\u00f3 Dolgoz\u00f3ja c\u00edmmel t\u00fcntett\u00e9k ki.<\/p>\n<p style=\"text-align: justify\"><strong>F\u0151bb munk\u00e1i:<\/strong> Konzerv\u00e1l\u00f3 fog\u00e1szat. Tank\u00f6nyv fogorvos-hallgat\u00f3k \u00e9s fogorvosok r\u00e9sz\u00e9re (Adler P\u00e9terrel). Bp., 1954.; Konzerv\u00e1l\u00f3 fog\u00e1szat. (Adler P\u00e9terrel). Bp., 1961.; Konzerv\u00e1l\u00f3 fog\u00e1szat. Cariologia (Adler P\u00e9terrel). Bp., 1968.; Konzerv\u00e1l\u00f3 fog\u00e1szat. Cariologia \u00e9s endodontia (Adler P\u00e9terrel). Bp., 1972.<\/p>\n<p style=\"text-align: justify\"><strong>Nyughelye:<\/strong> Farkasr\u00e9ti urnakiad\u00e1s.<\/p>\n","protected":false},"excerpt":{"rendered":"<p>Z\u00e1ray (Zsivkovics) Ervin (Cegl\u00e9d, 1906. december 15. \u2013 Budapest, 1983. november 25.) Tansz\u00e9k: Konzerv\u00e1l\u00f3 Fog\u00e1szati Klinika 1973-1974. Orvoscsal\u00e1db\u00f3l sz\u00e1rmazik, \u00e9desapja 46 \u00e9ven kereszt\u00fcl szolg\u00e1lt Cegl\u00e9den v\u00e1rosi tisztiorvosk\u00e9nt. \u00c9retts\u00e9git a cegl\u00e9di \u00c1llami Kossuth F\u0151gimn\u00e1ziumban tett 1926-ban. Oklevelet 1934. november 10-\u00e9n szerzett Budapesten, m\u00e9g Zsivkovics n\u00e9ven. V\u00e9gz\u00e9s\u00e9t k\u00f6vet\u0151en a Sz\u00e9kesfeh\u00e9rv\u00e1ri Megyei K\u00f6zk\u00f3rh\u00e1zba ker\u00fclt, ahol a Seb\u00e9szeti Oszt\u00e1lyon &hellip;<\/p>\n","protected":false},"author":282,"featured_media":0,"parent":347,"menu_order":0,"comment_status":"closed","ping_status":"closed","template":"template-fullwidth.php","meta":{"_acf_changed":false,"footnotes":""},"categories":[77,14],"tags":[],"class_list":["post-2306","page","type-page","status-publish","hentry","category-kegyeleti-adattar","category-teljes-nevlista"],"acf":[],"_links":{"self":[{"href":"https:\/\/semmelweis.hu\/baratikor\/wp-json\/wp\/v2\/pages\/2306","targetHints":{"allow":["GET"]}}],"collection":[{"href":"https:\/\/semmelweis.hu\/baratikor\/wp-json\/wp\/v2\/pages"}],"about":[{"href":"https:\/\/semmelweis.hu\/baratikor\/wp-json\/wp\/v2\/types\/page"}],"author":[{"embeddable":true,"href":"https:\/\/semmelweis.hu\/baratikor\/wp-json\/wp\/v2\/users\/282"}],"replies":[{"embeddable":true,"href":"https:\/\/semmelweis.hu\/baratikor\/wp-json\/wp\/v2\/comments?post=2306"}],"version-history":[{"count":1,"href":"https:\/\/semmelweis.hu\/baratikor\/wp-json\/wp\/v2\/pages\/2306\/revisions"}],"predecessor-version":[{"id":2307,"href":"https:\/\/semmelweis.hu\/baratikor\/wp-json\/wp\/v2\/pages\/2306\/revisions\/2307"}],"up":[{"embeddable":true,"href":"https:\/\/semmelweis.hu\/baratikor\/wp-json\/wp\/v2\/pages\/347"}],"wp:attachment":[{"href":"https:\/\/semmelweis.hu\/baratikor\/wp-json\/wp\/v2\/media?parent=2306"}],"wp:term":[{"taxonomy":"category","embeddable":true,"href":"https:\/\/semmelweis.hu\/baratikor\/wp-json\/wp\/v2\/categories?post=2306"},{"taxonomy":"post_tag","embeddable":true,"href":"https:\/\/semmelweis.hu\/baratikor\/wp-json\/wp\/v2\/tags?post=2306"}],"curies":[{"name":"wp","href":"https:\/\/api.w.org\/{rel}","templated":true}]}}