{"id":2304,"date":"2023-01-04T15:20:38","date_gmt":"2023-01-04T14:20:38","guid":{"rendered":"https:\/\/semmelweis.hu\/baratikor\/?page_id=2304"},"modified":"2023-01-09T11:34:35","modified_gmt":"2023-01-09T10:34:35","slug":"zsolnai-bela","status":"publish","type":"page","link":"https:\/\/semmelweis.hu\/baratikor\/galeria\/teljes-nevlista\/zsolnai-bela\/","title":{"rendered":"Zsolnai B\u00e9la"},"content":{"rendered":"<p><strong>(Ziliz<\/strong><strong>, 1928. \u00e1prilis 26.<\/strong><strong> \u2013 Budapest, 2011. augusztus 14.)<\/strong><\/p>\n<p><strong>Tansz\u00e9k:<\/strong> II. sz. Sz\u00fcl\u00e9szeti \u00e9s N\u0151gy\u00f3gy\u00e1szati Klinika 1979-1994.<\/p>\n<p>Eredeti csal\u00e1dneve Zsugyelik volt, 1956-ban magyaros\u00edtott Zsolnaira. F\u00f6ldm\u0171ves csal\u00e1db\u00f3l sz\u00e1rmazott, sz\u00fclei 11 holdon gazd\u00e1lkodtak. K\u00f6z\u00e9piskol\u00e1it Miskolcon, a L\u00e9vay J\u00f3zsef Gimn\u00e1ziumban v\u00e9gezte, 1948-ban \u00e9retts\u00e9gizett jeles eredm\u00e9nnyel. Tanulm\u00e1nyait k\u00fcl\u00f6nb\u00f6z\u0151 alap\u00edtv\u00e1nyok (Budai J\u00f3zsef Alap, Haller Alap\u00edtv\u00e1ny, \u00c1llami K\u00f6z\u00e9piskol\u00e1s \u00f6szt\u00f6nd\u00edj) t\u00e1mogat\u00e1s\u00e1val tudta befejezni. \u00c9retts\u00e9gi ut\u00e1n felv\u00e9telt nyert a Debreceni Egyetemre, ahol 1954-ben kit\u00fcntet\u00e9ssel kapott summa cum laude rend\u0171 orvosi diplom\u00e1t. 1952. j\u00falius 1-t\u0151l externistak\u00e9nt dolgozott a DOTE N\u0151gy\u00f3gy\u00e1szati Klinik\u00e1j\u00e1n. 1953. november 1-j\u00e9n k\u00f6zponti gyakornoki kinevez\u00e9st kapott. 1955-ben katonai szolg\u00e1latot teljes\u00edtett, alhadnagyi rendfokozattal szerelt le. 1957. j\u00falius 13-\u00e1n jeles rend\u0171 szakvizsg\u00e1t tett sz\u00fcl\u00e9szet-n\u0151gy\u00f3gy\u00e1szatb\u00f3l. 1958. okt\u00f3ber 15-\u00e9n saj\u00e1t k\u00e9r\u00e9s\u00e9re \u00e1thelyezt\u00e9k a BOTE II. sz. Sz\u00fcl\u00e9szeti N\u0151gy\u00f3gy\u00e1szati Klinik\u00e1j\u00e1ra. 1959 szeptember\u00e9ben oszt\u00e1lyvezet\u0151 tan\u00e1rseg\u00e9dd\u00e9 l\u00e9pett el\u0151. 1965-66 folyam\u00e1n hosszabb tanulm\u00e1nyutat tett a Baseli N\u0151i Klinik\u00e1n, ahol a m\u00e9hen bel\u00fcli \u00e9let diagnosztikai k\u00e9rd\u00e9seivel \u00e9s k\u00f3rtan\u00e1val foglalkozott.<\/p>\n<p>1958-1961 k\u00f6z\u00f6tt elv\u00e9gezte az MSZMP 3 \u00e9ves Marxizmus-Leninizmus Esti Egyetem\u00e9t. 1970-ben adjunktusi, 1975-ben docensi el\u0151l\u00e9ptet\u00e9st kapott. 1979. j\u00falius 1-j\u00e9n nevezt\u00e9k ki tansz\u00e9kvezet\u0151 egyetemi tan\u00e1rr\u00e1. Igazgat\u00f3s\u00e1ga idej\u00e9n vezett\u00e9k be a klinik\u00e1n a gyermek\u00e1gyas oszt\u00e1lyon a \u201erooming-in\u201d rendszert, a sz\u00fcl\u00e9sre felk\u00e9sz\u00edt\u0151 tanfolyamokat \u00e9s a pszichol\u00f3giai gondoz\u00e1st.<\/p>\n<p>1974. m\u00e1rcius 1-j\u00e9n megb\u00edzt\u00e1k az Orsz\u00e1gos Sz\u00fcl\u00e9szeti \u00e9s N\u0151gy\u00f3gy\u00e1szati Int\u00e9zet M\u00f3dszertani Oszt\u00e1ly\u00e1nak vezet\u00e9s\u00e9vel. 1975. m\u00e1jus 1-j\u00e9n ugyanezen int\u00e9zet tudom\u00e1nyos igazgat\u00f3helyettese lett. 1979-ben \u00e1tvette az int\u00e9zet igazgat\u00e1s\u00e1t, melyet 1988-ig l\u00e1tott el.<\/p>\n<p>1974. janu\u00e1r 28-\u00e1n az orvostudom\u00e1nyok kandid\u00e1tusa, 1985. okt\u00f3ber 1-j\u00e9n az orvostudom\u00e1nyok doktora fokozatokat \u00e9rte el.<\/p>\n<p>Tudom\u00e1nyos munk\u00e1ss\u00e1ga sor\u00e1n f\u0151k\u00e9nt terhespatol\u00f3giai k\u00e9rd\u00e9sekkel, a terhess\u00e9gi toxemia aetiopathogenesis\u00e9nek kutat\u00e1s\u00e1val \u00e9s kezel\u00e9s\u00e9vel foglalkozott. E t\u00e9ma keret\u00e9ben k\u00eds\u00e9rletes vizsg\u00e1latai a placenta anyagcser\u00e9j\u00e9nek, feh\u00e9rjebont\u00f3 enzimeknek, lysosom\u00e1inak kutat\u00e1s\u00e1ra ir\u00e1nyultak.<\/p>\n<p>Egyetemi \u00e9vei alatt tagja volt a MEFESZ-nek, majd a DISZ-nek, k\u00e9s\u0151bb a KISZ-nek. 1953 \u00f3ta volt tagja az Orvos-Eg\u00e9szs\u00e9g\u00fcgyi Szakszervezetnek. A p\u00e1rtba azonban sem 1956 el\u0151tt, sem azut\u00e1n nem l\u00e9pett be.<\/p>\n<p>Fontosabb t\u00e1rsas\u00e1gi rags\u00e1gai: az International Planned Parenthood Federation \u00fcgyvezet\u0151 eln\u00f6ks\u00e9g\u00e9nek tagja, az Eg\u00e9szs\u00e9g\u00fcgyi Tudom\u00e1nyos Tan\u00e1cs pl\u00e9num\u00e1nak tagja, a Magyar Csal\u00e1d- \u00e9s N\u0151v\u00e9delmi Tudom\u00e1nyos T\u00e1rsas\u00e1g eln\u00f6ke, az Organisation Gestosis hazai k\u00e9pvisel\u0151je, valamint tagja volt a European Society for Clinical Investigation-nek. 1980-ban \u00f6t \u00e9vre az MTA Orvosi Oszt\u00e1ly\u00e1nak tan\u00e1cskoz\u00e1si jog\u00fa tagj\u00e1v\u00e1 v\u00e1lasztott\u00e1k.<\/p>\n<p><strong>F\u0151bb munk\u00e1i:<\/strong> Placenta lysosom\u00e1k, lysosom\u00e1lis \u00e9s nem-lysosom\u00e1lis hydrolase-k \u00f6sszehasonl\u00edt\u00f3 vizsg\u00e1lata a terhess\u00e9g folyam\u00e1n. Kandid\u00e1tusi \u00e9rtekez\u00e9s. MTA, TMB. Bp., 1968.; A b\u00e9ta-mimetikumok sz\u00fcl\u00e9szeti alkalmaz\u00e1s\u00e1nak alapjai, lehet\u0151s\u00e9gei \u00e9s hat\u00e1rai. Doktori \u00e9rtekez\u00e9s. MTA, TMB. Bp., 1984.<\/p>\n<p><strong>Nyughelye:<\/strong> Farkasr\u00e9ti temet\u0151 29\/0\/3\/11.<\/p>\n","protected":false},"excerpt":{"rendered":"<p>(Ziliz, 1928. \u00e1prilis 26. \u2013 Budapest, 2011. augusztus 14.) Tansz\u00e9k: II. sz. Sz\u00fcl\u00e9szeti \u00e9s N\u0151gy\u00f3gy\u00e1szati Klinika 1979-1994. Eredeti csal\u00e1dneve Zsugyelik volt, 1956-ban magyaros\u00edtott Zsolnaira. F\u00f6ldm\u0171ves csal\u00e1db\u00f3l sz\u00e1rmazott, sz\u00fclei 11 holdon gazd\u00e1lkodtak. K\u00f6z\u00e9piskol\u00e1it Miskolcon, a L\u00e9vay J\u00f3zsef Gimn\u00e1ziumban v\u00e9gezte, 1948-ban \u00e9retts\u00e9gizett jeles eredm\u00e9nnyel. Tanulm\u00e1nyait k\u00fcl\u00f6nb\u00f6z\u0151 alap\u00edtv\u00e1nyok (Budai J\u00f3zsef Alap, Haller Alap\u00edtv\u00e1ny, \u00c1llami K\u00f6z\u00e9piskol\u00e1s \u00f6szt\u00f6nd\u00edj) t\u00e1mogat\u00e1s\u00e1val tudta &hellip;<\/p>\n","protected":false},"author":282,"featured_media":0,"parent":347,"menu_order":0,"comment_status":"closed","ping_status":"closed","template":"template-fullwidth.php","meta":{"_acf_changed":false,"footnotes":""},"categories":[77,14],"tags":[],"class_list":["post-2304","page","type-page","status-publish","hentry","category-kegyeleti-adattar","category-teljes-nevlista"],"acf":[],"_links":{"self":[{"href":"https:\/\/semmelweis.hu\/baratikor\/wp-json\/wp\/v2\/pages\/2304","targetHints":{"allow":["GET"]}}],"collection":[{"href":"https:\/\/semmelweis.hu\/baratikor\/wp-json\/wp\/v2\/pages"}],"about":[{"href":"https:\/\/semmelweis.hu\/baratikor\/wp-json\/wp\/v2\/types\/page"}],"author":[{"embeddable":true,"href":"https:\/\/semmelweis.hu\/baratikor\/wp-json\/wp\/v2\/users\/282"}],"replies":[{"embeddable":true,"href":"https:\/\/semmelweis.hu\/baratikor\/wp-json\/wp\/v2\/comments?post=2304"}],"version-history":[{"count":1,"href":"https:\/\/semmelweis.hu\/baratikor\/wp-json\/wp\/v2\/pages\/2304\/revisions"}],"predecessor-version":[{"id":2305,"href":"https:\/\/semmelweis.hu\/baratikor\/wp-json\/wp\/v2\/pages\/2304\/revisions\/2305"}],"up":[{"embeddable":true,"href":"https:\/\/semmelweis.hu\/baratikor\/wp-json\/wp\/v2\/pages\/347"}],"wp:attachment":[{"href":"https:\/\/semmelweis.hu\/baratikor\/wp-json\/wp\/v2\/media?parent=2304"}],"wp:term":[{"taxonomy":"category","embeddable":true,"href":"https:\/\/semmelweis.hu\/baratikor\/wp-json\/wp\/v2\/categories?post=2304"},{"taxonomy":"post_tag","embeddable":true,"href":"https:\/\/semmelweis.hu\/baratikor\/wp-json\/wp\/v2\/tags?post=2304"}],"curies":[{"name":"wp","href":"https:\/\/api.w.org\/{rel}","templated":true}]}}