{"id":2302,"date":"2023-01-04T15:19:54","date_gmt":"2023-01-04T14:19:54","guid":{"rendered":"https:\/\/semmelweis.hu\/baratikor\/?page_id=2302"},"modified":"2023-01-09T11:34:35","modified_gmt":"2023-01-09T10:34:35","slug":"zselyonka-laszlo","status":"publish","type":"page","link":"https:\/\/semmelweis.hu\/baratikor\/galeria\/teljes-nevlista\/zselyonka-laszlo\/","title":{"rendered":"Zselyonka L\u00e1szl\u00f3"},"content":{"rendered":"<p style=\"text-align: justify\"><strong>(Budapest<\/strong><strong>, 1908. november 14.<\/strong><strong> \u2013 Budapest, 1965.)<\/strong><\/p>\n<p style=\"text-align: justify\"><strong>Tansz\u00e9k:<\/strong> \u00c1ltal\u00e1nos K\u00f3rtani \u00e9s Bakteriol\u00f3giai Int\u00e9zet (mb.) 1945, 1946-1948.<\/p>\n<p style=\"text-align: justify\">\u00c9desapja a f\u0151v\u00e1rosi k\u00f6zleked\u00e9si t\u00e1rsas\u00e1g, a BSzKRT. irodavezet\u0151jek\u00e9nt dolgozott. 1927-ben a IX. ker\u00fcleti \u00e1llami F\u00e1y Andr\u00e1s Re\u00e1lgimn\u00e1ziumban \u00e9retts\u00e9gizett. Orvosi tanulm\u00e1nyait Budapesten v\u00e9gezte, oklevelet 1933. november 11-\u00e9n kapott. 1934. janu\u00e1r 1-j\u00e9t\u0151l az egyetem \u00c1ltal\u00e1nos K\u00f3rtani \u00e9s Bakteriol\u00f3giai Int\u00e9zet\u00e9ben dolgozott, kezdetben externistak\u00e9nt, 1935. j\u00falius 1-t\u0151l mint d\u00edjtalan gyakornok, 1936. szeptember 1-t\u0151l d\u00edjas gyakornok, 1937. szeptember 1-t\u0151l fizet\u00e9ses tan\u00e1rseg\u00e9d, 1945. szeptember 1-t\u0151l pedig fizet\u00e9ses tan\u00e1rseg\u00e9d, d\u00edjtalan adjunktus beoszt\u00e1sban. K\u00f6zben, 1940. j\u00fanius 7-\u00e9n iskolaorvos-eg\u00e9szs\u00e9gtan tan\u00e1ri k\u00e9pes\u00edt\u00e9st szerzett. 1943. m\u00e1jus 25-\u00e9n mag\u00e1ntan\u00e1ri k\u00e9pes\u00edt\u00e9st szerzett Experimentalis balneologia \u00e9s meteoropathologia t\u00e1rgyk\u00f6r\u00e9ben. A t\u00e1rgyk\u00f6rt 1945-ben kiterjesztett\u00e9k balneol\u00f3gia \u00e9s meteoropathol\u00f3gi\u00e1ra. 1945. m\u00e1jus 2. \u00e9s december 31. k\u00f6z\u00f6tt megb\u00edz\u00e1s alapj\u00e1n vezette az int\u00e9zetet Bel\u00e1k S\u00e1ndor t\u00e1voll\u00e9t\u00e9ben. 1946. okt\u00f3ber 4-\u00e9n int\u00e9zeti tan\u00e1ri kinevez\u00e9st kapott. 1946. okt\u00f3ber 7-\u00e9n megb\u00edzottk\u00e9nt ism\u00e9t az int\u00e9zet \u00e9l\u00e9re ker\u00fclt, eg\u00e9szen 1948. m\u00e1jus 18-ig, amikor S\u00f3s J\u00f3zsefnek adta \u00e1t az ir\u00e1ny\u00edt\u00e1st. 1948-ban orvosi laborat\u00f3riumi munk\u00e1latok, valamint term\u00e9szetes gy\u00f3gym\u00f3dok szakvizsg\u00e1kat tett. 1952. november 1-j\u00e9t\u0151l 1954. m\u00e1jus 1-ig docensi besorol\u00e1sban dolgozott. Ekkor eg\u00e9szs\u00e9g\u00fcgyi okokb\u00f3l elhagyta az egyetemet \u00e9s mag\u00e1ngyakorlatb\u00f3l \u00e9lt, illetve \u00f6nk\u00e9ntes kutat\u00f3munk\u00e1t folytatott. \u00cdgy kapcsol\u00f3dott be 1956 febru\u00e1rj\u00e1ban az Anat\u00f3miai Int\u00e9zet Kiss Ferenc vezette kutat\u00e1saiba, amelyben a granulumok k\u00eds\u00e9rletes vizsg\u00e1lat\u00e1t v\u00e9gezte. 1957. janu\u00e1r 1-j\u00e9n hivatalosan is az Anat\u00f3miai Int\u00e9zet munkat\u00e1rsa lett, mint a Kutat\u00f3 Oszt\u00e1ly tudom\u00e1nyos oszt\u00e1lyvezet\u0151je.<\/p>\n<p style=\"text-align: justify\">Sz\u00e1mos k\u00e9sz\u00fcl\u00e9ket szerkesztett, t\u00f6bb szabadalma \u00e9s \u00faj\u00edt\u00e1sa volt. Neve lehets\u00e9ges tansz\u00e9kvezet\u0151k\u00e9nt sz\u00f3ba ker\u00fclt a p\u00e9csi k\u00f3r\u00e9lettani (1947), a budapesti \u00e1ltal\u00e1nos k\u00f3rtani (1947) tansz\u00e9kek bet\u00f6lt\u00e9s\u00e9n\u00e9l \u00e9s a szegedi orvos-fizikai tansz\u00e9k fel\u00e1ll\u00edt\u00e1sakor is.<\/p>\n<p style=\"text-align: justify\">1940-ben a Magyar \u00c9lettani T\u00e1rsas\u00e1g tagja lett. A h\u00e1bor\u00fa ut\u00e1n bel\u00e9pett a Magyar-Szovjet t\u00e1rsas\u00e1gba \u00e9s az Orvos-Eg\u00e9szs\u00e9g\u00fcgyi Szakszervezetbe. 1947-ben az Orsz\u00e1gos Balneol\u00f3giai T\u00e1rsas\u00e1g f\u0151titk\u00e1ra lett, illetve aleln\u00f6k\u00e9v\u00e9 v\u00e1lasztotta a Magyar Csillag\u00e1szati Egyes\u00fclet. 1948-ban beker\u00fclt a Magyar Hidrol\u00f3giai T\u00e1rsas\u00e1g v\u00e1lasztm\u00e1ny\u00e1ba.<\/p>\n<p>1935. m\u00e1jus 15. \u00e9s 1951. szeptember 30. k\u00f6z\u00f6tt 11 alkalommal teljes\u00edtett katonai szolg\u00e1latot, melyek kapcs\u00e1n ki\u00e9rdemelte a felvid\u00e9ki, az erd\u00e9lyi \u00e9s a d\u00e9lvid\u00e9ki eml\u00e9k\u00e9rmeket. V\u00e9g\u00fcl orvos-f\u0151hadnagyi rendfokozatban szerelt le.<\/p>\n<p style=\"text-align: justify\"><strong>F\u0151bb munk\u00e1i:<\/strong> Rheum\u00e1sokon v\u00e9gzett b\u0151rh\u0151m\u00e9rs\u00e9klet vizsg\u00e1latok (Razgha Andr\u00e1ssal \u00e9s Predmerszky Tiborral). In: Orvosi Hetilap, 1943:18.; \u00c1ltal\u00e1nos k\u00f3rtan. In: S\u00f3s J\u00f3zsef: A k\u00f3r\u00e9lettan tank\u00f6nyve. Bp., 1949.<\/p>\n<p style=\"text-align: justify\"><strong>Nyughelye:<\/strong> \u00dajk\u00f6ztemet\u0151, 103\/II-1-62. Kopors\u00f3s temet\u00e9se 1965. augusztus 10-\u00e9n t\u00f6rt\u00e9nt.<\/p>\n","protected":false},"excerpt":{"rendered":"<p>(Budapest, 1908. november 14. \u2013 Budapest, 1965.) Tansz\u00e9k: \u00c1ltal\u00e1nos K\u00f3rtani \u00e9s Bakteriol\u00f3giai Int\u00e9zet (mb.) 1945, 1946-1948. \u00c9desapja a f\u0151v\u00e1rosi k\u00f6zleked\u00e9si t\u00e1rsas\u00e1g, a BSzKRT. irodavezet\u0151jek\u00e9nt dolgozott. 1927-ben a IX. ker\u00fcleti \u00e1llami F\u00e1y Andr\u00e1s Re\u00e1lgimn\u00e1ziumban \u00e9retts\u00e9gizett. Orvosi tanulm\u00e1nyait Budapesten v\u00e9gezte, oklevelet 1933. november 11-\u00e9n kapott. 1934. janu\u00e1r 1-j\u00e9t\u0151l az egyetem \u00c1ltal\u00e1nos K\u00f3rtani \u00e9s Bakteriol\u00f3giai Int\u00e9zet\u00e9ben dolgozott, kezdetben &hellip;<\/p>\n","protected":false},"author":282,"featured_media":0,"parent":347,"menu_order":0,"comment_status":"closed","ping_status":"closed","template":"template-fullwidth.php","meta":{"_acf_changed":false,"footnotes":""},"categories":[77,14],"tags":[],"class_list":["post-2302","page","type-page","status-publish","hentry","category-kegyeleti-adattar","category-teljes-nevlista"],"acf":[],"_links":{"self":[{"href":"https:\/\/semmelweis.hu\/baratikor\/wp-json\/wp\/v2\/pages\/2302","targetHints":{"allow":["GET"]}}],"collection":[{"href":"https:\/\/semmelweis.hu\/baratikor\/wp-json\/wp\/v2\/pages"}],"about":[{"href":"https:\/\/semmelweis.hu\/baratikor\/wp-json\/wp\/v2\/types\/page"}],"author":[{"embeddable":true,"href":"https:\/\/semmelweis.hu\/baratikor\/wp-json\/wp\/v2\/users\/282"}],"replies":[{"embeddable":true,"href":"https:\/\/semmelweis.hu\/baratikor\/wp-json\/wp\/v2\/comments?post=2302"}],"version-history":[{"count":1,"href":"https:\/\/semmelweis.hu\/baratikor\/wp-json\/wp\/v2\/pages\/2302\/revisions"}],"predecessor-version":[{"id":2303,"href":"https:\/\/semmelweis.hu\/baratikor\/wp-json\/wp\/v2\/pages\/2302\/revisions\/2303"}],"up":[{"embeddable":true,"href":"https:\/\/semmelweis.hu\/baratikor\/wp-json\/wp\/v2\/pages\/347"}],"wp:attachment":[{"href":"https:\/\/semmelweis.hu\/baratikor\/wp-json\/wp\/v2\/media?parent=2302"}],"wp:term":[{"taxonomy":"category","embeddable":true,"href":"https:\/\/semmelweis.hu\/baratikor\/wp-json\/wp\/v2\/categories?post=2302"},{"taxonomy":"post_tag","embeddable":true,"href":"https:\/\/semmelweis.hu\/baratikor\/wp-json\/wp\/v2\/tags?post=2302"}],"curies":[{"name":"wp","href":"https:\/\/api.w.org\/{rel}","templated":true}]}}