{"id":2300,"date":"2023-01-04T15:17:56","date_gmt":"2023-01-04T14:17:56","guid":{"rendered":"https:\/\/semmelweis.hu\/baratikor\/?page_id=2300"},"modified":"2023-10-12T17:23:52","modified_gmt":"2023-10-12T15:23:52","slug":"zsebok-zoltan","status":"publish","type":"page","link":"https:\/\/semmelweis.hu\/baratikor\/galeria\/teljes-nevlista\/zsebok-zoltan\/","title":{"rendered":"Zseb\u0151k Zolt\u00e1n"},"content":{"rendered":"<p style=\"text-align: justify\"><strong> <a href=\"https:\/\/semmelweis.hu\/baratikor\/files\/2023\/07\/Zsebok-Zoltan_jav.jpg\"><img loading=\"lazy\" decoding=\"async\" class=\"alignleft size-medium wp-image-5211\" src=\"https:\/\/semmelweis.hu\/baratikor\/files\/2023\/07\/Zsebok-Zoltan_jav-283x400.jpg\" alt=\"\" width=\"283\" height=\"400\" srcset=\"https:\/\/semmelweis.hu\/baratikor\/files\/2023\/07\/Zsebok-Zoltan_jav-283x400.jpg 283w, https:\/\/semmelweis.hu\/baratikor\/files\/2023\/07\/Zsebok-Zoltan_jav.jpg 707w\" sizes=\"auto, (max-width: 283px) 100vw, 283px\" \/><\/a>(<\/strong><strong>Budapest, 1908. j\u00fanius 28.<\/strong><strong> \u2013 Budapest, 1984. febru\u00e1r 20.)<\/strong><\/p>\n<p style=\"text-align: justify\"><strong>Tansz\u00e9k: <\/strong>Radiol\u00f3giai Klinika (1962. szept. 1-t\u0151l mb.) 1963. j\u00falius 1. &#8211; 1978. j\u00fanius 30.<\/p>\n<p style=\"text-align: justify\">\u00c9desapja szab\u00f3seg\u00e9d, \u00e9desanyja varr\u00f3n\u0151 volt, akik szoci\u00e1ldemokratak\u00e9nt mindketten szerepet v\u00e1llaltak a Tan\u00e1csk\u00f6zt\u00e1rsas\u00e1g idej\u00e9n. Elemi iskol\u00e1it Szentg\u00e1lon v\u00e9gezte, majd a budapesti Reform\u00e1tus F\u0151gimn\u00e1ziumban \u00e9retts\u00e9gizett 1926-ban. Orvosi oklevel\u00e9t 1934. okt\u00f3ber 27-\u00e9n szerezte a budapesti Orvostudom\u00e1nyi Karon. Egyetemi \u00e9vei alatt, 1931\/32-ben \u00f6nk\u00e9ntes katonai szolg\u00e1latot teljes\u00edtett a lovast\u00fcz\u00e9rs\u00e9gn\u00e9l. 1934-t\u0151l 1936-ig a R\u00f3kus K\u00f3rh\u00e1z r\u00f6ntgen oszt\u00e1ly\u00e1n dolgozott seg\u00e9dorvosk\u00e9nt, a Budapest ostroma alatt h\u0151si hal\u00e1lt halt mag\u00e1ntan\u00e1r, Czunft Vilmos f\u0151orvos mellett, majd a sz\u00e9kesf\u0151v\u00e1rosi R\u00e1dium \u00e9s R\u00f6ntgen Int\u00e9zetbe helyezt\u00e9k \u00e1t seg\u00e9d-, majd alorvosi beoszt\u00e1sban. 1938 november\u00e9ben szakorvosi vizsg\u00e1t tett sugaras elj\u00e1r\u00e1sokb\u00f3l. 1939. janu\u00e1r \u00e9s j\u00fanius k\u00f6z\u00f6tt \u0150rszentmikl\u00f3son (ma \u0150rbotty\u00e1n) szolg\u00e1lt k\u00f6rorvosk\u00e9nt. 1939. j\u00falius 1-j\u00e9n a visszacsatolt K\u00e1rp\u00e1talj\u00e1n a munk\u00e1csi \u00e1llami k\u00f3rh\u00e1zba ker\u00fclt oszt\u00e1lyvezet\u0151 int\u00e9zeti orvosi beoszt\u00e1sba. 1941-ben saj\u00e1t k\u00e9r\u00e9s\u00e9re \u00e1thelyezt\u00e9k a beregsz\u00e1szi \u00e1llami k\u00f3rh\u00e1zba, ahol a r\u00f6ntgen oszt\u00e1lyt vezette k\u00f3rh\u00e1zi f\u0151orvosk\u00e9nt. 1943. \u00e1prilis 30-t\u00f3l 1944. janu\u00e1r 17-ig, majd \u00e1prilis 1-t\u0151l 1945. m\u00e1jus 10-ig hadnagyk\u00e9nt teljes\u00edtett katonai szolg\u00e1latot k\u00fcl\u00f6nb\u00f6z\u0151 hadik\u00f3rh\u00e1zakban, illetve a 24. gyaloghadoszt\u00e1ly k\u00f3rh\u00e1z\u00e1ban. Szolg\u00e1lat\u00e1\u00e9rt 1944-ben I. oszt. T\u0171zkereszttel t\u00fcntett\u00e9k ki. 1945. okt\u00f3ber 1-j\u00e9n az Orsz\u00e1gos T\u00e1rsadalombiztos\u00edt\u00e1si Int\u00e9zet \u00f6nkorm\u00e1nyzata orvos-aligazgat\u00f3v\u00e1 v\u00e1lasztotta meg, ahol mez\u0151gazdas\u00e1gi biztos\u00edt\u00e1ssal foglalkozott. Kezdem\u00e9nyez\u00e9s\u00e9re hozt\u00e1k l\u00e9tre az orsz\u00e1g els\u0151 T\u00fcd\u0151- \u00e9s Nemibeteg-gondoz\u00f3 Int\u00e9zet\u00e9t sz\u0171kebb p\u00e1tri\u00e1j\u00e1ban, Pestszentl\u0151rincen. 1945. november 17-\u00e9n a Nemzeti Parasztp\u00e1rt \u00e1llamtitk\u00e1ra lett a N\u00e9pj\u00f3l\u00e9ti Miniszt\u00e9riumban. 1946. november 1-j\u00e9n \u00e1tvette a VKM VI. (fels\u0151oktat\u00e1si \u00e9s tudom\u00e1nyos) \u00fcgyoszt\u00e1ly\u00e1nak vezet\u00e9s\u00e9t. Itteni munk\u00e1ss\u00e1g\u00e1nak legjelent\u0151sebb eredm\u00e9nye a P\u00e1zm\u00e1ny P\u00e9ter Tudom\u00e1nyegyetem Orvostudom\u00e1nyi Kar\u00e1nak h\u00e1bor\u00fa ut\u00e1ni \u00fajj\u00e1\u00e9p\u00edt\u00e9se volt. Ennek elismer\u00e9s\u00e9\u00fcl 1947-ben a K\u00f6zt\u00e1rsas\u00e1gi \u00c9rdemrend tiszti keresztj\u00e9vel t\u00fcntett\u00e9k ki. Szerepe volt az orvosk\u00e9pz\u00e9s reformj\u00e1r\u00f3l sz\u00f3l\u00f3 1947:XIV. tc. megalkot\u00e1s\u00e1ban, valamint 7 \u00faj tansz\u00e9k szervez\u00e9s\u00e9ben, illetve a budapesti orvoskarhoz csatol\u00e1s\u00e1ban. Az \u00fajj\u00e1szervez\u00e9sben el\u00e9rt eredm\u00e9nyei\u00e9rt 1949-ben megkapta a N\u00e9pk\u00f6zt\u00e1rsas\u00e1gi \u00c9rdemrend arany fokozat\u00e1t. K\u00f6zben 1947. m\u00e1jus 12-\u00e9n mag\u00e1ntan\u00e1ri habilit\u00e1ci\u00f3t szerzett a \u201eRadiol\u00f3giai praktikum\u201d t\u00e1rgyk\u00f6r\u00e9ben. 1948. m\u00e1rcius 1-j\u00e9n, elhagyva a miniszt\u00e9riumot, f\u0151orvosi kinevez\u00e9st kapott az I. sz. Seb\u00e9szeti Klinika r\u00f6ntgen oszt\u00e1lya \u00e9l\u00e9re egyetemi docensk\u00e9nt. Emellett 1953-ig l\u00e1tta el az Idegklinika, az Idegseb\u00e9szeti Int\u00e9zet \u00e9s a II. sz. Sz\u00fcl\u00e9szeti \u00e9s N\u0151gy\u00f3gy\u00e1szati Klinika r\u00f6ntgen feladatait is. 1952-ben elnyerte a kandid\u00e1tusi fokozatot. A t\u00fcd\u0151 r\u00f6ntgenanat\u00f3mi\u00e1j\u00e1r\u00f3l Kov\u00e1ts Ferenccel k\u00f6z\u00f6sen \u00edrt k\u00f6nyv\u00fck\u00e9rt 1955-ben Kossuth-d\u00edjat kapott. 1956-ban tagja volt a BOTE ideiglenes forradalmi bizotts\u00e1g\u00e1nak, korm\u00e1nybiztosa a Magyar V\u00f6r\u00f6skeresztnek \u00e9s vezet\u0151s\u00e9gi tagja az \u00fajraszervez\u0151d\u00f6tt Nemzeti Parasztp\u00e1rtnak (okt\u00f3ber-november). 1957-ben megszerezte az orvostudom\u00e1nyok doktora fokozatot. 1962. szeptember 1-t\u0151l megb\u00edzottk\u00e9nt, majd 1963 j\u00falius\u00e1t\u00f3l kinevezett egyetemi tan\u00e1rk\u00e9nt vezette a R\u00f6ntgen tansz\u00e9ket, k\u00e9s\u0151bb Radiol\u00f3giai Klinik\u00e1t 1978. j\u00fanius 30-i nyugd\u00edjba vonul\u00e1s\u00e1ig. Nyugd\u00edjask\u00e9nt is rendszeresen bej\u00e1rt a klinik\u00e1ra, a v\u00e1ratlan hal\u00e1l is a klinikai telepen, saj\u00e1t aut\u00f3j\u00e1ban \u00e9rte.<\/p>\n<p style=\"text-align: justify\">P\u00e1ly\u00e1ja kezdet\u00e9n r\u00f6ntgenanat\u00f3miai, sug\u00e1rbiol\u00f3giai kutat\u00e1sokkal foglalkozott. Egyik \u00fatt\u00f6r\u0151je volt az izot\u00f3p m\u00f3dszertan magyarorsz\u00e1gi bevezet\u00e9s\u00e9nek, illetve Sug\u00e1rbiol\u00f3giai Kutat\u00f3laborat\u00f3riumot l\u00e9tes\u00edtett. Az angiogr\u00e1fi\u00e1ban haszn\u00e1lt kontrasztanyagok biol\u00f3giai hat\u00e1sainak vizsg\u00e1lat\u00e1ban nemzetk\u00f6zileg is sz\u00e1mon tartott eredm\u00e9nyeket \u00e9rt el. Kit\u0171n\u0151 szervez\u0151 volt, egyik legl\u00e1tv\u00e1nyosabb eredm\u00e9nye a R\u00f6ntgen tansz\u00e9k klinik\u00e1v\u00e1 alak\u00edt\u00e1sa \u00e9s letelep\u00edt\u00e9se az \u00e1t\u00e9p\u00edtett II. sz. Sz\u00fcl\u00e9szeti \u00e9s N\u0151gy\u00f3gy\u00e1szati Klinika \u00e9p\u00fclet\u00e9nek bal sz\u00e1rny\u00e1ban. 1969-ben \u0151 volt a szervez\u0151je az egyetem nagyszab\u00e1s\u00fa bicenten\u00e1riumi ki\u00e1ll\u00edt\u00e1s\u00e1nak, melyre az Iparm\u0171v\u00e9szeti M\u00fazeum aul\u00e1j\u00e1ban ker\u00fclt sor. Ekkor szorgalmazta egy egyetemi m\u00fazeum megalap\u00edt\u00e1s\u00e1t is, de ez a terve, kell\u0151 t\u00e1mogatotts\u00e1g hi\u00e1ny\u00e1ban, nem v\u00e1lt val\u00f3ra. Sz\u00e9lesk\u00f6r\u0171 k\u00f6z\u00e9leti tev\u00e9kenys\u00e9get is folytatott: eln\u00f6ks\u00e9gi tagja (1965), majd aleln\u00f6ke (1969-1978) volt az Orsz\u00e1gos B\u00e9ketan\u00e1csnak, 1968-t\u00f3l eln\u00f6ks\u00e9gi tagja a Magyarok Vil\u00e1gsz\u00f6vets\u00e9g\u00e9nek, 1968-t\u00f3l tagja volt a Hazafias N\u00e9pfront Orsz\u00e1gos Tan\u00e1cs\u00e1nak. 1964-ben a Term\u00e9szettudom\u00e1nyi Ismeretterjeszt\u0151 T\u00e1rsulat (TIT) eln\u00f6ks\u00e9gi tagj\u00e1v\u00e1 v\u00e1lasztotta, majd a TIT Eg\u00e9szs\u00e9g\u00fcgyi Orsz\u00e1gos V\u00e1lasztm\u00e1ny\u00e1nak eln\u00f6ke lett. 1971-1984 k\u00f6z\u00f6tt a Magyarorsz\u00e1gi Reform\u00e1tus Egyh\u00e1z zsinat\u00e1nak vil\u00e1gi eln\u00f6ke, ugyanakkor a Tisz\u00e1nt\u00fali Reform\u00e1tus Egyh\u00e1zker\u00fclet f\u0151gondnoka volt.<\/p>\n<p style=\"text-align: justify\">Sz\u00e1mos szakmai t\u00e1rsas\u00e1g v\u00e1lasztotta tagjai k\u00f6z\u00e9: American College of Chest Physicians (1956), Medizinische Wissenschaftliche Gesellschaft f\u00fcr R\u00f6ntgenologie in der DDR (1959, levelez\u0151), Finn Radiol\u00f3gus T\u00e1rsas\u00e1g (1964, l.), Osztr\u00e1k R\u00f6ntgent\u00e1rsas\u00e1g (1968, tiszteletbeli), Szovjetuni\u00f3 Moszkvai R\u00f6ntgen T\u00e1rsas\u00e1ga (1969, t.). A Magyar Radiol\u00f3gusok T\u00e1rsas\u00e1ga 1965. febru\u00e1r 16-\u00e1n v\u00e1lasztotta eln\u00f6k\u00e9v\u00e9, a Magyar Onkol\u00f3gusok T\u00e1rsas\u00e1g\u00e1nak vezet\u0151s\u00e9gi tagja volt.<\/p>\n<p style=\"text-align: justify\">Szerkeszt\u0151bizotts\u00e1gi tagja volt a Vesztnik R\u00f6ntgenologi i Radiologi, a Radiologia Diagnostica, az Excerpta Medica, a Nuclear-Medizin, a Der Radiologie, az Atompraxis \u00e9s az Annals of Clinical Research c. szaklapoknak. A Magyar Radiol\u00f3gi\u00e1nak f\u0151szerkeszt\u0151je, az Eg\u00e9szs\u00e9gnek szerkeszt\u0151bizotts\u00e1gi eln\u00f6ke volt.<\/p>\n<p style=\"text-align: justify\">A fentebb m\u00e1r eml\u00edtetteken k\u00edv\u00fcl az al\u00e1bbi elismer\u00e9sekben r\u00e9szes\u00fclt: Munka \u00c9rdemrend (1962, arany fokozat 1970, 1975), Felszabadul\u00e1si Jubileumi Eml\u00e9k\u00e9rem (1970), Bug\u00e1t P\u00e1l-eml\u00e9k\u00e9rem (1972), Kor\u00e1nyi S\u00e1ndor-eml\u00e9k\u00e9rem (1972), Szocialista Magyarorsz\u00e1g\u00e9rt \u00c9rdemrend (1978), Magyar N\u00e9pk\u00f6zt\u00e1rsas\u00e1g Z\u00e1szl\u00f3rendje (1983), Finn Oroszl\u00e1n Lovagrend.<\/p>\n<p style=\"text-align: justify\"><strong>F\u0151bb munk\u00e1i:<\/strong> A dar\u00e1zsf\u00e9szkes t\u00fcd\u0151r\u0151l, k\u00fcl\u00f6n\u00f6s tekintettel r\u00f6ntgendiagnosztikai jelent\u0151s\u00e9g\u00e9re. In: Magyar R\u00f6ntgen K\u00f6zl\u00f6ny, 1940.; A k\u00e1rp\u00e1taljai Heine\u2013Medinr\u0151l, k\u00fcl\u00f6n\u00f6s tekintettel a r\u00f6ntgen m\u00e9lyther\u00e1pi\u00e1s kezel\u00e9ssel el\u00e9rt eredm\u00e9nyeinkre. In: N\u00e9peg\u00e9szs\u00e9g\u00fcgy, 1941.; A t\u00fcd\u0151 r\u00f6ntgenanat\u00f3mi\u00e1ja (Ifj. Kov\u00e1cs Ferenccel). Bp., 1953., 2. b\u0151v. \u00e9s \u00e1td. kiad. 1959., n\u00e9met\u00fcl: R\u00f6ntgenanatomische Grundlagen der Lungen Untersuchung. 1953., 2. n\u00e9met nyelv\u0171 \u00e1td. kiad. 1954., 3. n\u00e9met nyelv\u0171 \u00e1td. \u00e9s b\u0151v. kiad. 1955., franci\u00e1ul: 1955., oroszul: 1958., 2. orosz nyelv\u0171 b\u0151v. \u00e9s \u00e1td. kiad. Moszkva\u2013Bp., 1962., angolul: Bp.\u2013Oxford, 1961., lengyel\u00fcl: Bp.\u2013Vars\u00f3, 1963.; A csecsem\u0151 mellkasvizsg\u00e1lat\u00e1nak r\u00f6ntgenanat\u00f3mi\u00e1ja. Doktori \u00e9rtek. Bp., 1956., \u00e1td. n\u00e9met nyelv\u0171 kiad\u00e1sa R\u00f6ntgenanatomie der Neugeborenen- und S\u00e4uglingslunge. Stuttgart, 1958.; A radiol\u00f3gia alapvonalai. Egy. tank\u00f6nyv. Bp., 1966., 2. b\u0151v. kiad. 1969., 3. \u00e1td. \u00e9s b\u0151v. kiad. 1973., 4. \u00e1td. \u00e9s b\u0151v. kiad\u00e1sa Orvosi radiol\u00f3gia c\u00edmmel. Bp., 1979.; A gy\u00f3gy\u00edt\u00f3 sug\u00e1r. Minerva zsebk\u00f6nyvek sorozat. Bp., 1970.; A budapesti Radiol\u00f3giai Klinika 1928\u20131978 (szerk.). Bp., 1978.; L\u00e9pcs\u0151fokok. Visszaeml\u00e9kez\u00e9sek. M\u0171hely sorozat. Bp., 1981.<\/p>\n<p style=\"text-align: justify\"><strong>Nyughelye:<\/strong> Budapest, Farkasr\u00e9ti temet\u0151 22\/0\/2\/7.<\/p>\n<p><strong><a href=\"https:\/\/semmelweis.hu\/baratikor\/files\/2023\/07\/IMG_20200510_132221_jav.jpg\"><img loading=\"lazy\" decoding=\"async\" class=\"alignleft size-medium wp-image-5209\" src=\"https:\/\/semmelweis.hu\/baratikor\/files\/2023\/07\/IMG_20200510_132221_jav-297x400.jpg\" alt=\"\" width=\"297\" height=\"400\" srcset=\"https:\/\/semmelweis.hu\/baratikor\/files\/2023\/07\/IMG_20200510_132221_jav-297x400.jpg 297w, https:\/\/semmelweis.hu\/baratikor\/files\/2023\/07\/IMG_20200510_132221_jav.jpg 743w\" sizes=\"auto, (max-width: 297px) 100vw, 297px\" \/><\/a><\/strong><strong><a href=\"https:\/\/semmelweis.hu\/baratikor\/files\/2023\/07\/Zsebok-Zoltan-49.a-IV-1_jav..jpg\"><img loading=\"lazy\" decoding=\"async\" class=\"alignleft size-medium wp-image-5210\" src=\"https:\/\/semmelweis.hu\/baratikor\/files\/2023\/07\/Zsebok-Zoltan-49.a-IV-1_jav.-341x400.jpg\" alt=\"\" width=\"341\" height=\"400\" srcset=\"https:\/\/semmelweis.hu\/baratikor\/files\/2023\/07\/Zsebok-Zoltan-49.a-IV-1_jav.-341x400.jpg 341w, https:\/\/semmelweis.hu\/baratikor\/files\/2023\/07\/Zsebok-Zoltan-49.a-IV-1_jav..jpg 529w\" sizes=\"auto, (max-width: 341px) 100vw, 341px\" \/><\/a><\/strong><\/p>\n","protected":false},"excerpt":{"rendered":"<p><a href=\"https:\/\/semmelweis.hu\/baratikor\/files\/2023\/07\/Zsebok-Zoltan_jav.jpg\"><\/a> (Budapest, 1908. j\u00fanius 28. \u2013 Budapest, 1984. febru\u00e1r 20.) Tansz\u00e9k: Radiol\u00f3giai Klinika (1962. szept. 1-t\u0151l mb.) 1963. j\u00falius 1. &#8211; 1978. j\u00fanius 30. \u00c9desapja szab\u00f3seg\u00e9d, \u00e9desanyja varr\u00f3n\u0151 volt, akik szoci\u00e1ldemokratak\u00e9nt mindketten szerepet v\u00e1llaltak a Tan\u00e1csk\u00f6zt\u00e1rsas\u00e1g idej\u00e9n. Elemi iskol\u00e1it Szentg\u00e1lon v\u00e9gezte, majd a budapesti Reform\u00e1tus F\u0151gimn\u00e1ziumban \u00e9retts\u00e9gizett 1926-ban. Orvosi oklevel\u00e9t 1934. okt\u00f3ber 27-\u00e9n szerezte a budapesti &hellip;<\/p>\n","protected":false},"author":282,"featured_media":5467,"parent":347,"menu_order":0,"comment_status":"closed","ping_status":"closed","template":"template-fullwidth.php","meta":{"_acf_changed":false,"footnotes":""},"categories":[77,14],"tags":[],"class_list":["post-2300","page","type-page","status-publish","has-post-thumbnail","hentry","category-kegyeleti-adattar","category-teljes-nevlista"],"acf":[],"_links":{"self":[{"href":"https:\/\/semmelweis.hu\/baratikor\/wp-json\/wp\/v2\/pages\/2300","targetHints":{"allow":["GET"]}}],"collection":[{"href":"https:\/\/semmelweis.hu\/baratikor\/wp-json\/wp\/v2\/pages"}],"about":[{"href":"https:\/\/semmelweis.hu\/baratikor\/wp-json\/wp\/v2\/types\/page"}],"author":[{"embeddable":true,"href":"https:\/\/semmelweis.hu\/baratikor\/wp-json\/wp\/v2\/users\/282"}],"replies":[{"embeddable":true,"href":"https:\/\/semmelweis.hu\/baratikor\/wp-json\/wp\/v2\/comments?post=2300"}],"version-history":[{"count":2,"href":"https:\/\/semmelweis.hu\/baratikor\/wp-json\/wp\/v2\/pages\/2300\/revisions"}],"predecessor-version":[{"id":5212,"href":"https:\/\/semmelweis.hu\/baratikor\/wp-json\/wp\/v2\/pages\/2300\/revisions\/5212"}],"up":[{"embeddable":true,"href":"https:\/\/semmelweis.hu\/baratikor\/wp-json\/wp\/v2\/pages\/347"}],"wp:featuredmedia":[{"embeddable":true,"href":"https:\/\/semmelweis.hu\/baratikor\/wp-json\/wp\/v2\/media\/5467"}],"wp:attachment":[{"href":"https:\/\/semmelweis.hu\/baratikor\/wp-json\/wp\/v2\/media?parent=2300"}],"wp:term":[{"taxonomy":"category","embeddable":true,"href":"https:\/\/semmelweis.hu\/baratikor\/wp-json\/wp\/v2\/categories?post=2300"},{"taxonomy":"post_tag","embeddable":true,"href":"https:\/\/semmelweis.hu\/baratikor\/wp-json\/wp\/v2\/tags?post=2300"}],"curies":[{"name":"wp","href":"https:\/\/api.w.org\/{rel}","templated":true}]}}