{"id":2298,"date":"2023-01-04T15:17:22","date_gmt":"2023-01-04T14:17:22","guid":{"rendered":"https:\/\/semmelweis.hu\/baratikor\/?page_id=2298"},"modified":"2023-10-12T17:22:44","modified_gmt":"2023-10-12T15:22:44","slug":"zlamal-vilmos","status":"publish","type":"page","link":"https:\/\/semmelweis.hu\/baratikor\/galeria\/teljes-nevlista\/zlamal-vilmos\/","title":{"rendered":"Zlam\u00e1l Vilmos"},"content":{"rendered":"<p style=\"text-align: justify\"><strong><a href=\"https:\/\/semmelweis.hu\/baratikor\/files\/2023\/07\/Zlamal-Vilmos-1846_jav.jpg\"><img loading=\"lazy\" decoding=\"async\" class=\"alignleft size-medium wp-image-5205\" src=\"https:\/\/semmelweis.hu\/baratikor\/files\/2023\/07\/Zlamal-Vilmos-1846_jav-308x400.jpg\" alt=\"\" width=\"308\" height=\"400\" srcset=\"https:\/\/semmelweis.hu\/baratikor\/files\/2023\/07\/Zlamal-Vilmos-1846_jav-308x400.jpg 308w, https:\/\/semmelweis.hu\/baratikor\/files\/2023\/07\/Zlamal-Vilmos-1846_jav-768x997.jpg 768w, https:\/\/semmelweis.hu\/baratikor\/files\/2023\/07\/Zlamal-Vilmos-1846_jav-753x978.jpg 753w, https:\/\/semmelweis.hu\/baratikor\/files\/2023\/07\/Zlamal-Vilmos-1846_jav.jpg 770w\" sizes=\"auto, (max-width: 308px) 100vw, 308px\" \/><\/a> Zlam\u00e1l Vilmos, id. morvai (Morsitz\/Morice<\/strong><strong>, Morvaorsz\u00e1g. 1803. j\u00fanius 25.<\/strong><strong> \u2013 Budapest, 1886. november 11.)<\/strong><\/p>\n<p style=\"text-align: justify\"><strong>Tansz\u00e9k: <\/strong>\u00c1llatorvosi Tanint\u00e9zet 1843-1853, \u00e1llatorvostan 1856-1881.<\/p>\n<p style=\"text-align: justify\">Csal\u00e1dnev\u00e9nek eredeti form\u00e1ja Zl\u00e1mal volt. K\u00f6z\u00e9pfok\u00fa tanulm\u00e1nyait a morvaorsz\u00e1gi Kremsierben (ma Krome\u0159i\u017e) v\u00e9gezte 1817-1822 k\u00f6z\u00f6tt. Katonai szolg\u00e1lat ut\u00e1n a B\u00e9csi Egyetem b\u00f6lcs\u00e9szeti kar\u00e1n tanult, majd 1827-1830 k\u00f6z\u00f6tt a katonaorvosokat k\u00e9pz\u0151 Josephinumban, ahol 1830. november 13-\u00e1n seb\u00e9sz- \u00e9s sz\u00fcl\u00e9szmesteri oklevelet szerzett. Katonaorvosk\u00e9nt a 63. gyalogezredhez ker\u00fclt. 1831-ben Gal\u00edci\u00e1ban szolg\u00e1lt, ahol az oroszellenes lengyel felkel\u00e9sben r\u00e9szt vett sebes\u00fclteket \u00e1polta. 1833-ban B\u00e9csbe vez\u00e9nyelt\u00e9k egy \u00e1llatorvosi tanfolyam elv\u00e9gz\u00e9s\u00e9re. Innen 1835-ben ker\u00fclt Temesv\u00e1rra, ahol a hely\u0151rs\u00e9gi k\u00f3rh\u00e1zat vezette, \u00e9s a temesv\u00e1ri hat\u00e1r\u0151rvid\u00e9k \u00e1llateg\u00e9szs\u00e9g\u00fcgy\u00e9t fel\u00fcgyelte. 1836-ban p\u00e1ly\u00e1zatot \u00edrtak ki az \u00fajonnan l\u00e9trehozott orsz\u00e1gos \u00e1llatorvosi (regni veterinarius) \u00e1ll\u00e1sra, amelyre Lenhoss\u00e9k J\u00f3zsef helytart\u00f3tan\u00e1csi tan\u00e1csos r\u00e1besz\u00e9l\u00e9s\u00e9re Zlam\u00e1l is adott be p\u00e1ly\u00e1zatot. \u00cdgy 1838 j\u00falius\u00e1ban \u0151 kapta a kinevez\u00e9st az egy\u00e9bk\u00e9nt szer\u00e9ny javadalmaz\u00e1s\u00fa (\u00e9vi 600 frt) tiszts\u00e9gre. Ekkor l\u00e9pett ki a katonai szolg\u00e1latb\u00f3l, \u00e9s k\u00f6lt\u00f6z\u00f6tt Pestre. \u00daj hivatal\u00e1ban a rendeletek \u00e9s utas\u00edt\u00e1sok kidolgoz\u00e1sa mellett kutatta a keleti marhav\u00e9sz okait \u00e9s terjed\u00e9s\u00e9nek saj\u00e1toss\u00e1gait. Ennek \u00e9rdek\u00e9ben \u201emarhav\u00e9sz-abroszt\u201d, vagyis t\u00e9rk\u00e9pet szerkesztett annak meg\u00e1llap\u00edt\u00e1s\u00e1ra, honnan hurcolj\u00e1k be a j\u00e1rv\u00e1nyt az orsz\u00e1gba. M\u00e1r 1838 december\u00e9ben a marhav\u00e9sz elleni olt\u00e1ssal k\u00eds\u00e9rletezett Toront\u00e1l megy\u00e9ben. Kor\u00e1bban nem besz\u00e9lt magyarul, de 1841-ben m\u00e1r magyarul adott el\u0151 az \u00c1llatorvosi Tanint\u00e9zetben, ahov\u00e1 1843-ban m\u00e1r nyilv\u00e1nos rendes tan\u00e1ri kinevez\u00e9st kapott, egyben az int\u00e9zet igazgat\u00f3ja lett 1853-ig. 1848-ban lelkesen ki\u00e1llt a forradalom \u00e9s szabads\u00e1gharc \u00fcgye mellett, hallgat\u00f3ib\u00f3l nemzet\u0151r sz\u00e1zadot szervezett, illetve oktatott a t\u00e1bori seb\u00e9szi tanfolyamon. A megtorl\u00e1s \u0151t sem ker\u00fclte el, a vil\u00e1gosi fegyverlet\u00e9tel ut\u00e1n r\u00f6vid ideig a pesti \u00daj\u00e9p\u00fcletben raboskodott, illetve 1851-ig felf\u00fcggesztett\u00e9k \u00e1ll\u00e1s\u00e1b\u00f3l. Eredetileg k\u00f6t\u00e9l \u00e1ltali hal\u00e1lra \u00edt\u00e9lt\u00e9k, amit csak feles\u00e9ge k\u00f6zbenj\u00e1r\u00e1s\u00e1ra v\u00e1ltoztattak meg. 1851 augusztus\u00e1ban az int\u00e9zet, Pesti \u00c1llatgy\u00f3gyint\u00e9zet n\u00e9ven k\u00fcl\u00f6nv\u00e1lt a pesti egyetemt\u0151l, de Zlam\u00e1l tov\u00e1bbra is tartott \u00e1llatorvosi t\u00e9m\u00e1j\u00fa el\u0151ad\u00e1sokat az orvostanhallgat\u00f3knak, eg\u00e9szen nyugd\u00edjaz\u00e1s\u00e1ig. 1853-ban egy \u00fajabb elj\u00e1r\u00e1s keret\u00e9ben ism\u00e9t felf\u00fcggesztett\u00e9k, csak 1856-ban folytathatta oktat\u00f3i munk\u00e1j\u00e1t, de az int\u00e9zet vezet\u00e9s\u00e9t nem kaphatta vissza. K\u00f6zrem\u0171k\u00f6d\u00f6tt az \u00e1llatj\u00e1rv\u00e1nyok megf\u00e9kez\u00e9s\u00e9t c\u00e9lz\u00f3, 1859-ben megjelent els\u0151 hazai hat\u00f3s\u00e1gi szab\u00e1lyrendelet kidolgoz\u00e1s\u00e1ban. 1864. janu\u00e1r 20-\u00e1n az MTA levelez\u0151 tagj\u00e1v\u00e1 v\u00e1lasztotta. A kiegyez\u00e9s ut\u00e1n, 1867-ben a F\u00f6ldm\u00edvel\u00e9s-, Ipar- \u00e9s Kereskedelem\u00fcgyi Miniszt\u00e9riumban az \u00c1llateg\u00e9szs\u00e9g\u00fcgyi Oszt\u00e1ly szakreferens\u00e9v\u00e9 nevezt\u00e9k ki oszt\u00e1lytan\u00e1csosi rangban, ahol 1874-ig m\u0171k\u00f6d\u00f6tt. Meghat\u00e1roz\u00f3 szerepet j\u00e1tszott a keleti marhav\u00e9sz ellen hozott, 1874. \u00e9vi XX. tc., az \u00e1llateg\u00e9szs\u00e9g\u00fcgyi t\u00f6rv\u00e9ny kidolgoz\u00e1s\u00e1ban. Ugyanebben az \u00e9vben t\u00fcntett\u00e9k ki a vaskoronarend III. oszt\u00e1ly\u00fa lovagkeresztj\u00e9vel. Az 1877-ben megjelent <em>R\u00e9szletes \u00e1llatk\u00f3r- s gy\u00f3gytan <\/em>c. munk\u00e1ja az els\u0151 magyar nyelv\u0171 \u00e1llatorvosi tank\u00f6nyvnek sz\u00e1m\u00edt. 1881-ben t\u00f6rt\u00e9nt nyug\u00e1llom\u00e1nyba vonul\u00e1sakor morvai el\u0151n\u00e9vvel magyar nemess\u00e9get kapott.<\/p>\n<p style=\"text-align: justify\"><strong>F\u0151bb munk\u00e1i:<\/strong> A keleti marhav\u00e9sz \u2013 sz\u00e1zr\u00e9t\u0171 asz\u00e1ly \u2013 t\u00f6bb \u00e9vi szigor\u00fa vizsg\u00e1latok \u00e9s sz\u00e1mos tapasztalatok ut\u00e1n. Pest, 1841.; A marhav\u00e9szr\u0151l. 1\u20133. In: Orvosi T\u00e1r, 1841.; \u00c1ltal\u00e1nos k\u00f3r-, gy\u00f3gy- s gy\u00f3gyszertan. Pest, 1848.; A l\u00f3nak l\u00e1bai \u2013 v\u00e9gtagjai \u2013 eg\u00e9szs\u00e9ges \u00e9s k\u00f3ros \u00e1llapotukban, k\u00fcl\u00f6n\u00f6s tekintettel a s\u00e1nt\u00edt\u00e1s mindenf\u00e9le nemeire s annak orvosl\u00e1s\u00e1ra. \u00c1llatorvosok, gazd\u00e1k, kov\u00e1csok s l\u00f3kedvel\u0151k sz\u00e1m\u00e1ra. Pest, 1849.; N\u00e9pszer\u0171 oktat\u00e1s a marhav\u00e9sz elh\u00e1r\u00edt\u00e1s\u00e1ra, megismer\u00e9s\u00e9r\u0151l \u00e9s orvosl\u00e1s\u00e1r\u00f3l. Nagyv\u00e1rad, 1850.; K\u00fcl\u00f6n\u00f6s k\u00f3r- \u00e9s gy\u00f3gytan a h\u00e1zi\u00e1llatok bels\u0151 betegs\u00e9geir\u0151l. Pest, 1853.; A hasznos h\u00e1zi\u00e1llatok j\u00e1rv\u00e1nyos nyavaly\u00e1i. Pest, 1853.; \u00c1llatgy\u00f3gy\u00e1szat, k\u00fcl\u00f6n\u00f6s tekintettel az emberekn\u00e9l el\u0151fordul\u00f3, az \u00e1llatok\u00e9hoz hasonl\u00f3 betegs\u00e9gekre m\u00edveltebb oszt\u00e1ly\u00faak, k\u00fcl\u00f6n\u00f6sen papok s tan\u00edt\u00f3k, mint a n\u00e9p tan\u00e1csad\u00f3inak sz\u00e1m\u00e1ra. Pest, 1859.; Barm\u00e1szat, avagy a hasznos h\u00e1zi \u00e1llatok betegs\u00e9geinek megismer\u00e9se \u00e9s orvosl\u00e1sa, k\u00fcl\u00f6n\u00f6s tekintettel a gazdas\u00e1gi \u00e1llatok okszer\u0171 teny\u00e9szt\u00e9s\u00e9re. Pest, 1861.; A keleti marhav\u00e9sz. Pest, 1862.; A marhav\u00e9sz, s annak olt\u00e1sa mint az egyed\u00fcli biztos szer a marhav\u00e9sz szel\u00edd\u00edt\u00e9s\u00e9re s v\u00e9gk\u00e9ppeni kiirt\u00e1s\u00e1ra. Pest, 1863.; Az \u00e1llatteny\u00e9szt\u00e9s fontoss\u00e1ga, s jelenlegi \u00e1ll\u00e1sa Magyarorsz\u00e1gban. Akad\u00e9miai sz\u00e9kfoglal\u00f3 is. Elhangzott: 1867. febr. 25., megjelent: \u00c9rtekez\u00e9sek a term\u00e9szettudom\u00e1nyok k\u00f6r\u00e9b\u0151l. Pest, 1867. kivonatosan: Akad\u00e9miai \u00c9rtes\u00edt\u0151, 1867.; R\u00e9szletes \u00e1llatk\u00f3r- s gy\u00f3gytan, k\u00fcl\u00f6n\u00f6s tekintettel a j\u00e1rv\u00e1nyos k\u00f3rokra s az \u00e1llatorvosi rend\u00e9szetre. Bp., 1877.<\/p>\n<p style=\"text-align: justify\"><strong>Nyughelye:<\/strong> Budapest, Fiumei \u00fati temet\u0151 34-2\/0\/2\/4 (2004-ben v\u00e9dett\u00e9 nyilv\u00e1n\u00edtva).7<\/p>\n<p><strong><a href=\"https:\/\/semmelweis.hu\/baratikor\/files\/2023\/07\/Zlamal-Vilmos_jav.jpg\"><img loading=\"lazy\" decoding=\"async\" class=\"alignleft size-medium wp-image-5206\" src=\"https:\/\/semmelweis.hu\/baratikor\/files\/2023\/07\/Zlamal-Vilmos_jav-261x400.jpg\" alt=\"\" width=\"261\" height=\"400\" srcset=\"https:\/\/semmelweis.hu\/baratikor\/files\/2023\/07\/Zlamal-Vilmos_jav-261x400.jpg 261w, https:\/\/semmelweis.hu\/baratikor\/files\/2023\/07\/Zlamal-Vilmos_jav.jpg 490w\" sizes=\"auto, (max-width: 261px) 100vw, 261px\" \/><\/a><\/strong><\/p>\n","protected":false},"excerpt":{"rendered":"<p><a href=\"https:\/\/semmelweis.hu\/baratikor\/files\/2023\/07\/Zlamal-Vilmos-1846_jav.jpg\"><\/a> Zlam\u00e1l Vilmos, id. morvai (Morsitz\/Morice, Morvaorsz\u00e1g. 1803. j\u00fanius 25. \u2013 Budapest, 1886. november 11.) Tansz\u00e9k: \u00c1llatorvosi Tanint\u00e9zet 1843-1853, \u00e1llatorvostan 1856-1881. Csal\u00e1dnev\u00e9nek eredeti form\u00e1ja Zl\u00e1mal volt. K\u00f6z\u00e9pfok\u00fa tanulm\u00e1nyait a morvaorsz\u00e1gi Kremsierben (ma Krome\u0159i\u017e) v\u00e9gezte 1817-1822 k\u00f6z\u00f6tt. Katonai szolg\u00e1lat ut\u00e1n a B\u00e9csi Egyetem b\u00f6lcs\u00e9szeti kar\u00e1n tanult, majd 1827-1830 k\u00f6z\u00f6tt a katonaorvosokat k\u00e9pz\u0151 Josephinumban, ahol 1830. november 13-\u00e1n &hellip;<\/p>\n","protected":false},"author":282,"featured_media":5466,"parent":347,"menu_order":0,"comment_status":"closed","ping_status":"closed","template":"template-fullwidth.php","meta":{"_acf_changed":false,"footnotes":""},"categories":[77,14],"tags":[],"class_list":["post-2298","page","type-page","status-publish","has-post-thumbnail","hentry","category-kegyeleti-adattar","category-teljes-nevlista"],"acf":[],"_links":{"self":[{"href":"https:\/\/semmelweis.hu\/baratikor\/wp-json\/wp\/v2\/pages\/2298","targetHints":{"allow":["GET"]}}],"collection":[{"href":"https:\/\/semmelweis.hu\/baratikor\/wp-json\/wp\/v2\/pages"}],"about":[{"href":"https:\/\/semmelweis.hu\/baratikor\/wp-json\/wp\/v2\/types\/page"}],"author":[{"embeddable":true,"href":"https:\/\/semmelweis.hu\/baratikor\/wp-json\/wp\/v2\/users\/282"}],"replies":[{"embeddable":true,"href":"https:\/\/semmelweis.hu\/baratikor\/wp-json\/wp\/v2\/comments?post=2298"}],"version-history":[{"count":2,"href":"https:\/\/semmelweis.hu\/baratikor\/wp-json\/wp\/v2\/pages\/2298\/revisions"}],"predecessor-version":[{"id":5207,"href":"https:\/\/semmelweis.hu\/baratikor\/wp-json\/wp\/v2\/pages\/2298\/revisions\/5207"}],"up":[{"embeddable":true,"href":"https:\/\/semmelweis.hu\/baratikor\/wp-json\/wp\/v2\/pages\/347"}],"wp:featuredmedia":[{"embeddable":true,"href":"https:\/\/semmelweis.hu\/baratikor\/wp-json\/wp\/v2\/media\/5466"}],"wp:attachment":[{"href":"https:\/\/semmelweis.hu\/baratikor\/wp-json\/wp\/v2\/media?parent=2298"}],"wp:term":[{"taxonomy":"category","embeddable":true,"href":"https:\/\/semmelweis.hu\/baratikor\/wp-json\/wp\/v2\/categories?post=2298"},{"taxonomy":"post_tag","embeddable":true,"href":"https:\/\/semmelweis.hu\/baratikor\/wp-json\/wp\/v2\/tags?post=2298"}],"curies":[{"name":"wp","href":"https:\/\/api.w.org\/{rel}","templated":true}]}}