{"id":2296,"date":"2023-01-04T15:16:46","date_gmt":"2023-01-04T14:16:46","guid":{"rendered":"https:\/\/semmelweis.hu\/baratikor\/?page_id=2296"},"modified":"2023-07-17T10:25:22","modified_gmt":"2023-07-17T08:25:22","slug":"zalka-odon","status":"publish","type":"page","link":"https:\/\/semmelweis.hu\/baratikor\/galeria\/teljes-nevlista\/zalka-odon\/","title":{"rendered":"Zalka \u00d6d\u00f6n"},"content":{"rendered":"<p style=\"text-align: justify\"><strong><a href=\"https:\/\/semmelweis.hu\/baratikor\/files\/2023\/07\/Zalka-Odon_jav.jpg\"><img loading=\"lazy\" decoding=\"async\" class=\"alignleft size-medium wp-image-5201\" src=\"https:\/\/semmelweis.hu\/baratikor\/files\/2023\/07\/Zalka-Odon_jav-283x400.jpg\" alt=\"\" width=\"283\" height=\"400\" srcset=\"https:\/\/semmelweis.hu\/baratikor\/files\/2023\/07\/Zalka-Odon_jav-283x400.jpg 283w, https:\/\/semmelweis.hu\/baratikor\/files\/2023\/07\/Zalka-Odon_jav.jpg 708w\" sizes=\"auto, (max-width: 283px) 100vw, 283px\" \/><\/a>(<\/strong><strong>Kassa, 1897. j\u00falius 2.<\/strong><strong> \u2013 Budapest, 1951. febru\u00e1r 1.)*<\/strong><\/p>\n<p style=\"text-align: justify\"><strong>Tansz\u00e9k: <\/strong>II. sz. K\u00f3rbonctani Int\u00e9zet 1948-1951.<\/p>\n<p style=\"text-align: justify\">\u00c9desapja a kassai Gazdas\u00e1gi Akad\u00e9mia igazgat\u00f3ja volt. A kassai Premontrei F\u0151gimn\u00e1ziumban \u00e9retts\u00e9gizett 1915. j\u00fanius 25-\u00e9n, majd a budapesti Orvostudom\u00e1nyi Karra iratkozott be. Katonai szolg\u00e1latot 1915. augusztus \u00e9s 1917. febru\u00e1r k\u00f6z\u00f6tt teljes\u00edtett. Orvosi oklevel\u00e9t 1920. november 13-\u00e1n vehette \u00e1t. Orvosi oklevel\u00e9nek megszerz\u00e9se ut\u00e1n az I. sz. K\u00f3rbonctani Int\u00e9zetben kapott tan\u00e1rseg\u00e9di \u00e1ll\u00e1st. Innen ker\u00fclt a f\u0151v\u00e1rosi Szt. Istv\u00e1n K\u00f3rh\u00e1z prosectur\u00e1j\u00e1ra f\u0151orvosk\u00e9nt. Id\u0151k\u00f6zben egyetemi mag\u00e1ntan\u00e1ri, majd c\u00edmzetes rendk\u00edv\u00fcli tan\u00e1ri c\u00edmet nyert, \u00edgy az egyetemi oktat\u00e1st soha nem hagyta abba. 1945 augusztus\u00e1ban megtett\u00e9k a Szt. R\u00f3kus K\u00f3rh\u00e1z prosectur\u00e1j\u00e1nak vezet\u0151j\u00e9v\u00e9, egyben a k\u00f3rh\u00e1z igazgat\u00f3 f\u0151orvosi teend\u0151ivel b\u00edzt\u00e1k meg. Ugyanakkor kinevezt\u00e9k a f\u0151v\u00e1rosi k\u00f6zk\u00f3rh\u00e1zak k\u00f6zponti igazgat\u00f3j\u00e1nak is. 1948 december\u00e9ben a P\u00e1zm\u00e1ny P\u00e9ter Tudom\u00e1nyegyetem Orvostudom\u00e1nyi Kar\u00e1nak II. sz. K\u00f3rbonctani Int\u00e9zete tansz\u00e9kvezet\u0151 egyetemi tan\u00e1ra lett. 1950 v\u00e9g\u00e9n elhatalmasod\u00f3 betegs\u00e9ge miatt m\u00e1r nem tudott bej\u00e1rni az egyetemre, majd 1951 elej\u00e9n idejekor\u00e1n elhunyt.<\/p>\n<p style=\"text-align: justify\">\u201eTudom\u00e1nyos munk\u00e1ss\u00e1ga az \u00e9relmeszesed\u00e9sre, a myocardium elv\u00e1ltoz\u00e1saira, a plexus chorioideus el\u00f6reged\u00e9s\u00e9re \u00e9s k\u00f3rfolyamataira, a hyperthyreosisra, valamint a r\u00e1k-patol\u00f3gia sz\u00e1mos k\u00e9rd\u00e9s\u00e9re terjedt ki.\u201d R\u00e1kmorbidit\u00e1si statisztik\u00e1i vil\u00e1gviszonylatban is egyed\u00fcl\u00e1ll\u00f3ak.<\/p>\n<p style=\"text-align: justify\"><strong>F\u0151bb munk\u00e1i:<\/strong> R\u00e1kstatisztika. Bp., 1950.<\/p>\n<p style=\"text-align: justify\"><strong>Nyughelye:<\/strong> Budapest, <a href=\"http:\/\/hu.wikipedia.org\/wiki\/Fiumei_%C3%BAti_temet%C5%91\">Fiumei \u00fati temet\u0151 33\/0\/1\/50.<\/a><\/p>\n<p style=\"text-align: justify\">*Kor\u00e1bban megjelent \u00e9letrajzaiban t\u00e9ves, egym\u00e1st\u00f3l is elt\u00e9r\u0151 id\u0151pontok szerepelnek elhunyta napjak\u00e9nt, 1950. j\u00fanius 28., illetve 1957. j\u00fanius 28. A Budapesti Temetkez\u00e9si Int\u00e9zet \u00e9s az (akkori nev\u00e9n) E\u00f6tv\u00f6s Lor\u00e1nd Tudom\u00e1nyegyetem Orvostudom\u00e1nyi Kar tan\u00e1cs\u00fcl\u00e9si jegyz\u0151k\u00f6nyvei egybehangz\u00f3 adata szerint azonban 1951. febru\u00e1r 1-j\u00e9n hunyt el. Hasonl\u00f3k\u00e9ppen sz\u00fclet\u00e9si d\u00e1tuma is t\u00e9ves a kor\u00e1bbi \u00e9letrajzokban, ahol j\u00falius 1. szerepel. Ezzel szemben a hallgat\u00f3 \u00e1ltal saj\u00e1t kez\u0171leg kit\u00f6lt\u00f6tt egyetemi beiratkoz\u00e1si t\u00f6rzslapokon Zalka rendre j\u00falius 2. napj\u00e1t jel\u00f6lte meg sz\u00fclet\u00e9se napjak\u00e9nt.<\/p>\n<p style=\"text-align: justify\">(Id\u00e9zet forr\u00e1sa: Balogh S\u00e1ndor \/szerk:\/: A Semmelweis Orvostudom\u00e1nyi Egyetem klinik\u00e1inak \u00e9s int\u00e9zeteinek t\u00f6rt\u00e9nete 1945-1975. Bp., 1976.)<\/p>\n<p><strong><a href=\"https:\/\/semmelweis.hu\/baratikor\/files\/2023\/07\/Zalka-Odon-Fiumei-ut_jav.jpg\"><img loading=\"lazy\" decoding=\"async\" class=\"alignleft size-medium wp-image-5200\" src=\"https:\/\/semmelweis.hu\/baratikor\/files\/2023\/07\/Zalka-Odon-Fiumei-ut_jav-267x400.jpg\" alt=\"\" width=\"267\" height=\"400\" srcset=\"https:\/\/semmelweis.hu\/baratikor\/files\/2023\/07\/Zalka-Odon-Fiumei-ut_jav-267x400.jpg 267w, https:\/\/semmelweis.hu\/baratikor\/files\/2023\/07\/Zalka-Odon-Fiumei-ut_jav.jpg 501w\" sizes=\"auto, (max-width: 267px) 100vw, 267px\" \/><\/a><\/strong><\/p>\n","protected":false},"excerpt":{"rendered":"<p><a href=\"https:\/\/semmelweis.hu\/baratikor\/files\/2023\/07\/Zalka-Odon_jav.jpg\"><\/a> (Kassa, 1897. j\u00falius 2. \u2013 Budapest, 1951. febru\u00e1r 1.)* Tansz\u00e9k: II. sz. K\u00f3rbonctani Int\u00e9zet 1948-1951. \u00c9desapja a kassai Gazdas\u00e1gi Akad\u00e9mia igazgat\u00f3ja volt. A kassai Premontrei F\u0151gimn\u00e1ziumban \u00e9retts\u00e9gizett 1915. j\u00fanius 25-\u00e9n, majd a budapesti Orvostudom\u00e1nyi Karra iratkozott be. Katonai szolg\u00e1latot 1915. augusztus \u00e9s 1917. febru\u00e1r k\u00f6z\u00f6tt teljes\u00edtett. Orvosi oklevel\u00e9t 1920. november 13-\u00e1n vehette \u00e1t. Orvosi oklevel\u00e9nek &hellip;<\/p>\n","protected":false},"author":282,"featured_media":5204,"parent":347,"menu_order":0,"comment_status":"closed","ping_status":"closed","template":"template-fullwidth.php","meta":{"_acf_changed":false,"footnotes":""},"categories":[77,14],"tags":[],"class_list":["post-2296","page","type-page","status-publish","has-post-thumbnail","hentry","category-kegyeleti-adattar","category-teljes-nevlista"],"acf":[],"_links":{"self":[{"href":"https:\/\/semmelweis.hu\/baratikor\/wp-json\/wp\/v2\/pages\/2296","targetHints":{"allow":["GET"]}}],"collection":[{"href":"https:\/\/semmelweis.hu\/baratikor\/wp-json\/wp\/v2\/pages"}],"about":[{"href":"https:\/\/semmelweis.hu\/baratikor\/wp-json\/wp\/v2\/types\/page"}],"author":[{"embeddable":true,"href":"https:\/\/semmelweis.hu\/baratikor\/wp-json\/wp\/v2\/users\/282"}],"replies":[{"embeddable":true,"href":"https:\/\/semmelweis.hu\/baratikor\/wp-json\/wp\/v2\/comments?post=2296"}],"version-history":[{"count":3,"href":"https:\/\/semmelweis.hu\/baratikor\/wp-json\/wp\/v2\/pages\/2296\/revisions"}],"predecessor-version":[{"id":5203,"href":"https:\/\/semmelweis.hu\/baratikor\/wp-json\/wp\/v2\/pages\/2296\/revisions\/5203"}],"up":[{"embeddable":true,"href":"https:\/\/semmelweis.hu\/baratikor\/wp-json\/wp\/v2\/pages\/347"}],"wp:featuredmedia":[{"embeddable":true,"href":"https:\/\/semmelweis.hu\/baratikor\/wp-json\/wp\/v2\/media\/5204"}],"wp:attachment":[{"href":"https:\/\/semmelweis.hu\/baratikor\/wp-json\/wp\/v2\/media?parent=2296"}],"wp:term":[{"taxonomy":"category","embeddable":true,"href":"https:\/\/semmelweis.hu\/baratikor\/wp-json\/wp\/v2\/categories?post=2296"},{"taxonomy":"post_tag","embeddable":true,"href":"https:\/\/semmelweis.hu\/baratikor\/wp-json\/wp\/v2\/tags?post=2296"}],"curies":[{"name":"wp","href":"https:\/\/api.w.org\/{rel}","templated":true}]}}