{"id":2292,"date":"2023-01-04T15:13:47","date_gmt":"2023-01-04T14:13:47","guid":{"rendered":"https:\/\/semmelweis.hu\/baratikor\/?page_id=2292"},"modified":"2023-10-12T17:19:29","modified_gmt":"2023-10-12T15:19:29","slug":"wagner-janos","status":"publish","type":"page","link":"https:\/\/semmelweis.hu\/baratikor\/galeria\/teljes-nevlista\/wagner-janos\/","title":{"rendered":"Wagner J\u00e1nos"},"content":{"rendered":"<p style=\"text-align: justify\"><strong><a href=\"https:\/\/semmelweis.hu\/baratikor\/files\/2023\/07\/Wagner-Janos-1867_jav.jpg\"><img loading=\"lazy\" decoding=\"async\" class=\"alignleft size-medium wp-image-5191\" src=\"https:\/\/semmelweis.hu\/baratikor\/files\/2023\/07\/Wagner-Janos-1867_jav-283x400.jpg\" alt=\"\" width=\"283\" height=\"400\" srcset=\"https:\/\/semmelweis.hu\/baratikor\/files\/2023\/07\/Wagner-Janos-1867_jav-283x400.jpg 283w, https:\/\/semmelweis.hu\/baratikor\/files\/2023\/07\/Wagner-Janos-1867_jav.jpg 708w\" sizes=\"auto, (max-width: 283px) 100vw, 283px\" \/><\/a> (Kom\u00e1rom<\/strong><strong>, 1811. j\u00falius 18. \u2013 Budapest, 1889. janu\u00e1r 2.)<\/strong><\/p>\n<p style=\"text-align: justify\"><strong>Tansz\u00e9k: <\/strong>\u00e1ltal\u00e1nos k\u00f3r- \u00e9s gy\u00f3gytan (h.) 1848\/49, bels\u0151 bajok k\u00f3r- \u00e9s gy\u00f3gytana seb\u00e9szhallgat\u00f3k r\u00e9sz\u00e9re 1861-1863, bels\u0151 bajok k\u00f3r- \u00e9s gy\u00f3gytana orvostanhallgat\u00f3k r\u00e9sz\u00e9re (1872-t\u0151l I. sz. Belgy\u00f3gy\u00e1szati Tansz\u00e9k\/Klinika) 1864-1888.<\/p>\n<p style=\"text-align: justify\">Orvosi tanulm\u00e1nyait a b\u00e9csi egyetemen v\u00e9gezte 1828 \u00e9s 1833 k\u00f6z\u00f6tt, majd 1835 elej\u00e9n avatt\u00e1k ugyanitt orvosdoktorr\u00e1. M\u00e9g ez \u00e9v nyar\u00e1n hazat\u00e9rt \u00e9s Pesten kezdett praktiz\u00e1lni. Bekapcsol\u00f3dott a szakmai k\u00f6z\u00e9letbe, amikor 1837-ben egyik alap\u00edt\u00f3ja volt a kir\u00e1lyi Orvosegyes\u00fcletnek, melynek titk\u00e1ri teend\u0151it v\u00e9gezte. 1842-ben \u00e9lethosszig sz\u00f3l\u00f3 v\u00e1lasztm\u00e1nyi tagg\u00e1, 1844-ben aleln\u00f6kk\u00e9, majd 1846-ban eln\u00f6kk\u00e9 v\u00e1lasztott\u00e1k, amely feladatk\u00f6rt 1862-ig l\u00e1tta el. 1847-ben mag\u00e1ntan\u00e1ri habilit\u00e1ci\u00f3t szerzett a pesti egyetemen az &#8222;\u00e9p- \u00e9s hossz\u00e9lettanb\u00f3l&#8221;, amit ma dietetika \u00e9s makrobiotika n\u00e9vvel illetn\u00e9nk. 1848-ban az \u00e1ltal\u00e1nos k\u00f3r- \u00e9s gy\u00f3gytan helyettes tan\u00e1ra lett. A szabads\u00e1gharc idej\u00e9n az Orvoskaron is k\u00f3rh\u00e1zat l\u00e9tes\u00edtettek, melynek vezet\u00e9s\u00e9t \u0151 l\u00e1tta el. A j\u00e1rv\u00e1nyszer\u0171en terjed\u0151 ki\u00fct\u00e9ses t\u00edfuszban maga is megbetegedett. 1861-ben lett rendes tan\u00e1r a seb\u00e9szmesterek sz\u00e1m\u00e1ra rendelt belgy\u00f3gy\u00e1szati tansz\u00e9ken. Innen ker\u00fclt \u00e1t 1864-ben, Sauer Ign\u00e1c hal\u00e1la ut\u00e1n (1863) az orvostanhallgat\u00f3knak fenntartott belgy\u00f3gy\u00e1szati tansz\u00e9kre, melyb\u0151l 1872, az orvosi \u00e9s seb\u00e9szi kurzusok egyes\u00edt\u00e9se ut\u00e1n az I. sz. belgy\u00f3gy\u00e1szati tansz\u00e9ket, illetve klinik\u00e1t alak\u00edtott\u00e1k ki. Itt 1888-ig szolg\u00e1lt. 1868-ban lett tagja a k\u00f6zeg\u00e9szs\u00e9g\u00fcgyi tan\u00e1csnak, ahol a dualizmus idej\u00e9n a legfontosabb eg\u00e9szs\u00e9g\u00fcgy-politikai d\u00f6nt\u00e9sek el\u0151k\u00e9sz\u00edt\u00e9se folyt. Wagner egyik vezet\u0151 szem\u00e9lyis\u00e9ge volt a Balassa J\u00e1nos \u00e9s Markusovszky Lajos k\u00f6r\u00fcl kialakult \u00fan. pesti orvosi iskol\u00e1nak, a klinikai szeml\u00e9let egyik hazai megalapoz\u00f3j\u00e1nak sz\u00e1m\u00edt. 1873-ban kir\u00e1lyi tan\u00e1csosi c\u00edmmel t\u00fcntett\u00e9k ki, majd 50 \u00e9ves orvosi jubileum\u00e1n, 1885-ben III. oszt\u00e1ly\u00fa vaskorona rendet kapott, a b\u00e9csi egyetem pedig d\u00edszdoktor\u00e1v\u00e1 v\u00e1lasztotta. 1887-ben vonult nyugalomba. V\u00e9grendelet\u00e9ben igen jelent\u0151s \u00f6sszegeket ford\u00edtott j\u00f3t\u00e9kony c\u00e9lokra: 15 ezer forintot hagyott az egyetemre belgy\u00f3gy\u00e1szati c\u00e9l\u00fa tudom\u00e1nyos utaz\u00e1si \u00f6szt\u00f6nd\u00edj c\u00e9llal, 20 ezer forintot a pesti evang\u00e9likus f\u0151gimn\u00e1zium tan\u00e1rainak fizet\u00e9s\u00e9re \u00e9s 120 ezer forintot a budapesti orsz\u00e1gos protest\u00e1ns \u00e1rvah\u00e1z-egylet jav\u00e1ra.<\/p>\n<p style=\"text-align: justify\"><strong>F\u0151bb munk\u00e1i:<\/strong> Dissertatio inauguralis medica de gastromalacia. Vindobonae, 1835.; Eml\u00e9kbesz\u00e9d n\u00e9hai Sauer Ign\u00e1cz egyetemi orvostan\u00e1r felett 1870. nov. 20. Vindobonae, 1871.; A budapesti kir. m. tudom. egyetemi I. belgy\u00f3gy\u00e1szati k\u00f3roda \u00e9p\u00fclete az 1882-ki berlini eg\u00e9szs\u00e9g- \u00e9s ment\u00e9s\u00fcgyi ki\u00e1ll\u00edt\u00e1s alkalm\u00e1b\u00f3l. Budapest, 1882.<\/p>\n<p style=\"text-align: justify\"><strong>Nyughelye: <\/strong>\u00daj K\u00f6ztemet\u0151 28\/0\/1\/102-103.<\/p>\n<p><strong><a href=\"https:\/\/semmelweis.hu\/baratikor\/files\/2023\/07\/Wagner-Janos-1880-as-evek_jav.jpg\"><img loading=\"lazy\" decoding=\"async\" class=\"alignleft size-medium wp-image-5192\" src=\"https:\/\/semmelweis.hu\/baratikor\/files\/2023\/07\/Wagner-Janos-1880-as-evek_jav-290x400.jpg\" alt=\"\" width=\"290\" height=\"400\" srcset=\"https:\/\/semmelweis.hu\/baratikor\/files\/2023\/07\/Wagner-Janos-1880-as-evek_jav-290x400.jpg 290w, https:\/\/semmelweis.hu\/baratikor\/files\/2023\/07\/Wagner-Janos-1880-as-evek_jav.jpg 724w\" sizes=\"auto, (max-width: 290px) 100vw, 290px\" \/><\/a><\/strong><strong><a href=\"https:\/\/semmelweis.hu\/baratikor\/files\/2023\/07\/Wagner-Janos_jav.jpg\"><img loading=\"lazy\" decoding=\"async\" class=\"alignleft size-medium wp-image-5193\" src=\"https:\/\/semmelweis.hu\/baratikor\/files\/2023\/07\/Wagner-Janos_jav-400x265.jpg\" alt=\"\" width=\"400\" height=\"265\" srcset=\"https:\/\/semmelweis.hu\/baratikor\/files\/2023\/07\/Wagner-Janos_jav-400x265.jpg 400w, https:\/\/semmelweis.hu\/baratikor\/files\/2023\/07\/Wagner-Janos_jav-768x508.jpg 768w, https:\/\/semmelweis.hu\/baratikor\/files\/2023\/07\/Wagner-Janos_jav-753x498.jpg 753w, https:\/\/semmelweis.hu\/baratikor\/files\/2023\/07\/Wagner-Janos_jav-203x135.jpg 203w, https:\/\/semmelweis.hu\/baratikor\/files\/2023\/07\/Wagner-Janos_jav.jpg 942w\" sizes=\"auto, (max-width: 400px) 100vw, 400px\" \/><\/a><\/strong><\/p>\n","protected":false},"excerpt":{"rendered":"<p><a href=\"https:\/\/semmelweis.hu\/baratikor\/files\/2023\/07\/Wagner-Janos-1867_jav.jpg\"><\/a> (Kom\u00e1rom, 1811. j\u00falius 18. \u2013 Budapest, 1889. janu\u00e1r 2.) Tansz\u00e9k: \u00e1ltal\u00e1nos k\u00f3r- \u00e9s gy\u00f3gytan (h.) 1848\/49, bels\u0151 bajok k\u00f3r- \u00e9s gy\u00f3gytana seb\u00e9szhallgat\u00f3k r\u00e9sz\u00e9re 1861-1863, bels\u0151 bajok k\u00f3r- \u00e9s gy\u00f3gytana orvostanhallgat\u00f3k r\u00e9sz\u00e9re (1872-t\u0151l I. sz. Belgy\u00f3gy\u00e1szati Tansz\u00e9k\/Klinika) 1864-1888. Orvosi tanulm\u00e1nyait a b\u00e9csi egyetemen v\u00e9gezte 1828 \u00e9s 1833 k\u00f6z\u00f6tt, majd 1835 elej\u00e9n avatt\u00e1k ugyanitt orvosdoktorr\u00e1. M\u00e9g ez &hellip;<\/p>\n","protected":false},"author":282,"featured_media":5464,"parent":347,"menu_order":0,"comment_status":"closed","ping_status":"closed","template":"template-fullwidth.php","meta":{"_acf_changed":false,"footnotes":""},"categories":[77,14],"tags":[],"class_list":["post-2292","page","type-page","status-publish","has-post-thumbnail","hentry","category-kegyeleti-adattar","category-teljes-nevlista"],"acf":[],"_links":{"self":[{"href":"https:\/\/semmelweis.hu\/baratikor\/wp-json\/wp\/v2\/pages\/2292","targetHints":{"allow":["GET"]}}],"collection":[{"href":"https:\/\/semmelweis.hu\/baratikor\/wp-json\/wp\/v2\/pages"}],"about":[{"href":"https:\/\/semmelweis.hu\/baratikor\/wp-json\/wp\/v2\/types\/page"}],"author":[{"embeddable":true,"href":"https:\/\/semmelweis.hu\/baratikor\/wp-json\/wp\/v2\/users\/282"}],"replies":[{"embeddable":true,"href":"https:\/\/semmelweis.hu\/baratikor\/wp-json\/wp\/v2\/comments?post=2292"}],"version-history":[{"count":2,"href":"https:\/\/semmelweis.hu\/baratikor\/wp-json\/wp\/v2\/pages\/2292\/revisions"}],"predecessor-version":[{"id":5194,"href":"https:\/\/semmelweis.hu\/baratikor\/wp-json\/wp\/v2\/pages\/2292\/revisions\/5194"}],"up":[{"embeddable":true,"href":"https:\/\/semmelweis.hu\/baratikor\/wp-json\/wp\/v2\/pages\/347"}],"wp:featuredmedia":[{"embeddable":true,"href":"https:\/\/semmelweis.hu\/baratikor\/wp-json\/wp\/v2\/media\/5464"}],"wp:attachment":[{"href":"https:\/\/semmelweis.hu\/baratikor\/wp-json\/wp\/v2\/media?parent=2292"}],"wp:term":[{"taxonomy":"category","embeddable":true,"href":"https:\/\/semmelweis.hu\/baratikor\/wp-json\/wp\/v2\/categories?post=2292"},{"taxonomy":"post_tag","embeddable":true,"href":"https:\/\/semmelweis.hu\/baratikor\/wp-json\/wp\/v2\/tags?post=2292"}],"curies":[{"name":"wp","href":"https:\/\/api.w.org\/{rel}","templated":true}]}}