{"id":2290,"date":"2023-01-04T15:13:08","date_gmt":"2023-01-04T14:13:08","guid":{"rendered":"https:\/\/semmelweis.hu\/baratikor\/?page_id=2290"},"modified":"2023-01-09T11:34:34","modified_gmt":"2023-01-09T10:34:34","slug":"wachtel-david","status":"publish","type":"page","link":"https:\/\/semmelweis.hu\/baratikor\/galeria\/teljes-nevlista\/wachtel-david\/","title":{"rendered":"Wachtel D\u00e1vid"},"content":{"rendered":"<p style=\"text-align: justify\"><strong>(<\/strong><strong>Nagykanizsa, 1807.<\/strong><strong> \u2013 Buda, 1872. m\u00e1rcius 16.)<\/strong><\/p>\n<p style=\"text-align: justify\"><strong>Tansz\u00e9k: <\/strong>\u00c1ltal\u00e1nos K\u00f3r- \u00e9s Gy\u00f3gytani Int\u00e9zet 1861-1871.<\/p>\n<p style=\"text-align: justify\">Orvosi tanulm\u00e1nyait Pesten folytatta, oklevel\u00e9t 1833. m\u00e1rcius 24-\u00e9n vette \u00e1t. Ezut\u00e1n Temesv\u00e1ron kapott kincst\u00e1ri orvosi \u00e1ll\u00e1st. Az 1850-es \u00e9vekben korm\u00e1nymegb\u00edz\u00e1ssal utazta be az orsz\u00e1got a f\u00fcrd\u0151helyek \u00e9s \u00e1sv\u00e1nyvizek tanulm\u00e1nyoz\u00e1sa c\u00e9lj\u00e1b\u00f3l. Eredm\u00e9nyeit 1859-ben, Sopronban tette k\u00f6zz\u00e9, ahol ebben az \u00e9vben ker\u00fcleti orvos\u00fcgyi el\u0151ad\u00f3i \u00e1ll\u00e1st kapott. Innen Hevesbe ker\u00fclt, ahol a megye f\u0151orvosa lett. 1861-ben h\u00edvt\u00e1k meg a pesti orvoskarra, a Seidl Em\u00e1nuel t\u00e1voz\u00e1s\u00e1val egy \u00e9v \u00f3ta \u00fcresed\u00e9sben l\u00e9v\u0151 \u00e1ltal\u00e1nos k\u00f3r- \u00e9s gy\u00f3gytan tansz\u00e9k\u00e9re. 1871-ben vonult nyug\u00e1llom\u00e1nyba.<\/p>\n<p style=\"text-align: justify\">Temesv\u00e1ron t\u00f6bb sz\u00e9pirodalmi lap szerkeszt\u00e9s\u00e9vel is foglalkozott, 1850. j\u00falius 1. \u00e9s 1860 v\u00e9ge k\u00f6z\u00f6tt pedig kiadta a Zeitschrift f\u00fcr Natur und Heilkunde in Ungarn c. szaklapot. Saj\u00e1t lapj\u00e1n k\u00edv\u00fcl k\u00f6zlem\u00e9nyei az Orvosi T\u00e1rban, a Magyar Orvosok \u00e9s Term\u00e9szetvizsg\u00e1l\u00f3k Munk\u00e1lataiban \u00e9s a Gy\u00f3gy\u00e1szatban jelentek meg.<\/p>\n<p style=\"text-align: justify\"><strong>F\u0151bb munk\u00e1i:<\/strong> Mors physiologice disquisita. Specimen inaugurale. Budae, 1833.; Hippokrates Aphorizm\u00e1i (ford\u00edt\u00e1s). Temesv\u00e1r, 1843.; Ungarns Kurorte und Mineralquellen. Nach einer im hohen Auftrage&#8230; Ministers des Innern, Frhrn. Alex v. Bach unternommenen Bereisung beschrieben. Oedenburg, 1859.<\/p>\n<p style=\"text-align: justify\"><strong>Nyughelye:<\/strong> Budapest, Farkasr\u00e9t 2\/2-1-109.<\/p>\n","protected":false},"excerpt":{"rendered":"<p>(Nagykanizsa, 1807. \u2013 Buda, 1872. m\u00e1rcius 16.) Tansz\u00e9k: \u00c1ltal\u00e1nos K\u00f3r- \u00e9s Gy\u00f3gytani Int\u00e9zet 1861-1871. Orvosi tanulm\u00e1nyait Pesten folytatta, oklevel\u00e9t 1833. m\u00e1rcius 24-\u00e9n vette \u00e1t. Ezut\u00e1n Temesv\u00e1ron kapott kincst\u00e1ri orvosi \u00e1ll\u00e1st. Az 1850-es \u00e9vekben korm\u00e1nymegb\u00edz\u00e1ssal utazta be az orsz\u00e1got a f\u00fcrd\u0151helyek \u00e9s \u00e1sv\u00e1nyvizek tanulm\u00e1nyoz\u00e1sa c\u00e9lj\u00e1b\u00f3l. Eredm\u00e9nyeit 1859-ben, Sopronban tette k\u00f6zz\u00e9, ahol ebben az \u00e9vben ker\u00fcleti orvos\u00fcgyi &hellip;<\/p>\n","protected":false},"author":282,"featured_media":0,"parent":347,"menu_order":0,"comment_status":"closed","ping_status":"closed","template":"template-fullwidth.php","meta":{"_acf_changed":false,"footnotes":""},"categories":[77,14],"tags":[],"class_list":["post-2290","page","type-page","status-publish","hentry","category-kegyeleti-adattar","category-teljes-nevlista"],"acf":[],"_links":{"self":[{"href":"https:\/\/semmelweis.hu\/baratikor\/wp-json\/wp\/v2\/pages\/2290","targetHints":{"allow":["GET"]}}],"collection":[{"href":"https:\/\/semmelweis.hu\/baratikor\/wp-json\/wp\/v2\/pages"}],"about":[{"href":"https:\/\/semmelweis.hu\/baratikor\/wp-json\/wp\/v2\/types\/page"}],"author":[{"embeddable":true,"href":"https:\/\/semmelweis.hu\/baratikor\/wp-json\/wp\/v2\/users\/282"}],"replies":[{"embeddable":true,"href":"https:\/\/semmelweis.hu\/baratikor\/wp-json\/wp\/v2\/comments?post=2290"}],"version-history":[{"count":1,"href":"https:\/\/semmelweis.hu\/baratikor\/wp-json\/wp\/v2\/pages\/2290\/revisions"}],"predecessor-version":[{"id":2291,"href":"https:\/\/semmelweis.hu\/baratikor\/wp-json\/wp\/v2\/pages\/2290\/revisions\/2291"}],"up":[{"embeddable":true,"href":"https:\/\/semmelweis.hu\/baratikor\/wp-json\/wp\/v2\/pages\/347"}],"wp:attachment":[{"href":"https:\/\/semmelweis.hu\/baratikor\/wp-json\/wp\/v2\/media?parent=2290"}],"wp:term":[{"taxonomy":"category","embeddable":true,"href":"https:\/\/semmelweis.hu\/baratikor\/wp-json\/wp\/v2\/categories?post=2290"},{"taxonomy":"post_tag","embeddable":true,"href":"https:\/\/semmelweis.hu\/baratikor\/wp-json\/wp\/v2\/tags?post=2290"}],"curies":[{"name":"wp","href":"https:\/\/api.w.org\/{rel}","templated":true}]}}