{"id":2288,"date":"2023-01-04T15:10:52","date_gmt":"2023-01-04T14:10:52","guid":{"rendered":"https:\/\/semmelweis.hu\/baratikor\/?page_id=2288"},"modified":"2023-07-17T10:21:30","modified_gmt":"2023-07-17T08:21:30","slug":"voros-laszlo","status":"publish","type":"page","link":"https:\/\/semmelweis.hu\/baratikor\/galeria\/teljes-nevlista\/voros-laszlo\/","title":{"rendered":"V\u00f6r\u00f6s L\u00e1szl\u00f3"},"content":{"rendered":"<p style=\"text-align: justify\"><strong><a href=\"https:\/\/semmelweis.hu\/baratikor\/files\/2023\/07\/Voros-Laszlo-Kozeg.-Int.-49.a-IV-1_jav..jpg\"><img loading=\"lazy\" decoding=\"async\" class=\"alignleft size-medium wp-image-5187\" src=\"https:\/\/semmelweis.hu\/baratikor\/files\/2023\/07\/Voros-Laszlo-Kozeg.-Int.-49.a-IV-1_jav.-297x400.jpg\" alt=\"\" width=\"297\" height=\"400\" srcset=\"https:\/\/semmelweis.hu\/baratikor\/files\/2023\/07\/Voros-Laszlo-Kozeg.-Int.-49.a-IV-1_jav.-297x400.jpg 297w, https:\/\/semmelweis.hu\/baratikor\/files\/2023\/07\/Voros-Laszlo-Kozeg.-Int.-49.a-IV-1_jav..jpg 743w\" sizes=\"auto, (max-width: 297px) 100vw, 297px\" \/><\/a>(Di\u00f3sgy\u0151r<\/strong><strong>, 1928. \u00e1prilis 15.<\/strong><strong> \u2013 Budapest, 2018. szeptember 3.)<\/strong><\/p>\n<p style=\"text-align: justify\"><strong>Tansz\u00e9k:<\/strong> Eg\u00e9szs\u00e9g\u00fcgyi Szervez\u00e9si Int\u00e9zet (mb.) 1959-1960.<\/p>\n<p style=\"text-align: justify\">\u00c9desapja a di\u00f3sgy\u0151ri vasgy\u00e1rban dolgozott eszterg\u00e1lyosk\u00e9nt, majd m\u0171vezet\u0151k\u00e9nt. K\u00f6z\u00e9piskolai tanulm\u00e1nyait Miskolcon v\u00e9gezte. 1946-1948 k\u00f6z\u00f6tt alkalmi munk\u00e1kb\u00f3l tartotta fenn mag\u00e1t, \u00edgy megfordult seg\u00e9dk\u00f6nyvt\u00e1rosk\u00e9nt a F\u0151v\u00e1rosi K\u00f6nyvt\u00e1r K\u00f6zpontj\u00e1ban 1947. j\u00fanius \u00e9s okt\u00f3ber k\u00f6z\u00f6tt, illetve \u00fajs\u00e1g\u00edr\u00f3 gyakornokk\u00e9nt a N\u00e9pszava szerkeszt\u0151s\u00e9g\u00e9ben 1947 okt\u00f3bere \u00e9s 1948. okt\u00f3ber k\u00f6z\u00f6tt. Innen ker\u00fclt a Budapesti Orvostudom\u00e1nyi Egyetemre, ahol 1953. augusztus 3-\u00e1n szerzett orvosdoktori oklevelet. 1953-ban k\u00f6zponti gyakornokk\u00e9nt ker\u00fclt az egyetem akkor alakult Eg\u00e9szs\u00e9g\u00fcgyi Szervez\u00e9si Int\u00e9zet\u00e9be. 1955 j\u00fanius\u00e1ban tan\u00e1rseg\u00e9dd\u00e9 l\u00e9ptett\u00e9k el\u0151. 1959-ben, Iv\u00e1nyi Frigyes hal\u00e1la ut\u00e1n, tan\u00e1rseg\u00e9dk\u00e9nt kapott megb\u00edz\u00e1st a tansz\u00e9k vezet\u00e9s\u00e9re az \u00faj professzor, Simonovits Istv\u00e1n meg\u00e9rkez\u00e9s\u00e9ig. 1960-ban tett szakvizsg\u00e1t eg\u00e9szs\u00e9g\u00fcgyi szervez\u00e9sb\u0151l, majd adjunktusi besorol\u00e1st kapott. 1951-ben \u00e9s 1954-ben katonai szolg\u00e1latot teljes\u00edtett el\u0151bb Tapolc\u00e1n, majd Budapesten. Utols\u00f3 rendfokozata tartal\u00e9kos hadnagy volt. 1969. janu\u00e1r 16-\u00e1n kil\u00e9pett az egyetem k\u00f6tel\u00e9k\u00e9b\u0151l, \u00e9s a Fels\u0151oktat\u00e1si Pedag\u00f3giai Kutat\u00f3 K\u00f6zpontban v\u00e1llalt munk\u00e1t.<\/p>\n<p style=\"text-align: justify\">Tudom\u00e1nyos kutat\u00f3munk\u00e1j\u00e1ban els\u0151sorban mag\u00e1val az orvosk\u00e9pz\u00e9ssel, annak t\u00f6rt\u00e9net\u00e9vel foglalkozott. A k\u00f6zeg\u00e9szs\u00e9g\u00fcgyi-j\u00e1rv\u00e1ny\u00fcgyi ellen\u0151rk\u00e9pz\u00e9s sz\u00e1m\u00e1ra eg\u00e9szs\u00e9g\u00fcgyi szervez\u00e9si jegyzetet \u00edrt.<\/p>\n<p style=\"text-align: justify\">Di\u00e1kkora \u00f3ta r\u00e9szt vett a k\u00fcl\u00f6nb\u00f6z\u0151 ifj\u00fas\u00e1gi mozgalmakban (MADISZ, DISZ, MEFESZ) 1945-1953 k\u00f6z\u00f6tt. 1946-1949 k\u00f6z\u00f6tt tagja volt a N\u00e9pi Koll\u00e9giumok Orsz\u00e1gos Sz\u00f6vets\u00e9g\u00e9nek (N\u00c9KOSZ). 1946-ban a Szoci\u00e1ldemokrata P\u00e1rt tagja lett, ami az 1948-as p\u00e1rtegyes\u00edt\u00e9skor MDP-tags\u00e1gra v\u00e1ltozott. Ezt 1956 ut\u00e1n nem \u00faj\u00edtotta meg. 1953-ban bel\u00e9pett az Orvoseg\u00e9szs\u00e9g\u00fcgyi Szakszervezetbe. 1958-ban \u0151 szervezte meg az egyetemi fiatal oktat\u00f3k k\u00fcls\u0151 KISZ alapszervezet\u00e9t. Tagja volt az ETT Eg\u00e9szs\u00e9g\u00fcgyi Szervez\u00e9si \u00e9s Rehabilit\u00e1ci\u00f3s Szakbizotts\u00e1g\u00e1nak, az Eg\u00e9szs\u00e9g\u00fcgyi Szervez\u00e9si Szakcsoport vezet\u0151s\u00e9g\u00e9nek, 3 lap szerkeszt\u0151bizotts\u00e1g\u00e1nak. A Magyar Pszichol\u00f3giai T\u00e1rsas\u00e1g alap\u00edt\u00f3 tagjai k\u00f6z\u00f6tt tudhatta.<\/p>\n<p style=\"text-align: justify\"><strong>F\u0151bb munk\u00e1i:<\/strong> A fels\u0151oktat\u00e1s fejl\u0151d\u00e9s\u00e9nek ir\u00e1nya a XX. sz\u00e1zad k\u00f6zep\u00e9n. K\u00fcl\u00f6n\u00f6s tekintettel az orvosk\u00e9pz\u00e9sre \u00e9s az orvosk\u00e9pz\u00e9s t\u00e1rsadalmi vonatkoz\u00e1saival foglalkoz\u00f3 orvosegyetemi t\u00e1rgyakra, t\u00e1rgyk\u00f6r\u00f6kre. Kandid\u00e1tusi \u00e9rtekez\u00e9s. MTA-TMB, Bp., 1970; Ma \u00e9s holnap, bioszoci\u00e1lis medit\u00e1ci\u00f3k az ember jelen\u00e9r\u0151l \u00e9s j\u00f6v\u0151j\u00e9r\u0151l (Csaba Gy\u00f6rggyel). Medicina, Bp., 1975; Az IQ-vita. Az \u00f6r\u00f6kl\u00e9selv\u0171ek argument\u00e1ci\u00f3ja (v\u00e1l. \u00e9s szerk.). Bels\u0151 haszn\u00e1latra! FPK, Bp., 1979; Vitairat az 1970-es 1980-as \u00e9vek fels\u0151oktat\u00e1s\u00e1r\u00f3l. Oktat\u00e1skutat\u00f3 Int\u00e9zet, Bp., 1987.<\/p>\n<p style=\"text-align: justify\"><strong>Nyughelye:<\/strong> m\u00e9g nem ismert.<\/p>\n","protected":false},"excerpt":{"rendered":"<p><a href=\"https:\/\/semmelweis.hu\/baratikor\/files\/2023\/07\/Voros-Laszlo-Kozeg.-Int.-49.a-IV-1_jav..jpg\"><\/a> (Di\u00f3sgy\u0151r, 1928. \u00e1prilis 15. \u2013 Budapest, 2018. szeptember 3.) Tansz\u00e9k: Eg\u00e9szs\u00e9g\u00fcgyi Szervez\u00e9si Int\u00e9zet (mb.) 1959-1960. \u00c9desapja a di\u00f3sgy\u0151ri vasgy\u00e1rban dolgozott eszterg\u00e1lyosk\u00e9nt, majd m\u0171vezet\u0151k\u00e9nt. K\u00f6z\u00e9piskolai tanulm\u00e1nyait Miskolcon v\u00e9gezte. 1946-1948 k\u00f6z\u00f6tt alkalmi munk\u00e1kb\u00f3l tartotta fenn mag\u00e1t, \u00edgy megfordult seg\u00e9dk\u00f6nyvt\u00e1rosk\u00e9nt a F\u0151v\u00e1rosi K\u00f6nyvt\u00e1r K\u00f6zpontj\u00e1ban 1947. j\u00fanius \u00e9s okt\u00f3ber k\u00f6z\u00f6tt, illetve \u00fajs\u00e1g\u00edr\u00f3 gyakornokk\u00e9nt a N\u00e9pszava szerkeszt\u0151s\u00e9g\u00e9ben 1947 okt\u00f3bere \u00e9s &hellip;<\/p>\n","protected":false},"author":282,"featured_media":5190,"parent":347,"menu_order":0,"comment_status":"closed","ping_status":"closed","template":"template-fullwidth.php","meta":{"_acf_changed":false,"footnotes":""},"categories":[14],"tags":[],"class_list":["post-2288","page","type-page","status-publish","has-post-thumbnail","hentry","category-teljes-nevlista"],"acf":[],"_links":{"self":[{"href":"https:\/\/semmelweis.hu\/baratikor\/wp-json\/wp\/v2\/pages\/2288","targetHints":{"allow":["GET"]}}],"collection":[{"href":"https:\/\/semmelweis.hu\/baratikor\/wp-json\/wp\/v2\/pages"}],"about":[{"href":"https:\/\/semmelweis.hu\/baratikor\/wp-json\/wp\/v2\/types\/page"}],"author":[{"embeddable":true,"href":"https:\/\/semmelweis.hu\/baratikor\/wp-json\/wp\/v2\/users\/282"}],"replies":[{"embeddable":true,"href":"https:\/\/semmelweis.hu\/baratikor\/wp-json\/wp\/v2\/comments?post=2288"}],"version-history":[{"count":2,"href":"https:\/\/semmelweis.hu\/baratikor\/wp-json\/wp\/v2\/pages\/2288\/revisions"}],"predecessor-version":[{"id":5188,"href":"https:\/\/semmelweis.hu\/baratikor\/wp-json\/wp\/v2\/pages\/2288\/revisions\/5188"}],"up":[{"embeddable":true,"href":"https:\/\/semmelweis.hu\/baratikor\/wp-json\/wp\/v2\/pages\/347"}],"wp:featuredmedia":[{"embeddable":true,"href":"https:\/\/semmelweis.hu\/baratikor\/wp-json\/wp\/v2\/media\/5190"}],"wp:attachment":[{"href":"https:\/\/semmelweis.hu\/baratikor\/wp-json\/wp\/v2\/media?parent=2288"}],"wp:term":[{"taxonomy":"category","embeddable":true,"href":"https:\/\/semmelweis.hu\/baratikor\/wp-json\/wp\/v2\/categories?post=2288"},{"taxonomy":"post_tag","embeddable":true,"href":"https:\/\/semmelweis.hu\/baratikor\/wp-json\/wp\/v2\/tags?post=2288"}],"curies":[{"name":"wp","href":"https:\/\/api.w.org\/{rel}","templated":true}]}}