{"id":2284,"date":"2023-01-04T15:09:38","date_gmt":"2023-01-04T14:09:38","guid":{"rendered":"https:\/\/semmelweis.hu\/baratikor\/?page_id=2284"},"modified":"2023-07-17T10:28:51","modified_gmt":"2023-07-17T08:28:51","slug":"veza-gabor","status":"publish","type":"page","link":"https:\/\/semmelweis.hu\/baratikor\/galeria\/teljes-nevlista\/veza-gabor\/","title":{"rendered":"Veza G\u00e1bor"},"content":{"rendered":"<p style=\"text-align: justify\"><strong><a href=\"https:\/\/semmelweis.hu\/baratikor\/files\/2023\/07\/Veza-Gabor-318.-VIII.15-3_jav.jpg\"><img loading=\"lazy\" decoding=\"async\" class=\"alignleft size-medium wp-image-5181\" src=\"https:\/\/semmelweis.hu\/baratikor\/files\/2023\/07\/Veza-Gabor-318.-VIII.15-3_jav-259x400.jpg\" alt=\"\" width=\"259\" height=\"400\" srcset=\"https:\/\/semmelweis.hu\/baratikor\/files\/2023\/07\/Veza-Gabor-318.-VIII.15-3_jav-259x400.jpg 259w, https:\/\/semmelweis.hu\/baratikor\/files\/2023\/07\/Veza-Gabor-318.-VIII.15-3_jav.jpg 647w\" sizes=\"auto, (max-width: 259px) 100vw, 259px\" \/><\/a>(B\u00e9cs, 1728. m\u00e1rcius 24. \u2013 Buda, 1799. janu\u00e1r 9.)<\/strong><\/p>\n<p style=\"text-align: justify\"><strong>Viselt egyetemi m\u00e9lt\u00f3s\u00e1g: <\/strong>kari igazgat\u00f3 1778\/79 &#8211; 1798\/99.<\/p>\n<p style=\"text-align: justify\">Tiroli nemesi csal\u00e1db\u00f3l sz\u00e1rmazott, \u00e9desapja \u00fcgyviv\u0151k\u00e9nt szolg\u00e1lta a cs\u00e1sz\u00e1rt a spanyol n\u00e9metalf\u00f6ldi tan\u00e1csban. Orvosi tanulm\u00e1nyait 1751. m\u00e1rcius 26-\u00e1n fejezte be Pis\u00e1ban, a Collegium Sapientiae-ben. 1753-ban m\u00e1r Bud\u00e1r\u00f3l adnak h\u00edrt r\u00f3la a forr\u00e1sok. 1757-ben a b\u00e9csi egyetemen tett vizsg\u00e1t \u00e9s m\u00e1jus 5-\u00e9n orvosdoktori diplom\u00e1t kapott. Ez volt a felt\u00e9tele annak, hogy valaki a birodalom ter\u00fclet\u00e9n orvosi gyakorlatot folytathasson. A h\u00e9t\u00e9ves h\u00e1bor\u00faban t\u00f6rzsorvosk\u00e9nt szolg\u00e1lt 1757 m\u00e1jusa \u00e9s 1762 m\u00e1rciusa k\u00f6z\u00f6tt. Ezut\u00e1n 24 \u00e9ven \u00e1t Buda v\u00e1ros t\u00f6rzs- \u00e9s hely\u0151rs\u00e9gi orvosa volt. Emellett 1770-t\u0151l Pest v\u00e1rmegye tisztiorvos\u00e1v\u00e1 v\u00e1lasztotta, mely feladatk\u00f6rt Glosius S\u00e1muellel egy\u00fctt l\u00e1tott el 1784-ig. 1777 nyar\u00e1n az egyetem Nagyszombatb\u00f3l Bud\u00e1ra k\u00f6lt\u00f6z\u00f6tt, \u00edgy az addigi kari igazgat\u00f3, Gilg J\u00e1nos nagyszombati v\u00e1rosi f\u0151orvos hely\u00e9be \u00fajat, m\u00e9ghozz\u00e1 helybelit kellett v\u00e1lasztani. A Helytart\u00f3tan\u00e1cs tanulm\u00e1nyi bizotts\u00e1g\u00e1nak 1777. szeptember 5-iki \u00fcl\u00e9s\u00e9n Veza G\u00e1bort iktatt\u00e1k be az orvoskari igazgat\u00f3 tiszt\u00e9be, ami egyben helytart\u00f3tan\u00e1csi \u00fcln\u00f6ki \u00e9s kir\u00e1lyi tan\u00e1csosi c\u00edmmel is egy\u00fctt j\u00e1rt. Amikor 1783-ban II. J\u00f3zsef \u00e1tfog\u00f3 vizsg\u00e1latot rendelt az egyetemre vonatkoz\u00f3an, annak elk\u00e9sz\u00edt\u00e9s\u00e9ben Veza is r\u00e9szt vett. Ki\u00e1llt a tan\u00e1rok ig\u00e9nyei, \u00edgy az \u00faj oktat\u00f3k\u00f3rh\u00e1z l\u00e9tes\u00edt\u00e9se mellett is. A jelent\u00e9s is hozz\u00e1j\u00e1rult az egyetem Pestre t\u00f6rt\u00e9n\u0151 \u00e1ttelep\u00edt\u00e9s\u00e9hez. 1787. febru\u00e1r 20-t\u00f3l hal\u00e1l\u00e1ig els\u0151k\u00e9nt t\u00f6lt\u00f6tte be Magyarorsz\u00e1g f\u0151orvosi (protomedicus Hungariae) tiszt\u00e9t, miut\u00e1n azt a birodalom nyugati fel\u00e9nek mint\u00e1j\u00e1ra n\u00e1lunk is l\u00e9trehozt\u00e1k. Az orvoskar tan\u00e1cs\u00fcl\u00e9s\u00e9n 1798. j\u00falius 4-\u00e9n vett r\u00e9szt utolj\u00e1ra, melyet eln\u00f6kk\u00e9nt \u0151 vezetett.<\/p>\n<p style=\"text-align: justify\"><strong>F\u0151bb munk\u00e1ja:<\/strong> Theses medicae de lacte, ejusque usu, quas \u2026publicae disquisitioni committit\u2026Viennae Austriae, Kaliwoda, 1757. 15 p.<\/p>\n<p style=\"text-align: justify\">Forr\u00e1s: S\u00e1gi Erzs\u00e9bet: Veza G\u00e1bornak, Magyarorsz\u00e1g els\u0151 protomedicus\u00e1nak \u00e9lete \u00e9s munk\u00e1ss\u00e1ga. In: Communicationes de Historiae Artis Medicinae (Orvost\u00f6rt\u00e9neti K\u00f6zlem\u00e9nyek) 178-181. 2002.<\/p>\n<p style=\"text-align: justify\"><strong>Nyughelye: <\/strong>nem ismert.<\/p>\n","protected":false},"excerpt":{"rendered":"<p><a href=\"https:\/\/semmelweis.hu\/baratikor\/files\/2023\/07\/Veza-Gabor-318.-VIII.15-3_jav.jpg\"><\/a> (B\u00e9cs, 1728. m\u00e1rcius 24. \u2013 Buda, 1799. janu\u00e1r 9.) Viselt egyetemi m\u00e9lt\u00f3s\u00e1g: kari igazgat\u00f3 1778\/79 &#8211; 1798\/99. Tiroli nemesi csal\u00e1db\u00f3l sz\u00e1rmazott, \u00e9desapja \u00fcgyviv\u0151k\u00e9nt szolg\u00e1lta a cs\u00e1sz\u00e1rt a spanyol n\u00e9metalf\u00f6ldi tan\u00e1csban. Orvosi tanulm\u00e1nyait 1751. m\u00e1rcius 26-\u00e1n fejezte be Pis\u00e1ban, a Collegium Sapientiae-ben. 1753-ban m\u00e1r Bud\u00e1r\u00f3l adnak h\u00edrt r\u00f3la a forr\u00e1sok. 1757-ben a b\u00e9csi egyetemen tett vizsg\u00e1t &hellip;<\/p>\n","protected":false},"author":282,"featured_media":5214,"parent":347,"menu_order":0,"comment_status":"closed","ping_status":"closed","template":"template-fullwidth.php","meta":{"_acf_changed":false,"footnotes":""},"categories":[14],"tags":[],"class_list":["post-2284","page","type-page","status-publish","has-post-thumbnail","hentry","category-teljes-nevlista"],"acf":[],"_links":{"self":[{"href":"https:\/\/semmelweis.hu\/baratikor\/wp-json\/wp\/v2\/pages\/2284","targetHints":{"allow":["GET"]}}],"collection":[{"href":"https:\/\/semmelweis.hu\/baratikor\/wp-json\/wp\/v2\/pages"}],"about":[{"href":"https:\/\/semmelweis.hu\/baratikor\/wp-json\/wp\/v2\/types\/page"}],"author":[{"embeddable":true,"href":"https:\/\/semmelweis.hu\/baratikor\/wp-json\/wp\/v2\/users\/282"}],"replies":[{"embeddable":true,"href":"https:\/\/semmelweis.hu\/baratikor\/wp-json\/wp\/v2\/comments?post=2284"}],"version-history":[{"count":2,"href":"https:\/\/semmelweis.hu\/baratikor\/wp-json\/wp\/v2\/pages\/2284\/revisions"}],"predecessor-version":[{"id":5182,"href":"https:\/\/semmelweis.hu\/baratikor\/wp-json\/wp\/v2\/pages\/2284\/revisions\/5182"}],"up":[{"embeddable":true,"href":"https:\/\/semmelweis.hu\/baratikor\/wp-json\/wp\/v2\/pages\/347"}],"wp:featuredmedia":[{"embeddable":true,"href":"https:\/\/semmelweis.hu\/baratikor\/wp-json\/wp\/v2\/media\/5214"}],"wp:attachment":[{"href":"https:\/\/semmelweis.hu\/baratikor\/wp-json\/wp\/v2\/media?parent=2284"}],"wp:term":[{"taxonomy":"category","embeddable":true,"href":"https:\/\/semmelweis.hu\/baratikor\/wp-json\/wp\/v2\/categories?post=2284"},{"taxonomy":"post_tag","embeddable":true,"href":"https:\/\/semmelweis.hu\/baratikor\/wp-json\/wp\/v2\/tags?post=2284"}],"curies":[{"name":"wp","href":"https:\/\/api.w.org\/{rel}","templated":true}]}}