{"id":2281,"date":"2023-01-04T15:08:43","date_gmt":"2023-01-04T14:08:43","guid":{"rendered":"https:\/\/semmelweis.hu\/baratikor\/?page_id=2281"},"modified":"2023-10-12T11:51:56","modified_gmt":"2023-10-12T09:51:56","slug":"verzarne-dr-petri-gizella","status":"publish","type":"page","link":"https:\/\/semmelweis.hu\/baratikor\/galeria\/teljes-nevlista\/verzarne-dr-petri-gizella\/","title":{"rendered":"Verz\u00e1rn\u00e9 dr. Petri Gizella"},"content":{"rendered":"<p style=\"text-align: justify\"><strong><a href=\"https:\/\/semmelweis.hu\/baratikor\/files\/2023\/07\/Petri-Gizella_jav.jpg\"><img loading=\"lazy\" decoding=\"async\" class=\"alignleft size-medium wp-image-5178\" src=\"https:\/\/semmelweis.hu\/baratikor\/files\/2023\/07\/Petri-Gizella_jav-319x400.jpg\" alt=\"\" width=\"319\" height=\"400\" srcset=\"https:\/\/semmelweis.hu\/baratikor\/files\/2023\/07\/Petri-Gizella_jav-319x400.jpg 319w, https:\/\/semmelweis.hu\/baratikor\/files\/2023\/07\/Petri-Gizella_jav-768x962.jpg 768w, https:\/\/semmelweis.hu\/baratikor\/files\/2023\/07\/Petri-Gizella_jav-753x944.jpg 753w, https:\/\/semmelweis.hu\/baratikor\/files\/2023\/07\/Petri-Gizella_jav.jpg 798w\" sizes=\"auto, (max-width: 319px) 100vw, 319px\" \/><\/a> Verz\u00e1r Rezs\u0151n\u00e9 dr. Petri Gizella \u00c9va (Budapest<\/strong><strong>, 1927. j\u00falius 2.<\/strong><strong> \u2013 Budapest, 2006. j\u00fanius 18.)<\/strong><\/p>\n<p style=\"text-align: justify\"><strong>Tansz\u00e9k:<\/strong> Gy\u00f3gyn\u00f6v\u00e9ny \u00e9s Drogismereti Int\u00e9zet 1971-1997.<\/p>\n<p style=\"text-align: justify\">Orvoscsal\u00e1db\u00f3l sz\u00e1rmazott, \u00e9desapja dr. Petri N\u00e1ndor belgy\u00f3gy\u00e1sz \u00e9s fogszakorvos, Heves k\u00f6zs\u00e9g orvosak\u00e9nt m\u0171k\u00f6d\u00f6tt n\u00e9gy \u00e9vtizeden kereszt\u00fcl, majd SZTK f\u0151orvosk\u00e9nt vonult nyugd\u00edjba. Elemi iskol\u00e1t Hevesen, k\u00f6z\u00e9piskol\u00e1t Egerben v\u00e9gzett, majd a P\u00e1zm\u00e1ny P\u00e9ter Tudom\u00e1nyegyetemre iratkozott be gy\u00f3gyszer\u00e9sz szakra, amit m\u00e1r az \u00fajrendszer\u0171, 5 \u00e9ves k\u00e9pz\u00e9si rendben v\u00e9gzett el 1950. j\u00falius 7-\u00e9n (Petry n\u00e9vv\u00e1ltozattal t\u00f6rzsk\u00f6nyvezve), jeles eredm\u00e9nnyel. A k\u00f6vetkez\u0151 tan\u00e9vt\u0151l az imm\u00e1r E\u00f6tv\u00f6s Lor\u00e1ndr\u00f3l elnevezett egyetem Term\u00e9szettudom\u00e1nyi Kar\u00e1n kapott \u00e1ll\u00e1st, az Alkalmazott N\u00f6v\u00e9nytani \u00e9s Sz\u00f6vetfejl\u0151d\u00e9stani Int\u00e9zetben. 1959-ben az els\u0151k k\u00f6z\u00f6tt gy\u00f3gyszer\u00e9sz doktor\u00e1tust szerzett, ugyanebben az \u00e9vben adjunktusi kinevez\u00e9st kapott. 1964-ben a biol\u00f3giai tudom\u00e1nyok kandid\u00e1tusa, 1965-ben a term\u00e9szettudom\u00e1nyok doktora fokozatot \u00e9rte el. 1969-ben docenss\u00e9 l\u00e9ptett\u00e9k el\u0151. 1971. december 1-j\u00e9n nevezt\u00e9k ki a SOTE Gy\u00f3gyn\u00f6v\u00e9ny \u00e9s Drogismereti Int\u00e9zet\u00e9nek igazgat\u00f3j\u00e1v\u00e1. 1973-ban gy\u00f3gyn\u00f6v\u00e9nyismereti szakgy\u00f3gyszer\u00e9sz vizsg\u00e1t tett, illetve a biol\u00f3giai tudom\u00e1nyok doktora lett. 1997-ben t\u00f6rt\u00e9nt nyugd\u00edjba vonul\u00e1s\u00e1ig vezette int\u00e9zet\u00e9t.<\/p>\n<p style=\"text-align: justify\">Tansz\u00e9kvezet\u0151k\u00e9nt kezdem\u00e9nyezte az egyetemen a fitok\u00e9mia \u00e9s a fitoter\u00e1pia tant\u00e1rgyak oktat\u00e1s\u00e1t, kidolgozta a tantervet, jegyzetet, tank\u00f6nyvet szerkesztett. Kutat\u00f3 munk\u00e1ja els\u0151sorban az alkaloidok \u00e9s ill\u00f3olajok k\u00e9pz\u0151d\u00e9s\u00e9nek \u00e9s v\u00e1ltoz\u00e1sainak tanulm\u00e1nyoz\u00e1s\u00e1ra ir\u00e1nyult biok\u00e9miai, \u00e9lettani, organiz\u00e1ci\u00f3s \u00e9s k\u00fcl\u00f6nb\u00f6z\u0151 gyakorlati vonatkoz\u00e1sokban. Foglalkozott a gy\u00f3gyszeripari szempontb\u00f3l jelent\u0151s, biol\u00f3giailag akt\u00edv n\u00f6v\u00e9nyi anyagok k\u00e9pz\u0151d\u00e9si \u00e9s izol\u00e1ci\u00f3s, valamint produkci\u00f3s k\u00e9rd\u00e9seivel, figyelembe v\u00e9ve a bioregul\u00e1ci\u00f3, a k\u00e9miai szelekci\u00f3, ploidia \u00e9s postmort\u00e1lis folyamatok hat\u00e1sait, a megl\u00e9v\u0151kn\u00e9l hat\u00e1sosabb gy\u00f3gyszerek kidolgoz\u00e1sa c\u00e9lj\u00e1b\u00f3l, egy\u00fcttm\u0171k\u00f6d\u00e9sben a K\u0151b\u00e1nyai Gy\u00f3gyszergy\u00e1rral \u00e9s a Tiszavasv\u00e1ri Alkaloida Vegy\u00e9szeti Gy\u00e1rral. Haz\u00e1nkban els\u0151k\u00e9nt vezette be a f\u00e9ny- \u00e9s elektronmikroszk\u00f3pos histoautoradiogr\u00e1fi\u00e1s n\u00f6v\u00e9nyvizsg\u00e1latokat, a hat\u00f3anyagok lokaliz\u00e1ci\u00f3s k\u00e9rd\u00e9seinek kutat\u00e1s\u00e1ban.<\/p>\n<p style=\"text-align: justify\">1950-t\u0151l tagja volt a Pedag\u00f3gus Szakszervezetnek, k\u00e9s\u0151bb az Orvos-Eg\u00e9szs\u00e9g\u00fcgyi Szakszervezetnek. A Magyar-Szovjet Bar\u00e1ti T\u00e1rsas\u00e1g aktivist\u00e1jak\u00e9nt kari (ELTE TTK) nyelvtanfolyamokat szervezett. Tagja volt a Biol\u00f3giai T\u00e1rsas\u00e1gnak, a Gy\u00f3gyszer\u00e9sztudom\u00e1nyi T\u00e1rsas\u00e1gnak, a Magyar K\u00e9mikusok Egyes\u00fclet\u00e9nek valamint a Term\u00e9szettudom\u00e1nyi Ismeretterjeszt\u0151 T\u00e1rsulatnak. 1971-ben tagjai sor\u00e1ba v\u00e1lasztotta az International Association for Plant Tissue Culture, nemzetk\u00f6zi sz\u00f6vetteny\u00e9szt\u0151 t\u00e1rsas\u00e1g. Vezet\u0151 szerepet j\u00e1tszott a Magyar Fitoter\u00e1pi\u00e1s T\u00e1rsas\u00e1g 1991-es megalak\u00edt\u00e1s\u00e1ban, melynek eln\u00f6ki tiszt\u00e9t is bet\u00f6lt\u00f6tte 2000-ig. 2003-2006 k\u00f6z\u00f6tt a Magyar Gy\u00f3gyszer\u00e9szeti T\u00e1rsas\u00e1g szen\u00e1tusi tagjak\u00e9nt tev\u00e9kenykedett.<\/p>\n<p style=\"text-align: justify\">Kit\u00fcntet\u00e9sei k\u00f6z\u00f6tt szerepel a Magyar Gy\u00f3gyszer\u00e9szeti T\u00e1rsas\u00e1g alap\u00edt\u00e1s\u00e1nak 50 \u00e9ves jubileumi eml\u00e9k\u00e9rme (1974), az NDK Gy\u00f3gyszer\u00e9szeti T\u00e1rsas\u00e1g Semmelweis-eml\u00e9k\u00e9rme (1976), Oerested eml\u00e9k\u00e9rem \u2013 Koppenh\u00e1ga (1976), Kabai-eml\u00e9k\u00e9rem (1978), Kiv\u00e1l\u00f3 gy\u00f3gyszer\u00e9sz (1982), Societas Pharmaceutica Hungarica eml\u00e9k\u00e9rem (1984), a Szocialista Vietn\u00e1m\u00e9rt kit\u00fcntet\u00e9s (1985), Kiv\u00e1l\u00f3 munk\u00e1\u00e9rt (1986), Ellen\u0151rz\u0151 munk\u00e1\u00e9rt kit\u00fcntet\u00e9s \u2013 Pr\u00e1ga (1989), SOTE kiv\u00e1l\u00f3 oktat\u00f3ja I. (1989), Winkler Lajos-eml\u00e9k\u00e9rem (1993), Professor emeritus (1998), Augustin B\u00e9la-eml\u00e9k\u00e9rem (1998), Kazay Endre-eml\u00e9k\u00e9rem (2003), valamint a Szocialista magyar gy\u00f3gyszerell\u00e1t\u00e1s 25 \u00e9ves \u00e9vfordul\u00f3ja eml\u00e9k\u00e9rem.<\/p>\n<p style=\"text-align: justify\"><strong>F\u0151bb munk\u00e1i:<\/strong> A hazai termeszt\u00e9sben szerepl\u0151 Datura metel L. szisztematikai vonatkoz\u00e1sai \u00e9s hat\u00f3anyag-termel\u00e9kenys\u00e9gi vizsg\u00e1lata. Gy\u00f3gyszer\u00e9szdoktori \u00e9rtek. Bp., 1958.; Gy\u00f3gy\u00e1szatilag jelent\u0151s Datura-fajok alkaloidtartalm\u00e1nak alakul\u00e1sa az egyedfejl\u0151d\u00e9s alatt. Kandid\u00e1tusi \u00e9rtekez\u00e9s. Bp., 1964.; Alkaloidok k\u00e9pz\u0151d\u00e9se \u00e9s lokaliz\u00e1ci\u00f3ja n\u00f6v\u00e9nyi sz\u00f6vetekben. Doktori \u00e9rtekez\u00e9s. Bp., 1972; Drogatlasz. Bp., 1979; Farmakogn\u00f3zia. Bp., 1982; Gy\u00f3gyn\u00f6v\u00e9nyek a gy\u00f3gy\u00e1szatban (Nyiredy Szabolccsal, Nyiredyn\u00e9 Mikita Kl\u00e1r\u00e1val). Bp., 1984; Gy\u00f3gyn\u00f6v\u00e9ny- \u00e9s drogismeret. Egyetemi tank\u00f6nyv. Bp., 1991; Fitoter\u00e1pia az orvosi gyakorlatban. Bp., 1999. (angolul: 2002).<\/p>\n<p style=\"text-align: justify\"><strong>Nyughelye:<\/strong> \u00daj K\u00f6ztemet\u0151 13\/0\/6\/27.<\/p>\n<p><strong><a href=\"https:\/\/semmelweis.hu\/baratikor\/files\/2023\/07\/Verzarne-Petri-Gizella_jav.jpg\"><img loading=\"lazy\" decoding=\"async\" class=\"alignleft size-medium wp-image-5179\" src=\"https:\/\/semmelweis.hu\/baratikor\/files\/2023\/07\/Verzarne-Petri-Gizella_jav-267x400.jpg\" alt=\"\" width=\"267\" height=\"400\" srcset=\"https:\/\/semmelweis.hu\/baratikor\/files\/2023\/07\/Verzarne-Petri-Gizella_jav-267x400.jpg 267w, https:\/\/semmelweis.hu\/baratikor\/files\/2023\/07\/Verzarne-Petri-Gizella_jav.jpg 533w\" sizes=\"auto, (max-width: 267px) 100vw, 267px\" \/><\/a><\/strong><\/p>\n","protected":false},"excerpt":{"rendered":"<p><a href=\"https:\/\/semmelweis.hu\/baratikor\/files\/2023\/07\/Petri-Gizella_jav.jpg\"><\/a> Verz\u00e1r Rezs\u0151n\u00e9 dr. Petri Gizella \u00c9va (Budapest, 1927. j\u00falius 2. \u2013 Budapest, 2006. j\u00fanius 18.) Tansz\u00e9k: Gy\u00f3gyn\u00f6v\u00e9ny \u00e9s Drogismereti Int\u00e9zet 1971-1997. Orvoscsal\u00e1db\u00f3l sz\u00e1rmazott, \u00e9desapja dr. Petri N\u00e1ndor belgy\u00f3gy\u00e1sz \u00e9s fogszakorvos, Heves k\u00f6zs\u00e9g orvosak\u00e9nt m\u0171k\u00f6d\u00f6tt n\u00e9gy \u00e9vtizeden kereszt\u00fcl, majd SZTK f\u0151orvosk\u00e9nt vonult nyugd\u00edjba. Elemi iskol\u00e1t Hevesen, k\u00f6z\u00e9piskol\u00e1t Egerben v\u00e9gzett, majd a P\u00e1zm\u00e1ny P\u00e9ter Tudom\u00e1nyegyetemre iratkozott be &hellip;<\/p>\n","protected":false},"author":282,"featured_media":5426,"parent":347,"menu_order":0,"comment_status":"closed","ping_status":"closed","template":"template-fullwidth.php","meta":{"_acf_changed":false,"footnotes":""},"categories":[77,14],"tags":[],"class_list":["post-2281","page","type-page","status-publish","has-post-thumbnail","hentry","category-kegyeleti-adattar","category-teljes-nevlista"],"acf":[],"_links":{"self":[{"href":"https:\/\/semmelweis.hu\/baratikor\/wp-json\/wp\/v2\/pages\/2281","targetHints":{"allow":["GET"]}}],"collection":[{"href":"https:\/\/semmelweis.hu\/baratikor\/wp-json\/wp\/v2\/pages"}],"about":[{"href":"https:\/\/semmelweis.hu\/baratikor\/wp-json\/wp\/v2\/types\/page"}],"author":[{"embeddable":true,"href":"https:\/\/semmelweis.hu\/baratikor\/wp-json\/wp\/v2\/users\/282"}],"replies":[{"embeddable":true,"href":"https:\/\/semmelweis.hu\/baratikor\/wp-json\/wp\/v2\/comments?post=2281"}],"version-history":[{"count":3,"href":"https:\/\/semmelweis.hu\/baratikor\/wp-json\/wp\/v2\/pages\/2281\/revisions"}],"predecessor-version":[{"id":2283,"href":"https:\/\/semmelweis.hu\/baratikor\/wp-json\/wp\/v2\/pages\/2281\/revisions\/2283"}],"up":[{"embeddable":true,"href":"https:\/\/semmelweis.hu\/baratikor\/wp-json\/wp\/v2\/pages\/347"}],"wp:featuredmedia":[{"embeddable":true,"href":"https:\/\/semmelweis.hu\/baratikor\/wp-json\/wp\/v2\/media\/5426"}],"wp:attachment":[{"href":"https:\/\/semmelweis.hu\/baratikor\/wp-json\/wp\/v2\/media?parent=2281"}],"wp:term":[{"taxonomy":"category","embeddable":true,"href":"https:\/\/semmelweis.hu\/baratikor\/wp-json\/wp\/v2\/categories?post=2281"},{"taxonomy":"post_tag","embeddable":true,"href":"https:\/\/semmelweis.hu\/baratikor\/wp-json\/wp\/v2\/tags?post=2281"}],"curies":[{"name":"wp","href":"https:\/\/api.w.org\/{rel}","templated":true}]}}