{"id":2277,"date":"2023-01-04T15:05:43","date_gmt":"2023-01-04T14:05:43","guid":{"rendered":"https:\/\/semmelweis.hu\/baratikor\/?page_id=2277"},"modified":"2023-10-12T17:11:43","modified_gmt":"2023-10-12T15:11:43","slug":"varga-gyula","status":"publish","type":"page","link":"https:\/\/semmelweis.hu\/baratikor\/galeria\/teljes-nevlista\/varga-gyula\/","title":{"rendered":"Varga Gyula"},"content":{"rendered":"<p style=\"text-align: justify\"><strong><a href=\"https:\/\/semmelweis.hu\/baratikor\/files\/2023\/07\/Varga-Gyula_jav.jpg\"><img loading=\"lazy\" decoding=\"async\" class=\"alignleft size-medium wp-image-5166\" src=\"https:\/\/semmelweis.hu\/baratikor\/files\/2023\/07\/Varga-Gyula_jav-274x400.jpg\" alt=\"\" width=\"274\" height=\"400\" srcset=\"https:\/\/semmelweis.hu\/baratikor\/files\/2023\/07\/Varga-Gyula_jav-274x400.jpg 274w, https:\/\/semmelweis.hu\/baratikor\/files\/2023\/07\/Varga-Gyula_jav.jpg 684w\" sizes=\"auto, (max-width: 274px) 100vw, 274px\" \/><\/a>(Szentendre<\/strong><strong>, 1902. szeptember 4.<\/strong><strong> \u2013 Budapest, 1973. november 11.)<\/strong><\/p>\n<p style=\"text-align: justify\"><strong>Tansz\u00e9k: <\/strong>F\u00fcl-Orr-G\u00e9geklinika 1951-1966.<\/p>\n<p style=\"text-align: justify\">Pedag\u00f3gus csal\u00e1db\u00f3l sz\u00e1rmazott, \u00e9desapja tan\u00edt\u00f3 volt Szentendr\u00e9n. 1922-ben Budapesten \u00e9retts\u00e9gizett. Orvosi tanulm\u00e1nyait a p\u00e9csi Kir. m. Erzs\u00e9bet Tudom\u00e1nyegyetemen v\u00e9gezte, oklevel\u00e9t 1928. december 20-\u00e1n szerezte. Egyetemi \u00e9vei alatt a K\u00f3rbonctani Int\u00e9zetben \u00e9s a Gyermekklinika f\u00fcl-orr-g\u00e9geoszt\u00e1ly\u00e1n dolgozott. V\u00e9gz\u00e9s\u00e9t k\u00f6vet\u0151en a f\u0151v\u00e1rosi Szent Istv\u00e1n K\u00f3rh\u00e1z f\u00fcl-g\u00e9geoszt\u00e1ly\u00e1n gyakornokoskodott 1930-ig. 1930 janu\u00e1rj\u00e1ban a Szabolcs utcai Zsid\u00f3 K\u00f3rh\u00e1zban kapott seg\u00e9d-alorvosi \u00e1ll\u00e1st, ahol 20 \u00e9vig teljes\u00edtett szolg\u00e1latot. 1932. j\u00falius 7-\u00e9n f\u00fcl-orr-g\u00e9g\u00e9sz szakvizsg\u00e1t tett. 1942-ben rendel\u0151 orvos lesz a Zsid\u00f3 K\u00f3rh\u00e1zban. 1945-ben oszt\u00e1lyvezet\u0151 f\u0151orvos, 1948-ban kinevezett oszt\u00e1lyvezet\u0151 f\u0151orvos ugyanott. 1947-ben egyh\u00f3napos tanulm\u00e1nyutat tett a stockholmi F\u00fcl-Orr-G\u00e9geklinik\u00e1n a hall\u00e1sjav\u00edt\u00f3 m\u0171t\u00e9tek tanulm\u00e1nyoz\u00e1sa c\u00e9lj\u00e1b\u00f3l. 1950-ben a magyar deleg\u00e1ci\u00f3t vezette a lengyel f\u00fcl-g\u00e9g\u00e9szeti kongresszuson. 1950-ben a K\u00fatv\u00f6lgyi \u00fati \u00c1llami K\u00f3rh\u00e1z oszt\u00e1lyvezet\u0151 f\u0151orvosa lett. 1951. okt\u00f3ber 1-j\u00e9n kinevezt\u00e9k a BOTE F\u00fcl-Orr-G\u00e9geklinika igazgat\u00f3j\u00e1nak. 1950-ben mag\u00e1ntan\u00e1ri k\u00e9pes\u00edt\u00e9st, 1952. j\u00falius 14-\u00e9n kandid\u00e1tusi fokozatot szerzett. 1956 augusztus\u00e1ban r\u00e9szt vett a b\u00e9csi f\u00fcl-g\u00e9g\u00e9sz kongresszuson. 1966-ban nyugd\u00edjba vonult.<\/p>\n<p style=\"text-align: justify\">Munk\u00e1ss\u00e1ga kiemelked\u0151 a nagyothall\u00e1s megel\u0151z\u00e9se \u00e9s az otosclerosis gy\u00f3gy\u00edt\u00e1sa ter\u00fclet\u00e9n. Kutatta a zaj\u00e1rtalmakat \u00e9s a Mani\u00e9re-betegs\u00e9get.<\/p>\n<p style=\"text-align: justify\">A honv\u00e9ds\u00e9gn\u00e9l h\u00e1rom alkalommal teljes\u00edtett munkaszolg\u00e1latot (1940. szept.-dec., 1942. j\u00fan.-1943. jan., 1944. eg\u00e9sz \u00e9vben). 1945 janu\u00e1rj\u00e1ban l\u00e9pett be az Orvos Szakszervezetbe, melynek n\u00e9gy \u00e9vig f\u0151titk\u00e1ra, egy \u00e9vig eln\u00f6ke, ezut\u00e1n vezet\u0151s\u00e9gi tagja volt, mik\u00f6zben megszervezte a f\u00fcl-orr-g\u00e9g\u00e9sz szakcsoportot. 1945 elej\u00e9n csatlakozott az SZDP-hez, majd j\u00faniusban \u00e1tl\u00e9pett az Magyar Kommunista P\u00e1rtba (k\u00e9s\u0151bb MDP). P\u00e1rttags\u00e1g\u00e1t az 1956-os forradalmat (melynek idej\u00e9n k\u00e9t gyermeke k\u00fclf\u00f6ldre t\u00e1vozott) k\u00f6vet\u0151en nem \u00faj\u00edtotta meg. Az Eur\u00f3pai Otosclerosis T\u00e1rsas\u00e1g magyarorsz\u00e1gi eln\u00f6ke, a Kor\u00e1nyi T\u00e1rsas\u00e1g alap\u00edt\u00f3 tagja, az ETT tagja volt. R\u00e9szt vett a p\u00e1rizsi f\u00fcl-orr-g\u00e9g\u00e9sz vil\u00e1gkongresszuson \u00e9s eln\u00f6k\u00f6lte a budapesti nemzetk\u00f6zi f\u00fcl-orr-g\u00e9gekongresszust. A szakma hazai lapja, a F\u00fcl-Orr-G\u00e9gegy\u00f3gy\u00e1szat f\u0151szerkeszt\u0151je \u00e9s az Acta Chirurgica szerkeszt\u0151bizotts\u00e1gi tagja volt. 1952-ben Kiv\u00e1l\u00f3 orvos c\u00edmmel t\u00fcntett\u00e9k ki.<\/p>\n<p style=\"text-align: justify\"><strong>F\u0151bb munk\u00e1i:<\/strong> F\u00fcl-, orr- \u00e9s g\u00e9gegy\u00f3gy\u00e1szat. Egyetemi tank\u00f6nyv. Bp., Medicina, 1960, 1969; A f\u00fcl, az orr \u00e9s a g\u00e9ge k\u00f3r- \u00e9s gy\u00f3gytana. Bp., Medicina, 1965.<\/p>\n<p style=\"text-align: justify\"><strong>Nyughelye:<\/strong> Pesti Chevra, Izraelita \u00daj temet\u0151, 5B 7-17.<\/p>\n","protected":false},"excerpt":{"rendered":"<p><a href=\"https:\/\/semmelweis.hu\/baratikor\/files\/2023\/07\/Varga-Gyula_jav.jpg\"><\/a> (Szentendre, 1902. szeptember 4. \u2013 Budapest, 1973. november 11.) Tansz\u00e9k: F\u00fcl-Orr-G\u00e9geklinika 1951-1966. Pedag\u00f3gus csal\u00e1db\u00f3l sz\u00e1rmazott, \u00e9desapja tan\u00edt\u00f3 volt Szentendr\u00e9n. 1922-ben Budapesten \u00e9retts\u00e9gizett. Orvosi tanulm\u00e1nyait a p\u00e9csi Kir. m. Erzs\u00e9bet Tudom\u00e1nyegyetemen v\u00e9gezte, oklevel\u00e9t 1928. december 20-\u00e1n szerezte. Egyetemi \u00e9vei alatt a K\u00f3rbonctani Int\u00e9zetben \u00e9s a Gyermekklinika f\u00fcl-orr-g\u00e9geoszt\u00e1ly\u00e1n dolgozott. V\u00e9gz\u00e9s\u00e9t k\u00f6vet\u0151en a f\u0151v\u00e1rosi Szent Istv\u00e1n K\u00f3rh\u00e1z f\u00fcl-g\u00e9geoszt\u00e1ly\u00e1n &hellip;<\/p>\n","protected":false},"author":282,"featured_media":5461,"parent":347,"menu_order":0,"comment_status":"closed","ping_status":"closed","template":"template-fullwidth.php","meta":{"_acf_changed":false,"footnotes":""},"categories":[77,14],"tags":[],"class_list":["post-2277","page","type-page","status-publish","has-post-thumbnail","hentry","category-kegyeleti-adattar","category-teljes-nevlista"],"acf":[],"_links":{"self":[{"href":"https:\/\/semmelweis.hu\/baratikor\/wp-json\/wp\/v2\/pages\/2277","targetHints":{"allow":["GET"]}}],"collection":[{"href":"https:\/\/semmelweis.hu\/baratikor\/wp-json\/wp\/v2\/pages"}],"about":[{"href":"https:\/\/semmelweis.hu\/baratikor\/wp-json\/wp\/v2\/types\/page"}],"author":[{"embeddable":true,"href":"https:\/\/semmelweis.hu\/baratikor\/wp-json\/wp\/v2\/users\/282"}],"replies":[{"embeddable":true,"href":"https:\/\/semmelweis.hu\/baratikor\/wp-json\/wp\/v2\/comments?post=2277"}],"version-history":[{"count":2,"href":"https:\/\/semmelweis.hu\/baratikor\/wp-json\/wp\/v2\/pages\/2277\/revisions"}],"predecessor-version":[{"id":5167,"href":"https:\/\/semmelweis.hu\/baratikor\/wp-json\/wp\/v2\/pages\/2277\/revisions\/5167"}],"up":[{"embeddable":true,"href":"https:\/\/semmelweis.hu\/baratikor\/wp-json\/wp\/v2\/pages\/347"}],"wp:featuredmedia":[{"embeddable":true,"href":"https:\/\/semmelweis.hu\/baratikor\/wp-json\/wp\/v2\/media\/5461"}],"wp:attachment":[{"href":"https:\/\/semmelweis.hu\/baratikor\/wp-json\/wp\/v2\/media?parent=2277"}],"wp:term":[{"taxonomy":"category","embeddable":true,"href":"https:\/\/semmelweis.hu\/baratikor\/wp-json\/wp\/v2\/categories?post=2277"},{"taxonomy":"post_tag","embeddable":true,"href":"https:\/\/semmelweis.hu\/baratikor\/wp-json\/wp\/v2\/tags?post=2277"}],"curies":[{"name":"wp","href":"https:\/\/api.w.org\/{rel}","templated":true}]}}