{"id":2272,"date":"2023-01-04T15:03:38","date_gmt":"2023-01-04T14:03:38","guid":{"rendered":"https:\/\/semmelweis.hu\/baratikor\/?page_id=2272"},"modified":"2023-01-09T11:34:33","modified_gmt":"2023-01-09T10:34:33","slug":"torok-istvan","status":"publish","type":"page","link":"https:\/\/semmelweis.hu\/baratikor\/galeria\/teljes-nevlista\/torok-istvan\/","title":{"rendered":"T\u00f6r\u00f6k Istv\u00e1n"},"content":{"rendered":"<p style=\"text-align: justify\"><strong>(Kisv\u00e1rda<\/strong><strong>, 1929. augusztus 9.<\/strong><strong> \u2013 Adria, Jugoszl\u00e1via, 1981. augusztus 13.)<sup><a href=\"#_ftn1\" name=\"_ftnref1\">[1]<\/a><\/sup><\/strong><\/p>\n<p style=\"text-align: justify\"><strong>Tansz\u00e9k: <\/strong>Radiol\u00f3giai Klinika (mb.) 1978-1979, 1979-1981.<\/p>\n<p style=\"text-align: justify\">\u00c9desapja gimn\u00e1ziumi tan\u00e1r volt a debreceni Kossuth Gimn\u00e1ziumban. K\u00f6z\u00e9piskol\u00e1t Kisv\u00e1rd\u00e1n, Nagyv\u00e1radon \u00e9s Debrecenben v\u00e9gzett, mely ut\u00f3bbi v\u00e1ros Gyakorl\u00f3 Gimn\u00e1zium\u00e1ban \u00e9retts\u00e9gizett 1948-ban. El\u0151tte 1947-ben egy \u00e9vig m\u0171szer\u00e9sztanul\u00f3 volt. Ugyanebben az \u00e9vben a Debreceni Tudom\u00e1nyegyetem Orvostudom\u00e1nyi Kar\u00e1ra nyert felv\u00e9telt, ahol az els\u0151 \u00e9vben a Kossuth Koll\u00e9gium tagja volt. \u00d6nk\u00e9nt jelentkezett a N\u00e9phadseregbe, \u00edgy 1949-1954 k\u00f6z\u00f6tt a budapesti Honv\u00e9d Koll\u00e9gium tagjak\u00e9nt a budapesti orvoskaron folytatta tanulm\u00e1nyait. 1954. j\u00falius 19-\u00e9n a BOTE-n szerzett orvosdoktori oklevelet. Ugyanekkor avatt\u00e1k honv\u00e9dorvos f\u0151hadnaggy\u00e1. Ezt k\u00f6vet\u0151en a l\u00e9gier\u0151n\u00e9l k\u00e9rt \u00e9s kapott beoszt\u00e1st. A rep\u00fcl\u0151orvosi tanfolyam elv\u00e9gz\u00e9se ut\u00e1n 1954-1955-ben Sz\u00e9kesfeh\u00e9rv\u00e1ron a Ph 4252 alakulatn\u00e1l szolg\u00e1lt rendel\u00e9svezet\u0151 orvosk\u00e9nt, majd 1955-1956-ban a Ph 4727\/4707 csatarep\u00fcl\u0151 hadoszt\u00e1lyn\u00e1l ezredvezet\u0151 orvosk\u00e9nt dolgozott. 1956 \u0151sz\u00e9n az alakulatot felsz\u00e1molt\u00e1k, \u00edgy a Gy\u00e1li \u00fati katonai rep\u00fcl\u0151-k\u00f3rh\u00e1z beloszt\u00e1ly\u00e1ra ker\u00fclt. K\u00f6zben a k\u00f3rh\u00e1z polg\u00e1ri jelleget kapott, \u00edgy k\u00e9rte tartal\u00e9k\u00e1llom\u00e1nyba val\u00f3 helyez\u00e9s\u00e9t. 1956. december 1-t\u0151l a BOTE I. sz. Seb\u00e9szeti Klinik\u00e1j\u00e1nak R\u00f6ntgen Oszt\u00e1ly\u00e1n lett klinikai tan\u00e1rseg\u00e9d. 1959. j\u00fanius 9-\u00e9n tett r\u00f6ntgen szakorvosi vizsg\u00e1t. 1962. janu\u00e1r 1-j\u00e9t\u0151l az MTA Orvosi Radiol\u00f3giai Kutat\u00f3csoport tudom\u00e1nyos munkat\u00e1rsak\u00e9nt dolgozott tov\u00e1bb. 1963 v\u00e9g\u00e9t\u0151l 1964 v\u00e9g\u00e9ig, MTA kik\u00fcldet\u00e9sben 13 h\u00f3napot t\u00f6lt\u00f6tt az NSZK-beli Erlangeni Egyetemen Wachsmann professzor int\u00e9zet\u00e9ben, ahol korszer\u0171 sug\u00e1rfizikai \u00e9s dozimetriai vizsg\u00e1l\u00f3elj\u00e1r\u00e1sokat, valamint ter\u00e1pi\u00e1s ismereteket saj\u00e1t\u00edtott el. Finnorsz\u00e1gban, T\u00e4hti professzor int\u00e9zet\u00e9ben 3 h\u00f3napig tanulm\u00e1nyozta az angiogr\u00e1fi\u00e1s vizsg\u00e1l\u00f3 m\u00f3dszereket. 1967. november 1-j\u00e9n a BOTE Radiol\u00f3giai Klinik\u00e1j\u00e1nak egyetemi adjunktusa lett. 1973. m\u00e1jus 22-\u00e9n el\u00e9rte az orvostudom\u00e1nyok kandid\u00e1tusa fokozatot. 1974. j\u00falius 1-j\u00e9n egyetemi docenss\u00e9, 1977. j\u00falius 1-j\u00e9n egyetemi tan\u00e1rr\u00e1 nevezt\u00e9k ki. 1978. j\u00falius 1-j\u00e9n b\u00edzt\u00e1k meg a tansz\u00e9k vezet\u00e9s\u00e9vel. 1979. j\u00falius 1-j\u00e9n kapta meg tansz\u00e9kvezet\u0151i kinevez\u00e9s\u00e9t. P\u00e1ly\u00e1ja kiteljesed\u00e9s\u00e9t id\u0151 el\u0151tti hal\u00e1la akad\u00e1lyozta meg.<\/p>\n<p style=\"text-align: justify\">Munk\u00e1ss\u00e1ga korai szakasz\u00e1ban az epeutak r\u00f6ntgendiagnosztik\u00e1ja foglalkoztatta, amit Zseb\u0151k Zolt\u00e1n professzorral k\u00f6z\u00f6sen kutatott. Technikai-elektronikai k\u00e9pzetts\u00e9g\u00e9nek k\u00f6sz\u00f6nhet\u0151en sz\u00e1mos, a radiol\u00f3gia k\u00f6r\u00e9be es\u0151 elektronikai \u00e9s nukle\u00e1ris eszk\u00f6zt szerkesztett, \u00edgy pl. egy \u00fajrendszer\u0171 elektronikus vez\u00e9rl\u00e9s\u0171 angiographi\u00e1s befecskendez\u0151 k\u00e9sz\u00fcl\u00e9ket. A \u201960-as \u00e9vek els\u0151 fel\u00e9ben az izot\u00f3p diagnosztika ter\u00fclet\u00e9n dolgozott, k\u00fcl\u00f6n\u00f6s tekintettel a pajzsmirigy \u00e9s vesefunkci\u00f3s vizsg\u00e1latokra, valamint a k\u00fcl\u00f6nb\u00f6z\u0151 scintigraphi\u00e1s m\u00f3dszerekre. 1966-t\u00f3l a k\u00fcl\u00f6nleges funkcion\u00e1lis r\u00f6ntgen diagnosztikai vizsg\u00e1latok mellett sug\u00e1rv\u00e9delmi k\u00e9rd\u00e9sekkel is foglalkozott. Klinik\u00e1j\u00e1n sug\u00e1rv\u00e9delmi csoportot hozott l\u00e9tre \u00e9s vezette a mammogr\u00e1fi\u00e1s \u00e1llom\u00e1st.<\/p>\n<p style=\"text-align: justify\">1948-1954 k\u00f6z\u00f6tt MEFESZ, illetve DISZ-tag volt. 1958-ban lett az Orvos-Eg\u00e9szs\u00e9g\u00fcgyi Dolgoz\u00f3k Szakszervezet\u00e9nek tagja. 1968 november\u00e9ben bel\u00e9pett az MSZMP-be, 1976-ban a klinika p\u00e1rtbizalmijak\u00e9nt, ideol\u00f3giai oktat\u00e1si felel\u0151sek\u00e9nt m\u0171k\u00f6d\u00f6tt. Szint\u00e9n 1968 \u00f3ta volt tagja a Magyar Radiol\u00f3gus T\u00e1rsas\u00e1g v\u00e1lasztm\u00e1ny\u00e1nak. A Magyar Orvostudom\u00e1nyi Nukle\u00e1ris T\u00e1rsas\u00e1gnak h\u00e9t \u00e9ven kereszt\u00fcl f\u0151titk\u00e1ra volt. Rendes tagja volt az MTA \u00e9s az Eg\u00e9szs\u00e9g\u00fcgyi Miniszt\u00e9rium Radiol\u00f3giai Szakbizotts\u00e1g\u00e1nak. R\u00e9szt vett az Orvos \u00e9s Technika c. szaklap szerkeszt\u0151bizotts\u00e1gi munk\u00e1j\u00e1ban. 1973-ban megv\u00e1lasztott\u00e1k az egyetem Tudom\u00e1nyos Bizotts\u00e1ga \u00e9s a Belgy\u00f3gy\u00e1sz Koll\u00e9gium tagj\u00e1nak.<\/p>\n<p style=\"text-align: justify\">1973-ban kit\u00fcntett\u00e9k az Oktat\u00e1s\u00fcgy Kiv\u00e1l\u00f3 Dolgoz\u00f3ja d\u00edjjal. 1981-ben oda\u00edt\u00e9lt\u00e9k neki az Egyetem Kiv\u00e1l\u00f3 Dolgoz\u00f3ja c\u00edmet, de \u00e1tvenni m\u00e1r nem tudta.<\/p>\n<p style=\"text-align: justify\"><strong>F\u0151bb munk\u00e1i:<\/strong> Szil\u00e1rdtest d\u00f3zism\u00e9r\u0151k klinikai \u00e9s k\u00eds\u00e9rletes alkalmaz\u00e1sa. Kandid\u00e1tusi \u00e9rtekez\u00e9s. MTA TMB, Bp., 1972.; A radiol\u00f3gia alapk\u00e9rd\u00e9sei (szerk.). Medikus jegyzet. Bp. 1978.; 2. Magyar Orvostudom\u00e1nyi Nukle\u00e1ris Kongresszus, Bp. 1978. m\u00e1rc. 16-17. (felel\u0151s kiad\u00f3). Bp., 1978.; Echografia (Hark\u00e1nyi Zolt\u00e1nnal). Medicina, Bp., 1983.<\/p>\n<p style=\"text-align: justify\"><strong>Nyughelye:<\/strong> Farkasr\u00e9ti temet\u0151 30-1\/0\/1\/21.<\/p>\n<p style=\"text-align: justify\"><sup><a href=\"#_ftnref1\" name=\"_ftn1\">[1]<\/a><\/sup> Elhunyta helysz\u00ednek\u00e9nt egyes \u00e9letrajzaiban Budapest szerepel. Ezzel szemben a dr. Irt\u00f3 Istv\u00e1n toll\u00e1b\u00f3l sz\u00e1rmaz\u00f3 nekrol\u00f3g hal\u00e1l\u00e1t az Adria-parti nyaral\u00e1s\u00e1ra teszi, a helyis\u00e9g pontos meghat\u00e1roz\u00e1sa n\u00e9lk\u00fcl. (Orvosegyetem c. egyetemi lap 1981:13. sz\u00e1m)<\/p>\n","protected":false},"excerpt":{"rendered":"<p>(Kisv\u00e1rda, 1929. augusztus 9. \u2013 Adria, Jugoszl\u00e1via, 1981. augusztus 13.) <a href=\"#_ftn1\" name=\"_ftnref1\">[1]<\/a> Tansz\u00e9k: Radiol\u00f3giai Klinika (mb.) 1978-1979, 1979-1981. \u00c9desapja gimn\u00e1ziumi tan\u00e1r volt a debreceni Kossuth Gimn\u00e1ziumban. K\u00f6z\u00e9piskol\u00e1t Kisv\u00e1rd\u00e1n, Nagyv\u00e1radon \u00e9s Debrecenben v\u00e9gzett, mely ut\u00f3bbi v\u00e1ros Gyakorl\u00f3 Gimn\u00e1zium\u00e1ban \u00e9retts\u00e9gizett 1948-ban. El\u0151tte 1947-ben egy \u00e9vig m\u0171szer\u00e9sztanul\u00f3 volt. Ugyanebben az \u00e9vben a Debreceni Tudom\u00e1nyegyetem Orvostudom\u00e1nyi Kar\u00e1ra nyert felv\u00e9telt, ahol az &hellip;<\/p>\n","protected":false},"author":282,"featured_media":0,"parent":347,"menu_order":0,"comment_status":"closed","ping_status":"closed","template":"template-fullwidth.php","meta":{"_acf_changed":false,"footnotes":""},"categories":[77,14],"tags":[],"class_list":["post-2272","page","type-page","status-publish","hentry","category-kegyeleti-adattar","category-teljes-nevlista"],"acf":[],"_links":{"self":[{"href":"https:\/\/semmelweis.hu\/baratikor\/wp-json\/wp\/v2\/pages\/2272","targetHints":{"allow":["GET"]}}],"collection":[{"href":"https:\/\/semmelweis.hu\/baratikor\/wp-json\/wp\/v2\/pages"}],"about":[{"href":"https:\/\/semmelweis.hu\/baratikor\/wp-json\/wp\/v2\/types\/page"}],"author":[{"embeddable":true,"href":"https:\/\/semmelweis.hu\/baratikor\/wp-json\/wp\/v2\/users\/282"}],"replies":[{"embeddable":true,"href":"https:\/\/semmelweis.hu\/baratikor\/wp-json\/wp\/v2\/comments?post=2272"}],"version-history":[{"count":1,"href":"https:\/\/semmelweis.hu\/baratikor\/wp-json\/wp\/v2\/pages\/2272\/revisions"}],"predecessor-version":[{"id":2273,"href":"https:\/\/semmelweis.hu\/baratikor\/wp-json\/wp\/v2\/pages\/2272\/revisions\/2273"}],"up":[{"embeddable":true,"href":"https:\/\/semmelweis.hu\/baratikor\/wp-json\/wp\/v2\/pages\/347"}],"wp:attachment":[{"href":"https:\/\/semmelweis.hu\/baratikor\/wp-json\/wp\/v2\/media?parent=2272"}],"wp:term":[{"taxonomy":"category","embeddable":true,"href":"https:\/\/semmelweis.hu\/baratikor\/wp-json\/wp\/v2\/categories?post=2272"},{"taxonomy":"post_tag","embeddable":true,"href":"https:\/\/semmelweis.hu\/baratikor\/wp-json\/wp\/v2\/tags?post=2272"}],"curies":[{"name":"wp","href":"https:\/\/api.w.org\/{rel}","templated":true}]}}