{"id":2268,"date":"2023-01-04T15:01:35","date_gmt":"2023-01-04T14:01:35","guid":{"rendered":"https:\/\/semmelweis.hu\/baratikor\/?page_id=2268"},"modified":"2023-10-12T16:51:26","modified_gmt":"2023-10-12T14:51:26","slug":"toth-pal","status":"publish","type":"page","link":"https:\/\/semmelweis.hu\/baratikor\/galeria\/teljes-nevlista\/toth-pal\/","title":{"rendered":"T\u00f3th P\u00e1l"},"content":{"rendered":"<p style=\"text-align: justify\"><strong><a href=\"https:\/\/semmelweis.hu\/baratikor\/files\/2023\/07\/Toth-Pal-1.-49.a-IV-1_jav..jpg\"><img loading=\"lazy\" decoding=\"async\" class=\"alignleft size-medium wp-image-5145\" src=\"https:\/\/semmelweis.hu\/baratikor\/files\/2023\/07\/Toth-Pal-1.-49.a-IV-1_jav.-308x400.jpg\" alt=\"\" width=\"308\" height=\"400\" srcset=\"https:\/\/semmelweis.hu\/baratikor\/files\/2023\/07\/Toth-Pal-1.-49.a-IV-1_jav.-308x400.jpg 308w, https:\/\/semmelweis.hu\/baratikor\/files\/2023\/07\/Toth-Pal-1.-49.a-IV-1_jav.-768x997.jpg 768w, https:\/\/semmelweis.hu\/baratikor\/files\/2023\/07\/Toth-Pal-1.-49.a-IV-1_jav.-753x978.jpg 753w, https:\/\/semmelweis.hu\/baratikor\/files\/2023\/07\/Toth-Pal-1.-49.a-IV-1_jav..jpg 770w\" sizes=\"auto, (max-width: 308px) 100vw, 308px\" \/><\/a> T\u00f3th P\u00e1l B\u00e9la (<\/strong><strong>Szarvas, 1913. okt\u00f3ber 2.<\/strong><strong> \u2013 Budapest, 2001. november 28.)<\/strong><\/p>\n<p style=\"text-align: justify\"><strong>Tansz\u00e9k: <\/strong>Gyermekfog\u00e1szati \u00e9s Fogszab\u00e1lyoz\u00e1si Klinika 1969-1970 (mb.), 1970-1980.<\/p>\n<p style=\"text-align: justify\"><strong>Viselt egyetemi m\u00e9lt\u00f3s\u00e1g: <\/strong>Fogorvostudom\u00e1nyi Kar d\u00e9k\u00e1nhelyettese 1965-1969.<\/p>\n<p style=\"text-align: justify\">Nagyapja \u00e1cs, \u00e9desapja k\u00f6zs\u00e9gi orvos volt, aki egy 1944-es l\u00e9git\u00e1mad\u00e1s k\u00f6vetkezt\u00e9ben vesz\u00edtette \u00e9let\u00e9t. Az \u00e9retts\u00e9git a szarvasi evang\u00e9likus Vajda P\u00e9ter Gimn\u00e1ziumban tette le jeles eredm\u00e9nnyel, majd a P\u00e1zm\u00e1ny P\u00e9ter Tudom\u00e1nyegyetem Orvostudom\u00e1nyi Kar\u00e1ra iratkozott, ahol 1939. febru\u00e1r 11-\u00e9n kapta meg orvosi diplom\u00e1j\u00e1t. Ezut\u00e1n a K\u00f6r\u00f6nd Szanat\u00f3riumban alorvosk\u00e9nt kapott \u00e1ll\u00e1st. 1940-ben a T\u0171zolt\u00f3 utcai Feh\u00e9r Kereszt Gyermekk\u00f3rh\u00e1zban v\u00e1llalt seg\u00e9dorvosi \u00e1ll\u00e1st. 1941-ben gyakornokk\u00e9nt ker\u00fclt \u00e1t az egyetem Stomatol\u00f3giai Klinik\u00e1j\u00e1ra. 1945 j\u00fanius\u00e1ban fogszakorvosi szakvizsg\u00e1t tett. 1946-ban az MNDSZ keret\u00e9ben felm\u00e9rte a vid\u00e9ki gyerekek \u00e1llapot\u00e1t fogszuvasod\u00e1s szempontj\u00e1b\u00f3l. Ennek nyom\u00e1n 1947-ben megszervezte a klinika iskolafog\u00e1szat\u00e1t Pestszentl\u0151rincen. A gyermekfog\u00e1szat ter\u00e9n kifejtett munk\u00e1j\u00e1t az Eln\u00f6ki Tan\u00e1cs 1950-ben N\u00e9pk\u00f6zt\u00e1rsas\u00e1gi \u00c9rdem\u00e9remmel ismerte el. Tan\u00e1rseg\u00e9dk\u00e9nt, majd 1958. m\u00e1jus 1-t\u0151l docensk\u00e9nt dolgozott tov\u00e1bb. 1968 j\u00fanius\u00e1ban elv\u00e9gezte a Marxizmus-leninizmus Esti Egyetemet, s m\u00e9g a k\u00f6vetkez\u0151 \u00e9vben megb\u00edzt\u00e1k, majd kinevezt\u00e9k a Gyermekfog\u00e1szati \u00e9s Fogszab\u00e1lyoz\u00e1si Klinika igazgat\u00f3j\u00e1nak, mely feladatk\u00f6rt 1980-as nyugd\u00edjba vonul\u00e1s\u00e1ig ell\u00e1tott. 1968-ban 3 h\u00f3napos WHO gyermekfog\u00e1szati tanfolyamon vett r\u00e9szt Koppenh\u00e1g\u00e1ban. 1965-1969 k\u00f6z\u00f6tt Varga Istv\u00e1n mellett bet\u00f6lt\u00f6tte a kar d\u00e9k\u00e1nhelyettesi tiszt\u00e9t.<\/p>\n<p style=\"text-align: justify\">Munk\u00e1ss\u00e1ga sor\u00e1n foglalkozott a sziszt\u00e9m\u00e1s fogh\u00faz\u00e1sok katamnesztikus \u00e9rt\u00e9kel\u00e9s\u00e9vel, saj\u00e1t elm\u00e9letet dolgozott ki az ozm\u00f3zisos t\u00falnyom\u00e1ssal kapcsolatos caries keletkez\u00e9s\u00e9re. Kidolgozta a k\u00e9tfecskend\u0151s gy\u00f6k\u00e9rkezel\u00e9si elj\u00e1r\u00e1st, melyet a miniszt\u00e9rium \u00e9s az ETT \u00faj gy\u00f3gyelj\u00e1r\u00e1sk\u00e9nt fogadott el. 1971-ben a szakmai egyes\u00fcleten bel\u00fcl gyermekfog\u00e1szati szekci\u00f3t alap\u00edtott, 1972-ben pedig Magyarorsz\u00e1gon el\u0151sz\u00f6r rendezett gyermekfog\u00e1szati symposiont. P\u00e1ly\u00e1ja sor\u00e1n \u00f6sszesen h\u00e9t tank\u00f6nyvet \u00edrt.<\/p>\n<p style=\"text-align: justify\">Tagja volt a Magyar V\u00f6r\u00f6skeresztnek (1940), az Eg\u00e9szs\u00e9g\u00fcgyi Dolgoz\u00f3k Szakszervezet\u00e9nek (1945), a Nemzetk\u00f6zi Gyermekfog\u00e1szati T\u00e1rsas\u00e1g eln\u00f6ki tiszt\u00e9t 1979-1981 k\u00f6z\u00f6tt t\u00f6lt\u00f6tte be. Vezet\u0151s\u00e9gi tagja volt a Magyar Fogorvosok Egyes\u00fclet\u00e9nek, \u00e9s eln\u00f6ke az egyes\u00fclet Gyermekfog\u00e1szati Szekci\u00f3j\u00e1nak, valamint az IADC v\u00e1lasztott eln\u00f6ke.<\/p>\n<p style=\"text-align: justify\">Kit\u00fcntet\u00e9sei: N\u00e9pk\u00f6zt\u00e1rsas\u00e1gi \u00c9rdem\u00e9rem bronz fokozat (1950), Kiv\u00e1l\u00f3 orvos (1966), SOTE kiv\u00e1l\u00f3 oktat\u00f3ja I. (1971), P\u00e1rizs v\u00e1ros\u00e1nak ez\u00fcst\u00e9rme \u00e9s d\u00edszoklevele (1980), Pro Sanitate (1998).<\/p>\n<p style=\"text-align: justify\"><strong>F\u0151bb munk\u00e1i:<\/strong> Fogorvosi asszisztensn\u0151k tank\u00f6nyve (szerk.). Bp., 1960., 1965.; Gyermekfog\u00e1szat. Bp., 1962., 1968.; Fogorvosi asszisztensek tank\u00f6nyve (szerk. P\u00e1zm\u00e1nyi Gy\u00f6rggyel). Bp., 1968., 1971.; Gyermekfog\u00e1szat \u00e9s fogszab\u00e1lyoz\u00e1s (szerk.). Bp., 1973.<\/p>\n<p style=\"text-align: justify\"><strong>Nyughelye:<\/strong> Budapest, Fiumei \u00fati temet\u0151, 34\/0\/16\/15, sz\u00f3r\u00e1s.<\/p>\n<p><strong><a href=\"https:\/\/semmelweis.hu\/baratikor\/files\/2023\/07\/Toth-Pal-2.-49.a-IV-1_jav..jpg\"><img loading=\"lazy\" decoding=\"async\" class=\"alignleft size-medium wp-image-5146\" src=\"https:\/\/semmelweis.hu\/baratikor\/files\/2023\/07\/Toth-Pal-2.-49.a-IV-1_jav.-258x400.jpg\" alt=\"\" width=\"258\" height=\"400\" srcset=\"https:\/\/semmelweis.hu\/baratikor\/files\/2023\/07\/Toth-Pal-2.-49.a-IV-1_jav.-258x400.jpg 258w, https:\/\/semmelweis.hu\/baratikor\/files\/2023\/07\/Toth-Pal-2.-49.a-IV-1_jav..jpg 646w\" sizes=\"auto, (max-width: 258px) 100vw, 258px\" \/><\/a><\/strong><strong><a href=\"https:\/\/semmelweis.hu\/baratikor\/files\/2023\/07\/Toth-Pal_jav.jpg\"><img loading=\"lazy\" decoding=\"async\" class=\"alignleft size-medium wp-image-5147\" src=\"https:\/\/semmelweis.hu\/baratikor\/files\/2023\/07\/Toth-Pal_jav-266x400.jpg\" alt=\"\" width=\"266\" height=\"400\" srcset=\"https:\/\/semmelweis.hu\/baratikor\/files\/2023\/07\/Toth-Pal_jav-266x400.jpg 266w, https:\/\/semmelweis.hu\/baratikor\/files\/2023\/07\/Toth-Pal_jav.jpg 666w\" sizes=\"auto, (max-width: 266px) 100vw, 266px\" \/><\/a><\/strong><\/p>\n","protected":false},"excerpt":{"rendered":"<p><a href=\"https:\/\/semmelweis.hu\/baratikor\/files\/2023\/07\/Toth-Pal-1.-49.a-IV-1_jav..jpg\"><\/a> T\u00f3th P\u00e1l B\u00e9la (Szarvas, 1913. okt\u00f3ber 2. \u2013 Budapest, 2001. november 28.) Tansz\u00e9k: Gyermekfog\u00e1szati \u00e9s Fogszab\u00e1lyoz\u00e1si Klinika 1969-1970 (mb.), 1970-1980. Viselt egyetemi m\u00e9lt\u00f3s\u00e1g: Fogorvostudom\u00e1nyi Kar d\u00e9k\u00e1nhelyettese 1965-1969. Nagyapja \u00e1cs, \u00e9desapja k\u00f6zs\u00e9gi orvos volt, aki egy 1944-es l\u00e9git\u00e1mad\u00e1s k\u00f6vetkezt\u00e9ben vesz\u00edtette \u00e9let\u00e9t. Az \u00e9retts\u00e9git a szarvasi evang\u00e9likus Vajda P\u00e9ter Gimn\u00e1ziumban tette le jeles eredm\u00e9nnyel, majd a P\u00e1zm\u00e1ny &hellip;<\/p>\n","protected":false},"author":282,"featured_media":5457,"parent":347,"menu_order":0,"comment_status":"closed","ping_status":"closed","template":"template-fullwidth.php","meta":{"_acf_changed":false,"footnotes":""},"categories":[77,14],"tags":[],"class_list":["post-2268","page","type-page","status-publish","has-post-thumbnail","hentry","category-kegyeleti-adattar","category-teljes-nevlista"],"acf":[],"_links":{"self":[{"href":"https:\/\/semmelweis.hu\/baratikor\/wp-json\/wp\/v2\/pages\/2268","targetHints":{"allow":["GET"]}}],"collection":[{"href":"https:\/\/semmelweis.hu\/baratikor\/wp-json\/wp\/v2\/pages"}],"about":[{"href":"https:\/\/semmelweis.hu\/baratikor\/wp-json\/wp\/v2\/types\/page"}],"author":[{"embeddable":true,"href":"https:\/\/semmelweis.hu\/baratikor\/wp-json\/wp\/v2\/users\/282"}],"replies":[{"embeddable":true,"href":"https:\/\/semmelweis.hu\/baratikor\/wp-json\/wp\/v2\/comments?post=2268"}],"version-history":[{"count":2,"href":"https:\/\/semmelweis.hu\/baratikor\/wp-json\/wp\/v2\/pages\/2268\/revisions"}],"predecessor-version":[{"id":5148,"href":"https:\/\/semmelweis.hu\/baratikor\/wp-json\/wp\/v2\/pages\/2268\/revisions\/5148"}],"up":[{"embeddable":true,"href":"https:\/\/semmelweis.hu\/baratikor\/wp-json\/wp\/v2\/pages\/347"}],"wp:featuredmedia":[{"embeddable":true,"href":"https:\/\/semmelweis.hu\/baratikor\/wp-json\/wp\/v2\/media\/5457"}],"wp:attachment":[{"href":"https:\/\/semmelweis.hu\/baratikor\/wp-json\/wp\/v2\/media?parent=2268"}],"wp:term":[{"taxonomy":"category","embeddable":true,"href":"https:\/\/semmelweis.hu\/baratikor\/wp-json\/wp\/v2\/categories?post=2268"},{"taxonomy":"post_tag","embeddable":true,"href":"https:\/\/semmelweis.hu\/baratikor\/wp-json\/wp\/v2\/tags?post=2268"}],"curies":[{"name":"wp","href":"https:\/\/api.w.org\/{rel}","templated":true}]}}