{"id":2265,"date":"2023-01-04T15:00:22","date_gmt":"2023-01-04T14:00:22","guid":{"rendered":"https:\/\/semmelweis.hu\/baratikor\/?page_id=2265"},"modified":"2023-10-12T16:49:29","modified_gmt":"2023-10-12T14:49:29","slug":"toth-lajos","status":"publish","type":"page","link":"https:\/\/semmelweis.hu\/baratikor\/galeria\/teljes-nevlista\/toth-lajos\/","title":{"rendered":"T\u00f3th Lajos"},"content":{"rendered":"<p style=\"text-align: justify\"><strong><a href=\"https:\/\/semmelweis.hu\/baratikor\/files\/2023\/07\/Toth-Lajos-1928-318.-X.65.2_jav.jpg\"><img loading=\"lazy\" decoding=\"async\" class=\"alignleft size-medium wp-image-5140\" src=\"https:\/\/semmelweis.hu\/baratikor\/files\/2023\/07\/Toth-Lajos-1928-318.-X.65.2_jav-290x400.jpg\" alt=\"\" width=\"290\" height=\"400\" srcset=\"https:\/\/semmelweis.hu\/baratikor\/files\/2023\/07\/Toth-Lajos-1928-318.-X.65.2_jav-290x400.jpg 290w, https:\/\/semmelweis.hu\/baratikor\/files\/2023\/07\/Toth-Lajos-1928-318.-X.65.2_jav.jpg 724w\" sizes=\"auto, (max-width: 290px) 100vw, 290px\" \/><\/a> (<\/strong><strong>Kisk\u0151r\u00f6s, 1856. j\u00fanius 11.<\/strong><strong> \u2013 Budapest, 1926. december 14.)<\/strong><\/p>\n<p style=\"text-align: justify\"><strong>Tansz\u00e9k: <\/strong>Gy\u00f3gyszertan (helyettes) 1888 &#8211; 1890.<\/p>\n<p style=\"text-align: justify\">Orvosi oklevel\u00e9t Budapesten szerezte 1879. november 29-\u00e9n. 1881-1890 k\u00f6z\u00f6tt a Gy\u00f3gyszertani tansz\u00e9ken tan\u00e1rseg\u00e9dk\u00e9nt m\u0171k\u00f6d\u00f6tt. 1886-ban mag\u00e1ntan\u00e1ri habilit\u00e1ci\u00f3t szerzett az \u00e1ltal\u00e1nos gy\u00f3gyszertan t\u00e1rgyk\u00f6r\u00e9ben. Balogh K\u00e1lm\u00e1n hal\u00e1la ut\u00e1n 1888-ban a kar d\u00e9k\u00e1nja a tansz\u00e9k bet\u00f6lt\u00e9s\u00e9ig, a gy\u00f3gyszertan el\u0151ad\u00e1s\u00e1val helyettesk\u00e9nt T\u00f3th Lajost b\u00edzta meg, aki ekkor m\u00e1r seg\u00e9dfogalmaz\u00f3k\u00e9nt dolgozott a Vall\u00e1s- \u00e9s K\u00f6zoktat\u00e1s\u00fcgyi Miniszt\u00e9riumban. V\u00e9g\u00fcl 1890-ben Kolozsv\u00e1rr\u00f3l B\u00f3kay \u00c1rp\u00e1dot h\u00edvt\u00e1k meg a tansz\u00e9kre, T\u00f3th pedig az \u0151 meg\u00fcr\u00fclt hely\u00e9t kapta meg nyilv\u00e1nos rendes tan\u00e1ri kinevez\u00e9ssel. Kolozsv\u00e1ri \u00e1ll\u00e1s\u00e1t azonban nem foglalhatta el, mert az id\u0151s, m\u00e1r betegesked\u0151 Markusovszky Lajos ragaszkodott miniszt\u00e9riumi munkat\u00e1rs\u00e1hoz, akit ut\u00f3dj\u00e1ul szemelt ki. Hamarosan \u00e1t is vette hely\u00e9t az orvosi \u00fcgyek el\u0151ad\u00f3jak\u00e9nt. Hivatali p\u00e1ly\u00e1ja v\u00e9g\u00e9re \u00e1llamtitk\u00e1ri rangig (1921-1926) emelkedett. Meghat\u00e1roz\u00f3 szerepet j\u00e1tszott a budapesti Orvostudom\u00e1nyi Kar fejleszt\u00e9s\u00e9nek m\u00e1sodik szakasz\u00e1ban, amikor az anat\u00f3miai \u00e9s a k\u00fcls\u0151 klinikai telepek ki\u00e9p\u00edt\u00e9se volt soron. Az I. vil\u00e1gh\u00e1bor\u00fa ut\u00e1n sokat tett a k\u00e9t menek\u00fclt egyetem (Pozsony, Kolozsv\u00e1r) p\u00e9csi \u00e9s szegedi letelep\u00edt\u00e9s\u00e9\u00e9rt, valamint a debrecenivel egy\u00fctt h\u00e1rom vid\u00e9ki orvoskar fejleszt\u00e9s\u00e9\u00e9rt. Az 1888-ban megjelent Magyar Gy\u00f3gyszerk\u00f6nyv (Pharmacopoea Hungarica) II. kiad\u00e1s\u00e1ban Balogh K\u00e1lm\u00e1nnal k\u00f6z\u00f6sen \u0151 \u00edrta a gy\u00f3gyszerismereti r\u00e9szt.<\/p>\n<p style=\"text-align: justify\">1896-t\u00f3l volt tagja a miniszteri tan\u00e1csad\u00f3 test\u00fcletk\u00e9nt m\u0171k\u00f6d\u0151 Orsz\u00e1gos K\u00f6zeg\u00e9szs\u00e9gi Tan\u00e1csnak, melynek 1901-1918 k\u00f6z\u00f6tt jegyz\u0151i tiszt\u00e9t is bet\u00f6lt\u00f6tte. 1910-1921 k\u00f6z\u00f6tt eln\u00f6k\u00f6lte a Magyar Orvosok \u00e9s Term\u00e9szetvizsg\u00e1l\u00f3k T\u00e1rsas\u00e1ga K\u00f6zponti Bizottm\u00e1ny\u00e1t. 1901-t\u0151l tagja volt az Orsz\u00e1gos Igazs\u00e1g\u00fcgyi Tan\u00e1csnak.<\/p>\n<p style=\"text-align: justify\"><strong>F\u0151bb munk\u00e1i:<\/strong> A hevenyfert\u0151z\u0151 betegs\u00e9gek tan\u00e1nak \u00e1talakul\u00e1sa. Bp., 1884.; Orvosi m\u0171sz\u00f3t\u00e1r (Balogh K\u00e1lm\u00e1nnal). Bp., 1886.; K\u00eds\u00e9rletek chloroformnak b\u0151r al\u00e1 fecskendez\u00e9s\u00e9vel. In: Orv. Hetil. 1889.; Ment\u0151 elj\u00e1r\u00e1sok m\u00e9rgez\u00e9sek eseteiben. Bp., 1891.<\/p>\n<p style=\"text-align: justify\"><strong>Nyughelye:<\/strong> Budapest, Fiumei \u00fati temet\u0151 39\/0\/1\/45.<\/p>\n<p><strong><a href=\"https:\/\/semmelweis.hu\/baratikor\/files\/2023\/07\/Toth-Lajos.jpg\"><img loading=\"lazy\" decoding=\"async\" class=\"alignleft size-medium wp-image-5141\" src=\"https:\/\/semmelweis.hu\/baratikor\/files\/2023\/07\/Toth-Lajos-267x400.jpg\" alt=\"\" width=\"267\" height=\"400\" srcset=\"https:\/\/semmelweis.hu\/baratikor\/files\/2023\/07\/Toth-Lajos-267x400.jpg 267w, https:\/\/semmelweis.hu\/baratikor\/files\/2023\/07\/Toth-Lajos.jpg 533w\" sizes=\"auto, (max-width: 267px) 100vw, 267px\" \/><\/a><\/strong><\/p>\n","protected":false},"excerpt":{"rendered":"<p><a href=\"https:\/\/semmelweis.hu\/baratikor\/files\/2023\/07\/Toth-Lajos-1928-318.-X.65.2_jav.jpg\"><\/a> (Kisk\u0151r\u00f6s, 1856. j\u00fanius 11. \u2013 Budapest, 1926. december 14.) Tansz\u00e9k: Gy\u00f3gyszertan (helyettes) 1888 &#8211; 1890. Orvosi oklevel\u00e9t Budapesten szerezte 1879. november 29-\u00e9n. 1881-1890 k\u00f6z\u00f6tt a Gy\u00f3gyszertani tansz\u00e9ken tan\u00e1rseg\u00e9dk\u00e9nt m\u0171k\u00f6d\u00f6tt. 1886-ban mag\u00e1ntan\u00e1ri habilit\u00e1ci\u00f3t szerzett az \u00e1ltal\u00e1nos gy\u00f3gyszertan t\u00e1rgyk\u00f6r\u00e9ben. Balogh K\u00e1lm\u00e1n hal\u00e1la ut\u00e1n 1888-ban a kar d\u00e9k\u00e1nja a tansz\u00e9k bet\u00f6lt\u00e9s\u00e9ig, a gy\u00f3gyszertan el\u0151ad\u00e1s\u00e1val helyettesk\u00e9nt T\u00f3th Lajost b\u00edzta &hellip;<\/p>\n","protected":false},"author":282,"featured_media":5456,"parent":347,"menu_order":0,"comment_status":"closed","ping_status":"closed","template":"template-fullwidth.php","meta":{"_acf_changed":false,"footnotes":""},"categories":[77,14],"tags":[],"class_list":["post-2265","page","type-page","status-publish","has-post-thumbnail","hentry","category-kegyeleti-adattar","category-teljes-nevlista"],"acf":[],"_links":{"self":[{"href":"https:\/\/semmelweis.hu\/baratikor\/wp-json\/wp\/v2\/pages\/2265","targetHints":{"allow":["GET"]}}],"collection":[{"href":"https:\/\/semmelweis.hu\/baratikor\/wp-json\/wp\/v2\/pages"}],"about":[{"href":"https:\/\/semmelweis.hu\/baratikor\/wp-json\/wp\/v2\/types\/page"}],"author":[{"embeddable":true,"href":"https:\/\/semmelweis.hu\/baratikor\/wp-json\/wp\/v2\/users\/282"}],"replies":[{"embeddable":true,"href":"https:\/\/semmelweis.hu\/baratikor\/wp-json\/wp\/v2\/comments?post=2265"}],"version-history":[{"count":3,"href":"https:\/\/semmelweis.hu\/baratikor\/wp-json\/wp\/v2\/pages\/2265\/revisions"}],"predecessor-version":[{"id":5143,"href":"https:\/\/semmelweis.hu\/baratikor\/wp-json\/wp\/v2\/pages\/2265\/revisions\/5143"}],"up":[{"embeddable":true,"href":"https:\/\/semmelweis.hu\/baratikor\/wp-json\/wp\/v2\/pages\/347"}],"wp:featuredmedia":[{"embeddable":true,"href":"https:\/\/semmelweis.hu\/baratikor\/wp-json\/wp\/v2\/media\/5456"}],"wp:attachment":[{"href":"https:\/\/semmelweis.hu\/baratikor\/wp-json\/wp\/v2\/media?parent=2265"}],"wp:term":[{"taxonomy":"category","embeddable":true,"href":"https:\/\/semmelweis.hu\/baratikor\/wp-json\/wp\/v2\/categories?post=2265"},{"taxonomy":"post_tag","embeddable":true,"href":"https:\/\/semmelweis.hu\/baratikor\/wp-json\/wp\/v2\/tags?post=2265"}],"curies":[{"name":"wp","href":"https:\/\/api.w.org\/{rel}","templated":true}]}}