{"id":2257,"date":"2023-01-04T14:53:51","date_gmt":"2023-01-04T13:53:51","guid":{"rendered":"https:\/\/semmelweis.hu\/baratikor\/?page_id=2257"},"modified":"2023-07-17T09:58:11","modified_gmt":"2023-07-17T07:58:11","slug":"takacs-janos","status":"publish","type":"page","link":"https:\/\/semmelweis.hu\/baratikor\/galeria\/teljes-nevlista\/takacs-janos\/","title":{"rendered":"Tak\u00e1cs J\u00e1nos"},"content":{"rendered":"<p style=\"text-align: justify\"><strong><a href=\"https:\/\/semmelweis.hu\/baratikor\/files\/2023\/07\/Takacs-Janos.jpg\"><img loading=\"lazy\" decoding=\"async\" class=\"alignleft size-medium wp-image-5126\" src=\"https:\/\/semmelweis.hu\/baratikor\/files\/2023\/07\/Takacs-Janos-276x400.jpg\" alt=\"\" width=\"276\" height=\"400\" srcset=\"https:\/\/semmelweis.hu\/baratikor\/files\/2023\/07\/Takacs-Janos-276x400.jpg 276w, https:\/\/semmelweis.hu\/baratikor\/files\/2023\/07\/Takacs-Janos.jpg 691w\" sizes=\"auto, (max-width: 276px) 100vw, 276px\" \/><\/a>(Megyeh\u00edd<\/strong><strong>, 1914. m\u00e1jus 15.<\/strong><strong> \u2013 Budapest, 2007. m\u00e1rcius 14.)<\/strong><\/p>\n<p style=\"text-align: justify\"><strong>Tansz\u00e9k: <\/strong>Orosz Lektor\u00e1tus\/Idegennyelvi Lektor\u00e1tus 1951-1980.<\/p>\n<p style=\"text-align: justify\">Vas megyei, 23 holdon gazd\u00e1lkod\u00f3, \u00f6tgyermekes k\u00f6z\u00e9pparaszti csal\u00e1db\u00f3l sz\u00e1rmazott. Anyagi okok miatt az \u00f6t gyermek k\u00f6z\u00fcl csak \u0151 tanulhatott tov\u00e1bb. Szombathelyen \u00e9retts\u00e9gizett 1933-ban. Innen a pannonhalmi Szt. Gell\u00e9rt F\u0151iskol\u00e1ra ker\u00fclt, ahol 2 \u00e9vet v\u00e9gzett el latin-n\u00e9met szakon. 1935-ben a budapesti kir. m. P\u00e1zm\u00e1ny P\u00e9ter Tudom\u00e1nyegyetem B\u00f6lcs\u00e9szettudom\u00e1nyi Kar\u00e1ra iratkozott be, ahol olasz-latin f\u0151szak mellett a n\u00e9metet mell\u00e9kszakk\u00e9nt v\u00e9gezte. Tanulm\u00e1nyai idej\u00e9n az elitk\u00e9pz\u0151nek sz\u00e1m\u00edt\u00f3 E\u00f6tv\u00f6s Koll\u00e9gium tagja volt. 1936-1941 k\u00f6z\u00f6tt \u00f6sszesen kb. 2 \u00e9vet t\u00f6lt\u00f6tt Olaszorsz\u00e1gban, ebb\u0151l 3 f\u00e9l\u00e9vet a r\u00f3mai Studium Urbis-on. V\u00e9gz\u0151s tan\u00e1rjel\u00f6ltk\u00e9nt a pesterzs\u00e9beti Kossuth Gimn\u00e1ziumban dolgozott \u00f3raad\u00f3k\u00e9nt 1939. m\u00e1rcius 3. \u00e9s j\u00fanius 30. k\u00f6z\u00f6tt. 1939. szeptember 25-\u00e9n latin-olasz szakos k\u00f6z\u00e9piskolai tan\u00e1ri diplom\u00e1t kapott, melyet k\u00e9s\u0151bb (1953) orosz szakkal eg\u00e9sz\u00edtett ki. 1939. okt\u00f3ber 11-\u00e9n a szegedi Klauz\u00e1l Gimn\u00e1ziumban helyezkedett el, ahol 1940. december 29-ig tan\u00edtott. Innen a f\u0151v\u00e1rosi IX. ker\u00fcleti F\u00e1y Andr\u00e1s Gimn\u00e1ziumba ker\u00fclt. 1940. december 30. \u00e9s 1947. j\u00fanius 30. k\u00f6z\u00f6tt szolg\u00e1lt itt. K\u00f6zben, 1943. december 18-\u00e1n b\u00f6lcs\u00e9szdoktor\u00e1tust szerzett. Az 1944. \u00e9v folyam\u00e1n katonai szolg\u00e1latot teljes\u00edtett az I. hely\u0151rs\u00e9gi k\u00f3rh\u00e1z t\u00e1bori k\u00f3rh\u00e1z\u00e1n\u00e1l, f\u00e9l \u00e9vet az ukrajnai fronton, f\u00e9l \u00e9vet Budapesten. 1947. j\u00falius 1-j\u00e9n ker\u00fclt a Szent Imre Gimn\u00e1ziumba, melyet egy \u00e9v m\u00falt\u00e1n J\u00f3zsef Attila Gimn\u00e1ziumra neveztek \u00e1t. Innen a budapesti Orvostudom\u00e1nyi Kar \u00f6n\u00e1ll\u00f3v\u00e1 v\u00e1l\u00e1sa napj\u00e1n, 1951. febru\u00e1r 1-j\u00e9n ker\u00fclt \u00e1t a BOTE Orosz Lektor\u00e1tusa \u00e9l\u00e9re vezet\u0151 nyelvtan\u00e1ri beoszt\u00e1sba, noha ekkor az orosz szakon m\u00e9g csak a m\u00e1sod\u00e9vet v\u00e9gezte a Lenin Int\u00e9zet esti tagozat\u00e1n.<\/p>\n<p style=\"text-align: justify\">Vezet\u0151 nyelvtan\u00e1ri munk\u00e1ss\u00e1ga els\u0151 10 \u00e9ve sor\u00e1n az orosz mellett m\u00e1sik 6 idegen nyelv oktat\u00e1s\u00e1t siker\u00fclt megszerveznie, \u00edgy a tansz\u00e9k Idegennyelvi Lektor\u00e1tuss\u00e1 fejl\u0151d\u00f6tt. K\u00fcl\u00f6n\u00f6s s\u00falyt fektetett arra, hogy munkat\u00e1rsaival megfelel\u0151 nyelvi jegyzetekkel l\u00e1ss\u00e1k el hallgat\u00f3ikat.<\/p>\n<p style=\"text-align: justify\">1945 m\u00e1jus\u00e1ban bel\u00e9pett a Szoci\u00e1ldemokrata P\u00e1rtba, de m\u00e1r okt\u00f3berben elmaradt a p\u00e1rtt\u00f3l. Ett\u0151l kezdve semmilyen politikai p\u00e1rthoz nem csatlakozott. Szint\u00e9n 1945 m\u00e1jus\u00e1ban lett tagja a Pedag\u00f3gusok Szabad Szakszervezet\u00e9nek, majd 1952-ben \u00e1tl\u00e9pett az Orvostudom\u00e1nyi Egyetem Szakszervezet\u00e9be. Hossz\u00fa ideig dolgozott az Orsz\u00e1gos Nyelvi M\u00f3dszertani Bizotts\u00e1gban. Tagja, majd eln\u00f6ke volt az egyetem Koll\u00e9giumi Bizotts\u00e1g\u00e1nak.<\/p>\n<p style=\"text-align: justify\">1960-ban \u00e9s 1969-ben Miniszteri dics\u00e9retben r\u00e9szes\u00fclt, 1974-ben a Munka \u00c9rdemrend arany fokozat\u00e1val t\u00fcntett\u00e9k ki.<\/p>\n<p style=\"text-align: justify\"><strong>F\u0151bb munk\u00e1i:<\/strong> Egys\u00e9ges latin nyelvk\u00f6nyv gy\u00f3gyszer\u00e9szhallgat\u00f3k r\u00e9sz\u00e9re. Bp., 1975-t\u0151l t\u00f6bb kiad\u00e1s; Egys\u00e9ges orvosi latin nyelvk\u00f6nyv I. \u00e9ves \u00e1ltal\u00e1nos orvos-, fogorvostanhallgat\u00f3k r\u00e9sz\u00e9re. SOTE, Bp., 1982-t\u0151l t\u00f6bb kiad\u00e1s; Egys\u00e9ges orosz nyelvi jegyzet I. \u00e9ves \u00e1ltal\u00e1nos \u00e9s fogorvostanhallgat\u00f3k r\u00e9sz\u00e9re (Mihalek Lajosn\u00e9val). Bp., 1984.<\/p>\n<p style=\"text-align: justify\"><strong>Nyughelye:<\/strong> Magyar Szentek Temploma\/L\u00e1gym\u00e1nyosi templom egyetemi negyed.<\/p>\n","protected":false},"excerpt":{"rendered":"<p><a href=\"https:\/\/semmelweis.hu\/baratikor\/files\/2023\/07\/Takacs-Janos.jpg\"><\/a> (Megyeh\u00edd, 1914. m\u00e1jus 15. \u2013 Budapest, 2007. m\u00e1rcius 14.) Tansz\u00e9k: Orosz Lektor\u00e1tus\/Idegennyelvi Lektor\u00e1tus 1951-1980. Vas megyei, 23 holdon gazd\u00e1lkod\u00f3, \u00f6tgyermekes k\u00f6z\u00e9pparaszti csal\u00e1db\u00f3l sz\u00e1rmazott. Anyagi okok miatt az \u00f6t gyermek k\u00f6z\u00fcl csak \u0151 tanulhatott tov\u00e1bb. Szombathelyen \u00e9retts\u00e9gizett 1933-ban. Innen a pannonhalmi Szt. Gell\u00e9rt F\u0151iskol\u00e1ra ker\u00fclt, ahol 2 \u00e9vet v\u00e9gzett el latin-n\u00e9met szakon. 1935-ben a budapesti kir. &hellip;<\/p>\n","protected":false},"author":282,"featured_media":5128,"parent":347,"menu_order":0,"comment_status":"closed","ping_status":"closed","template":"template-fullwidth.php","meta":{"_acf_changed":false,"footnotes":""},"categories":[77,14],"tags":[],"class_list":["post-2257","page","type-page","status-publish","has-post-thumbnail","hentry","category-kegyeleti-adattar","category-teljes-nevlista"],"acf":[],"_links":{"self":[{"href":"https:\/\/semmelweis.hu\/baratikor\/wp-json\/wp\/v2\/pages\/2257","targetHints":{"allow":["GET"]}}],"collection":[{"href":"https:\/\/semmelweis.hu\/baratikor\/wp-json\/wp\/v2\/pages"}],"about":[{"href":"https:\/\/semmelweis.hu\/baratikor\/wp-json\/wp\/v2\/types\/page"}],"author":[{"embeddable":true,"href":"https:\/\/semmelweis.hu\/baratikor\/wp-json\/wp\/v2\/users\/282"}],"replies":[{"embeddable":true,"href":"https:\/\/semmelweis.hu\/baratikor\/wp-json\/wp\/v2\/comments?post=2257"}],"version-history":[{"count":2,"href":"https:\/\/semmelweis.hu\/baratikor\/wp-json\/wp\/v2\/pages\/2257\/revisions"}],"predecessor-version":[{"id":5127,"href":"https:\/\/semmelweis.hu\/baratikor\/wp-json\/wp\/v2\/pages\/2257\/revisions\/5127"}],"up":[{"embeddable":true,"href":"https:\/\/semmelweis.hu\/baratikor\/wp-json\/wp\/v2\/pages\/347"}],"wp:featuredmedia":[{"embeddable":true,"href":"https:\/\/semmelweis.hu\/baratikor\/wp-json\/wp\/v2\/media\/5128"}],"wp:attachment":[{"href":"https:\/\/semmelweis.hu\/baratikor\/wp-json\/wp\/v2\/media?parent=2257"}],"wp:term":[{"taxonomy":"category","embeddable":true,"href":"https:\/\/semmelweis.hu\/baratikor\/wp-json\/wp\/v2\/categories?post=2257"},{"taxonomy":"post_tag","embeddable":true,"href":"https:\/\/semmelweis.hu\/baratikor\/wp-json\/wp\/v2\/tags?post=2257"}],"curies":[{"name":"wp","href":"https:\/\/api.w.org\/{rel}","templated":true}]}}