{"id":2255,"date":"2023-01-04T14:52:04","date_gmt":"2023-01-04T13:52:04","guid":{"rendered":"https:\/\/semmelweis.hu\/baratikor\/?page_id=2255"},"modified":"2023-10-12T15:56:49","modified_gmt":"2023-10-12T13:56:49","slug":"sandor-pal","status":"publish","type":"page","link":"https:\/\/semmelweis.hu\/baratikor\/galeria\/teljes-nevlista\/sandor-pal\/","title":{"rendered":"S\u00e1ndor P\u00e1l"},"content":{"rendered":"<p style=\"text-align: justify\"><strong> <a href=\"https:\/\/semmelweis.hu\/baratikor\/files\/2023\/07\/Sandor-Pal-49.a-IV-1..jpg\"><img loading=\"lazy\" decoding=\"async\" class=\"alignleft size-medium wp-image-5016\" src=\"https:\/\/semmelweis.hu\/baratikor\/files\/2023\/07\/Sandor-Pal-49.a-IV-1.-282x400.jpg\" alt=\"\" width=\"282\" height=\"400\" srcset=\"https:\/\/semmelweis.hu\/baratikor\/files\/2023\/07\/Sandor-Pal-49.a-IV-1.-282x400.jpg 282w, https:\/\/semmelweis.hu\/baratikor\/files\/2023\/07\/Sandor-Pal-49.a-IV-1..jpg 704w\" sizes=\"auto, (max-width: 282px) 100vw, 282px\" \/><\/a>(Szolnok<\/strong><strong>, 1901. \u00e1prilis 1.<\/strong><strong> \u2013 Budapest, 1972. febru\u00e1r 22.)<\/strong><\/p>\n<p style=\"text-align: justify\"><strong>Tansz\u00e9k:<\/strong> Marxizmus-leninizmus Tansz\u00e9k 1957-1959.<\/p>\n<p style=\"text-align: justify\">\u00c9desapja szolnoki v\u00e1rosi p\u00e9nzt\u00e1rtisztk\u00e9nt dolgozott. S\u00e1ndor P\u00e1l 17 \u00e9vesen kapcsol\u00f3dott be a munk\u00e1smozgalomba, mely eg\u00e9sz tov\u00e1bbi \u00e9let\u00e9t meghat\u00e1rozta. 1919-ben felvett\u00e9k a KMP-be. A Tan\u00e1csk\u00f6zt\u00e1rsas\u00e1g idej\u00e9n a KIMSZ szolnoki vezet\u0151jek\u00e9nt m\u0171k\u00f6d\u00f6tt. A prolet\u00e1rdiktat\u00fara buk\u00e1sa ut\u00e1n letart\u00f3ztatt\u00e1k, majd \u00e1tmenetileg szabadl\u00e1bra helyezt\u00e9k. 1921-ben kiv\u00e1ndorolt B\u00e9csbe \u00e9s az ottani egyetemen 1925-ig filoz\u00f3fi\u00e1t hallgatott, illetve diplom\u00e1t szerzett. K\u00f6zben r\u00e9szt vett a KMP b\u00e9csi szervezetei tev\u00e9kenys\u00e9g\u00e9ben, egyidej\u0171leg bel\u00e9pett az Osztr\u00e1k Kommunista P\u00e1rtba, ahol az ifj\u00famunk\u00e1s csoportban v\u00e1llalt szerepet. 1925-1927 k\u00f6z\u00f6tt \u00fajs\u00e1g\u00edr\u00f3k\u00e9nt dolgozott. 1927-ben p\u00e1rtutas\u00edt\u00e1sra visszat\u00e9rt Magyarorsz\u00e1gra, mag\u00e1ntisztvisel\u0151k\u00e9nt dolgozott \u00e9s bel\u00e9pett az enged\u00e9llyel m\u0171k\u00f6d\u0151, V\u00e1gi Istv\u00e1n vezette MSZMP-be, ami val\u00f3j\u00e1ban a KMP fed\u0151szerve volt. 1929-1930 k\u00f6z\u00f6tt n\u00e9h\u00e1ny h\u00f3napig r\u00e9szt vett a Kommunista c. lap szerkeszt\u00e9s\u00e9ben, majd annak betilt\u00e1sa ut\u00e1n 1933-ig a T\u00e1rsadalmi Szemle felel\u0151s szerkeszt\u0151jek\u00e9nt tev\u00e9kenykedett tov\u00e1bb. K\u00fcl\u00f6nb\u00f6z\u0151 \u00edr\u00f3i \u00e1lneveken (\u00f6sszesen 17 k\u00f6thet\u0151 hozz\u00e1) ponyvareg\u00e9nyeket \u00edrt \u00e9s ford\u00edt\u00e1sokat (Kant, Dos Passos, Hegel, Upton Sinclair, A. Tolsztoj, Gorkij stb.) jelentetett meg, ut\u00f3bbiakat r\u00e9szben az Eur\u00f3pa K\u00f6nyvt\u00e1r sorozatban. Egyes kutat\u00e1si eredm\u00e9nyek szerint \u0151 lehetett J\u00f3zsef Attila kommunista p\u00e1rtbeli fels\u0151bb kapcsolata, aki szerepet j\u00e1tszott a k\u00f6lt\u0151 kiz\u00e1r\u00e1s\u00e1ban. A h\u00e1bor\u00fa idej\u00e9n tagja volt a Magyar T\u00f6rt\u00e9nelmi Eml\u00e9kbizotts\u00e1gnak, t\u00f6bbsz\u00f6r letart\u00f3ztatt\u00e1k, 1944-ben bujk\u00e1lni k\u00e9nyszer\u00fclt. 1945-ben az MKP II. ker\u00fcleti szervezet\u00e9nek titk\u00e1ra, a Szabad N\u00e9p \u00e9s a Gazdas\u00e1g c. foly\u00f3irat szerkeszt\u0151je volt. 1950-ben letart\u00f3ztatt\u00e1k, 1954-ben rehabilit\u00e1lt\u00e1k. M\u00e9g ebben az \u00e9vben az Orsz\u00e1gos Ford\u00edt\u00f3 Iroda igazgat\u00f3j\u00e1v\u00e1 nevezt\u00e9k ki. 1956 v\u00e9g\u00e9n tev\u00e9kenyen r\u00e9szt vett az MSZMP n\u00e9ven \u00fajj\u00e1alakul\u00f3 \u00e1llamp\u00e1rt szervez\u00e9s\u00e9ben, majd az V. ker\u00fcleti p\u00e1rtbizotts\u00e1g eln\u00f6ke lett. 1957-ben b\u00edzt\u00e1k r\u00e1 a BOTE Marxizmus-leninizmus Tansz\u00e9k\u00e9nek ir\u00e1ny\u00edt\u00e1s\u00e1t, amit 1959-ig l\u00e1tott el. Ekkor megkapta az ELTE Filoz\u00f3fiai Tansz\u00e9k\u00e9t, ahol hal\u00e1l\u00e1ig m\u0171k\u00f6d\u00f6tt.<\/p>\n<p style=\"text-align: justify\"><strong>F\u0151bb munk\u00e1i:<\/strong> Marx vagy Hendrik de Man. Bp., 1934.; Fasiszta munkak\u00f3dexek. Korunk k\u00f6nyvei sorozat. 1934.; A t\u00f6rt\u00e9nelmi materializmus t\u00f6rt\u00e9nete. Bp., 1938.; Filoz\u00f3fiai lexikon 1-6. Bp., 1941.; A dialektika t\u00f6rt\u00e9nete. Bp., 1943.; A term\u00e9szettudom\u00e1nyok fejl\u0151d\u00e9se a Szovjetuni\u00f3ban. Faust Imre K\u00f6nyvkiad\u00f3, Bp., 1945.; Arisztotel\u00e9sz logik\u00e1ja. Bp., 1958.; A filoz\u00f3fia t\u00f6rt\u00e9nete. 1. k\u00f6t. A Marx el\u0151tti filoz\u00f3fia, 2. k\u00f6t. Marxt\u00f3l Leninig, 3. k\u00f6t. Lenint\u0151l napjainkig. Akad\u00e9miai, Bp., 1965.; Henri Bergson filoz\u00f3fi\u00e1ja. Bp., 1967.; A k\u00e9t frankfurti iskola. Bp., 1972.; A magyar filoz\u00f3fia t\u00f6rt\u00e9nete 1900-1945, 1-2. k\u00f6tet. Magvet\u0151, Bp., 1973.<\/p>\n<p style=\"text-align: justify\"><strong>Nyughelye:<\/strong> Fiumei \u00fati temet\u0151 30-2\/0\/1\/41.<\/p>\n<p><strong><a href=\"https:\/\/semmelweis.hu\/baratikor\/files\/2023\/07\/Sandor-Pal.jpg\"><img loading=\"lazy\" decoding=\"async\" class=\"alignleft size-medium wp-image-5015\" src=\"https:\/\/semmelweis.hu\/baratikor\/files\/2023\/07\/Sandor-Pal-268x400.jpg\" alt=\"\" width=\"268\" height=\"400\" srcset=\"https:\/\/semmelweis.hu\/baratikor\/files\/2023\/07\/Sandor-Pal-268x400.jpg 268w, https:\/\/semmelweis.hu\/baratikor\/files\/2023\/07\/Sandor-Pal.jpg 487w\" sizes=\"auto, (max-width: 268px) 100vw, 268px\" \/><\/a><\/strong><\/p>\n","protected":false},"excerpt":{"rendered":"<p><a href=\"https:\/\/semmelweis.hu\/baratikor\/files\/2023\/07\/Sandor-Pal-49.a-IV-1..jpg\"><\/a> (Szolnok, 1901. \u00e1prilis 1. \u2013 Budapest, 1972. febru\u00e1r 22.) Tansz\u00e9k: Marxizmus-leninizmus Tansz\u00e9k 1957-1959. \u00c9desapja szolnoki v\u00e1rosi p\u00e9nzt\u00e1rtisztk\u00e9nt dolgozott. S\u00e1ndor P\u00e1l 17 \u00e9vesen kapcsol\u00f3dott be a munk\u00e1smozgalomba, mely eg\u00e9sz tov\u00e1bbi \u00e9let\u00e9t meghat\u00e1rozta. 1919-ben felvett\u00e9k a KMP-be. A Tan\u00e1csk\u00f6zt\u00e1rsas\u00e1g idej\u00e9n a KIMSZ szolnoki vezet\u0151jek\u00e9nt m\u0171k\u00f6d\u00f6tt. A prolet\u00e1rdiktat\u00fara buk\u00e1sa ut\u00e1n letart\u00f3ztatt\u00e1k, majd \u00e1tmenetileg szabadl\u00e1bra helyezt\u00e9k. 1921-ben kiv\u00e1ndorolt B\u00e9csbe &hellip;<\/p>\n","protected":false},"author":282,"featured_media":5438,"parent":347,"menu_order":0,"comment_status":"closed","ping_status":"closed","template":"template-fullwidth.php","meta":{"_acf_changed":false,"footnotes":""},"categories":[77,14],"tags":[],"class_list":["post-2255","page","type-page","status-publish","has-post-thumbnail","hentry","category-kegyeleti-adattar","category-teljes-nevlista"],"acf":[],"_links":{"self":[{"href":"https:\/\/semmelweis.hu\/baratikor\/wp-json\/wp\/v2\/pages\/2255","targetHints":{"allow":["GET"]}}],"collection":[{"href":"https:\/\/semmelweis.hu\/baratikor\/wp-json\/wp\/v2\/pages"}],"about":[{"href":"https:\/\/semmelweis.hu\/baratikor\/wp-json\/wp\/v2\/types\/page"}],"author":[{"embeddable":true,"href":"https:\/\/semmelweis.hu\/baratikor\/wp-json\/wp\/v2\/users\/282"}],"replies":[{"embeddable":true,"href":"https:\/\/semmelweis.hu\/baratikor\/wp-json\/wp\/v2\/comments?post=2255"}],"version-history":[{"count":2,"href":"https:\/\/semmelweis.hu\/baratikor\/wp-json\/wp\/v2\/pages\/2255\/revisions"}],"predecessor-version":[{"id":5017,"href":"https:\/\/semmelweis.hu\/baratikor\/wp-json\/wp\/v2\/pages\/2255\/revisions\/5017"}],"up":[{"embeddable":true,"href":"https:\/\/semmelweis.hu\/baratikor\/wp-json\/wp\/v2\/pages\/347"}],"wp:featuredmedia":[{"embeddable":true,"href":"https:\/\/semmelweis.hu\/baratikor\/wp-json\/wp\/v2\/media\/5438"}],"wp:attachment":[{"href":"https:\/\/semmelweis.hu\/baratikor\/wp-json\/wp\/v2\/media?parent=2255"}],"wp:term":[{"taxonomy":"category","embeddable":true,"href":"https:\/\/semmelweis.hu\/baratikor\/wp-json\/wp\/v2\/categories?post=2255"},{"taxonomy":"post_tag","embeddable":true,"href":"https:\/\/semmelweis.hu\/baratikor\/wp-json\/wp\/v2\/tags?post=2255"}],"curies":[{"name":"wp","href":"https:\/\/api.w.org\/{rel}","templated":true}]}}