{"id":2236,"date":"2023-01-04T14:37:51","date_gmt":"2023-01-04T13:37:51","guid":{"rendered":"https:\/\/semmelweis.hu\/baratikor\/?page_id=2236"},"modified":"2023-10-12T16:41:42","modified_gmt":"2023-10-12T14:41:42","slug":"szende-bela","status":"publish","type":"page","link":"https:\/\/semmelweis.hu\/baratikor\/galeria\/teljes-nevlista\/szende-bela\/","title":{"rendered":"Szende B\u00e9la"},"content":{"rendered":"<p style=\"text-align: justify\"><strong><a href=\"https:\/\/semmelweis.hu\/baratikor\/galeria\/teljes-nevlista\/szende-bela\/136_11\/\" rel=\"attachment wp-att-2237\"><img loading=\"lazy\" decoding=\"async\" class=\"alignleft size-full wp-image-2237\" src=\"https:\/\/semmelweis.hu\/baratikor\/files\/2023\/01\/136_11.jpg\" alt=\"\" width=\"295\" height=\"370\" \/><\/a>(<\/strong><strong>Budapest, 1936. j\u00falius 27.<\/strong><strong> \u2013 Budapest, 2019. j\u00fanius 27.)<\/strong><\/p>\n<p style=\"text-align: justify\"><strong>Tansz\u00e9k: <\/strong>I. sz. Pathol\u00f3giai \u00e9s K\u00eds\u00e9rleti R\u00e1kkutat\u00f3 Int\u00e9zet 1993. j\u00falius 1. &#8211; 2001. j\u00fanius 30.<\/p>\n<p style=\"text-align: justify\">Orvoscsal\u00e1db\u00f3l sz\u00e1rmazott, \u00e9desapja k\u00f3rh\u00e1zi f\u0151orvos, \u00e9desanyja fogszakorvos volt. 1954-ben \u00e9retts\u00e9gizett a budapesti V\u00f6r\u00f6smarty Gimn\u00e1ziumban, majd felvett\u00e9k a BOTE \u00c1ltal\u00e1nos Orvosi Kar\u00e1ra. 1960. okt\u00f3ber 1-j\u00e9n summa cum laude min\u0151s\u00edt\u00e9ssel szerzett oklevelet. 1957-t\u0151l dolgozott az I. sz. K\u00f3rbonctani \u00e9s K\u00eds\u00e9rleti R\u00e1kkutat\u00f3 Int\u00e9zetben, kezdetben TDK-tagk\u00e9nt, k\u00e9s\u0151bb demonstr\u00e1tor min\u0151s\u00e9gben. V\u00e9gz\u00e9se ut\u00e1n k\u00f6zponti gyakornokk\u00e9nt foglalkoztatt\u00e1k, k\u00f6zben f\u00e9l \u00e9ves sorkatonai szolg\u00e1latot teljes\u00edtett a K\u00f6zponti Honv\u00e9d K\u00f3rh\u00e1zban. 1962 okt\u00f3ber\u00e9t\u0151l egyetemi gyakornok, 1963 janu\u00e1rj\u00e1t\u00f3l egyetemi tan\u00e1rseg\u00e9d lett. 1963-ban jeles eredm\u00e9ny\u0171 szakvizsg\u00e1t tett k\u00f3rbonctanb\u00f3l \u00e9s k\u00f3rsz\u00f6vettanb\u00f3l. 1968-1975 k\u00f6z\u00f6tt az int\u00e9zet szakszervezeti megb\u00edzotti feladatait is ell\u00e1tta, k\u00e9s\u0151bb a szakszervezeti vezet\u0151s\u00e9gben kapott feladatot. 1970. m\u00e1jus 1-t\u0151l adjunktusk\u00e9nt dolgozott tov\u00e1bb, 1975. j\u00falius 1-j\u00e9n docensi kinevez\u00e9st nyert. 1971 okt\u00f3ber\u00e9t\u0151l 1972 okt\u00f3berig tanulm\u00e1ny\u00faton j\u00e1rt Manchesterben a Christie Hospital and Holt Radium Institute, Lajtha L\u00e1szl\u00f3 vezette Paterson Laborat\u00f3rium\u00e1ban, ahol a sz\u00f6vetteny\u00e9szeti munk\u00e1ban m\u00e9lyedt el. T\u00f6bb \u00e9ven \u00e1t l\u00e1tta el az int\u00e9zet TDK-felel\u0151si feladatait, 1973-t\u00f3l igazgat\u00f3helyettes is volt. 1974. febru\u00e1r 18-\u00e1n kandid\u00e1tusi fokozatot szerzett. 1974-ben az MTA-E\u00fc. Min. Pathol\u00f3giai Bizotts\u00e1g\u00e1nak titk\u00e1ra lett. 1975-ben elv\u00e9gezte a Marxizmus-leninizmus Esti Egyetem etika szakos\u00edt\u00f3 tagozat\u00e1t. Ebben az \u00e9vben csatlakozott az MSZMP-hez. 1982. \u00e1prilis 26-\u00e1n elnyerte az orvostudom\u00e1nyok doktora fokozatot. 1982-ben egyetemi tan\u00e1ri kinevez\u00e9st kapott. 1987 \u00f3ta n\u00e9met, 1989 \u00f3ta angol nyelven is tartott el\u0151ad\u00e1sokat. 1988\/89-ben egy \u00e9vet t\u00f6lt\u00f6tt vend\u00e9gprofesszork\u00e9nt a New Orleans-i Tulane Egyetemen, a Nobel-d\u00edjas (1977) Andrew Victor Schally int\u00e9zet\u00e9ben. 1993. j\u00falius 1-j\u00e9n tansz\u00e9kvezet\u0151i, \u00f6t \u00e9vvel k\u00e9s\u0151bb igazgat\u00f3i kinevez\u00e9st kapott int\u00e9zete \u00e9l\u00e9re, mely feladatot nyug\u00e1llom\u00e1nyba vonul\u00e1s\u00e1ig l\u00e1tott el. 1995-2001 k\u00f6z\u00f6tt vezette az MTA-EKSZ Molekul\u00e1ris Patol\u00f3giai Kutat\u00f3csoportj\u00e1t.<\/p>\n<p style=\"text-align: justify\">Munk\u00e1ss\u00e1ga sor\u00e1n \u201ekidolgozta a boncjegyz\u0151k\u00f6nyvek r\u00f6gz\u00edt\u00e9s\u00e9nek \u00e9s t\u00e1rol\u00e1s\u00e1nak m\u00f3dszer\u00e9t, melyhez diagn\u00f3zisgy\u0171jtem\u00e9nyt szerkesztett. Moln\u00e1r B\u00e9l\u00e1val egy\u00fctt, m\u00e1r tansz\u00e9kvezet\u0151k\u00e9nt \u0151 fektette le a digit\u00e1lis patol\u00f3gia alapjait. Tanulm\u00e1nyozta egyes aminosavak hat\u00e1s\u00e1t k\u00eds\u00e9rleti \u00e1llatok daganatainak n\u00f6veked\u00e9s\u00e9re. Meg\u00e1llap\u00edtotta, hogy ugyanazon aminosav D \u00e9s L form\u00e1ja ellent\u00e9tesen befoly\u00e1solja egyes daganatfajt\u00e1k n\u00f6veked\u00e9s\u00e9t. Ebb\u0151l a t\u00e1rgyk\u00f6rb\u0151l v\u00e9dte meg kandid\u00e1tusi \u00e9rtekez\u00e9s\u00e9t 1974-ben. A k\u00e9s\u0151bbiekben felt\u00e1rta a methylezett lysin sz\u00e1rmaz\u00e9kok biol\u00f3giai hat\u00e1sait, mely munka k\u00e9pezte az alapj\u00e1t az 1982-ben megv\u00e9dett doktori \u00e9rtekez\u00e9s\u00e9nek. A peptidek k\u00f6z\u00fcl els\u0151sorban a thymopoetin fragmenseinek immunstimul\u00e1ns hat\u00e1s\u00e1t tanulm\u00e1nyozta, \u00e9s nagyban hozz\u00e1j\u00e1rult ahhoz, hogy k\u00e9t ilyen sz\u00e1rmaz\u00e9k m\u00e1r klinikai kipr\u00f3b\u00e1l\u00e1s alatt \u00e1ll. Schally professzor int\u00e9zet\u00e9ben LHRH antagonist\u00e1k \u00e9s agonist\u00e1k, valamint somatostatin sz\u00e1rmaz\u00e9kok daganatn\u00f6veked\u00e9st g\u00e1tl\u00f3 hat\u00e1s\u00e1t tanulm\u00e1nyozta. Els\u0151k\u00e9nt mutatta ki, hogy ezek a peptidek a programozott sejthal\u00e1l induk\u00e1l\u00e1sa r\u00e9v\u00e9n fejtik ki hat\u00e1sukat, a daganatsejtekben tal\u00e1lhat\u00f3 receptorokon kereszt\u00fcl. Behat\u00f3an foglalkozott t\u00f6bb emberi daganatban el\u0151fordul\u00f3 spont\u00e1n \u00e9s induk\u00e1lhat\u00f3 apoptosis m\u00e9rt\u00e9k\u00e9vel \u00e9s ezek prognosztikai jelent\u0151s\u00e9g\u00e9vel. A fentieken k\u00edv\u00fcl foglalkozott a kis energi\u00e1j\u00fa l\u00e9zersugarak biol\u00f3giai hat\u00e1s\u00e1val \u00e9s els\u0151k\u00e9nt ismertette ezek sejtprolifer\u00e1ci\u00f3t fokoz\u00f3 hat\u00e1s\u00e1t. R\u00e1mutatott a glycosamin tartalm\u00fa mesenchymalis sejtek jelent\u0151s\u00e9g\u00e9re a m\u00e1jcirrhosis kialakul\u00e1s\u00e1ban. Els\u0151k\u00e9nt \u00edrta le a PVC porbel\u00e9gz\u00e9s \u00e1ltal kiv\u00e1ltott emberi k\u00f3rk\u00e9pet. Az int\u00e9zetben onkol\u00f3gus seb\u00e9sszel egy\u00fcttm\u0171k\u00f6dve a mediastinum tumorai \u00e9s pseudotumorainak patol\u00f3gi\u00e1j\u00e1t eur\u00f3pai vonatkoz\u00e1sban is jelent\u0151s anyagon tanulm\u00e1nyozt\u00e1k, melynek eredm\u00e9ny\u00e9t, A mediastinum tumorai \u00e9s pseudotumorai c\u00edm\u0171 k\u00f6nyvben ismertett\u00e9k (Beszny\u00e1k-Szende-Lapis).\u201d A Magyar Orvosi Kamara keret\u00e9ben jelent\u0151s munk\u00e1t v\u00e9gzett az etikai k\u00f3dex kidolgoz\u00e1s\u00e1ban.<\/p>\n<p style=\"text-align: justify\">Sz\u00e1mos szakmai t\u00e1rsas\u00e1gnak volt tagja: Royal Society of Medicine (1969), European Association for Cancer Research, European Society of Pathology, International Academy of Pathology, Nagy-Britannia \u00e9s \u00cdrorsz\u00e1g Pathol\u00f3gus T\u00e1rsas\u00e1ga, Magyar Gastroenterol\u00f3gus T\u00e1rsas\u00e1g, Magyar Oktat\u00e1stechnikai T\u00e1rsas\u00e1g. A Magyar Gyermekgy\u00f3gy\u00e1sz T\u00e1rsas\u00e1g Gyermekonkol\u00f3giai szekci\u00f3j\u00e1nak vezet\u0151s\u00e9gi tagja, a Magyar Pathol\u00f3gusok T\u00e1rsas\u00e1g\u00e1nak f\u0151titk\u00e1ra (1981-1990), a Patol\u00f3gus Szakmai Koll\u00e9gium eln\u00f6ke (1995-2000), az MTA Orvosi Diagnosztikai \u00e9s Tudom\u00e1nyos Bizotts\u00e1g titk\u00e1ra \u00e9s a Magyar Onkol\u00f3gusok T\u00e1rsas\u00e1g\u00e1nak vezet\u0151s\u00e9gi tagja. Kurat\u00f3riumi eln\u00f6ke volt a Tumor-leuk\u00e9mi\u00e1s Gyermekek\u00e9rt Alap\u00edtv\u00e1nynak.<\/p>\n<p style=\"text-align: justify\">Szerkeszt\u0151bizotts\u00e1gi tagja volt a Lege Artis Medicinae, az Acta Morphologica, az American Journal of Surgical Pathology, a Pathology, Oncology and Research, a JAMA magyar kiad\u00e1sa, a Medical Science Monitor, a Journal of Medicine and Biochemistry, a Pathology Research and Practice, valamint a Cellular and Molecular Medicine c. szaklapoknak.<\/p>\n<p style=\"text-align: justify\">P\u00e1ly\u00e1ja sor\u00e1n az al\u00e1bbi elismer\u00e9sekkel tisztelt\u00e9k meg: Akad\u00e9miai eml\u00e9k\u00e9rem (1975), Oktat\u00e1s\u00fcgy Kiv\u00e1l\u00f3 Dolgoz\u00f3ja (1976), Munka \u00c9rdemrend ez\u00fcst fokozata (1985), Miniszteri dics\u00e9ret (1989), Huzella Tivadar-eml\u00e9k\u00e9rem (1991), Bal\u00f3 J\u00f3zsef-eml\u00e9k\u00e9rem (1994), LAM-d\u00edj (1997), Novicardin-d\u00edj (1997), Orvosi Hetilap Markusovszky Lajos-d\u00edj (2000), Pro Universitate d\u00edj (2001), Genersich Antal-d\u00edj (2001), Ipolyi Arnold-d\u00edj (2006), Magyar K\u00f6zt\u00e1rsas\u00e1gi \u00c9rdemrend Lovagkeresztje (2006)<\/p>\n<p style=\"text-align: justify\"><strong>F\u0151bb munk\u00e1i:<\/strong> Az aminosav-t\u00faladagol\u00e1s \u00e9s a daganatn\u00f6veked\u00e9s n\u00e9h\u00e1ny \u00f6sszef\u00fcgg\u00e9s\u00e9nek k\u00eds\u00e9rletes vizsg\u00e1lata. Kandid\u00e1tusi \u00e9rtekez\u00e9s. MTA TMB, Bp., 1973.; A sejtszaporod\u00e1s serkent\u00e9s\u00e9nek lehet\u0151s\u00e9gei, form\u00e1i \u00e9s gyakorlati jelent\u0151s\u00e9ge. Doktori \u00e9rtekez\u00e9s. Bp., 1980.; A mediastinum tumorai \u00e9s pseudotumorai (Beszny\u00e1k Istv\u00e1nnal \u00e9s Lapis K\u00e1rollyal). Bp., 1985.; Pathol\u00f3giai gyakorlatok (K\u00e1d\u00e1r Ann\u00e1val). Bp., 1994.; Bevezet\u00e9s a hisztopathol\u00f3gi\u00e1ba (Suba Zsuzsann\u00e1val). Bp., 1999., 2005., angolul 1999.; Pathologia (szerk.). Egyetemi tank\u00f6nyv. Bp., 1999.; Klinikopatol\u00f3giai esettanulm\u00e1nyok. Bp., 2003.; Pathologia Hungarica in nummis (Csoma M\u00e1ri\u00e1val). Bp., 2010.; Aere Perennius \u2013 \u00c9rcn\u00e9l maradand\u00f3bb. Magyar orvosok, akiknek nev\u00e9t alkot\u00e1saik \u0151rzik (Szab\u00f3 Katalinnal). Bp., 2018.<\/p>\n<p style=\"text-align: justify\"><strong>Nyughelye:<\/strong> Budapest, \u00d3budai temet\u0151.<\/p>\n<p style=\"text-align: justify\">(Az id\u00e9zet forr\u00e1sa Lapis K\u00e1roly \u00e9s Zalatnai Attila megeml\u00e9kez\u00e9se Szende B\u00e9l\u00e1r\u00f3l: <a href=\"http:\/\/semmelweis.hu\/hirek\/2019\/07\/04\/in-memoriam-szende-bela-professzor\/\">http:\/\/semmelweis.hu\/hirek\/2019\/07\/04\/in-memoriam-szende-bela-professzor\/<\/a>)<\/p>\n\r\n        [slb_exclude]\r\n        <div class=\"row galeria-wrapper mx-0 h-auto\">\r\n            <div class=\"col-9 pl-0 pr-2\">\r\n            <span class=\"gallery-item frame\">\r\n\t\t\t\t<div class=\"galeria-left-img\"><a href=\"https:\/\/semmelweis.hu\/baratikor\/files\/2023\/07\/Szende-Bela-1.-49.a-IV-1._jav.jpg\"><img src=https:\/\/semmelweis.hu\/baratikor\/files\/2023\/07\/Szende-Bela-1.-49.a-IV-1._jav.jpg  \r\n                            alt=\"\" \r\n                            class=\"attachment-sote-gallery-big size-sote-gallery-big\" \r\n                            srcset=\"https:\/\/semmelweis.hu\/baratikor\/files\/2023\/07\/Szende-Bela-1.-49.a-IV-1._jav-378x400.jpg 378w, https:\/\/semmelweis.hu\/baratikor\/files\/2023\/07\/Szende-Bela-1.-49.a-IV-1._jav-768x812.jpg 768w, https:\/\/semmelweis.hu\/baratikor\/files\/2023\/07\/Szende-Bela-1.-49.a-IV-1._jav-753x796.jpg 753w, https:\/\/semmelweis.hu\/baratikor\/files\/2023\/07\/Szende-Bela-1.-49.a-IV-1._jav.jpg 851w\" ><\/a><\/div>\r\n            <\/span>\r\n\r\n            <\/div>\r\n\r\n\t\t\t<div class=\"col-3 pl-0 pr-0\">\r\n\t\t\t\t<div class=\"galeria-right-img d-flex justify-content-between flex-column h-100 w-100 px-0 mx-0 \">\r\n                <div class=\"galeria-box\">\r\n\t\t\t\t\t<h3 class=\"galeria-title\">Gal\u00e9ria<\/h3>\r\n\t\t\t\t\t<div class=\"galeria-subtitle\">\r\n\r\n\t\t\t\t\t\t<div class=\"galeria-page-counter\"><span>4<\/span>k\u00e9p<\/div>\r\n                    <\/div> <\/div>\r\n                    <span class=\"gallery-item frame d-none d-md-flex\">\r\n\t\t\t\t\t<div class=\"galeria-small-img mt-0\"><a href=\"https:\/\/semmelweis.hu\/baratikor\/files\/2023\/07\/Szende-Bela-2.-49.a-IV-1_jav..jpg\"><img src=https:\/\/semmelweis.hu\/baratikor\/files\/2023\/07\/Szende-Bela-2.-49.a-IV-1_jav..jpg \r\n                                alt=\"\"  \r\n                                class=\"attachment-sote-gallery-small size-sote-gallery-small\" \r\n                                srcset=\"https:\/\/semmelweis.hu\/baratikor\/files\/2023\/07\/Szende-Bela-2.-49.a-IV-1_jav.-280x400.jpg 280w, https:\/\/semmelweis.hu\/baratikor\/files\/2023\/07\/Szende-Bela-2.-49.a-IV-1_jav..jpg 699w\" ><\/a><\/div>\r\n                    <\/span>\r\n                    <span class=\"gallery-item frame d-none d-md-flex\">\r\n\t\t\t\t\t<div class=\"galeria-small-img mt-0\"><a href=\"https:\/\/semmelweis.hu\/baratikor\/files\/2023\/07\/Szende-Bela-3.-49.a-IV-1_jav..jpg\"><img src=https:\/\/semmelweis.hu\/baratikor\/files\/2023\/07\/Szende-Bela-3.-49.a-IV-1_jav..jpg \r\n                                alt=\"\" \r\n                                class=\"attachment-sote-gallery-small size-sote-gallery-small\" \r\n                                srcset=\"https:\/\/semmelweis.hu\/baratikor\/files\/2023\/07\/Szende-Bela-3.-49.a-IV-1_jav.-312x400.jpg 312w, https:\/\/semmelweis.hu\/baratikor\/files\/2023\/07\/Szende-Bela-3.-49.a-IV-1_jav.-768x985.jpg 768w, https:\/\/semmelweis.hu\/baratikor\/files\/2023\/07\/Szende-Bela-3.-49.a-IV-1_jav.-753x965.jpg 753w, https:\/\/semmelweis.hu\/baratikor\/files\/2023\/07\/Szende-Bela-3.-49.a-IV-1_jav..jpg 780w\" ><\/a><\/div>\r\n                    <\/span>\r\n\r\n                <\/div>\r\n\r\n            <\/div>\r\n\r\n            <span class=\"gallery-item\"><div class=\"hidden\"><a href=\"https:\/\/semmelweis.hu\/baratikor\/files\/2023\/07\/Szende-Bela_jav.jpg\">\r\n        <img src=https:\/\/semmelweis.hu\/baratikor\/files\/2023\/07\/Szende-Bela_jav.jpg alt=\"\" class=\"attachment-sote-gallery-big size-sote-gallery-big\" srcset=\"https:\/\/semmelweis.hu\/baratikor\/files\/2023\/07\/Szende-Bela_jav-270x400.jpg 270w, https:\/\/semmelweis.hu\/baratikor\/files\/2023\/07\/Szende-Bela_jav.jpg 676w\" >\r\n        <\/a><\/div><\/span>\r\n            <\/div>\r\n\r\n            [\/slb_exclude]\r\n\t\n","protected":false},"excerpt":{"rendered":"<p><a href=\"https:\/\/semmelweis.hu\/baratikor\/galeria\/teljes-nevlista\/szende-bela\/136_11\/\" rel=\"attachment wp-att-2237\"><\/a> (Budapest, 1936. j\u00falius 27. \u2013 Budapest, 2019. j\u00fanius 27.) Tansz\u00e9k: I. sz. Pathol\u00f3giai \u00e9s K\u00eds\u00e9rleti R\u00e1kkutat\u00f3 Int\u00e9zet 1993. j\u00falius 1. &#8211; 2001. j\u00fanius 30. Orvoscsal\u00e1db\u00f3l sz\u00e1rmazott, \u00e9desapja k\u00f3rh\u00e1zi f\u0151orvos, \u00e9desanyja fogszakorvos volt. 1954-ben \u00e9retts\u00e9gizett a budapesti V\u00f6r\u00f6smarty Gimn\u00e1ziumban, majd felvett\u00e9k a BOTE \u00c1ltal\u00e1nos Orvosi Kar\u00e1ra. 1960. okt\u00f3ber 1-j\u00e9n summa cum laude min\u0151s\u00edt\u00e9ssel szerzett oklevelet. 1957-t\u0151l &hellip;<\/p>\n","protected":false},"author":282,"featured_media":5452,"parent":347,"menu_order":0,"comment_status":"closed","ping_status":"closed","template":"template-fullwidth.php","meta":{"_acf_changed":false,"footnotes":""},"categories":[14],"tags":[],"class_list":["post-2236","page","type-page","status-publish","has-post-thumbnail","hentry","category-teljes-nevlista"],"acf":[],"_links":{"self":[{"href":"https:\/\/semmelweis.hu\/baratikor\/wp-json\/wp\/v2\/pages\/2236","targetHints":{"allow":["GET"]}}],"collection":[{"href":"https:\/\/semmelweis.hu\/baratikor\/wp-json\/wp\/v2\/pages"}],"about":[{"href":"https:\/\/semmelweis.hu\/baratikor\/wp-json\/wp\/v2\/types\/page"}],"author":[{"embeddable":true,"href":"https:\/\/semmelweis.hu\/baratikor\/wp-json\/wp\/v2\/users\/282"}],"replies":[{"embeddable":true,"href":"https:\/\/semmelweis.hu\/baratikor\/wp-json\/wp\/v2\/comments?post=2236"}],"version-history":[{"count":3,"href":"https:\/\/semmelweis.hu\/baratikor\/wp-json\/wp\/v2\/pages\/2236\/revisions"}],"predecessor-version":[{"id":5104,"href":"https:\/\/semmelweis.hu\/baratikor\/wp-json\/wp\/v2\/pages\/2236\/revisions\/5104"}],"up":[{"embeddable":true,"href":"https:\/\/semmelweis.hu\/baratikor\/wp-json\/wp\/v2\/pages\/347"}],"wp:featuredmedia":[{"embeddable":true,"href":"https:\/\/semmelweis.hu\/baratikor\/wp-json\/wp\/v2\/media\/5452"}],"wp:attachment":[{"href":"https:\/\/semmelweis.hu\/baratikor\/wp-json\/wp\/v2\/media?parent=2236"}],"wp:term":[{"taxonomy":"category","embeddable":true,"href":"https:\/\/semmelweis.hu\/baratikor\/wp-json\/wp\/v2\/categories?post=2236"},{"taxonomy":"post_tag","embeddable":true,"href":"https:\/\/semmelweis.hu\/baratikor\/wp-json\/wp\/v2\/tags?post=2236"}],"curies":[{"name":"wp","href":"https:\/\/api.w.org\/{rel}","templated":true}]}}