{"id":2234,"date":"2023-01-04T14:35:31","date_gmt":"2023-01-04T13:35:31","guid":{"rendered":"https:\/\/semmelweis.hu\/baratikor\/?page_id=2234"},"modified":"2023-10-12T16:30:47","modified_gmt":"2023-10-12T14:30:47","slug":"szarka-sandor","status":"publish","type":"page","link":"https:\/\/semmelweis.hu\/baratikor\/galeria\/teljes-nevlista\/szarka-sandor\/","title":{"rendered":"Szarka S\u00e1ndor"},"content":{"rendered":"<p style=\"text-align: justify\"><strong><a href=\"https:\/\/semmelweis.hu\/baratikor\/files\/2023\/07\/Szarka-Sandor_jav.jpg\"><img loading=\"lazy\" decoding=\"async\" class=\"alignleft size-medium wp-image-5094\" src=\"https:\/\/semmelweis.hu\/baratikor\/files\/2023\/07\/Szarka-Sandor_jav-305x400.jpg\" alt=\"\" width=\"305\" height=\"400\" srcset=\"https:\/\/semmelweis.hu\/baratikor\/files\/2023\/07\/Szarka-Sandor_jav-305x400.jpg 305w, https:\/\/semmelweis.hu\/baratikor\/files\/2023\/07\/Szarka-Sandor_jav-753x987.jpg 753w, https:\/\/semmelweis.hu\/baratikor\/files\/2023\/07\/Szarka-Sandor_jav.jpg 763w\" sizes=\"auto, (max-width: 305px) 100vw, 305px\" \/><\/a>(<\/strong><strong>Arad, 1900. j\u00fanius 14.<\/strong><strong> \u2013 Budapest, 1947. j\u00fanius 4.)<\/strong><\/p>\n<p style=\"text-align: justify\"><strong>Tansz\u00e9k:<\/strong> II. sz. Sz\u00fcl\u00e9szeti Klinika 1946-1947.<\/p>\n<p style=\"text-align: justify\">Orvosi tanulm\u00e1nyait Budapesten v\u00e9gezte, 1924. j\u00fanius 7-\u00e9n szerzett orvosdoktori oklevelet. 1924. okt\u00f3ber 1-t\u0151l 1925. janu\u00e1r v\u00e9g\u00e9ig gyakorl\u00f3 \u00e9v\u00e9t t\u00f6lt\u00f6tte az I. sz. Sz\u00fcl\u00e9szeti Klinik\u00e1n, majd 1925. febru\u00e1r 1. \u00e9s 1926. janu\u00e1r 1. k\u00f6z\u00f6tt a p\u00e1rizsi Tarnier-, illetve Baudelocque-klinik\u00e1kon, valamint Strasbourgban tett tanulm\u00e1nyutat. Hazat\u00e9rve, 1926. janu\u00e1r 1. \u00e9s szeptember 1. k\u00f6z\u00f6tt a Budapesti K\u00f6zeg\u00e9szs\u00e9g\u00fcgyi Int\u00e9zet k\u00e9miai laborat\u00f3rium\u00e1ban, valamint a berlini egyetem K\u00f3rbonctani Int\u00e9zet\u00e9nek laborat\u00f3rium\u00e1ban m\u0171k\u00f6d\u00f6tt. 1926. szeptember 1-t\u0151l az I. sz. Sz\u00fcl\u00e9szeti Klinika d\u00edjtalan, majd 1928. szeptember 1-t\u0151l d\u00edjas gyakornoka. 1928. okt\u00f3ber 1-t\u0151l a debreceni Tisza Istv\u00e1n Tudom\u00e1nyegyetem \u00c9lettani \u00e9s \u00c1ltal\u00e1nos K\u00f3rtani Int\u00e9zet\u00e9be h\u00edvt\u00e1k d\u00edjas gyakornok, c\u00edmzetes tan\u00e1rseg\u00e9dnek. 1930 janu\u00e1rj\u00e1ban t\u00e9rt vissza a f\u0151v\u00e1rosba, az I. sz. Sz\u00fcl\u00e9szeti Klinika tan\u00e1rseg\u00e9djek\u00e9nt. R\u00f6viddel ezut\u00e1n, m\u00e1rciusban az Egyes\u00fclt \u00c1llamokba utazott, ahol a Carnegie Alap\u00edtv\u00e1ny \u00f6szt\u00f6nd\u00edj\u00e1val a Kaliforniai Egyetem K\u00eds\u00e9rletes Biol\u00f3giai Int\u00e9zet\u00e9ben dolgozott, majd hazat\u00e9rte el\u0151tt, 1932-ben b\u00f6lcs\u00e9szdoktori oklevelet szerzett az endokrinol\u00f3gia t\u00e1rgyk\u00f6r\u00e9ben. 1932. szeptember 30-\u00e1n \u00e9rkezett vissza haz\u00e1j\u00e1ba. Okt\u00f3ber 1-t\u0151l az I. sz. Sz\u00fcl\u00e9szeti Klinika d\u00edjas gyakornoka, c\u00edmzetes tan\u00e1rseg\u00e9d lett. 1937. szeptember 1-t\u0151l fizet\u00e9ses tan\u00e1rseg\u00e9dk\u00e9nt folytatta munk\u00e1j\u00e1t. Megszervezte \u00e9s vezette a klinika hormon laborat\u00f3rium\u00e1t, de a klinikai oszt\u00e1lyokon is v\u00e1llalt beoszt\u00e1sokat. 1939-ig 41 dolgozata jelent meg, a magyar mellett angol, n\u00e9met \u00e9s francia nyelveken. 1940. febru\u00e1r 22-\u00e9n mag\u00e1ntan\u00e1ri k\u00e9pes\u00edt\u00e9st nyert a n\u0151gy\u00f3gy\u00e1szati endokrinol\u00f3gia t\u00e1rgyk\u00f6r\u00e9ben. 1946-ban nyilv\u00e1nos rendk\u00edv\u00fcli egyetemi tan\u00e1rk\u00e9nt vette \u00e1t a II. sz. Sz\u00fcl\u00e9szeti Klinika vezet\u00e9s\u00e9t, mely tansz\u00e9k 1944 v\u00e9ge, Burger K\u00e1roly N\u00e9metorsz\u00e1gba t\u00e1voz\u00e1sa \u00f3ta \u00fcresen \u00e1llt. Tan\u00e1ri m\u0171k\u00f6d\u00e9s\u00e9nek kiteljes\u00edt\u00e9s\u00e9ben korai hal\u00e1la akad\u00e1lyozta meg.<\/p>\n<p style=\"text-align: justify\">Tudom\u00e1nyos munk\u00e1ss\u00e1ga f\u0151k\u00e9nt a n\u0151gy\u00f3gy\u00e1szati endokrinol\u00f3gia ter\u00fclet\u00e9n nyilv\u00e1nult meg. Munk\u00e1i foglalkoznak a t\u00fcsz\u0151hormonnak a m\u00e9hny\u00e1lkah\u00e1rtya mirigyes t\u00falteng\u00e9s\u00e9ben val\u00f3 szerep\u00e9vel, a gonadotrop hormonokkal \u00e9s a s\u00e1rgatest hormonnal.<\/p>\n<p style=\"text-align: justify\"><strong>Nyughelye:<\/strong> Fiumei \u00fati temet\u0151.<\/p>\n","protected":false},"excerpt":{"rendered":"<p><a href=\"https:\/\/semmelweis.hu\/baratikor\/files\/2023\/07\/Szarka-Sandor_jav.jpg\"><\/a> (Arad, 1900. j\u00fanius 14. \u2013 Budapest, 1947. j\u00fanius 4.) Tansz\u00e9k: II. sz. Sz\u00fcl\u00e9szeti Klinika 1946-1947. Orvosi tanulm\u00e1nyait Budapesten v\u00e9gezte, 1924. j\u00fanius 7-\u00e9n szerzett orvosdoktori oklevelet. 1924. okt\u00f3ber 1-t\u0151l 1925. janu\u00e1r v\u00e9g\u00e9ig gyakorl\u00f3 \u00e9v\u00e9t t\u00f6lt\u00f6tte az I. sz. Sz\u00fcl\u00e9szeti Klinik\u00e1n, majd 1925. febru\u00e1r 1. \u00e9s 1926. janu\u00e1r 1. k\u00f6z\u00f6tt a p\u00e1rizsi Tarnier-, illetve Baudelocque-klinik\u00e1kon, valamint Strasbourgban &hellip;<\/p>\n","protected":false},"author":282,"featured_media":5450,"parent":347,"menu_order":0,"comment_status":"closed","ping_status":"closed","template":"template-fullwidth.php","meta":{"_acf_changed":false,"footnotes":""},"categories":[77,14],"tags":[],"class_list":["post-2234","page","type-page","status-publish","has-post-thumbnail","hentry","category-kegyeleti-adattar","category-teljes-nevlista"],"acf":[],"_links":{"self":[{"href":"https:\/\/semmelweis.hu\/baratikor\/wp-json\/wp\/v2\/pages\/2234","targetHints":{"allow":["GET"]}}],"collection":[{"href":"https:\/\/semmelweis.hu\/baratikor\/wp-json\/wp\/v2\/pages"}],"about":[{"href":"https:\/\/semmelweis.hu\/baratikor\/wp-json\/wp\/v2\/types\/page"}],"author":[{"embeddable":true,"href":"https:\/\/semmelweis.hu\/baratikor\/wp-json\/wp\/v2\/users\/282"}],"replies":[{"embeddable":true,"href":"https:\/\/semmelweis.hu\/baratikor\/wp-json\/wp\/v2\/comments?post=2234"}],"version-history":[{"count":2,"href":"https:\/\/semmelweis.hu\/baratikor\/wp-json\/wp\/v2\/pages\/2234\/revisions"}],"predecessor-version":[{"id":5095,"href":"https:\/\/semmelweis.hu\/baratikor\/wp-json\/wp\/v2\/pages\/2234\/revisions\/5095"}],"up":[{"embeddable":true,"href":"https:\/\/semmelweis.hu\/baratikor\/wp-json\/wp\/v2\/pages\/347"}],"wp:featuredmedia":[{"embeddable":true,"href":"https:\/\/semmelweis.hu\/baratikor\/wp-json\/wp\/v2\/media\/5450"}],"wp:attachment":[{"href":"https:\/\/semmelweis.hu\/baratikor\/wp-json\/wp\/v2\/media?parent=2234"}],"wp:term":[{"taxonomy":"category","embeddable":true,"href":"https:\/\/semmelweis.hu\/baratikor\/wp-json\/wp\/v2\/categories?post=2234"},{"taxonomy":"post_tag","embeddable":true,"href":"https:\/\/semmelweis.hu\/baratikor\/wp-json\/wp\/v2\/tags?post=2234"}],"curies":[{"name":"wp","href":"https:\/\/api.w.org\/{rel}","templated":true}]}}