{"id":2232,"date":"2023-01-04T14:34:45","date_gmt":"2023-01-04T13:34:45","guid":{"rendered":"https:\/\/semmelweis.hu\/baratikor\/?page_id=2232"},"modified":"2023-10-12T16:27:50","modified_gmt":"2023-10-12T14:27:50","slug":"szabo-laszlo-ferenc","status":"publish","type":"page","link":"https:\/\/semmelweis.hu\/baratikor\/galeria\/teljes-nevlista\/szabo-laszlo-ferenc\/","title":{"rendered":"Szab\u00f3 L\u00e1szl\u00f3 Ferenc"},"content":{"rendered":"<p style=\"text-align: justify\"><strong><a href=\"https:\/\/semmelweis.hu\/baratikor\/files\/2023\/07\/Szabo_Laszlo_jav.jpg\"><img loading=\"lazy\" decoding=\"async\" class=\"alignleft size-medium wp-image-5092\" src=\"https:\/\/semmelweis.hu\/baratikor\/files\/2023\/07\/Szabo_Laszlo_jav-319x400.jpg\" alt=\"\" width=\"319\" height=\"400\" srcset=\"https:\/\/semmelweis.hu\/baratikor\/files\/2023\/07\/Szabo_Laszlo_jav-319x400.jpg 319w, https:\/\/semmelweis.hu\/baratikor\/files\/2023\/07\/Szabo_Laszlo_jav-768x962.jpg 768w, https:\/\/semmelweis.hu\/baratikor\/files\/2023\/07\/Szabo_Laszlo_jav-753x944.jpg 753w, https:\/\/semmelweis.hu\/baratikor\/files\/2023\/07\/Szabo_Laszlo_jav.jpg 798w\" sizes=\"auto, (max-width: 319px) 100vw, 319px\" \/><\/a>(Szentgotth\u00e1rd<\/strong><strong>, 1931. \u00e1prilis 15.<\/strong><strong> \u2013 Budapest, 2011. j\u00falius 31.)<\/strong><\/p>\n<p style=\"text-align: justify\"><strong>Tansz\u00e9k: <\/strong>Szerves Vegytani\/Gy\u00f3gyszer\u00e9szi Szerves K\u00e9miai Int\u00e9zet (mb.) 1977-1980, 1980-1996.<\/p>\n<p style=\"text-align: justify\">\u00c9desapja \u00e1ltal\u00e1nos iskolai tan\u00e1r volt. K\u00f6z\u00e9piskol\u00e1it sz\u00fcl\u0151v\u00e1ros\u00e1ban, a V\u00f6r\u00f6smarty Mih\u00e1ly Gimn\u00e1ziumban v\u00e9gezte, ahol 1949-ben tett \u00e9retts\u00e9git. M\u00e9g ebben az \u00e9vben felvett\u00e9k a P\u00e1zm\u00e1ny P\u00e9ter Tudom\u00e1nyegyetem gy\u00f3gyszer\u00e9sz szakj\u00e1ra. Tanulm\u00e1nyi eredm\u00e9nye alapj\u00e1n az 1952\/53. tan\u00e9vben N\u00e9pk\u00f6zt\u00e1rsas\u00e1gi \u00f6szt\u00f6nd\u00edjat nyert. 1954. m\u00e1rcius 15-\u00e9n kapott kit\u00fcntet\u00e9ses gy\u00f3gyszer\u00e9szi oklevelet. Katonai szolg\u00e1latot 1951-1954 k\u00f6z\u00f6tt teljes\u00edtett, \u00f6sszesen 5 h\u00f3nap id\u0151tartamban. Egy tartal\u00e9kos tiszti tanfolyam elv\u00e9gz\u00e9se ut\u00e1n tartal\u00e9kos alhadnagyi rendfokozattal szerelt le. 1953. j\u00falius 15-\u00e9n a BOTE Orvosi Vegytani Int\u00e9zet\u00e9n bel\u00fcl m\u0171k\u00f6d\u0151 Gy\u00f3gyszer\u00e9szi Szerves K\u00e9miai Oktat\u00e1shoz ker\u00fclt, ahol el\u0151bb k\u00f6zponti, majd egyetemi gyakornokk\u00e9nt dolgozott 1956. augusztus v\u00e9g\u00e9ig. 1956. szeptember 1-j\u00e9n tan\u00e1rseg\u00e9d lett, majd 1957-ben a Clauder Ott\u00f3 vezet\u00e9s\u00e9vel akkor szervez\u0151d\u0151 Szerves Vegytani Int\u00e9zet munkat\u00e1rsa lett. 1966. febru\u00e1r 12-\u00e9n \u201esumma cum laude\u201d min\u0151s\u00edt\u00e9s\u0171 gy\u00f3gyszer\u00e9szdoktor\u00e1tust szerzett a sztrichnin lakt\u00e1m-csoportj\u00e1nak k\u00e9miai \u00e1talak\u00edt\u00e1s\u00e1val kapcsolatos disszert\u00e1ci\u00f3j\u00e1val. 1968. j\u00falius 1-j\u00e9n adjunktusi kinevez\u00e9st kapott. 1971. j\u00fanius 30-\u00e1n elv\u00e9gezte a Marxizmus-leninizmus Esti Egyetem 3 \u00e9ves \u00e1ltal\u00e1nos tagozat\u00e1t. 1973-ban preparat\u00edv k\u00e9miai laborat\u00f3riumi szakgy\u00f3gyszer\u00e9szi vizsg\u00e1t tett. 1977. janu\u00e1r 12-\u00e9n el\u00e9rte a k\u00e9miai tudom\u00e1nyok kandid\u00e1tusa tudom\u00e1nyos fokozatot. Ugyanezen \u00e9v j\u00fanius 1-j\u00e9n egyetemi docenss\u00e9 nevezt\u00e9k ki, \u00e9s Clauder Ott\u00f3 nyugalomba vonul\u00e1sa folyt\u00e1n megb\u00edzt\u00e1k az int\u00e9zet vezet\u00e9s\u00e9vel. 1980. j\u00falius 1-j\u00e9n kapott igazgat\u00f3i \u00e9s egyetemi tan\u00e1ri kinevez\u00e9st. 1991-ben habilit\u00e1lt doktorr\u00e1 nyilv\u00e1n\u00edtott\u00e1k. 1996-ban \u00e1tadta az int\u00e9zet vezet\u00e9s\u00e9t, 2001. j\u00fanius 30-\u00e1n nyugalomba vonult, de professor emeritusk\u00e9nt tov\u00e1bbra is r\u00e9szt vett az egyetemi oktat\u00e1sban.<\/p>\n<p style=\"text-align: justify\">P\u00e1ly\u00e1ja kezdet\u00e9n foglalkozott a diuretikus hat\u00e1s\u00fa triazin-sz\u00e1rmaz\u00e9kok el\u0151\u00e1ll\u00edt\u00e1s\u00e1val, vizsg\u00e1lta a peri\u00f3dusos rendszer jelent\u0151s\u00e9g\u00e9t a szerves k\u00e9mi\u00e1ban. K\u00e9s\u0151bb a sztrichnin k\u00e9miai szerkezeti \u00e9s biol\u00f3giai hat\u00e1sa k\u00f6z\u00f6tti \u00f6sszef\u00fcgg\u00e9seket tanulm\u00e1nyozta. Ezzel kapcsolatban sz\u00e1mos \u00faj vegy\u00fcletet \u00e1ll\u00edtott el\u0151. 1966, 1969 \u00e9s 1970 folyam\u00e1n \u00f6sszesen 4 h\u00f3napot t\u00f6lt\u00f6tt az NDK-beli Merseburgi K\u00e9miai M\u0171szaki F\u0151iskola Szerves K\u00e9miai Int\u00e9zet\u00e9ben, ahol a reakci\u00f3kinetik\u00e1t \u00e9s a spektroszk\u00f3pi\u00e1t tanulm\u00e1nyozta. 1972\/73-ban egy teljes \u00e9vet t\u00f6lt\u00f6tt a Br\u00fcsszeli Szabadegyetem Szerves K\u00e9miai Int\u00e9zet\u00e9ben a polimer hordoz\u00f3s szint\u00e9zis ter\u00fclet\u00e9t tanulm\u00e1nyozva. Hazat\u00e9rve ilyen technik\u00e1val dolgoz\u00f3 munkacsoportot alak\u00edtott.<\/p>\n<p style=\"text-align: justify\">\u201eF\u0151 kutat\u00e1si ter\u00fclete: a term\u00e9szetes vegy\u00fcletek k\u00e9mi\u00e1ja, az alkaloidok (els\u0151sorban indolalkaloidok) \u00e9s iridoidok (els\u0151sorban szekologanin), a heterociklusos k\u00e9mia (kinolizin-sz\u00e1rmaz\u00e9kok szint\u00e9zise \u00e9s tulajdons\u00e1gai) \u00e9s a polimer hordoz\u00f3s szint\u00e9zis. Munkat\u00e1rsaival r\u00e9szletesen tanulm\u00e1nyozta a szekologanin k\u00e9mi\u00e1j\u00e1t. Ennek sor\u00e1n els\u0151k\u00e9nt igazolta az indolalkaloidok biogenetikai prekurzor\u00e1nak, a sztriktozidinnek a teljes t\u00e9rszerkezet\u00e9t, sz\u00e1mos k\u00e9miai \u00e9s biomimetikus \u00e1talak\u00edt\u00e1st v\u00e9gzett, gr\u00e1fanal\u00edzissel vizsg\u00e1lta a reakci\u00f3k diverzit\u00e1s\u00e1nak \u00e9s szelektivit\u00e1s\u00e1nak k\u00e9rd\u00e9s\u00e9t. Elm\u00e9ly\u00fclt az elm\u00e9leti szerves k\u00e9mia, k\u00fcl\u00f6n\u00f6sen a perturb\u00e1ci\u00f3s molekulap\u00e1lya elm\u00e9let k\u00e9rd\u00e9seiben, l\u00e9trehozta a szekologaninb\u00f3l sz\u00e1rmaz\u00f3 indolv\u00e1zas alkaloidok bioorganikus rendszer\u00e9t. Eredm\u00e9nyeir\u0151l 56, nagyr\u00e9szt nemzetk\u00f6zi foly\u00f3iratokban megjelent k\u00f6zlem\u00e9nyben \u00e9s k\u00f6nyvr\u00e9szletben, valamint sz\u00e1mos hazai \u00e9s nemzetk\u00f6zi tudom\u00e1nyos konferenci\u00e1n sz\u00e1molt be.\u201d<a href=\"#_ftn1\" name=\"_ftnref1\"><sup>[1]<\/sup><\/a><\/p>\n<p style=\"text-align: justify\">A DISZ-nek megalakul\u00e1s\u00e1t\u00f3l tagja volt, \u00e9vfolyamtitk\u00e1r-helyettesi \u00e9s tanulm\u00e1nyi felel\u0151si feladatokat l\u00e1tott el. 1957-ben tagja lett az Orvos-Eg\u00e9szs\u00e9g\u00fcgyi Dolgoz\u00f3k Szakszervezet\u00e9nek, 1960-ban a Magyar V\u00f6r\u00f6skeresztnek, 1962-ben a Magyar Gy\u00f3gyszer\u00e9szeti T\u00e1rsas\u00e1gnak. Ut\u00f3bbi Gy\u00f3gyszerkutat\u00e1si Szakoszt\u00e1ly\u00e1nak eln\u00f6ke is volt. Tagja volt az MTA Alkaloidk\u00e9miai Munkabizotts\u00e1g\u00e1nak \u00e9s Elm\u00e9leti Szerves K\u00e9miai Munkabizotts\u00e1g\u00e1nak. 1979-1994 k\u00f6z\u00f6tt eln\u00f6k\u00f6lte a SOTE K\u00fcls\u0151 Kutat\u00e1si Szerz\u0151d\u00e9seket V\u00e9lem\u00e9nyez\u0151 Bizotts\u00e1g\u00e1t. R\u00e9szt vett a Gy\u00f3gyszer\u00e9szet \u00e9s az Acta Pharmaceutica Hungarica szerkeszt\u0151bizotts\u00e1gainak munk\u00e1j\u00e1ban.<\/p>\n<p style=\"text-align: justify\">Kit\u00fcntet\u00e9sei: Kiv\u00e1l\u00f3 gy\u00f3gyszer\u00e9sz (1975), SOTE Kiv\u00e1l\u00f3 Oktat\u00f3ja I. fokozat (1987), Professor emeritus (2001), Winkler Lajos Eml\u00e9k\u00e9rem (2004). 2011. m\u00e1rcius 15-e alkalm\u00e1b\u00f3l R\u00e9thelyi Mikl\u00f3s minisztert\u0151l vehette \u00e1t a Magyar K\u00f6zt\u00e1rsas\u00e1gi \u00c9rdemrend lovagkeresztje kit\u00fcntet\u00e9st.<\/p>\n<p style=\"text-align: justify\"><strong>F\u0151bb munk\u00e1i:<\/strong> Szerves k\u00e9miai praktikum. Egyetemi jegyzet (B\u00f6jthe G\u00e1born\u00e9val \u00e9s Ormai L-lel). Bp., 1957.; A sztrichnin lakt\u00e1m-csoportj\u00e1nak \u00e1talak\u00edt\u00e1s\u00e1val nyerhet\u0151 sz\u00e1rmaz\u00e9kok el\u0151\u00e1ll\u00edt\u00e1sa. Gy\u00f3gyszer\u00e9szdoktori \u00e9rtekez\u00e9s. Bp., 1965.; Szerves k\u00e9miai praktikum. Gy\u00f3gyszer\u00e9szhallgat\u00f3k r\u00e9sz\u00e9re (Clauder Ott\u00f3val \u00e9s B\u00f6jthe G\u00e1born\u00e9val). Bp., 1974, 1976.; Vizsg\u00e1latok a szil\u00e1rd f\u00e1zis\u00fa szint\u00e9zis alkalmaz\u00e1s\u00e1ra az alkaloidk\u00e9mi\u00e1ban. Kandid\u00e1tusi \u00e9rtekez\u00e9s. MTA TMB. Bp., 1975.; Szerves k\u00e9miai \u00f6sszefoglal\u00f3 1-2 (\u00f6ssze\u00e1ll.). Bp., 1987, 1997.<\/p>\n<p style=\"text-align: justify\"><strong>Nyughelye:<\/strong> Magyar Szentek Temploma (temet\u00e9s: 2011. augusztus 23.).<\/p>\n<p style=\"text-align: justify\"><sup><a href=\"#_ftnref1\" name=\"_ftn1\">[1]<\/a> <\/sup>Az id\u00e9zet forr\u00e1sa a dr. Nosz\u00e1l B\u00e9la \u00e1ltal \u00edrt nekrol\u00f3g.<\/p>\n","protected":false},"excerpt":{"rendered":"<p><a href=\"https:\/\/semmelweis.hu\/baratikor\/files\/2023\/07\/Szabo_Laszlo_jav.jpg\"><\/a> (Szentgotth\u00e1rd, 1931. \u00e1prilis 15. \u2013 Budapest, 2011. j\u00falius 31.) Tansz\u00e9k: Szerves Vegytani\/Gy\u00f3gyszer\u00e9szi Szerves K\u00e9miai Int\u00e9zet (mb.) 1977-1980, 1980-1996. \u00c9desapja \u00e1ltal\u00e1nos iskolai tan\u00e1r volt. K\u00f6z\u00e9piskol\u00e1it sz\u00fcl\u0151v\u00e1ros\u00e1ban, a V\u00f6r\u00f6smarty Mih\u00e1ly Gimn\u00e1ziumban v\u00e9gezte, ahol 1949-ben tett \u00e9retts\u00e9git. M\u00e9g ebben az \u00e9vben felvett\u00e9k a P\u00e1zm\u00e1ny P\u00e9ter Tudom\u00e1nyegyetem gy\u00f3gyszer\u00e9sz szakj\u00e1ra. Tanulm\u00e1nyi eredm\u00e9nye alapj\u00e1n az 1952\/53. tan\u00e9vben N\u00e9pk\u00f6zt\u00e1rsas\u00e1gi \u00f6szt\u00f6nd\u00edjat nyert. 1954. &hellip;<\/p>\n","protected":false},"author":282,"featured_media":5449,"parent":347,"menu_order":0,"comment_status":"closed","ping_status":"closed","template":"template-fullwidth.php","meta":{"_acf_changed":false,"footnotes":""},"categories":[77,14],"tags":[],"class_list":["post-2232","page","type-page","status-publish","has-post-thumbnail","hentry","category-kegyeleti-adattar","category-teljes-nevlista"],"acf":[],"_links":{"self":[{"href":"https:\/\/semmelweis.hu\/baratikor\/wp-json\/wp\/v2\/pages\/2232","targetHints":{"allow":["GET"]}}],"collection":[{"href":"https:\/\/semmelweis.hu\/baratikor\/wp-json\/wp\/v2\/pages"}],"about":[{"href":"https:\/\/semmelweis.hu\/baratikor\/wp-json\/wp\/v2\/types\/page"}],"author":[{"embeddable":true,"href":"https:\/\/semmelweis.hu\/baratikor\/wp-json\/wp\/v2\/users\/282"}],"replies":[{"embeddable":true,"href":"https:\/\/semmelweis.hu\/baratikor\/wp-json\/wp\/v2\/comments?post=2232"}],"version-history":[{"count":2,"href":"https:\/\/semmelweis.hu\/baratikor\/wp-json\/wp\/v2\/pages\/2232\/revisions"}],"predecessor-version":[{"id":5093,"href":"https:\/\/semmelweis.hu\/baratikor\/wp-json\/wp\/v2\/pages\/2232\/revisions\/5093"}],"up":[{"embeddable":true,"href":"https:\/\/semmelweis.hu\/baratikor\/wp-json\/wp\/v2\/pages\/347"}],"wp:featuredmedia":[{"embeddable":true,"href":"https:\/\/semmelweis.hu\/baratikor\/wp-json\/wp\/v2\/media\/5449"}],"wp:attachment":[{"href":"https:\/\/semmelweis.hu\/baratikor\/wp-json\/wp\/v2\/media?parent=2232"}],"wp:term":[{"taxonomy":"category","embeddable":true,"href":"https:\/\/semmelweis.hu\/baratikor\/wp-json\/wp\/v2\/categories?post=2232"},{"taxonomy":"post_tag","embeddable":true,"href":"https:\/\/semmelweis.hu\/baratikor\/wp-json\/wp\/v2\/tags?post=2232"}],"curies":[{"name":"wp","href":"https:\/\/api.w.org\/{rel}","templated":true}]}}