{"id":2228,"date":"2023-01-04T14:31:02","date_gmt":"2023-01-04T13:31:02","guid":{"rendered":"https:\/\/semmelweis.hu\/baratikor\/?page_id=2228"},"modified":"2023-10-12T16:09:42","modified_gmt":"2023-10-12T14:09:42","slug":"stahly-ignac","status":"publish","type":"page","link":"https:\/\/semmelweis.hu\/baratikor\/galeria\/teljes-nevlista\/stahly-ignac\/","title":{"rendered":"St\u00e1hly Ign\u00e1c"},"content":{"rendered":"<p style=\"text-align: justify\"><strong> <a href=\"https:\/\/semmelweis.hu\/baratikor\/files\/2023\/07\/Stahly_Ignac_jav.jpg\"><img loading=\"lazy\" decoding=\"async\" class=\"alignleft size-full wp-image-5082\" src=\"https:\/\/semmelweis.hu\/baratikor\/files\/2023\/07\/Stahly_Ignac_jav.jpg\" alt=\"\" width=\"230\" height=\"300\" \/><\/a>(Pest, 1787. j\u00falius 31. \u2013 Pest, 1849. \u00e1prilis 28.)<\/strong><\/p>\n<p style=\"text-align: justify\"><strong>Tansz\u00e9k: <\/strong>anat\u00f3mia 1809-1827, seb\u00e9szet 1833-1841.<\/p>\n<p style=\"text-align: justify\"><strong>Viselt egyetemi m\u00e9lt\u00f3s\u00e1g: <\/strong>rektor 1829\/30, kari igazgat\u00f3 1843-1848.<\/p>\n<p style=\"text-align: justify\">Sz\u00fclet\u00e9si \u00e9v\u00e9r\u0151l elt\u00e9r\u0151 adatok vannak forgalomban. \u0150 maga 1787-et jel\u00f6l meg, Gy\u0151ry Tibor a pesti pl\u00e9b\u00e1niai anyak\u00f6nyvek alapj\u00e1n 1785-\u00f6t, m\u00edg St\u00e1hly bar\u00e1tja, Toldy Ferenc 1784-et eml\u00edt St\u00e1hlyr\u00f3l sz\u00f3l\u00f3 nekrol\u00f3gj\u00e1ban. A pesti egyetem hallgat\u00f3i nyilv\u00e1ntart\u00e1sai 1804 szeptember\u00e9ben 20, 1806 febru\u00e1rj\u00e1ban 21 \u00e9vesnek jegyzik. Ezzel szemben \u00e9desapja szem\u00e9lye bizonyosnak l\u00e1tszik: St\u00e1hly Gy\u00f6rgyr\u0151l (1755-1802), a seb\u00e9szet egyetemi tan\u00e1r\u00e1r\u00f3l van sz\u00f3, aki el\u00e9g fiatalon, mind\u00f6ssze 47 \u00e9vesen hunyt el 1802-ben. Fia elv\u00e9gezte az akkor m\u00e9g el\u0151k\u00e9sz\u00edt\u0151 jelleg\u0171nek sz\u00e1m\u00edt\u00f3 b\u00f6lcs\u00e9szkart, majd az Orvoskaron 1803. november 9-\u00e9n szem\u00e9szmesteri oklevelet szerzett. A k\u00f6vetkez\u0151kben 1804. szeptember 17-\u00e9n seb\u00e9szdoktori, 1806. febru\u00e1r 25-\u00e9n orvosdoktori, v\u00e9g\u00fcl 1806. m\u00e1rcius 19-\u00e9n sz\u00fcl\u00e9szmesteri diplom\u00e1t kapott. M\u00e9g ebben az \u00e9vben tan\u00e1rseg\u00e9d lett a seb\u00e9szeti tansz\u00e9ken. \u00d6nk\u00e9ntes katonaorvosk\u00e9nt vett r\u00e9szt a Nap\u00f3leon elleni 1806-os nemesi felkel\u00e9sben. Itt szerzett tapasztalatait k\u00e9s\u0151bb j\u00f3l hasznos\u00edtotta a szabads\u00e1gharcban. 1807-ben az anat\u00f3mia helyettes, 1809-ben rendes tan\u00e1r\u00e1v\u00e1 nevezt\u00e9k ki. 1827-ig m\u0171k\u00f6d\u00f6tt ezen a tansz\u00e9ken, ett\u0151l kezdve a seb\u00e9szet helyettes, majd 1833-t\u00f3l rendes tan\u00e1ra volt 1841-ig. Id\u0151k\u00f6zben a sz\u00fcl\u00e9szet \u00e9s a szem\u00e9szet t\u00e1rgyakat is el\u0151adta. Az 1829\/30. tan\u00e9vben az egyetem rektori tiszt\u00e9t t\u00f6lt\u00f6tte be. Gyakorl\u00f3 orvosk\u00e9nt igen keresett volt, \u00edgy praxisa komoly j\u00f6vedelmet biztos\u00edtott. Tekint\u00e9lyes \u00f6sszeget ford\u00edtott az els\u0151 magyar nyelv\u0171 orvosi szaklap, az Orvosi T\u00e1r t\u00e1mogat\u00e1s\u00e1ra. 1839. november 23-\u00e1n az akad\u00e9mia &#8222;a magyar nyelv terjeszt\u00e9s\u00e9ben szerzett \u00e9rdemei\u00e9rt&#8221; tiszteleti tagj\u00e1v\u00e1 v\u00e1lasztotta. 1843-ban orsz\u00e1gos f\u0151orvoss\u00e1, \u00e9s ehhez kapcsol\u00f3d\u00f3an az orvosi tanulm\u00e1nyok igazgat\u00f3j\u00e1v\u00e1, vagyis kari igazgat\u00f3v\u00e1 nevezt\u00e9k ki. 1848 \u00e1prilis\u00e1ban a Batthy\u00e1ny-korm\u00e1ny a kereskedelem\u00fcgyi miniszt\u00e9riumhoz tartoz\u00f3 orvosi \u00fcgyek oszt\u00e1ly\u00e1nak vezet\u00e9s\u00e9vel b\u00edzta meg, \u00edgy a kari igazgat\u00f3 tiszts\u00e9g\u00e9r\u0151l lemondott, ut\u00f3dja Balassa J\u00e1nos lett. Szeptembert\u0151l a honv\u00e9delmi miniszt\u00e9rium VIII. oszt\u00e1ly\u00e1nak (hadi eg\u00e9szs\u00e9g\u00fcgyi oszt\u00e1ly) \u00e9l\u00e9n dolgozott tov\u00e1bb. A honv\u00e9dorvosi kar f\u0151n\u00f6kek\u00e9nt nagy szerepet j\u00e1tszott a szabads\u00e1gharcban kit\u0171n\u0151en m\u0171k\u00f6d\u0151 sebes\u00fcltell\u00e1t\u00f3-rendszer megszervez\u00e9s\u00e9ben, a katonai c\u00e9l\u00fa gy\u00f3gyszerbeszerz\u00e9s \u00e1tszervez\u00e9s\u00e9ben. Mikor a korm\u00e1ny 1848\/49 tel\u00e9n Windisch-Gr\u00e4tz csapatai el\u0151l Debrecenbe menek\u00fclt, a beteg St\u00e1hly nem v\u00e1llalta a hossz\u00fa t\u00e9li utaz\u00e1st, ink\u00e1bb Pesten maradt. N\u00e9h\u00e1ny h\u00f3nap m\u00falva itt \u00e9rte a hal\u00e1l. Gyakorl\u00f3 orvosk\u00e9nt h\u00edr\u00e9t csak Balassa sz\u00e1rnyalta t\u00fal k\u00e9s\u0151bb.<\/p>\n<p style=\"text-align: justify\">A Budapesti Kir\u00e1lyi Orvosegyes\u00fclet tiszteletbeli, a B\u00e9csi Orvosi T\u00e1rsas\u00e1g levelez\u0151 tagj\u00e1v\u00e1, t\u00f6bb v\u00e1rmegye pedig t\u00e1blab\u00edr\u00e1j\u00e1v\u00e1, 1846-ban Pest v\u00e1rosa d\u00edszpolg\u00e1r\u00e1v\u00e1 v\u00e1lasztotta. 1847-ben a III. oszt\u00e1ly\u00fa Vaskorona-renddel t\u00fcntett\u00e9k ki. \u00c9lete sor\u00e1n elnyerte m\u00e9g az osztr\u00e1k cs\u00e1sz\u00e1ri Lip\u00f3t-rend, valamint a w\u00fcrtembergi kir\u00e1lyi \u00e9rdemrend lovagi fokozatait.<\/p>\n<p style=\"text-align: justify\"><strong>F\u0151bb munk\u00e1i:<\/strong> A cholera \u00fcgy\u00e9ben a v\u00e1lasztm\u00e1nyi bizottm\u00e1ny egy eredeti chemia kidolgoz\u00e1s\u00e1ban is f\u00e1radott. In: Gy\u00f3gyszer\u00e9szeti Szemle, 1848:5. sz.<\/p>\n<p style=\"text-align: justify\"><strong>Nyughelye:<\/strong> Budapest V., Ferenciek tere 9. Alcantrai Szent P\u00e9ter templom altemploma.<\/p>\n<p><strong><a href=\"https:\/\/semmelweis.hu\/baratikor\/files\/2023\/07\/Stahly-Ignac-318.-IX.66-1_jav.jpg\"><img loading=\"lazy\" decoding=\"async\" class=\"alignleft size-medium wp-image-5081\" src=\"https:\/\/semmelweis.hu\/baratikor\/files\/2023\/07\/Stahly-Ignac-318.-IX.66-1_jav-276x400.jpg\" alt=\"\" width=\"276\" height=\"400\" srcset=\"https:\/\/semmelweis.hu\/baratikor\/files\/2023\/07\/Stahly-Ignac-318.-IX.66-1_jav-276x400.jpg 276w, https:\/\/semmelweis.hu\/baratikor\/files\/2023\/07\/Stahly-Ignac-318.-IX.66-1_jav.jpg 691w\" sizes=\"auto, (max-width: 276px) 100vw, 276px\" \/><\/a><\/strong><\/p>\n","protected":false},"excerpt":{"rendered":"<p><a href=\"https:\/\/semmelweis.hu\/baratikor\/files\/2023\/07\/Stahly_Ignac_jav.jpg\"><\/a> (Pest, 1787. j\u00falius 31. \u2013 Pest, 1849. \u00e1prilis 28.) Tansz\u00e9k: anat\u00f3mia 1809-1827, seb\u00e9szet 1833-1841. Viselt egyetemi m\u00e9lt\u00f3s\u00e1g: rektor 1829\/30, kari igazgat\u00f3 1843-1848. Sz\u00fclet\u00e9si \u00e9v\u00e9r\u0151l elt\u00e9r\u0151 adatok vannak forgalomban. \u0150 maga 1787-et jel\u00f6l meg, Gy\u0151ry Tibor a pesti pl\u00e9b\u00e1niai anyak\u00f6nyvek alapj\u00e1n 1785-\u00f6t, m\u00edg St\u00e1hly bar\u00e1tja, Toldy Ferenc 1784-et eml\u00edt St\u00e1hlyr\u00f3l sz\u00f3l\u00f3 nekrol\u00f3gj\u00e1ban. A pesti egyetem hallgat\u00f3i &hellip;<\/p>\n","protected":false},"author":282,"featured_media":5446,"parent":347,"menu_order":0,"comment_status":"closed","ping_status":"closed","template":"template-fullwidth.php","meta":{"_acf_changed":false,"footnotes":""},"categories":[77,14],"tags":[],"class_list":["post-2228","page","type-page","status-publish","has-post-thumbnail","hentry","category-kegyeleti-adattar","category-teljes-nevlista"],"acf":[],"_links":{"self":[{"href":"https:\/\/semmelweis.hu\/baratikor\/wp-json\/wp\/v2\/pages\/2228","targetHints":{"allow":["GET"]}}],"collection":[{"href":"https:\/\/semmelweis.hu\/baratikor\/wp-json\/wp\/v2\/pages"}],"about":[{"href":"https:\/\/semmelweis.hu\/baratikor\/wp-json\/wp\/v2\/types\/page"}],"author":[{"embeddable":true,"href":"https:\/\/semmelweis.hu\/baratikor\/wp-json\/wp\/v2\/users\/282"}],"replies":[{"embeddable":true,"href":"https:\/\/semmelweis.hu\/baratikor\/wp-json\/wp\/v2\/comments?post=2228"}],"version-history":[{"count":2,"href":"https:\/\/semmelweis.hu\/baratikor\/wp-json\/wp\/v2\/pages\/2228\/revisions"}],"predecessor-version":[{"id":5083,"href":"https:\/\/semmelweis.hu\/baratikor\/wp-json\/wp\/v2\/pages\/2228\/revisions\/5083"}],"up":[{"embeddable":true,"href":"https:\/\/semmelweis.hu\/baratikor\/wp-json\/wp\/v2\/pages\/347"}],"wp:featuredmedia":[{"embeddable":true,"href":"https:\/\/semmelweis.hu\/baratikor\/wp-json\/wp\/v2\/media\/5446"}],"wp:attachment":[{"href":"https:\/\/semmelweis.hu\/baratikor\/wp-json\/wp\/v2\/media?parent=2228"}],"wp:term":[{"taxonomy":"category","embeddable":true,"href":"https:\/\/semmelweis.hu\/baratikor\/wp-json\/wp\/v2\/categories?post=2228"},{"taxonomy":"post_tag","embeddable":true,"href":"https:\/\/semmelweis.hu\/baratikor\/wp-json\/wp\/v2\/tags?post=2228"}],"curies":[{"name":"wp","href":"https:\/\/api.w.org\/{rel}","templated":true}]}}