{"id":2219,"date":"2023-01-04T14:24:06","date_gmt":"2023-01-04T13:24:06","guid":{"rendered":"https:\/\/semmelweis.hu\/baratikor\/?page_id=2219"},"modified":"2023-10-12T16:06:22","modified_gmt":"2023-10-12T14:06:22","slug":"soltesz-lajos","status":"publish","type":"page","link":"https:\/\/semmelweis.hu\/baratikor\/galeria\/teljes-nevlista\/soltesz-lajos\/","title":{"rendered":"Solt\u00e9sz Lajos"},"content":{"rendered":"<p style=\"text-align: justify\"><strong><a href=\"https:\/\/semmelweis.hu\/baratikor\/files\/2023\/07\/Soltesz-Lajos-1976.-49.a-IV-1._jav.jpg\"><img loading=\"lazy\" decoding=\"async\" class=\"alignleft size-medium wp-image-5073\" src=\"https:\/\/semmelweis.hu\/baratikor\/files\/2023\/07\/Soltesz-Lajos-1976.-49.a-IV-1._jav-266x400.jpg\" alt=\"\" width=\"266\" height=\"400\" srcset=\"https:\/\/semmelweis.hu\/baratikor\/files\/2023\/07\/Soltesz-Lajos-1976.-49.a-IV-1._jav-266x400.jpg 266w, https:\/\/semmelweis.hu\/baratikor\/files\/2023\/07\/Soltesz-Lajos-1976.-49.a-IV-1._jav.jpg 664w\" sizes=\"auto, (max-width: 266px) 100vw, 266px\" \/><\/a>(<\/strong><strong>Mez\u0151telegd, 1917. j\u00fanius 21.<\/strong><strong> \u2013 Budapest, 1981. febru\u00e1r 14.)<\/strong><\/p>\n<p style=\"text-align: justify\"><strong>Tansz\u00e9k: <\/strong>\u00c9rseb\u00e9szeti Int\u00e9zet 1975-1981.<\/p>\n<p style=\"text-align: justify\">K\u00f6z\u00e9piskolai \u00e9s egyetemi tanulm\u00e1nyait Debrecenben v\u00e9gezte. Hallgat\u00f3 kor\u00e1ban k\u00e9t \u00e9vet t\u00f6lt\u00f6tt az Anat\u00f3miai Int\u00e9zetben. 1942. m\u00e1rcius 27-\u00e9n kapta meg orvosi oklevel\u00e9t a Tisza Istv\u00e1n Tudom\u00e1nyegyetemen. 1942. \u00e1prilist\u00f3l 1951 janu\u00e1rj\u00e1ig a balassagyarmati k\u00f3rh\u00e1z seb\u00e9szeti oszt\u00e1ly\u00e1n dolgozott alorvosk\u00e9nt. Mindek\u00f6zben 3 \u00e9vnyi katonai szolg\u00e1latot teljes\u00edtett. 1938. m\u00e1just\u00f3l novemberig a debreceni 11. gyalogezredn\u00e9l, 1939. m\u00e1just\u00f3l okt\u00f3berig az 1. lovas dand\u00e1r eg\u00e9szs\u00e9g\u00fcgyi oszlop\u00e1n\u00e1l, 1942. okt\u00f3bert\u0151l 1944. febru\u00e1r 1-ig a budapesti 10. hely\u0151rs\u00e9gi k\u00f3rh\u00e1zn\u00e1l, majd 1945. okt\u00f3ber 10-ig a 156-os sz\u00e1m\u00fa k\u00f3rh\u00e1zvonaton szolg\u00e1lt. N\u00e9metorsz\u00e1gban esett fogs\u00e1gba, 1945 szeptember\u00e9ben tudott hazat\u00e9rni. 1947. febru\u00e1r 11-\u00e9n seb\u00e9sz szakorvosi vizsg\u00e1t tett. 1951 janu\u00e1rj\u00e1t\u00f3l novemberig a Borisz Petrovszkij vezette III. sz. Seb\u00e9szeti Klinik\u00e1n, att\u00f3l kezdve az akkor alakult Seb\u00e9sztov\u00e1bbk\u00e9pz\u0151 Klinik\u00e1n dolgozott, ut\u00f3bbin adjunktusi (1951.XII.15.) beoszt\u00e1sban. Mivel a klinika ekkori profilja f\u0151k\u00e9nt a hadiseb\u00e9szet oktat\u00e1sa volt, gazdag h\u00e1bor\u00fas tapasztalatait j\u00f3l hasznos\u00edthatta. A klinika 1957. m\u00e1rciust\u00f3l IV. sz. Seb\u00e9szeti Klinika n\u00e9ven m\u0171k\u00f6d\u00f6tt tov\u00e1bb. 1964. december 23-\u00e1n el\u00e9rte a kandid\u00e1tusi fokozatot. 1965. okt\u00f3ber 31-\u00e9n docensi kinevez\u00e9st kapott. Az egyetemi oktat\u00e1sban 1957-t\u0151l vett r\u00e9szt, 1966-t\u00f3l a peripheri\u00e1s \u00e9rseb\u00e9szetb\u0151l \u00f6n\u00e1ll\u00f3 speci\u00e1lis koll\u00e9giumot tartott. 1971-ben egyetemi tan\u00e1r, a klinika m\u00e1sodprofesszora lett. Kud\u00e1sz professzor nyugalomba vonul\u00e1sakor, 1975. j\u00falius 1-j\u00e9n \u00e1tvette a klinika vezet\u00e9s\u00e9t, melyet ett\u0151l kezdve \u00c9rseb\u00e9szeti Int\u00e9zetnek neveztek.<\/p>\n<p style=\"text-align: justify\">1951 \u00f3ta f\u0151 munkater\u00fclete a perif\u00e9ri\u00e1s \u00e9rseb\u00e9szet volt. 1953-ban az orsz\u00e1gban els\u0151k\u00e9nt szervezett meg egy 30 \u00e1gyas perif\u00e9ri\u00e1s \u00e9rseb\u00e9szeti oszt\u00e1lyt. Haz\u00e1nkban el\u0151sz\u00f6r v\u00e9gzett emberen lymphangiographi\u00e1t, el\u0151sz\u00f6r sz\u00e1molt be munkat\u00e1rsaival nagyobb anyagon szerzett tapasztalatok alapj\u00e1n az arteriectomi\u00e1r\u00f3l, \u00e9rvarrat n\u00e9lk\u00fcl v\u00e9gzett embolectomi\u00e1r\u00f3l, obliterat\u00edv \u00e9rbetegeken m\u0171anyag prot\u00e9zissel v\u00e9gzett \u00e9r\u00e1t\u00fcltet\u00e9s, valamint endarteriectomia javallatair\u00f3l, eredm\u00e9nyeir\u0151l. T\u00f6bb mint 10 \u00e9ven kereszt\u00fcl, vil\u00e1gviszonylatban is sz\u00e1mottev\u0151 anyagon tanulm\u00e1nyozta a v\u00e9gtagok velesz\u00fcletett arteriovenosus sipolyait. Ez a ter\u00fclet, melyet kandid\u00e1tusi \u00e9rtekez\u00e9se t\u00e1rgy\u00e1ul v\u00e1lasztott, kor\u00e1bban k\u00fclf\u00f6ld\u00f6n is alig ismertnek sz\u00e1m\u00edtott.<\/p>\n<p style=\"text-align: justify\">Hazat\u00e9r\u00e9se ut\u00e1n, 1945-ben csatlakozott az Orvos-Eg\u00e9szs\u00e9g\u00fcgyi Dolgoz\u00f3k Szakszervezet\u00e9hez. 1947-ben bel\u00e9pett a Szoci\u00e1ldemokrata P\u00e1rtba, \u00edgy a p\u00e1rtegyes\u00edt\u00e9s ut\u00e1n MDP-tag lett, de p\u00e1rttags\u00e1g\u00e1t 1956 ut\u00e1n nem \u00faj\u00edtotta meg.<\/p>\n<p style=\"text-align: justify\">A Seb\u00e9szszakcsoport vezet\u0151s\u00e9gi tagja, az Angiol\u00f3giai szekci\u00f3, 1966-t\u00f3l Magyar Angiol\u00f3giai T\u00e1rsas\u00e1g f\u0151titk\u00e1ra, 1972-t\u0151l eln\u00f6ke volt. Tagja volt a Soci\u00e9t\u00e9 Internationale de Chirurgie, a Soci\u00e9t\u00e9 Internationale de Chirurgie Cardiovasculaire (magyar deleg\u00e1lt) \u00e9s az Union Internationale d\u2019Angiologie (igazgat\u00f3tan\u00e1csi tag) szakmai t\u00e1rsas\u00e1goknak.<\/p>\n<p style=\"text-align: justify\"><strong>F\u0151bb munk\u00e1i:<\/strong> Seb\u00e9szet (t\u00f6bbekkel). Bp., 1956.; A v\u00e9gtagok velesz\u00fcletett arterio-venosus sipolya. Kandid\u00e1tusi \u00e9rtekez\u00e9s. MTA TMB. Bp., 1963.; Lysosom\u00e1lis enzimfelszabadul\u00e1s eg\u00e9rb\u0151rben l\u00e1gy r\u00f6ntgensug\u00e1rz\u00e1s hat\u00e1s\u00e1ra. Kandid\u00e1tusi \u00e9rtekez\u00e9s. MTA TMB. Bp., 1976.; \u00c9rseb\u00e9szeti vez\u00e9rfonal (Nemes Attil\u00e1val). A gyakorl\u00f3 orvos k\u00f6nyvt\u00e1ra sorozatban. Bp., 1980.<\/p>\n<p style=\"text-align: justify\"><strong>Nyughelye: ?<\/strong><\/p>\n","protected":false},"excerpt":{"rendered":"<p><a href=\"https:\/\/semmelweis.hu\/baratikor\/files\/2023\/07\/Soltesz-Lajos-1976.-49.a-IV-1._jav.jpg\"><\/a> (Mez\u0151telegd, 1917. j\u00fanius 21. \u2013 Budapest, 1981. febru\u00e1r 14.) Tansz\u00e9k: \u00c9rseb\u00e9szeti Int\u00e9zet 1975-1981. K\u00f6z\u00e9piskolai \u00e9s egyetemi tanulm\u00e1nyait Debrecenben v\u00e9gezte. Hallgat\u00f3 kor\u00e1ban k\u00e9t \u00e9vet t\u00f6lt\u00f6tt az Anat\u00f3miai Int\u00e9zetben. 1942. m\u00e1rcius 27-\u00e9n kapta meg orvosi oklevel\u00e9t a Tisza Istv\u00e1n Tudom\u00e1nyegyetemen. 1942. \u00e1prilist\u00f3l 1951 janu\u00e1rj\u00e1ig a balassagyarmati k\u00f3rh\u00e1z seb\u00e9szeti oszt\u00e1ly\u00e1n dolgozott alorvosk\u00e9nt. Mindek\u00f6zben 3 \u00e9vnyi katonai szolg\u00e1latot teljes\u00edtett. &hellip;<\/p>\n","protected":false},"author":282,"featured_media":5444,"parent":347,"menu_order":0,"comment_status":"closed","ping_status":"closed","template":"template-fullwidth.php","meta":{"_acf_changed":false,"footnotes":""},"categories":[14],"tags":[],"class_list":["post-2219","page","type-page","status-publish","has-post-thumbnail","hentry","category-teljes-nevlista"],"acf":[],"_links":{"self":[{"href":"https:\/\/semmelweis.hu\/baratikor\/wp-json\/wp\/v2\/pages\/2219","targetHints":{"allow":["GET"]}}],"collection":[{"href":"https:\/\/semmelweis.hu\/baratikor\/wp-json\/wp\/v2\/pages"}],"about":[{"href":"https:\/\/semmelweis.hu\/baratikor\/wp-json\/wp\/v2\/types\/page"}],"author":[{"embeddable":true,"href":"https:\/\/semmelweis.hu\/baratikor\/wp-json\/wp\/v2\/users\/282"}],"replies":[{"embeddable":true,"href":"https:\/\/semmelweis.hu\/baratikor\/wp-json\/wp\/v2\/comments?post=2219"}],"version-history":[{"count":2,"href":"https:\/\/semmelweis.hu\/baratikor\/wp-json\/wp\/v2\/pages\/2219\/revisions"}],"predecessor-version":[{"id":5074,"href":"https:\/\/semmelweis.hu\/baratikor\/wp-json\/wp\/v2\/pages\/2219\/revisions\/5074"}],"up":[{"embeddable":true,"href":"https:\/\/semmelweis.hu\/baratikor\/wp-json\/wp\/v2\/pages\/347"}],"wp:featuredmedia":[{"embeddable":true,"href":"https:\/\/semmelweis.hu\/baratikor\/wp-json\/wp\/v2\/media\/5444"}],"wp:attachment":[{"href":"https:\/\/semmelweis.hu\/baratikor\/wp-json\/wp\/v2\/media?parent=2219"}],"wp:term":[{"taxonomy":"category","embeddable":true,"href":"https:\/\/semmelweis.hu\/baratikor\/wp-json\/wp\/v2\/categories?post=2219"},{"taxonomy":"post_tag","embeddable":true,"href":"https:\/\/semmelweis.hu\/baratikor\/wp-json\/wp\/v2\/tags?post=2219"}],"curies":[{"name":"wp","href":"https:\/\/api.w.org\/{rel}","templated":true}]}}