{"id":2217,"date":"2023-01-04T14:23:05","date_gmt":"2023-01-04T13:23:05","guid":{"rendered":"https:\/\/semmelweis.hu\/baratikor\/?page_id=2217"},"modified":"2023-10-12T16:05:02","modified_gmt":"2023-10-12T14:05:02","slug":"simonovits-istvan","status":"publish","type":"page","link":"https:\/\/semmelweis.hu\/baratikor\/galeria\/teljes-nevlista\/simonovits-istvan\/","title":{"rendered":"Simonovits Istv\u00e1n"},"content":{"rendered":"<p style=\"text-align: justify\"><strong> <a href=\"https:\/\/semmelweis.hu\/baratikor\/files\/2023\/07\/Simonovits-Istvan_jav.jpg\"><img loading=\"lazy\" decoding=\"async\" class=\"alignleft size-medium wp-image-5071\" src=\"https:\/\/semmelweis.hu\/baratikor\/files\/2023\/07\/Simonovits-Istvan_jav-292x400.jpg\" alt=\"\" width=\"292\" height=\"400\" srcset=\"https:\/\/semmelweis.hu\/baratikor\/files\/2023\/07\/Simonovits-Istvan_jav-292x400.jpg 292w, https:\/\/semmelweis.hu\/baratikor\/files\/2023\/07\/Simonovits-Istvan_jav.jpg 731w\" sizes=\"auto, (max-width: 292px) 100vw, 292px\" \/><\/a>(<\/strong><strong>B\u00e1cskereszt\u00far, 1907. december 24.<\/strong><strong> \u2013 Budapest, 1985. m\u00e1jus 12.)<\/strong><\/p>\n<p style=\"text-align: justify\"><strong>Tansz\u00e9k:<\/strong> Eg\u00e9szs\u00e9g\u00fcgyi Szervez\u00e9si Int\u00e9zet 1960-1978.<\/p>\n<p style=\"text-align: justify\">Orvoscsal\u00e1db\u00f3l sz\u00e1rmazott, \u00e9desapja k\u00f6zs\u00e9gi orvosk\u00e9nt dolgozott. Oklevel\u00e9t a kir. m. P\u00e1zm\u00e1ny P\u00e9ter Tudom\u00e1nyegyetem Orvostudom\u00e1nyi Kar\u00e1n szerezte 1932. okt\u00f3ber 8-\u00e1n. Harmad\u00e9ves kor\u00e1t\u00f3l j\u00e1rt be a H\u00e1ri P\u00e1l vezette \u00c9let- \u00e9s K\u00f3rvegytani Int\u00e9zetbe, els\u0151 tudom\u00e1nyos dolgozatai is itt sz\u00fclettek. Kutat\u00e1sai t\u00e1rgya ekkor, a H\u00e1ri-iskol\u00e1nak megfelel\u0151en, az \u00e1llatok hemoglobinjainak \u00f6sszehasonl\u00edt\u00f3 vizsg\u00e1lata volt. Egyetemi alkalmaz\u00e1sa mellett 1933-t\u00f3l d\u00edjtalan gyakornokk\u00e9nt m\u0171k\u00f6d\u00f6tt a Sz\u00f6vets\u00e9g utcai Gr\u00f3f Apponyi Albert Poliklinika belgy\u00f3gy\u00e1szati oszt\u00e1ly\u00e1n, melyet Engel K\u00e1roly vezetett. 1935-ben k\u00f3rvegy- k\u00f3rsz\u00f6vettan szakk\u00e9pes\u00edt\u00e9st szerzett. 1935 v\u00e9g\u00e9n egyetemi alkalmaz\u00e1sa megsz\u0171nt, 1940-ig csak a poliklinik\u00e1n dolgozott. 1939. szeptember 1-t\u0151l december 31-ig katonai szolg\u00e1latot teljes\u00edtett. Az 1939:IV. tv. \u00e9rtelm\u00e9ben a poliklinik\u00e1n sem alkalmazhatt\u00e1k tov\u00e1bb, \u00edgy 1940-1945 k\u00f6z\u00f6tt mag\u00e1ngyakorlatot folytatott. Ezzel p\u00e1rhuzamosan munk\u00e1s sportegyes\u00fcletekben l\u00e1tott el sportorvosi feladatokat.<\/p>\n<p style=\"text-align: justify\">M\u00e1r 1932-ben bel\u00e9pett az akkor illeg\u00e1lis Kommunist\u00e1k Magyarorsz\u00e1gi P\u00e1rtj\u00e1ba, tags\u00e1ga ett\u0151l kezdve, a p\u00e1rt \u00e1talakul\u00e1sai sor\u00e1n is folyamatos maradt. 1936-1943 k\u00f6z\u00f6tt a Szoci\u00e1ldemokrata P\u00e1rtnak is tagja volt. 1945-ben lett tagja az Orvos-Eg\u00e9szs\u00e9g\u00fcgyi Dolgoz\u00f3k Szakszervezet\u00e9nek, melynek janu\u00e1r 10-t\u0151l titk\u00e1ra volt. 1945. \u00e1prilis 28-t\u00f3l 1953. december 31-ig a N\u00e9pj\u00f3l\u00e9ti Miniszt\u00e9rium eg\u00e9szs\u00e9g\u00fcgyi f\u0151csoportj\u00e1nak helyettes f\u0151n\u00f6kek\u00e9nt dolgozott. K\u00f6zben 1949\/50-ben egy\u00e9ves p\u00e1rtf\u0151iskol\u00e1t v\u00e9gzett. 1953-t\u00f3l az Eg\u00e9szs\u00e9g\u00fcgyi Miniszt\u00e9rium miniszterhelyettese, 1957-t\u0151l 1963. december 13-ig a miniszter els\u0151 helyettese. K\u00f6zel h\u00fasz\u00e9ves miniszt\u00e9riumi m\u0171k\u00f6d\u00e9se sor\u00e1n jelent\u0151s szerepet j\u00e1tszott az eg\u00e9szs\u00e9g\u00fcgy szocialista \u00e1tszervez\u00e9s\u00e9ben. 1959. janu\u00e1r 29-\u00e9n, addigi munk\u00e1ss\u00e1ga elismer\u00e9sek\u00e9nt, v\u00e9d\u00e9s n\u00e9lk\u00fcl nyerte el a kandid\u00e1tusi fokozatot. 1959-ben eg\u00e9szs\u00e9g\u00fcgyi szervez\u00e9sb\u0151l tett szakvizsg\u00e1t. 1960. \u00e1prilis 17-\u00e9n kapott kinevez\u00e9st a BOTE Eg\u00e9szs\u00e9g\u00fcgyi Szervez\u00e9si Int\u00e9zete \u00e9l\u00e9re, ahol 1978. augusztus 31-i nyugd\u00edjba vonul\u00e1s\u00e1ig dolgozott. 1964 janu\u00e1rj\u00e1t\u00f3l m\u00e1sod\u00e1ll\u00e1sban az Orsz\u00e1gos V\u00e9rell\u00e1t\u00f3 Szolg\u00e1lat f\u0151igazgat\u00f3i feladatait is ell\u00e1tta. 1976-ban nyerte el az orvostudom\u00e1nyok doktora c\u00edmet. Az MTA n\u00e9h\u00e1ny nappal hal\u00e1la el\u0151tt, 1985. m\u00e1jus 9-\u00e9n v\u00e1lasztotta levelez\u0151 tagj\u00e1v\u00e1.<\/p>\n<p style=\"text-align: justify\">Tudom\u00e1nyos munk\u00e1ss\u00e1ga kezdetben a biok\u00e9mia, azon bel\u00fcl is a hemoglobin kutat\u00e1s\u00e1ra ir\u00e1nyult. Az \u00c9let- \u00e9s K\u00f3rvegytani Int\u00e9zetb\u0151l megjelent egyik k\u00f6zlem\u00e9ny\u00e9ben egy \u00faj, mikroglykog\u00e9n meghat\u00e1roz\u00f3 elj\u00e1r\u00e1st ismertetett. Az Apponyi Poliklinik\u00e1n f\u0151k\u00e9nt a sz\u00edvbetegek diuresis\u00e9t vizsg\u00e1lta. 1945 ut\u00e1n legink\u00e1bb eg\u00e9szs\u00e9g\u00fcgyi szervez\u00e9si k\u00e9rd\u00e9sekkel foglalkozott, sz\u00e9lesk\u00f6r\u0171 tev\u00e9kenys\u00e9get folytatott a szakter\u00fclet elm\u00e9leti \u00e9s gyakorlati r\u00e9sz\u00e9n is. Szerepet j\u00e1tszott az orvostudom\u00e1nyi orsz\u00e1gos int\u00e9zetek ki\u00e9p\u00edt\u00e9s\u00e9ben, megszervezte az izot\u00f3p laborat\u00f3riumok, valamint a k\u00f3rh\u00e1zak \u00e9s klinik\u00e1k orsz\u00e1gos k\u00f6nyvt\u00e1ri h\u00e1l\u00f3zat\u00e1t. Egyik f\u0151 t\u00f6rekv\u00e9se volt a csecsem\u0151haland\u00f3s\u00e1g cs\u00f6kkent\u00e9se. Jelent\u0151s eredm\u00e9nyei k\u00f6z\u00e9 tartozik az anti-D prevenci\u00f3 bevezet\u00e9se, amellyel el\u00e9rte, hogy haz\u00e1nkban megsz\u0171nt az Rh\/D-inkompatibilit\u00e1sb\u00f3l sz\u00e1rmaz\u00f3 \u00fajsz\u00fcl\u00f6ttkori hemolitikus betegs\u00e9g. M\u00e1sik f\u0151 kutat\u00e1si ter\u00fclet\u00e9hez, az an\u00e9mia epidemiol\u00f3gi\u00e1j\u00e1hoz kapcsol\u00f3dva, munkat\u00e1rsaival kidolgozta a serum IRMA \u00e9s a laktoferitim meghat\u00e1roz\u00e1s RIA m\u00f3dszer\u00e9t.<\/p>\n<p style=\"text-align: justify\">Tagja volt t\u00f6bbek k\u00f6z\u00f6tt az Eg\u00e9szs\u00e9g\u00fcgyi Szervez\u0151k Tudom\u00e1nyos Egyes\u00fclet\u00e9nek, eln\u00f6ks\u00e9gi tagja a Haematol\u00f3giai T\u00e1rsas\u00e1gnak, eln\u00f6ke a Magyar V\u00f6r\u00f6skereszt V\u00e9rad\u00f3 Bizotts\u00e1g\u00e1nak. \u00dajraind\u00edt\u00f3ja, majd hal\u00e1l\u00e1ig f\u0151szerkeszt\u0151je volt az Orvosk\u00e9pz\u00e9s c. szaklapnak.<\/p>\n<p style=\"text-align: justify\">Kit\u00fcntet\u00e9sei: N\u00e9pk\u00f6zt\u00e1rsas\u00e1gi \u00c9rdemrend IV. fokozata (1950. \u00e1prilis), Magyar Partiz\u00e1n Eml\u00e9k\u00e9rem (1955. december), Munka V\u00f6r\u00f6s Z\u00e1szl\u00f3 \u00c9rdemrend (1955, 1957, 1975), Koreai \u00c1llami Z\u00e1szl\u00f3 \u00c9rdemrend II. fokozat (1958), Munka \u00c9rdemrend arany fokozat (1965), Szocialista Haz\u00e1\u00e9rt \u00c9rdem\u00e9rem (1967), \u00c1llami D\u00edj II. fokozat (1970), Purkinje-eml\u00e9k\u00e9rem (1972), Magyar-Szovjet Tudom\u00e1nyos M\u0171szaki Egy\u00fcttm\u0171k\u00f6d\u00e9s d\u00edszoklev\u00e9l (1974). Kit\u00fcntetettje volt tov\u00e1bb\u00e1 a Markusovszky-, a Janszky-, \u00e9s a H\u00e1ri P\u00e1l-eml\u00e9k\u00e9rmeknek. A SOTE egyetemi tan\u00e1csa senator honoris cause universitatis c\u00edmmel t\u00fcntette ki.<\/p>\n<p style=\"text-align: justify\"><strong>F\u0151bb munk\u00e1i:<\/strong> \u00dcber die Optische Aktivit\u00e4t des H\u00e4moglobins. In: Biochemische Zeitschrift, 1931.; \u00dcber eine neue Mikro-Glykogenbestimmungsmethode. In: Biochemische Zeitschrift, 1933.; \u00dcber Adsorption und Hydrolyse des adsorpbieren Glykogens. In: Biochemische Zeitschrift, 1935.; A novurit hat\u00e1s\u00e1nak er\u0151s\u00edt\u00e9se ureummal. In: Orvosi Hetilap, 1938.; A magyar elmebeteg\u00fcgy helyzet\u00e9r\u0151l \u00e9s j\u00f6v\u0151 feladatainkr\u00f3l. Bp., 1947.; A falu eg\u00e9szs\u00e9g\u00fcgye. Bp., 1948.; T\u00e1rsadalomeg\u00e9szs\u00e9gtan \u00e9s eg\u00e9szs\u00e9g\u00fcgyi szervez\u00e9studom\u00e1ny. Bp., 1966, 4. kiad. 1979.; N\u00e9h\u00e1ny szempont a hazai csecsem\u0151hal\u00e1loz\u00e1s cs\u00f6kkent\u00e9s\u00e9hez, egyes perinat\u00e1lis k\u00e1rosod\u00e1sok kiv\u00e9d\u00e9s\u00e9hez. Doktori \u00e9rtekez\u00e9s. MTA, TMB. Bp., 1975.<\/p>\n<p style=\"text-align: justify\"><strong>Nyughelye:<\/strong> Fiumei \u00fati temet\u0151 27\/D\/1\/7.<\/p>\n<p><strong><a href=\"https:\/\/semmelweis.hu\/baratikor\/files\/2023\/07\/Simonovits-Istvan-Fiumei-ut_jav.jpg\"><img loading=\"lazy\" decoding=\"async\" class=\"alignleft size-medium wp-image-5070\" src=\"https:\/\/semmelweis.hu\/baratikor\/files\/2023\/07\/Simonovits-Istvan-Fiumei-ut_jav-268x400.jpg\" alt=\"\" width=\"268\" height=\"400\" srcset=\"https:\/\/semmelweis.hu\/baratikor\/files\/2023\/07\/Simonovits-Istvan-Fiumei-ut_jav-268x400.jpg 268w, https:\/\/semmelweis.hu\/baratikor\/files\/2023\/07\/Simonovits-Istvan-Fiumei-ut_jav.jpg 664w\" sizes=\"auto, (max-width: 268px) 100vw, 268px\" \/><\/a><\/strong><\/p>\n<p>&nbsp;<\/p>\n","protected":false},"excerpt":{"rendered":"<p><a href=\"https:\/\/semmelweis.hu\/baratikor\/files\/2023\/07\/Simonovits-Istvan_jav.jpg\"><\/a> (B\u00e1cskereszt\u00far, 1907. december 24. \u2013 Budapest, 1985. m\u00e1jus 12.) Tansz\u00e9k: Eg\u00e9szs\u00e9g\u00fcgyi Szervez\u00e9si Int\u00e9zet 1960-1978. Orvoscsal\u00e1db\u00f3l sz\u00e1rmazott, \u00e9desapja k\u00f6zs\u00e9gi orvosk\u00e9nt dolgozott. Oklevel\u00e9t a kir. m. P\u00e1zm\u00e1ny P\u00e9ter Tudom\u00e1nyegyetem Orvostudom\u00e1nyi Kar\u00e1n szerezte 1932. okt\u00f3ber 8-\u00e1n. Harmad\u00e9ves kor\u00e1t\u00f3l j\u00e1rt be a H\u00e1ri P\u00e1l vezette \u00c9let- \u00e9s K\u00f3rvegytani Int\u00e9zetbe, els\u0151 tudom\u00e1nyos dolgozatai is itt sz\u00fclettek. Kutat\u00e1sai t\u00e1rgya ekkor, a &hellip;<\/p>\n","protected":false},"author":282,"featured_media":5443,"parent":347,"menu_order":0,"comment_status":"closed","ping_status":"closed","template":"template-fullwidth.php","meta":{"_acf_changed":false,"footnotes":""},"categories":[77,14],"tags":[],"class_list":["post-2217","page","type-page","status-publish","has-post-thumbnail","hentry","category-kegyeleti-adattar","category-teljes-nevlista"],"acf":[],"_links":{"self":[{"href":"https:\/\/semmelweis.hu\/baratikor\/wp-json\/wp\/v2\/pages\/2217","targetHints":{"allow":["GET"]}}],"collection":[{"href":"https:\/\/semmelweis.hu\/baratikor\/wp-json\/wp\/v2\/pages"}],"about":[{"href":"https:\/\/semmelweis.hu\/baratikor\/wp-json\/wp\/v2\/types\/page"}],"author":[{"embeddable":true,"href":"https:\/\/semmelweis.hu\/baratikor\/wp-json\/wp\/v2\/users\/282"}],"replies":[{"embeddable":true,"href":"https:\/\/semmelweis.hu\/baratikor\/wp-json\/wp\/v2\/comments?post=2217"}],"version-history":[{"count":2,"href":"https:\/\/semmelweis.hu\/baratikor\/wp-json\/wp\/v2\/pages\/2217\/revisions"}],"predecessor-version":[{"id":5072,"href":"https:\/\/semmelweis.hu\/baratikor\/wp-json\/wp\/v2\/pages\/2217\/revisions\/5072"}],"up":[{"embeddable":true,"href":"https:\/\/semmelweis.hu\/baratikor\/wp-json\/wp\/v2\/pages\/347"}],"wp:featuredmedia":[{"embeddable":true,"href":"https:\/\/semmelweis.hu\/baratikor\/wp-json\/wp\/v2\/media\/5443"}],"wp:attachment":[{"href":"https:\/\/semmelweis.hu\/baratikor\/wp-json\/wp\/v2\/media?parent=2217"}],"wp:term":[{"taxonomy":"category","embeddable":true,"href":"https:\/\/semmelweis.hu\/baratikor\/wp-json\/wp\/v2\/categories?post=2217"},{"taxonomy":"post_tag","embeddable":true,"href":"https:\/\/semmelweis.hu\/baratikor\/wp-json\/wp\/v2\/tags?post=2217"}],"curies":[{"name":"wp","href":"https:\/\/api.w.org\/{rel}","templated":true}]}}