{"id":2207,"date":"2023-01-04T14:17:18","date_gmt":"2023-01-04T13:17:18","guid":{"rendered":"https:\/\/semmelweis.hu\/baratikor\/?page_id=2207"},"modified":"2023-10-12T16:03:49","modified_gmt":"2023-10-12T14:03:49","slug":"sebesteny-gyula-istvan","status":"publish","type":"page","link":"https:\/\/semmelweis.hu\/baratikor\/galeria\/teljes-nevlista\/sebesteny-gyula-istvan\/","title":{"rendered":"Sebest\u00e9ny Gyula Istv\u00e1n"},"content":{"rendered":"<p style=\"text-align: justify\"><strong><a href=\"https:\/\/semmelweis.hu\/baratikor\/files\/2023\/07\/Sebesteny-Gyula_jav.jpg\"><img loading=\"lazy\" decoding=\"async\" class=\"alignleft size-medium wp-image-5056\" src=\"https:\/\/semmelweis.hu\/baratikor\/files\/2023\/07\/Sebesteny-Gyula_jav-278x400.jpg\" alt=\"\" width=\"278\" height=\"400\" srcset=\"https:\/\/semmelweis.hu\/baratikor\/files\/2023\/07\/Sebesteny-Gyula_jav-278x400.jpg 278w, https:\/\/semmelweis.hu\/baratikor\/files\/2023\/07\/Sebesteny-Gyula_jav.jpg 695w\" sizes=\"auto, (max-width: 278px) 100vw, 278px\" \/><\/a>(Eger<\/strong><strong>, 1887. m\u00e1rcius 16.<\/strong><strong> \u2013 Eger, 1954. j\u00falius 27.)<\/strong><\/p>\n<p style=\"text-align: justify\"><strong>Tansz\u00e9k:<\/strong> II. sz. Seb\u00e9szeti Klinika 1946-1948 (mb.), 1948-1954.<\/p>\n<p style=\"text-align: justify\">Anyai \u00e1gon kor\u00e1bbi tan\u00e1runk, Bene Ferenc d\u00e9dunok\u00e1ja volt, \u00e9desapja \u00f3r\u00e1smesterk\u00e9nt m\u0171k\u00f6d\u00f6tt. Elemi \u00e9s k\u00f6z\u00e9pfok\u00fa tanulm\u00e1nyait Egerben \u00e9s Rimaszombatban v\u00e9gezte. Orvosi tanulm\u00e1nyokat Budapesten \u00e9s Grazban (1909\/10. tan\u00e9v) folytatott, oklevel\u00e9t Budapesten szerezte meg 1913. j\u00fanius 16-\u00e1n. El\u0151sz\u00f6r a Dollinger Gyula vezette I. sz. Seb\u00e9szeti Klinik\u00e1n dolgozott, majd a Feh\u00e9rkereszt Gyermekk\u00f3rh\u00e1zban alkalmazt\u00e1k. 1914-ben a frissen szervez\u0151d\u0151 Pozsonyi Erzs\u00e9bet Tudom\u00e1nyegyetem Seb\u00e9szeti Klinik\u00e1j\u00e1ra ker\u00fclt, Bakay Lajos m\u00e1sodik tan\u00e1rseg\u00e9djek\u00e9nt. Az I. vil\u00e1gh\u00e1bor\u00fa alatt az orosz fronton, illetve Kass\u00e1n szolg\u00e1lt. A h\u00e1bor\u00fa ut\u00e1n visszaker\u00fclt a klinik\u00e1ra, amely akkor m\u00e1r az egyetemmel egy\u00fctt Budapestre menek\u00fclt a Pozsonyt megsz\u00e1ll\u00f3 csehek el\u0151l. 1923-ban lett adjunktus, majd 1924-ben az egyetemmel egy\u00fctt P\u00e9csre telep\u00fclt, ahol r\u00e9szt vett a klinika \u00e9s az Orthop\u00e9diai M\u0171hely megszervez\u00e9s\u00e9ben. 1925-ben mag\u00e1ntan\u00e1ri k\u00e9pes\u00edt\u00e9st szerzett. 1927\/28-ban egy \u00e9ves tanulm\u00e1ny\u00faton j\u00e1rt. Ferdinand Sauerbruch m\u00fcncheni klinik\u00e1j\u00e1n, valamint sv\u00e1jci \u00e9s francia klinik\u00e1kon ismerkedett a mellkasseb\u00e9szet korszer\u0171 m\u0171t\u00e9ti elj\u00e1r\u00e1saival. Hazat\u00e9r\u00e9se ut\u00e1n az Orsz\u00e1gos T\u00e1rsadalombiztos\u00edt\u00e1si Int\u00e9zet (OTI) Pest\u00fajhelyi Munk\u00e1sk\u00f3rh\u00e1zban lett a t\u00fcd\u0151seb\u00e9szet f\u0151orvosa. 1941-t\u0151l a Szent J\u00e1nos K\u00f3rh\u00e1zban dolgozott tov\u00e1bb, a seb\u00e9szet szakmai ir\u00e1ny\u00edt\u00f3jak\u00e9nt. 1946. november 19-\u00e9n kapott megb\u00edz\u00e1st az \u00c1d\u00e1m Lajos v\u00e1ratlan hal\u00e1l\u00e1val meg\u00fcresedett II. sz. Seb\u00e9szeti Klinika vezet\u00e9s\u00e9re. A megb\u00edz\u00e1st 1948. m\u00e1jus 19-\u00e9n v\u00e1ltoztatt\u00e1k kinevez\u00e9sre. Itt hozta l\u00e9tre az els\u0151 mellkasseb\u00e9szeti oszt\u00e1lyt Magyarorsz\u00e1gon, ami azt\u00e1n innen kiker\u00fcl\u0151 tan\u00edtv\u00e1nyai r\u00e9v\u00e9n orsz\u00e1gosan is elterjedt. 1951-ben Kossuth-d\u00edjat kapott. Viszonylag fiatalon hunyt el sz\u00edvb\u00e9nul\u00e1s k\u00f6vetkezt\u00e9ben.<\/p>\n<p style=\"text-align: justify\">P\u00e1ly\u00e1ja kezdet\u00e9n idegseb\u00e9szettel foglalkozott, de figyelme hamarosan a mellkasseb\u00e9szet fel\u00e9 fordult. Az \u00e1gazat \u00f6n\u00e1ll\u00f3 szakmak\u00e9nt val\u00f3 elismertet\u00e9se haz\u00e1nkban az \u0151 nev\u00e9hez f\u0171z\u0151dik. A penicillin felfedez\u00e9se el\u0151tt a tuberkul\u00f3zis gy\u00f3gy\u00edt\u00e1s\u00e1nak csak a nagy kock\u00e1zattal j\u00e1r\u00f3 m\u0171t\u00e9tek r\u00e9v\u00e9n volt lehet\u0151s\u00e9g. Az \u00e1ltala kidolgozott elj\u00e1r\u00e1s, az \u00fan. Sebest\u00e9ny-m\u0171t\u00e9t (penumothorax mixta) ezen a t\u00e9ren hozott komoly eredm\u00e9nyeket \u00e9s nemzetk\u00f6zi ismerts\u00e9get sz\u00e1m\u00e1ra. Haz\u00e1nkban el\u0151sz\u00f6r v\u00e9gezte el az \u00fan. Jacobeus-, illetve Bauer-m\u0171t\u00e9teket, valamint hozz\u00e1 f\u0171z\u0151dik az els\u0151 sikeres t\u00fcd\u0151lebeny-elt\u00e1vol\u00edt\u00e1s.<\/p>\n<p style=\"text-align: justify\"><strong>F\u0151bb munk\u00e1i:<\/strong> R\u00e9szletes seb\u00e9szet (Babics Antallal, Hedri Endr\u00e9vel \u00e9s S\u00e1ntha K\u00e1lm\u00e1nnal). Bp., 1951.<\/p>\n<p style=\"text-align: justify\"><strong>Nyughelye:<\/strong> Eger?<\/p>\n","protected":false},"excerpt":{"rendered":"<p><a href=\"https:\/\/semmelweis.hu\/baratikor\/files\/2023\/07\/Sebesteny-Gyula_jav.jpg\"><\/a> (Eger, 1887. m\u00e1rcius 16. \u2013 Eger, 1954. j\u00falius 27.) Tansz\u00e9k: II. sz. Seb\u00e9szeti Klinika 1946-1948 (mb.), 1948-1954. Anyai \u00e1gon kor\u00e1bbi tan\u00e1runk, Bene Ferenc d\u00e9dunok\u00e1ja volt, \u00e9desapja \u00f3r\u00e1smesterk\u00e9nt m\u0171k\u00f6d\u00f6tt. Elemi \u00e9s k\u00f6z\u00e9pfok\u00fa tanulm\u00e1nyait Egerben \u00e9s Rimaszombatban v\u00e9gezte. Orvosi tanulm\u00e1nyokat Budapesten \u00e9s Grazban (1909\/10. tan\u00e9v) folytatott, oklevel\u00e9t Budapesten szerezte meg 1913. j\u00fanius 16-\u00e1n. El\u0151sz\u00f6r a Dollinger Gyula &hellip;<\/p>\n","protected":false},"author":282,"featured_media":5442,"parent":347,"menu_order":0,"comment_status":"closed","ping_status":"closed","template":"template-fullwidth.php","meta":{"_acf_changed":false,"footnotes":""},"categories":[77,14],"tags":[],"class_list":["post-2207","page","type-page","status-publish","has-post-thumbnail","hentry","category-kegyeleti-adattar","category-teljes-nevlista"],"acf":[],"_links":{"self":[{"href":"https:\/\/semmelweis.hu\/baratikor\/wp-json\/wp\/v2\/pages\/2207","targetHints":{"allow":["GET"]}}],"collection":[{"href":"https:\/\/semmelweis.hu\/baratikor\/wp-json\/wp\/v2\/pages"}],"about":[{"href":"https:\/\/semmelweis.hu\/baratikor\/wp-json\/wp\/v2\/types\/page"}],"author":[{"embeddable":true,"href":"https:\/\/semmelweis.hu\/baratikor\/wp-json\/wp\/v2\/users\/282"}],"replies":[{"embeddable":true,"href":"https:\/\/semmelweis.hu\/baratikor\/wp-json\/wp\/v2\/comments?post=2207"}],"version-history":[{"count":3,"href":"https:\/\/semmelweis.hu\/baratikor\/wp-json\/wp\/v2\/pages\/2207\/revisions"}],"predecessor-version":[{"id":5059,"href":"https:\/\/semmelweis.hu\/baratikor\/wp-json\/wp\/v2\/pages\/2207\/revisions\/5059"}],"up":[{"embeddable":true,"href":"https:\/\/semmelweis.hu\/baratikor\/wp-json\/wp\/v2\/pages\/347"}],"wp:featuredmedia":[{"embeddable":true,"href":"https:\/\/semmelweis.hu\/baratikor\/wp-json\/wp\/v2\/media\/5442"}],"wp:attachment":[{"href":"https:\/\/semmelweis.hu\/baratikor\/wp-json\/wp\/v2\/media?parent=2207"}],"wp:term":[{"taxonomy":"category","embeddable":true,"href":"https:\/\/semmelweis.hu\/baratikor\/wp-json\/wp\/v2\/categories?post=2207"},{"taxonomy":"post_tag","embeddable":true,"href":"https:\/\/semmelweis.hu\/baratikor\/wp-json\/wp\/v2\/tags?post=2207"}],"curies":[{"name":"wp","href":"https:\/\/api.w.org\/{rel}","templated":true}]}}