{"id":2204,"date":"2023-01-04T14:14:04","date_gmt":"2023-01-04T13:14:04","guid":{"rendered":"https:\/\/semmelweis.hu\/baratikor\/?page_id=2204"},"modified":"2023-10-12T16:02:18","modified_gmt":"2023-10-12T14:02:18","slug":"schultheisz-emil","status":"publish","type":"page","link":"https:\/\/semmelweis.hu\/baratikor\/galeria\/teljes-nevlista\/schultheisz-emil\/","title":{"rendered":"Schultheisz Emil"},"content":{"rendered":"<p style=\"text-align: justify\"><strong> <a href=\"https:\/\/semmelweis.hu\/baratikor\/files\/2023\/07\/Schultheisz-Emil_jav.jpg\"><img loading=\"lazy\" decoding=\"async\" class=\"alignleft size-medium wp-image-5049\" src=\"https:\/\/semmelweis.hu\/baratikor\/files\/2023\/07\/Schultheisz-Emil_jav-319x400.jpg\" alt=\"\" width=\"319\" height=\"400\" srcset=\"https:\/\/semmelweis.hu\/baratikor\/files\/2023\/07\/Schultheisz-Emil_jav-319x400.jpg 319w, https:\/\/semmelweis.hu\/baratikor\/files\/2023\/07\/Schultheisz-Emil_jav-768x962.jpg 768w, https:\/\/semmelweis.hu\/baratikor\/files\/2023\/07\/Schultheisz-Emil_jav-753x944.jpg 753w, https:\/\/semmelweis.hu\/baratikor\/files\/2023\/07\/Schultheisz-Emil_jav.jpg 798w\" sizes=\"auto, (max-width: 319px) 100vw, 319px\" \/><\/a>(<\/strong><strong>Budapest, 1923. j\u00fanius 21.<\/strong><strong> \u2013 Budapest, 2014. j\u00fanius 12.)<\/strong><\/p>\n<p style=\"text-align: justify\"><strong>Tansz\u00e9k: <\/strong>T\u00e1rsadalomorvostani \u00e9s Orvost\u00f6rt\u00e9neti Int\u00e9zet 1985-1992.<\/p>\n<p style=\"text-align: justify\">Teljes nev\u00e9n devecseri Schultheisz Emil Frigyes Ferenc K\u00e1roly. Katonacsal\u00e1db\u00f3l sz\u00e1rmazott, d\u00e9dapja &#8217;48-as honv\u00e9dorvos, nagyapja \u00e9s \u00e9desapja is t\u00e1bornoki rendfokozatban fejezte be p\u00e1ly\u00e1j\u00e1t. K\u00f6z\u00e9pfok\u00fa tanulm\u00e1nyait, k\u00f6vetve \u00e9desapja gyakori \u00e1thelyez\u00e9seit, t\u00f6bb v\u00e1rosban v\u00e9gezte: a Budapest-Fasori Evang\u00e9likus Gimn\u00e1ziumban kezdte, majd Szeged, leghosszabban a Soproni Evang\u00e9likus L\u00edceum, Munk\u00e1cs, Esztergom, v\u00e9g\u00fcl a III. ker. \u00e1llami \u00c1rp\u00e1d F\u0151re\u00e1lgimn\u00e1ziumban tett \u00e9retts\u00e9git 1942. j\u00fanius 10-\u00e9n. Ezt k\u00f6vet\u0151en a visszacsatolt Kolozsv\u00e1rra visszak\u00f6lt\u00f6z\u00f6tt Ferenc J\u00f3zsef Tudom\u00e1nyegyetem B\u00f6lcs\u00e9szettudom\u00e1nyi Kar\u00e1ra iratkozott be t\u00f6rt\u00e9nelem-filoz\u00f3fia szakra. 1943-ban \u00e1tiratkozott a debreceni Tisza Istv\u00e1n Tudom\u00e1nyegyetemre, ahol orvosi tanulm\u00e1nyokba kezdett. Az 1944\/45. tan\u00e9v II. f\u00e9l\u00e9v\u00e9t\u0151l a budapesti Orvoskaron folytatta, majd oklevel\u00e9t 1950. m\u00e1rcius 31-\u00e9n kapta meg summa cum laude min\u0151s\u00edt\u00e9ssel. Az elk\u00f6vetkez\u0151 \u00e9vtizedben r\u00f6vid ideig Haynal Imre klinik\u00e1j\u00e1n, majd a T\u00e9t\u00e9nyi \u00fati k\u00f3rh\u00e1z rendel\u0151int\u00e9zet\u00e9ben, 1957. janu\u00e1rt\u00f3l a Kor\u00e1nyi S\u00e1ndor \u00e9s Frigyes K\u00f6zk\u00f3rh\u00e1zban dolgozott adjunktusk\u00e9nt, mik\u00f6zben 1954-ben belgy\u00f3gy\u00e1sz szakorvosi k\u00e9pes\u00edt\u00e9st szerzett. 1960-ban ker\u00fclt a K\u00fatv\u00f6lgyi \u00fati K\u00f6zponti \u00c1llami K\u00f3rh\u00e1zba, ahol a belgy\u00f3gy\u00e1szati oszt\u00e1ly vezet\u0151 f\u0151orvosa lett. 1964-t\u0151l a k\u00f3rh\u00e1z igazgat\u00f3helyettese, 1970-t\u0151l igazgat\u00f3ja volt. Sz\u0171kebb szakter\u00fclete mellett kezdett\u0151l \u00e9l\u00e9nken \u00e9rdekl\u0151d\u00f6tt az orvosl\u00e1s t\u00f6rt\u00e9nete ir\u00e1nt is. Gy\u00f3gy\u00edt\u00f3 \u00e9s k\u00f3rh\u00e1zvezet\u0151i tev\u00e9kenys\u00e9ge k\u00f6zben 1968-1974 k\u00f6z\u00f6tt ell\u00e1tta a Semmelweis Orvost\u00f6rt\u00e9neti M\u00fazeum f\u0151igazgat\u00f3i feladatait is. 1972 j\u00falius\u00e1t\u00f3l az eg\u00e9szs\u00e9g\u00fcgyi miniszter helyettese, 1973 november\u00e9t\u0151l \u00e1llamtitk\u00e1ri tiszts\u00e9get is bet\u00f6lt\u00f6tt. 1974. febru\u00e1r 15. \u00e9s 1984. december 6. k\u00f6z\u00f6tt eg\u00e9szs\u00e9g\u00fcgyi miniszterk\u00e9nt dolgozott, de f\u0151orvosi tev\u00e9kenys\u00e9g\u00e9t ek\u00f6zben sem hagyta fel. Az orvost\u00f6rt\u00e9neti m\u00fazeum munk\u00e1j\u00e1ban az int\u00e9zeti Tudom\u00e1nyos Tan\u00e1cs eln\u00f6kek\u00e9nt tov\u00e1bbra is r\u00e9szt v\u00e1llalt. 1977-ben c\u00edmzetes egyetemi tan\u00e1ri kinevez\u00e9st kapott. 1984-t\u0151l a Semmelweis Orvostudom\u00e1nyi Egyetem tansz\u00e9kvezet\u0151 tan\u00e1rak\u00e9nt folytatta munk\u00e1j\u00e1t, a frissen alap\u00edtott Orvost\u00f6rt\u00e9neti Int\u00e9zet \u00e9l\u00e9n. 2000-ben az egyetem professor emeritus c\u00edmmel t\u00fcntette ki.<\/p>\n<p style=\"text-align: justify\">Munk\u00e1ss\u00e1g\u00e1t 13 k\u00f6nyv, 41 belgy\u00f3gy\u00e1szati \u00e9s 156 orvost\u00f6rt\u00e9neti k\u00f6zlem\u00e9ny f\u00e9mjelezi. Az Orvost\u00f6rt\u00e9neti K\u00f6zlem\u00e9nyek szerkeszt\u0151bizotts\u00e1g\u00e1nak eln\u00f6ke, valamint a nemzetk\u00f6zi orvost\u00f6rt\u00e9neti foly\u00f3irat, a Clio Medica szerkeszt\u0151bizotts\u00e1g\u00e1nak tagja volt.<\/p>\n<p style=\"text-align: justify\">1978-ban a WHO k\u00f6zgy\u0171l\u00e9s\u00e9nek eur\u00f3pai aleln\u00f6ke volt. T\u00e1rsas\u00e1gi tags\u00e1gai: a Magyar Orvost\u00f6rt\u00e9nelmi T\u00e1rsas\u00e1g f\u0151titk\u00e1ra, majd eln\u00f6ke, k\u00e9s\u0151bb \u00f6r\u00f6k\u00f6s tiszteletbeli eln\u00f6ke volt. Nemzetk\u00f6zi Orvost\u00f6rt\u00e9neti Akad\u00e9mia, a Nemzetk\u00f6zi Orvost\u00f6rt\u00e9neti T\u00e1rsas\u00e1g magyar k\u00fcld\u00f6ttje k\u00e9t \u00e9vtizeden \u00e1t, Nemzetk\u00f6zi Tudom\u00e1nyt\u00f6rt\u00e9neti T\u00e1rsas\u00e1g, Nemzetk\u00f6zi Paracelsus T\u00e1rsas\u00e1g, N\u00e9met Orvost\u00f6rt\u00e9neti T\u00e1rsas\u00e1g (levelez\u0151 tag), Sv\u00e9d Kir\u00e1lyi Orvost\u00e1rsas\u00e1g, Cseh Purkyn\u00e9 T\u00e1rsas\u00e1g, \u00d3kortudom\u00e1nyi T\u00e1rsas\u00e1g, K\u0151r\u00f6si Csoma T\u00e1rsas\u00e1g.<\/p>\n<p style=\"text-align: justify\">A k\u00f6vetkez\u0151 elismer\u00e9sekben r\u00e9szes\u00fclt: Kiv\u00e1l\u00f3 orvos (1970), Magyar N\u00e9pk\u00f6zt\u00e1rsas\u00e1g bab\u00e9rkoszor\u00faval \u00e9kes\u00edtett Z\u00e1szl\u00f3rendje (1984), Magyar K\u00f6zt\u00e1rsas\u00e1gi \u00c9rdemrend k\u00f6z\u00e9pkeresztje (2003), Batthy\u00e1ny-Strattmann L\u00e1szl\u00f3 d\u00edj (2003), sv\u00e9d Seraphim-\u00e9rem, Magyar \u00d6r\u00f6ks\u00e9g D\u00edj. 1985-ben a krakk\u00f3i \u00e9s a lipcsei egyetem is tiszteletbeli doktor\u00e1v\u00e1 fogadta.<\/p>\n<p style=\"text-align: justify\"><strong>F\u0151bb munk\u00e1i:<\/strong> Fejezetek az orosz-magyar orvosi kapcsolatok m\u00faltj\u00e1b\u00f3l (Tardy Lajossal). Bp., 1960.; K\u00f3rh\u00e1ztervez\u00e9si \u00fatmutat\u00f3 (Cserba L\u00e1szl\u00f3val \u00e9s D\u00e1nos Ott\u00f3val). Bp., 1976.; History of physiology. Oxford-Bp., 1981.; Orvost\u00f6rt\u00e9nelem (Birtalan Gy\u0151z\u0151vel). Bp., 1986., 1992.; Historica medica hungarica &#8211; Tanulm\u00e1nyok \u00e9s arck\u00e9pek a magyar medicina m\u00faltj\u00e1b\u00f3l (Antall J\u00f3zseffel \u00e9s Birtalan Gy\u0151z\u0151vel). Bp., 1988.; Traditio renovata. Tanulm\u00e1nyok a k\u00f6z\u00e9pkor \u00e9s a renesz\u00e1nsz orvostudom\u00e1ny\u00e1r\u00f3l. Bp., 1997.; Az eur\u00f3pai orvosi oktat\u00e1s t\u00f6rt\u00e9net\u00e9b\u0151l. St\u00fadiumok a k\u00f6z\u00e9pkorban \u00e9s a kora\u00fajkorban. Bp., 2003., 2010.; A nagyszombati egyetem orvostan\u00e1rai. Mesterek \u00e9s tan\u00edtv\u00e1nyok sorozat. Bp., 2004.; Orvosk\u00e9pz\u00e9s a nagyszombati egyetemen 1769-1777 (Magyar L\u00e1szl\u00f3 Andr\u00e1ssal). Piliscsaba, 2005.; Fejezetek az orvosi m\u0171vel\u0151d\u00e9s k\u00f6r\u00e9b\u0151l (sajt\u00f3 al\u00e1 rend.: Gazda Istv\u00e1n). Piliscsaba, 2006.<\/p>\n<p style=\"text-align: justify\"><strong>Nyughelye:<\/strong> Budapest, Fiumei \u00fati temet\u0151 36\/0\/0\/1 sz\u00f3r\u00f3parcella.<\/p>\n<p><strong><a href=\"https:\/\/semmelweis.hu\/baratikor\/files\/2023\/07\/Schultheisz-Emil-1983-ban-eu.-min.-49.a-IV-1..jpg\"><img loading=\"lazy\" decoding=\"async\" class=\"alignleft size-medium wp-image-5048\" src=\"https:\/\/semmelweis.hu\/baratikor\/files\/2023\/07\/Schultheisz-Emil-1983-ban-eu.-min.-49.a-IV-1.-256x400.jpg\" alt=\"\" width=\"256\" height=\"400\" srcset=\"https:\/\/semmelweis.hu\/baratikor\/files\/2023\/07\/Schultheisz-Emil-1983-ban-eu.-min.-49.a-IV-1.-256x400.jpg 256w, https:\/\/semmelweis.hu\/baratikor\/files\/2023\/07\/Schultheisz-Emil-1983-ban-eu.-min.-49.a-IV-1..jpg 640w\" sizes=\"auto, (max-width: 256px) 100vw, 256px\" \/><\/a><\/strong><strong><a href=\"https:\/\/semmelweis.hu\/baratikor\/files\/2023\/07\/IMG_20200408_155635_jav.jpg\"><img loading=\"lazy\" decoding=\"async\" class=\"alignleft size-medium wp-image-5046\" src=\"https:\/\/semmelweis.hu\/baratikor\/files\/2023\/07\/IMG_20200408_155635_jav-400x300.jpg\" alt=\"\" width=\"400\" height=\"300\" srcset=\"https:\/\/semmelweis.hu\/baratikor\/files\/2023\/07\/IMG_20200408_155635_jav-400x300.jpg 400w, https:\/\/semmelweis.hu\/baratikor\/files\/2023\/07\/IMG_20200408_155635_jav-1024x768.jpg 1024w, https:\/\/semmelweis.hu\/baratikor\/files\/2023\/07\/IMG_20200408_155635_jav-768x576.jpg 768w, https:\/\/semmelweis.hu\/baratikor\/files\/2023\/07\/IMG_20200408_155635_jav-753x565.jpg 753w, https:\/\/semmelweis.hu\/baratikor\/files\/2023\/07\/IMG_20200408_155635_jav.jpg 1333w\" sizes=\"auto, (max-width: 400px) 100vw, 400px\" \/><\/a><\/strong><strong><a href=\"https:\/\/semmelweis.hu\/baratikor\/files\/2023\/07\/IMG_20200408_155650_jav.jpg\"><img loading=\"lazy\" decoding=\"async\" class=\"alignleft size-medium wp-image-5047\" src=\"https:\/\/semmelweis.hu\/baratikor\/files\/2023\/07\/IMG_20200408_155650_jav-300x400.jpg\" alt=\"\" width=\"300\" height=\"400\" srcset=\"https:\/\/semmelweis.hu\/baratikor\/files\/2023\/07\/IMG_20200408_155650_jav-300x400.jpg 300w, https:\/\/semmelweis.hu\/baratikor\/files\/2023\/07\/IMG_20200408_155650_jav.jpg 750w\" sizes=\"auto, (max-width: 300px) 100vw, 300px\" \/><\/a><\/strong><\/p>\n","protected":false},"excerpt":{"rendered":"<p><a href=\"https:\/\/semmelweis.hu\/baratikor\/files\/2023\/07\/Schultheisz-Emil_jav.jpg\"><\/a> (Budapest, 1923. j\u00fanius 21. \u2013 Budapest, 2014. j\u00fanius 12.) Tansz\u00e9k: T\u00e1rsadalomorvostani \u00e9s Orvost\u00f6rt\u00e9neti Int\u00e9zet 1985-1992. Teljes nev\u00e9n devecseri Schultheisz Emil Frigyes Ferenc K\u00e1roly. Katonacsal\u00e1db\u00f3l sz\u00e1rmazott, d\u00e9dapja &#8217;48-as honv\u00e9dorvos, nagyapja \u00e9s \u00e9desapja is t\u00e1bornoki rendfokozatban fejezte be p\u00e1ly\u00e1j\u00e1t. K\u00f6z\u00e9pfok\u00fa tanulm\u00e1nyait, k\u00f6vetve \u00e9desapja gyakori \u00e1thelyez\u00e9seit, t\u00f6bb v\u00e1rosban v\u00e9gezte: a Budapest-Fasori Evang\u00e9likus Gimn\u00e1ziumban kezdte, majd Szeged, leghosszabban a &hellip;<\/p>\n","protected":false},"author":282,"featured_media":5441,"parent":347,"menu_order":0,"comment_status":"closed","ping_status":"closed","template":"template-fullwidth.php","meta":{"_acf_changed":false,"footnotes":""},"categories":[77,14],"tags":[],"class_list":["post-2204","page","type-page","status-publish","has-post-thumbnail","hentry","category-kegyeleti-adattar","category-teljes-nevlista"],"acf":[],"_links":{"self":[{"href":"https:\/\/semmelweis.hu\/baratikor\/wp-json\/wp\/v2\/pages\/2204","targetHints":{"allow":["GET"]}}],"collection":[{"href":"https:\/\/semmelweis.hu\/baratikor\/wp-json\/wp\/v2\/pages"}],"about":[{"href":"https:\/\/semmelweis.hu\/baratikor\/wp-json\/wp\/v2\/types\/page"}],"author":[{"embeddable":true,"href":"https:\/\/semmelweis.hu\/baratikor\/wp-json\/wp\/v2\/users\/282"}],"replies":[{"embeddable":true,"href":"https:\/\/semmelweis.hu\/baratikor\/wp-json\/wp\/v2\/comments?post=2204"}],"version-history":[{"count":2,"href":"https:\/\/semmelweis.hu\/baratikor\/wp-json\/wp\/v2\/pages\/2204\/revisions"}],"predecessor-version":[{"id":5051,"href":"https:\/\/semmelweis.hu\/baratikor\/wp-json\/wp\/v2\/pages\/2204\/revisions\/5051"}],"up":[{"embeddable":true,"href":"https:\/\/semmelweis.hu\/baratikor\/wp-json\/wp\/v2\/pages\/347"}],"wp:featuredmedia":[{"embeddable":true,"href":"https:\/\/semmelweis.hu\/baratikor\/wp-json\/wp\/v2\/media\/5441"}],"wp:attachment":[{"href":"https:\/\/semmelweis.hu\/baratikor\/wp-json\/wp\/v2\/media?parent=2204"}],"wp:term":[{"taxonomy":"category","embeddable":true,"href":"https:\/\/semmelweis.hu\/baratikor\/wp-json\/wp\/v2\/categories?post=2204"},{"taxonomy":"post_tag","embeddable":true,"href":"https:\/\/semmelweis.hu\/baratikor\/wp-json\/wp\/v2\/tags?post=2204"}],"curies":[{"name":"wp","href":"https:\/\/api.w.org\/{rel}","templated":true}]}}