{"id":2202,"date":"2023-01-04T14:11:06","date_gmt":"2023-01-04T13:11:06","guid":{"rendered":"https:\/\/semmelweis.hu\/baratikor\/?page_id=2202"},"modified":"2023-10-12T16:00:21","modified_gmt":"2023-10-12T14:00:21","slug":"schranz-denes","status":"publish","type":"page","link":"https:\/\/semmelweis.hu\/baratikor\/galeria\/teljes-nevlista\/schranz-denes\/","title":{"rendered":"Schranz D\u00e9nes"},"content":{"rendered":"<p style=\"text-align: justify\"><strong> <a href=\"https:\/\/semmelweis.hu\/baratikor\/files\/2023\/07\/Schranz-Denes.jpg\"><img loading=\"lazy\" decoding=\"async\" class=\"alignleft size-medium wp-image-5038\" src=\"https:\/\/semmelweis.hu\/baratikor\/files\/2023\/07\/Schranz-Denes-282x400.jpg\" alt=\"\" width=\"282\" height=\"400\" srcset=\"https:\/\/semmelweis.hu\/baratikor\/files\/2023\/07\/Schranz-Denes-282x400.jpg 282w, https:\/\/semmelweis.hu\/baratikor\/files\/2023\/07\/Schranz-Denes.jpg 706w\" sizes=\"auto, (max-width: 282px) 100vw, 282px\" \/><\/a>(<\/strong><strong>Budapest, 1904. j\u00falius 10.<\/strong><strong> \u2013 Budapest, 2002. j\u00falius 16.)<\/strong><\/p>\n<p style=\"text-align: justify\"><strong>Tansz\u00e9k:<\/strong> Fogp\u00f3tl\u00e1stani Klinika 1969-1975.<\/p>\n<p style=\"text-align: justify\">Orvoscsal\u00e1db\u00f3l sz\u00e1rmazott, \u00e9desapja, Schranz Viktor Budapesten m\u0171k\u00f6d\u00f6tt, \u00e9desanyja nagyb\u00e1tyja Fodor J\u00f3zsef, a magyar k\u00f6zeg\u00e9szs\u00e9g\u00fcgy megalap\u00edt\u00f3ja volt. K\u00f6z\u00e9pfok\u00fa tanulm\u00e1nyait a m\u00e1r akkor \u201emintagimn\u00e1ziumk\u00e9nt\u201d k\u00f6zismert, Trefort utcai m. kir. Tan\u00e1rk\u00e9pz\u0151 Int\u00e9zet Gyakorl\u00f3 F\u0151gymnasium-ban v\u00e9gezte, majd a f\u0151v\u00e1rosi orvoskarra iratkozott be. Orvosi diplom\u00e1t 1928. november 24-\u00e9n kapott. K\u00e9s\u0151bb, magas \u00e9letkor\u00e1nak k\u00f6sz\u00f6nhet\u0151en nemcsak arany- (1978) \u00e9s gy\u00e9m\u00e1nt- (1988), de 1993-ban vasdiplom\u00e1j\u00e1t is \u00e1tvehette. M\u00e1r hallgat\u00f3 kor\u00e1ban, 1925-t\u0151l a Buday K\u00e1lm\u00e1n vezette I. sz. K\u00f3rbonctani Int\u00e9zetben, 1927 janu\u00e1rj\u00e1t\u00f3l a Kenyeres Bal\u00e1zs vezette T\u00f6rv\u00e9nysz\u00e9ki Orvostani Int\u00e9zetben m\u0171k\u00f6d\u00f6tt gyakornokk\u00e9nt. Itt k\u00e9s\u0151bb tan\u00e1rseg\u00e9dd\u00e9 l\u00e9pett el\u0151. 1929-ben 4 h\u00f3napig a b\u00e9csi t\u00f6rv\u00e9nysz\u00e9ki orvostani int\u00e9zetben dolgozott Albin Haberda professzor mellett. 1929-ben t\u00f6rv\u00e9nysz\u00e9ki orvosszak\u00e9rt\u0151i, 1932-ben belgy\u00f3gy\u00e1szati szakvizsg\u00e1t tett. 1929-1932 k\u00f6z\u00f6tt az Istv\u00e1n K\u00f3rh\u00e1z belgy\u00f3gy\u00e1szati oszt\u00e1ly\u00e1n is dolgozott. 1932-ben 1 h\u00f3napot t\u00f6lt\u00f6tt W\u00fcrzburgban, H. Fischer professzor t\u00f6rv\u00e9nysz\u00e9ki orvostani int\u00e9zet\u00e9ben. 1934 janu\u00e1rj\u00e1t\u00f3l a budapesti \u00edt\u00e9l\u0151t\u00e1bl\u00e1n \u00e9s a kalocsai majd budapesti t\u00f6rv\u00e9nysz\u00e9ken v\u00e1llalt t\u00f6rv\u00e9nysz\u00e9ki orvosi \u00e1ll\u00e1st. 1938-ban gyakornokk\u00e9nt l\u00e9pett be a budapesti Stomatol\u00f3giai Klinik\u00e1ra, ahol id\u0151vel tan\u00e1rseg\u00e9d, majd docens lett. 1940-ben sikeres fogszakorvosi vizsg\u00e1t tett. 1941 m\u00e1jus\u00e1t\u00f3l 1952 \u0151sz\u00e9ig vezette a klinika esti ambulanci\u00e1j\u00e1t.<\/p>\n<p>1940. febru\u00e1r 1-j\u00e9n katonai szolg\u00e1latra h\u00edvt\u00e1k be. Kik\u00e9pz\u00e9se ut\u00e1n z\u00e1szl\u00f3si rendfokozatban t\u00f6bb alkalommal tejes\u00edtett eg\u00e9szs\u00e9g\u00fcgyi szolg\u00e1latot a h\u00e1bor\u00fa folyam\u00e1n. \u00cdgy 1944 \u00e1prilis\u00e1t\u00f3l a kom\u00e1romi hadik\u00f3rh\u00e1zban, illetve december v\u00e9g\u00e9n Gy\u0151rben, ahonnan Ausztri\u00e1ba vez\u00e9nyelt\u00e9k. Itt 1945. m\u00e1jus 4-\u00e9n amerikai fogs\u00e1gba esett, ahonnan 1945 okt\u00f3ber\u00e9ben t\u00e9rt haza. Sikeres igazol\u00e1si elj\u00e1r\u00e1sok ut\u00e1n a Magyar N\u00e9phadsereg tartal\u00e9kos alhadnagyk\u00e9nt vette \u00e1llom\u00e1nyba. 1948. j\u00falius 6-\u00e1n mag\u00e1ntan\u00e1ri k\u00e9pes\u00edt\u00e9st szerzett a t\u00f6rv\u00e9nysz\u00e9ki stomatol\u00f3gia t\u00e1rgyk\u00f6r\u00e9ben. B\u00e1r a mag\u00e1ntan\u00e1ri felterjeszt\u00e9st Kenyeres professzor m\u00e1r 1939-ben megtette, a h\u00e1bor\u00fa miatt Schranz D\u00e9nes mag\u00e1ntan\u00e1ri cselekm\u00e9nyei elh\u00faz\u00f3dtak. 1952-ben a TMB vizsga n\u00e9lk\u00fcl kandid\u00e1tusi min\u0151s\u00edt\u00e9st \u00edt\u00e9lt meg sz\u00e1m\u00e1ra. 1955. febru\u00e1r 1-j\u00e9n kapott docensi kinevez\u00e9st. 1963-1969 k\u00f6z\u00f6tt a P\u00e9csi Orvostudom\u00e1nyi Egyetemt\u0151l kapott megh\u00edv\u00e1st a Stomatol\u00f3giai Klinika \u00e9l\u00e9re. Itteni m\u0171k\u00f6d\u00e9se sor\u00e1n siker\u00fclt klinik\u00e1j\u00e1t korszer\u0171s\u00edteni \u00e9s kib\u0151v\u00edteni. 1969. j\u00falius 1-j\u00e9n t\u00e9rt vissza a f\u0151v\u00e1rosba, a BOTE Fogp\u00f3tl\u00e1stani Klinika igazgat\u00f3i sz\u00e9k\u00e9be, ahol nyugd\u00edjba vonul\u00e1s\u00e1ig, 1975-ig szolg\u00e1lt. Szolg\u00e1lata idej\u00e9n vezette a Fogorvostudom\u00e1nyi Kar tudom\u00e1nyos bizotts\u00e1g\u00e1t, \u00e9s foglalkozott a kari kandid\u00e1tus-jel\u00f6ltekkel. Az egyetemi k\u00f6nyvt\u00e1ri bizotts\u00e1g tagjak\u00e9nt szervezte meg a kar k\u00f6nyvt\u00e1r\u00e1t. Eln\u00f6k\u00f6lte a kari fegyelmi bizotts\u00e1got \u00e9s a v\u00e9gzett fogorvosokat eloszt\u00f3 bizotts\u00e1got.<\/p>\n<p style=\"text-align: justify\">P\u00e1ly\u00e1ja kezdeti szakasz\u00e1n munk\u00e1ss\u00e1ga a t\u00f6rv\u00e9nysz\u00e9ki orvostanra \u00e9s pathol\u00f3gi\u00e1ra terjedt ki, mely t\u00e9m\u00e1kban kb. 50 k\u00f6zlem\u00e9nyt \u00edrt. Fogorvosi szakk\u00e9pes\u00edt\u00e9se ut\u00e1n tudom\u00e1nyos munk\u00e1ss\u00e1ga n\u00e9gy r\u00e9szter\u00fcleten nyilv\u00e1nult meg. A klinikai fog\u00e1szaton bel\u00fcl f\u0151leg az \u00e9rz\u00e9stelen\u00edt\u00e9s, a gyermek fogainak seb\u00e9szete, a protetika \u00e9s a cariol\u00f3gia k\u00f6r\u00e9b\u0151l jelentek meg tanulm\u00e1nyai. Gerostomatol\u00f3giai munk\u00e1ss\u00e1g\u00e1t k\u00f6zel 20 k\u00f6zlem\u00e9ny dokument\u00e1lja. Igazs\u00e1g\u00fcgyi fogorvostani \u00e9s orvosetikai k\u00e9rd\u00e9sekkel csaknem 40 k\u00f6zlem\u00e9nye foglalkozott. Fog\u00e1szati paleopathol\u00f3giai kutat\u00e1sai annak tiszt\u00e1z\u00e1s\u00e1ra ir\u00e1nyultak, hogy k\u00e9t fog\u00e1szati n\u00e9pbetegs\u00e9g, a caries \u00e9s a parodontopathi\u00e1k milyen m\u00e9rt\u00e9kben mutathat\u00f3k ki az \u0151sembert\u0151l a modern korig.<\/p>\n<p style=\"text-align: justify\">Tagja volt a Magyar Pathol\u00f3gusok T\u00e1rsas\u00e1g\u00e1nak, a N\u00e9met T\u00f6rv\u00e9nysz\u00e9ki Orvosok T\u00e1rsas\u00e1g\u00e1nak, valamint a Magyar Fogorvosok Egyes\u00fclet\u00e9nek. 1946 \u00e1prilis\u00e1ban bel\u00e9pett az Orvos-Eg\u00e9szs\u00e9g\u00fcgyi Dolgoz\u00f3k Szakszervezet\u00e9be, ahol el\u0151bb a tudom\u00e1nyos bizotts\u00e1g titk\u00e1ra, k\u00e9s\u0151bb a Fogorvos Szakcsoport vezet\u0151s\u00e9gi tagja lett. Politikai p\u00e1rtnak sem a h\u00e1bor\u00fa el\u0151tt, sem ut\u00e1na nem volt tagja. P\u00e9csi m\u0171k\u00f6d\u00e9se idej\u00e9n lett tagja az ETT Fogorvosi Szakbizotts\u00e1g\u00e1nak \u00e9s a K\u00f6nyvkiad\u00f3 Bizotts\u00e1gnak. R\u00e9szt vett a Fogorvosi Szemle szerkeszt\u0151bizotts\u00e1ga munk\u00e1j\u00e1ban.<\/p>\n<p style=\"text-align: justify\">A felkarcsont t\u00f6rv\u00e9nysz\u00e9ki orvostani jelent\u0151s\u00e9g\u00e9vel foglalkoz\u00f3 monogr\u00e1fi\u00e1j\u00e1\u00e9rt a Budapesti Orvosegyes\u00fclet 1932-ben Szenger Ede-jutalomd\u00edjjal t\u00fcntette ki. 1975-ben megkapta a Munka \u00c9rdemrend arany fokozat\u00e1t.<\/p>\n<p style=\"text-align: justify\"><strong>F\u0151bb munk\u00e1i:<\/strong> A hal\u00e1ljelens\u00e9gek, k\u00fcl\u00f6n\u00f6s tekintettel a holttesten tal\u00e1lhat\u00f3 s\u00e9r\u00fcl\u00e9sek keletkez\u00e9s\u00e9nek meghat\u00e1roz\u00e1s\u00e1ra. A Magyar Orvosi K\u00f6nyvkiad\u00f3 T\u00e1rsulat k\u00f6nyvt\u00e1ra: 141. Bp., 1934.; T\u00f6rv\u00e9nysz\u00e9ki stomatol\u00f3gia. Bp., 1944.; Fogp\u00f3tl\u00e1stan (Moln\u00e1r L\u00e1szl\u00f3val \u00e9s Husz\u00e1r Gy\u00f6rggyel). Bp., 1950.; Igazs\u00e1g\u00fcgyi stomatol\u00f3gia. BOTE, Bp., 1956.; Igazs\u00e1g\u00fcgyi orvostani \u00e9s stomatol\u00f3giai vizsg\u00e1latok a szem\u00e9lyazonoss\u00e1g meghat\u00e1roz\u00e1s\u00e1ra. Doktori \u00e9rtekez\u00e9s, MTA TMB, Bp., 1968.; A klinikai fogp\u00f3tl\u00e1stani gyakorlatok vez\u00e9rfonala (Ka\u00e1n Mikl\u00f3ssal). Bp., 1973, 1975.; Genetik der Zahn-, Mund- und Kieferregion. Bp., 1991.<\/p>\n<p style=\"text-align: justify\"><strong>Nyughelye: <\/strong>Fiumei \u00fati temet\u0151 29-3\/0\/4\/12.<\/p>\n<p><strong><a href=\"https:\/\/semmelweis.hu\/baratikor\/files\/2023\/07\/IMG_20200829_115659.jpg\"><img loading=\"lazy\" decoding=\"async\" class=\"alignleft size-medium wp-image-5037\" src=\"https:\/\/semmelweis.hu\/baratikor\/files\/2023\/07\/IMG_20200829_115659-302x400.jpg\" alt=\"\" width=\"302\" height=\"400\" srcset=\"https:\/\/semmelweis.hu\/baratikor\/files\/2023\/07\/IMG_20200829_115659-302x400.jpg 302w, https:\/\/semmelweis.hu\/baratikor\/files\/2023\/07\/IMG_20200829_115659-753x997.jpg 753w, https:\/\/semmelweis.hu\/baratikor\/files\/2023\/07\/IMG_20200829_115659.jpg 755w\" sizes=\"auto, (max-width: 302px) 100vw, 302px\" \/><\/a><\/strong><strong><a href=\"https:\/\/semmelweis.hu\/baratikor\/files\/2023\/07\/IMG_20200829_115638.jpg\"><img loading=\"lazy\" decoding=\"async\" class=\"alignleft size-medium wp-image-5036\" src=\"https:\/\/semmelweis.hu\/baratikor\/files\/2023\/07\/IMG_20200829_115638-300x400.jpg\" alt=\"\" width=\"300\" height=\"400\" srcset=\"https:\/\/semmelweis.hu\/baratikor\/files\/2023\/07\/IMG_20200829_115638-300x400.jpg 300w, https:\/\/semmelweis.hu\/baratikor\/files\/2023\/07\/IMG_20200829_115638.jpg 750w\" sizes=\"auto, (max-width: 300px) 100vw, 300px\" \/><\/a><\/strong><\/p>\n","protected":false},"excerpt":{"rendered":"<p><a href=\"https:\/\/semmelweis.hu\/baratikor\/files\/2023\/07\/Schranz-Denes.jpg\"><\/a> (Budapest, 1904. j\u00falius 10. \u2013 Budapest, 2002. j\u00falius 16.) Tansz\u00e9k: Fogp\u00f3tl\u00e1stani Klinika 1969-1975. Orvoscsal\u00e1db\u00f3l sz\u00e1rmazott, \u00e9desapja, Schranz Viktor Budapesten m\u0171k\u00f6d\u00f6tt, \u00e9desanyja nagyb\u00e1tyja Fodor J\u00f3zsef, a magyar k\u00f6zeg\u00e9szs\u00e9g\u00fcgy megalap\u00edt\u00f3ja volt. K\u00f6z\u00e9pfok\u00fa tanulm\u00e1nyait a m\u00e1r akkor \u201emintagimn\u00e1ziumk\u00e9nt\u201d k\u00f6zismert, Trefort utcai m. kir. Tan\u00e1rk\u00e9pz\u0151 Int\u00e9zet Gyakorl\u00f3 F\u0151gymnasium-ban v\u00e9gezte, majd a f\u0151v\u00e1rosi orvoskarra iratkozott be. Orvosi diplom\u00e1t 1928. november &hellip;<\/p>\n","protected":false},"author":282,"featured_media":5440,"parent":347,"menu_order":0,"comment_status":"closed","ping_status":"closed","template":"template-fullwidth.php","meta":{"_acf_changed":false,"footnotes":""},"categories":[77,14],"tags":[],"class_list":["post-2202","page","type-page","status-publish","has-post-thumbnail","hentry","category-kegyeleti-adattar","category-teljes-nevlista"],"acf":[],"_links":{"self":[{"href":"https:\/\/semmelweis.hu\/baratikor\/wp-json\/wp\/v2\/pages\/2202","targetHints":{"allow":["GET"]}}],"collection":[{"href":"https:\/\/semmelweis.hu\/baratikor\/wp-json\/wp\/v2\/pages"}],"about":[{"href":"https:\/\/semmelweis.hu\/baratikor\/wp-json\/wp\/v2\/types\/page"}],"author":[{"embeddable":true,"href":"https:\/\/semmelweis.hu\/baratikor\/wp-json\/wp\/v2\/users\/282"}],"replies":[{"embeddable":true,"href":"https:\/\/semmelweis.hu\/baratikor\/wp-json\/wp\/v2\/comments?post=2202"}],"version-history":[{"count":3,"href":"https:\/\/semmelweis.hu\/baratikor\/wp-json\/wp\/v2\/pages\/2202\/revisions"}],"predecessor-version":[{"id":5040,"href":"https:\/\/semmelweis.hu\/baratikor\/wp-json\/wp\/v2\/pages\/2202\/revisions\/5040"}],"up":[{"embeddable":true,"href":"https:\/\/semmelweis.hu\/baratikor\/wp-json\/wp\/v2\/pages\/347"}],"wp:featuredmedia":[{"embeddable":true,"href":"https:\/\/semmelweis.hu\/baratikor\/wp-json\/wp\/v2\/media\/5440"}],"wp:attachment":[{"href":"https:\/\/semmelweis.hu\/baratikor\/wp-json\/wp\/v2\/media?parent=2202"}],"wp:term":[{"taxonomy":"category","embeddable":true,"href":"https:\/\/semmelweis.hu\/baratikor\/wp-json\/wp\/v2\/categories?post=2202"},{"taxonomy":"post_tag","embeddable":true,"href":"https:\/\/semmelweis.hu\/baratikor\/wp-json\/wp\/v2\/tags?post=2202"}],"curies":[{"name":"wp","href":"https:\/\/api.w.org\/{rel}","templated":true}]}}