{"id":2200,"date":"2023-01-04T14:10:15","date_gmt":"2023-01-04T13:10:15","guid":{"rendered":"https:\/\/semmelweis.hu\/baratikor\/?page_id=2200"},"modified":"2023-07-17T08:58:58","modified_gmt":"2023-07-17T06:58:58","slug":"schordann-zsigmond","status":"publish","type":"page","link":"https:\/\/semmelweis.hu\/baratikor\/galeria\/teljes-nevlista\/schordann-zsigmond\/","title":{"rendered":"Schordann Zsigmond"},"content":{"rendered":"<p style=\"text-align: justify\"><strong>  <a href=\"https:\/\/semmelweis.hu\/baratikor\/files\/2023\/07\/Schordann-Zsigmond-49.a-IV-1..jpg\"><img loading=\"lazy\" decoding=\"async\" class=\"alignleft size-medium wp-image-5032\" src=\"https:\/\/semmelweis.hu\/baratikor\/files\/2023\/07\/Schordann-Zsigmond-49.a-IV-1.-268x400.jpg\" alt=\"\" width=\"268\" height=\"400\" srcset=\"https:\/\/semmelweis.hu\/baratikor\/files\/2023\/07\/Schordann-Zsigmond-49.a-IV-1.-268x400.jpg 268w, https:\/\/semmelweis.hu\/baratikor\/files\/2023\/07\/Schordann-Zsigmond-49.a-IV-1..jpg 670w\" sizes=\"auto, (max-width: 268px) 100vw, 268px\" \/><\/a>(<\/strong><strong>Nagyl\u00e9v\u00e1rd, 1794. j\u00falius 22.<\/strong><strong> \u2013 Pest, 1862. \u00e1prilis 11.)<\/strong><\/p>\n<p style=\"text-align: justify\"><strong>Tansz\u00e9k: <\/strong>\u00c9lettan \u00e9s fels\u0151bb anat\u00f3mia 1822 &#8211; 1856, Elm\u00e9leti orvostan 1820 &#8211; 1825.<\/p>\n<p style=\"text-align: justify\">\u00c9desapja gazdatiszt volt, iskol\u00e1it Pozsonyban v\u00e9gezte 1801-1811 k\u00f6z\u00f6tt, majd a pesti orvoskarra iratkozott, ahol hallgat\u00f3k\u00e9nt, 1815-t\u0151l az \u00e9lettan tan\u00e1r\u00e1nak, Lenhoss\u00e9k Mih\u00e1ly Ign\u00e1cnak lett seg\u00e9dje. 1817. j\u00falius 16-\u00e1n szerzett orvosdoktori oklevelet, majd ismeretei b\u0151v\u00edt\u00e9se c\u00e9lj\u00e1b\u00f3l B\u00e9csbe ment, ahonnan 1818-ban t\u00e9rt vissza. Ekkor k\u00e9rt\u00e9k fel az elm\u00e9leti orvostan helyettes tan\u00e1r\u00e1nak. 1820 m\u00e1sodik fel\u00e9t\u0151l az \u00e9lettant is el\u0151adta, ugyancsak helyettesk\u00e9nt. Ezzel egyid\u0151ben, j\u00fanius 25-\u00e9n kapta rendes tan\u00e1ri kinevez\u00e9s\u00e9t az elm\u00e9leti orvostan tansz\u00e9k\u00e9re, melyet az 1824\/25. tan\u00e9vig oktatott. 1822-ben nevezt\u00e9k ki az \u00e9lettan \u00e9s fels\u0151bb anat\u00f3mia rendes tan\u00e1r\u00e1v\u00e1, ahol 1856-ban t\u00f6rt\u00e9nt visszavonul\u00e1s\u00e1ig szolg\u00e1lt. 1828-ban gazdag k\u00f6nyvt\u00e1r\u00e1t megnyitotta tan\u00e1rt\u00e1rsai el\u0151tt, ez\u00e9rt ezt az id\u0151pontot tekintj\u00fck a Semmelweis Egyetem mai K\u00f6zponti K\u00f6nyvt\u00e1ra megalap\u00edt\u00e1s\u00e1nak. K\u00e9s\u0151bb, 1861. febru\u00e1r 24-\u00e9n kelt v\u00e9grendelet\u00e9ben eg\u00e9sz k\u00f6nyvt\u00e1r\u00e1t \u00e9s tekint\u00e9lyes vagyona (55.889 frt 62 kr) csaknem fel\u00e9t a karra hagyta azzal, hogy a p\u00e9nzt k\u00fcl\u00f6nb\u00f6z\u0151 kari alap\u00edtv\u00e1nyokra ford\u00edts\u00e1k (pl. utaz\u00e1si \u00f6szt\u00f6nd\u00edj). Munk\u00e1ss\u00e1g\u00e1t az uralkod\u00f3 kir\u00e1lyi tan\u00e1csosi c\u00edmmel ismerte el.<\/p>\n<p style=\"text-align: justify\"><strong>F\u0151bb munk\u00e1i:<\/strong> Dissertatio inauguralis medica de medicina populari\u2026 Pest, 1817.; \u00c9szrev\u00e9telek a magyarorsz\u00e1gi choleraj\u00e1rv\u00e1nyr\u00f3l. Pest, 1831.<\/p>\n<p style=\"text-align: justify\"><strong>Nyughelye:<\/strong> Budapest, Fiumei \u00fati temet\u0151 XVIII\/22\/1-b\u0151l \u00e1thelyezve 28\/2\/104-be, de m\u00e1r nincs meg a s\u00edr.<\/p>\n<p><strong><a href=\"https:\/\/semmelweis.hu\/baratikor\/files\/2023\/07\/Schordann-Zsigmond-1_jav.jpg\"><img loading=\"lazy\" decoding=\"async\" class=\"alignleft size-medium wp-image-5031\" src=\"https:\/\/semmelweis.hu\/baratikor\/files\/2023\/07\/Schordann-Zsigmond-1_jav-231x400.jpg\" alt=\"\" width=\"231\" height=\"400\" srcset=\"https:\/\/semmelweis.hu\/baratikor\/files\/2023\/07\/Schordann-Zsigmond-1_jav-231x400.jpg 231w, https:\/\/semmelweis.hu\/baratikor\/files\/2023\/07\/Schordann-Zsigmond-1_jav.jpg 578w\" sizes=\"auto, (max-width: 231px) 100vw, 231px\" \/><\/a><a href=\"https:\/\/semmelweis.hu\/baratikor\/files\/2023\/07\/Schordann-parcellaja_jav_ver1.jpg\"><img loading=\"lazy\" decoding=\"async\" class=\"alignleft size-medium wp-image-5029\" src=\"https:\/\/semmelweis.hu\/baratikor\/files\/2023\/07\/Schordann-parcellaja_jav_ver1-400x266.jpg\" alt=\"\" width=\"400\" height=\"266\" srcset=\"https:\/\/semmelweis.hu\/baratikor\/files\/2023\/07\/Schordann-parcellaja_jav_ver1-400x266.jpg 400w, https:\/\/semmelweis.hu\/baratikor\/files\/2023\/07\/Schordann-parcellaja_jav_ver1-768x511.jpg 768w, https:\/\/semmelweis.hu\/baratikor\/files\/2023\/07\/Schordann-parcellaja_jav_ver1-753x501.jpg 753w, https:\/\/semmelweis.hu\/baratikor\/files\/2023\/07\/Schordann-parcellaja_jav_ver1-203x135.jpg 203w, https:\/\/semmelweis.hu\/baratikor\/files\/2023\/07\/Schordann-parcellaja_jav_ver1.jpg 1000w\" sizes=\"auto, (max-width: 400px) 100vw, 400px\" \/><\/a><\/strong><strong><a href=\"https:\/\/semmelweis.hu\/baratikor\/files\/2023\/07\/Schordann-parcellaja_jav_ver2.jpg\"><img loading=\"lazy\" decoding=\"async\" class=\"alignleft size-medium wp-image-5030\" src=\"https:\/\/semmelweis.hu\/baratikor\/files\/2023\/07\/Schordann-parcellaja_jav_ver2-400x267.jpg\" alt=\"\" width=\"400\" height=\"267\" srcset=\"https:\/\/semmelweis.hu\/baratikor\/files\/2023\/07\/Schordann-parcellaja_jav_ver2-400x267.jpg 400w, https:\/\/semmelweis.hu\/baratikor\/files\/2023\/07\/Schordann-parcellaja_jav_ver2-203x135.jpg 203w, https:\/\/semmelweis.hu\/baratikor\/files\/2023\/07\/Schordann-parcellaja_jav_ver2.jpg 600w\" sizes=\"auto, (max-width: 400px) 100vw, 400px\" \/><\/a><\/strong><\/p>\n","protected":false},"excerpt":{"rendered":"<p><a href=\"https:\/\/semmelweis.hu\/baratikor\/files\/2023\/07\/Schordann-Zsigmond-49.a-IV-1..jpg\"><\/a> (Nagyl\u00e9v\u00e1rd, 1794. j\u00falius 22. \u2013 Pest, 1862. \u00e1prilis 11.) Tansz\u00e9k: \u00c9lettan \u00e9s fels\u0151bb anat\u00f3mia 1822 &#8211; 1856, Elm\u00e9leti orvostan 1820 &#8211; 1825. \u00c9desapja gazdatiszt volt, iskol\u00e1it Pozsonyban v\u00e9gezte 1801-1811 k\u00f6z\u00f6tt, majd a pesti orvoskarra iratkozott, ahol hallgat\u00f3k\u00e9nt, 1815-t\u0151l az \u00e9lettan tan\u00e1r\u00e1nak, Lenhoss\u00e9k Mih\u00e1ly Ign\u00e1cnak lett seg\u00e9dje. 1817. j\u00falius 16-\u00e1n szerzett orvosdoktori oklevelet, majd ismeretei b\u0151v\u00edt\u00e9se &hellip;<\/p>\n","protected":false},"author":282,"featured_media":5034,"parent":347,"menu_order":0,"comment_status":"closed","ping_status":"closed","template":"template-fullwidth.php","meta":{"_acf_changed":false,"footnotes":""},"categories":[77,14],"tags":[],"class_list":["post-2200","page","type-page","status-publish","has-post-thumbnail","hentry","category-kegyeleti-adattar","category-teljes-nevlista"],"acf":[],"_links":{"self":[{"href":"https:\/\/semmelweis.hu\/baratikor\/wp-json\/wp\/v2\/pages\/2200","targetHints":{"allow":["GET"]}}],"collection":[{"href":"https:\/\/semmelweis.hu\/baratikor\/wp-json\/wp\/v2\/pages"}],"about":[{"href":"https:\/\/semmelweis.hu\/baratikor\/wp-json\/wp\/v2\/types\/page"}],"author":[{"embeddable":true,"href":"https:\/\/semmelweis.hu\/baratikor\/wp-json\/wp\/v2\/users\/282"}],"replies":[{"embeddable":true,"href":"https:\/\/semmelweis.hu\/baratikor\/wp-json\/wp\/v2\/comments?post=2200"}],"version-history":[{"count":3,"href":"https:\/\/semmelweis.hu\/baratikor\/wp-json\/wp\/v2\/pages\/2200\/revisions"}],"predecessor-version":[{"id":5035,"href":"https:\/\/semmelweis.hu\/baratikor\/wp-json\/wp\/v2\/pages\/2200\/revisions\/5035"}],"up":[{"embeddable":true,"href":"https:\/\/semmelweis.hu\/baratikor\/wp-json\/wp\/v2\/pages\/347"}],"wp:featuredmedia":[{"embeddable":true,"href":"https:\/\/semmelweis.hu\/baratikor\/wp-json\/wp\/v2\/media\/5034"}],"wp:attachment":[{"href":"https:\/\/semmelweis.hu\/baratikor\/wp-json\/wp\/v2\/media?parent=2200"}],"wp:term":[{"taxonomy":"category","embeddable":true,"href":"https:\/\/semmelweis.hu\/baratikor\/wp-json\/wp\/v2\/categories?post=2200"},{"taxonomy":"post_tag","embeddable":true,"href":"https:\/\/semmelweis.hu\/baratikor\/wp-json\/wp\/v2\/tags?post=2200"}],"curies":[{"name":"wp","href":"https:\/\/api.w.org\/{rel}","templated":true}]}}