{"id":2192,"date":"2023-01-04T14:03:42","date_gmt":"2023-01-04T13:03:42","guid":{"rendered":"https:\/\/semmelweis.hu\/baratikor\/?page_id=2192"},"modified":"2023-10-12T15:32:47","modified_gmt":"2023-10-12T13:32:47","slug":"revesz-gyorgy","status":"publish","type":"page","link":"https:\/\/semmelweis.hu\/baratikor\/galeria\/teljes-nevlista\/revesz-gyorgy\/","title":{"rendered":"R\u00e9v\u00e9sz Gy\u00f6rgy"},"content":{"rendered":"<p style=\"text-align: justify\"><strong><a href=\"https:\/\/semmelweis.hu\/baratikor\/files\/2023\/07\/Revesz-Gyorgy_.jpg\"><img loading=\"lazy\" decoding=\"async\" class=\"alignleft size-medium wp-image-4967\" src=\"https:\/\/semmelweis.hu\/baratikor\/files\/2023\/07\/Revesz-Gyorgy_-282x400.jpg\" alt=\"\" width=\"282\" height=\"400\" srcset=\"https:\/\/semmelweis.hu\/baratikor\/files\/2023\/07\/Revesz-Gyorgy_-282x400.jpg 282w, https:\/\/semmelweis.hu\/baratikor\/files\/2023\/07\/Revesz-Gyorgy_.jpg 705w\" sizes=\"auto, (max-width: 282px) 100vw, 282px\" \/><\/a> (<\/strong><strong>Kaposv\u00e1r, 1915. m\u00e1rcius 26.<\/strong><strong> \u2013 Budapest, 1986. december 23.)<\/strong><\/p>\n<p style=\"text-align: justify\"><strong>Tansz\u00e9k:<\/strong> F\u00fcl-, Orr-, G\u00e9geklinika 1967-1985.<\/p>\n<p style=\"text-align: justify\">\u00c9rtelmis\u00e9gi csal\u00e1db\u00f3l sz\u00e1rmazott, \u00e9desapja \u00fcgyv\u00e9dk\u00e9nt tev\u00e9kenykedett. Orvosi tanulm\u00e1nyait P\u00e9csett v\u00e9gezte, oklevelet 1939-ben kapott. 1940-1942 k\u00f6z\u00f6tt a k\u0151b\u00e1nyai Horthy Mikl\u00f3s (ma Bajcsy-Zsilinszky) K\u00f3rh\u00e1zban dolgozott R\u00e9thy Aur\u00e9l mellett. Innen a Szabolcs utcai k\u00f3rh\u00e1zba ker\u00fclt seg\u00e9dorvosnak Pollatschek Elem\u00e9r \u00e9s Kepes P\u00e1l tan\u00e1rok oszt\u00e1ly\u00e1ra.<\/p>\n<p style=\"text-align: justify\">T\u00f6bb alkalommal is teljes\u00edtett katonai szolg\u00e1latot, kezdetben (1937, 1939. okt\u00f3ber \u2013 1940. november) a p\u00e9csi 8. honv\u00e9d gyalogezredn\u00e9l. 1940 november\u00e9ben munkaszolg\u00e1latra vez\u00e9nyelt\u00e9k (IV\/3 KMSZ z\u00e1szl\u00f3alj), amit 1942-ben \u00e9s 1943-ban megism\u00e9teltek.<\/p>\n<p style=\"text-align: justify\">1945-ben a R\u00f3kus k\u00f3rh\u00e1z g\u00e9geoszt\u00e1ly\u00e1ra ker\u00fclt alorvosnak. 1946-ban szakorvosi k\u00e9pes\u00edt\u00e9st szerzett f\u00fcl- orr- g\u00e9gegy\u00f3gy\u00e1szatb\u00f3l. 1950-1951 k\u00f6z\u00f6tt az Istv\u00e1n k\u00f3rh\u00e1z adjunktusak\u00e9nt dolgozott. 1951 \u00e1prilis\u00e1ban hivat\u00e1sos tisztk\u00e9nt l\u00e9pett be a Magyar N\u00e9phadseregbe (MN), \u0151szt\u0151l pedig m\u00e1r az I. sz. Honv\u00e9d (Tiszti) K\u00f3rh\u00e1z f\u00fcl- orr- g\u00e9g\u00e9szeti oszt\u00e1ly\u00e1t vezette, ahol 1967-ig \u00e1llt szolg\u00e1latban. 1963-ban \u00e9rte el az orvostudom\u00e1nyok kandid\u00e1tusa fokozatot. 1967. j\u00falius 23-\u00e1n kapta meg kinevez\u00e9s\u00e9t a BOTE F\u00fcl-, Orr-, G\u00e9geklinik\u00e1j\u00e1ra. Egyetemi \u00e1ll\u00e1sa mellett megalakul\u00e1s\u00e1t\u00f3l, 1975. janu\u00e1r 1-t\u0151l vezette az \u00e1ltala kezdem\u00e9nyezett Orsz\u00e1gos F\u00fcl- Orr- G\u00e9g\u00e9szeti Int\u00e9zetet, ahol nemzetk\u00f6zileg elismert m\u0171t\u0151egys\u00e9get siker\u00fclt kialak\u00edtania. 1985-ben vonult nyugd\u00edjba.<\/p>\n<p style=\"text-align: justify\">Tudom\u00e1nyos munk\u00e1ss\u00e1ga a mechanikus-akusztikus transformatio m\u0171t\u00e9ti helyre\u00e1ll\u00edt\u00e1s\u00e1nak elm\u00e9leti \u00e9s gyakorlati k\u00e9rd\u00e9seivel, valamint audiol\u00f3giai kutat\u00e1sokkal volt kapcsolatos. Munkacsoportj\u00e1val f\u00fcl\u00e9szeti transzplant\u00e1ci\u00f3t \u00e9rint\u0151 kutat\u00e1sokat is folytatott. A g\u00e9g\u00e9szeti mikroseb\u00e9szeti elj\u00e1r\u00e1s hazai bevezet\u00e9se az \u0151 nev\u00e9hez f\u0171z\u0151dik.<\/p>\n<p style=\"text-align: justify\">1945 \u00f3ta volt tagja a Magyar Kommunista P\u00e1rtnak, ahol vezet\u0151s\u00e9gi tags\u00e1got, illetve MN Hadt\u00e1p P\u00e1rtbizotts\u00e1gi tags\u00e1got is viselt. Szint\u00e9n 1945-t\u0151l volt tagja az Orvos-Eg\u00e9szs\u00e9g\u00fcgyi Dolgoz\u00f3k Szakszervezet\u00e9nek, melynek 1948-49-ben VIII. ker\u00fcleti titk\u00e1ra lett. A f\u00fcl- orr- g\u00e9g\u00e9sz szakcsoportnak megalakul\u00e1sa \u00f3ta tagja, k\u00e9s\u0151bb vezet\u0151s\u00e9gi tagja, 1962-t\u0151l h\u00e1rom \u00e9ven \u00e1t f\u0151titk\u00e1ra volt. Tagja volt az ETT f\u00fcl- orr- g\u00e9g\u00e9sz szakbizotts\u00e1g\u00e1nak, aleln\u00f6ke a MOTESZ Audiol\u00f3giai szekci\u00f3j\u00e1nak, 1962-t\u0151l pedig tagja a Nemzetk\u00f6zi Audiol\u00f3giai T\u00e1rsas\u00e1gnak. R\u00e9szt vett a F\u00fcl- Orr- G\u00e9gegy\u00f3gy\u00e1szat c. szaklap szerkeszt\u0151s\u00e9gi munk\u00e1j\u00e1ban. 1970-t\u0151l volt tagja a Collegium Oto- Rhino- Laryngologicum Amicitiae Secrumnak.<\/p>\n<p style=\"text-align: justify\">Kit\u00fcntet\u00e9sei: Haza Szolg\u00e1lat\u00e1\u00e9rt arany fokozat (1957, 1967), Eg\u00e9szs\u00e9g\u00fcgy Kiv\u00e1l\u00f3 Dolgoz\u00f3ja (1958), \u00c9rdemes Orvos (1959), 25 \u00e9ves felszabadul\u00e1si eml\u00e9k\u00e9rem (1970), Munka \u00c9rdemrend arany fokozat (1985), Szolg\u00e1lati \u00e9rdem\u00e9rem (10, 15 \u00e9ves).<\/p>\n<p style=\"text-align: justify\"><strong>F\u0151bb munk\u00e1i:<\/strong> F\u00fcl-, orr-, g\u00e9gegy\u00f3gy\u00e1szat (Jakabfi Imr\u00e9vel). Egyetemi tank\u00f6nyv. Bp., 1973.; F\u00fcl-, orr-, g\u00e9gebetegs\u00e9gek. Egyetemi tank\u00f6nyv. Bp., 1978.<\/p>\n<p style=\"text-align: justify\"><strong>Nyughelye:<\/strong> Farkasr\u00e9ti temet\u0151 20AS-KOR\/0\/3\/18.<\/p>\n<p><strong><a href=\"https:\/\/semmelweis.hu\/baratikor\/files\/2023\/07\/Revesz-Gyorgy-80-as-evek_.jpg\"><img loading=\"lazy\" decoding=\"async\" class=\"alignleft size-medium wp-image-4966\" src=\"https:\/\/semmelweis.hu\/baratikor\/files\/2023\/07\/Revesz-Gyorgy-80-as-evek_-319x400.jpg\" alt=\"\" width=\"319\" height=\"400\" srcset=\"https:\/\/semmelweis.hu\/baratikor\/files\/2023\/07\/Revesz-Gyorgy-80-as-evek_-319x400.jpg 319w, https:\/\/semmelweis.hu\/baratikor\/files\/2023\/07\/Revesz-Gyorgy-80-as-evek_-768x962.jpg 768w, https:\/\/semmelweis.hu\/baratikor\/files\/2023\/07\/Revesz-Gyorgy-80-as-evek_-753x944.jpg 753w, https:\/\/semmelweis.hu\/baratikor\/files\/2023\/07\/Revesz-Gyorgy-80-as-evek_.jpg 798w\" sizes=\"auto, (max-width: 319px) 100vw, 319px\" \/><\/a><\/strong><\/p>\n","protected":false},"excerpt":{"rendered":"<p><a href=\"https:\/\/semmelweis.hu\/baratikor\/files\/2023\/07\/Revesz-Gyorgy_.jpg\"><\/a> (Kaposv\u00e1r, 1915. m\u00e1rcius 26. \u2013 Budapest, 1986. december 23.) Tansz\u00e9k: F\u00fcl-, Orr-, G\u00e9geklinika 1967-1985. \u00c9rtelmis\u00e9gi csal\u00e1db\u00f3l sz\u00e1rmazott, \u00e9desapja \u00fcgyv\u00e9dk\u00e9nt tev\u00e9kenykedett. Orvosi tanulm\u00e1nyait P\u00e9csett v\u00e9gezte, oklevelet 1939-ben kapott. 1940-1942 k\u00f6z\u00f6tt a k\u0151b\u00e1nyai Horthy Mikl\u00f3s (ma Bajcsy-Zsilinszky) K\u00f3rh\u00e1zban dolgozott R\u00e9thy Aur\u00e9l mellett. Innen a Szabolcs utcai k\u00f3rh\u00e1zba ker\u00fclt seg\u00e9dorvosnak Pollatschek Elem\u00e9r \u00e9s Kepes P\u00e1l tan\u00e1rok oszt\u00e1ly\u00e1ra. T\u00f6bb &hellip;<\/p>\n","protected":false},"author":282,"featured_media":5433,"parent":347,"menu_order":0,"comment_status":"closed","ping_status":"closed","template":"template-fullwidth.php","meta":{"_acf_changed":false,"footnotes":""},"categories":[77,14],"tags":[],"class_list":["post-2192","page","type-page","status-publish","has-post-thumbnail","hentry","category-kegyeleti-adattar","category-teljes-nevlista"],"acf":[],"_links":{"self":[{"href":"https:\/\/semmelweis.hu\/baratikor\/wp-json\/wp\/v2\/pages\/2192","targetHints":{"allow":["GET"]}}],"collection":[{"href":"https:\/\/semmelweis.hu\/baratikor\/wp-json\/wp\/v2\/pages"}],"about":[{"href":"https:\/\/semmelweis.hu\/baratikor\/wp-json\/wp\/v2\/types\/page"}],"author":[{"embeddable":true,"href":"https:\/\/semmelweis.hu\/baratikor\/wp-json\/wp\/v2\/users\/282"}],"replies":[{"embeddable":true,"href":"https:\/\/semmelweis.hu\/baratikor\/wp-json\/wp\/v2\/comments?post=2192"}],"version-history":[{"count":2,"href":"https:\/\/semmelweis.hu\/baratikor\/wp-json\/wp\/v2\/pages\/2192\/revisions"}],"predecessor-version":[{"id":4994,"href":"https:\/\/semmelweis.hu\/baratikor\/wp-json\/wp\/v2\/pages\/2192\/revisions\/4994"}],"up":[{"embeddable":true,"href":"https:\/\/semmelweis.hu\/baratikor\/wp-json\/wp\/v2\/pages\/347"}],"wp:featuredmedia":[{"embeddable":true,"href":"https:\/\/semmelweis.hu\/baratikor\/wp-json\/wp\/v2\/media\/5433"}],"wp:attachment":[{"href":"https:\/\/semmelweis.hu\/baratikor\/wp-json\/wp\/v2\/media?parent=2192"}],"wp:term":[{"taxonomy":"category","embeddable":true,"href":"https:\/\/semmelweis.hu\/baratikor\/wp-json\/wp\/v2\/categories?post=2192"},{"taxonomy":"post_tag","embeddable":true,"href":"https:\/\/semmelweis.hu\/baratikor\/wp-json\/wp\/v2\/tags?post=2192"}],"curies":[{"name":"wp","href":"https:\/\/api.w.org\/{rel}","templated":true}]}}