{"id":2188,"date":"2023-01-04T14:01:36","date_gmt":"2023-01-04T13:01:36","guid":{"rendered":"https:\/\/semmelweis.hu\/baratikor\/?page_id=2188"},"modified":"2023-07-10T08:32:30","modified_gmt":"2023-07-10T06:32:30","slug":"racz-istvan-lajos","status":"publish","type":"page","link":"https:\/\/semmelweis.hu\/baratikor\/galeria\/teljes-nevlista\/racz-istvan-lajos\/","title":{"rendered":"R\u00e1cz Istv\u00e1n Lajos"},"content":{"rendered":"<p style=\"text-align: justify\"><strong>(<\/strong><strong>Budapest, 1924. \u00e1prilis 14.<\/strong><strong> \u2013 Budapest, 1994. \u00e1prilis 30.)<\/strong><\/p>\n<p style=\"text-align: justify\"><strong>Tansz\u00e9k:<\/strong> B\u0151r- \u00e9s Nemik\u00f3rtani Klinika 1979-1992.<\/p>\n<p style=\"text-align: justify\">\u00c9desapja az Orsz\u00e1gos K\u00f6zponti Hitelsz\u00f6vetkezet f\u0151tisztvisel\u0151jek\u00e9nt dolgozott. K\u00f6z\u00e9pfok\u00fa tanulm\u00e1nyait az \u00fajpesti K\u00f6nyves K\u00e1lm\u00e1n re\u00e1lgimn\u00e1ziumban v\u00e9gezte 1942-ben, majd a kir. m. P\u00e1zm\u00e1ny P\u00e9ter Tudom\u00e1nyegyetem Orvostudom\u00e1nyi Kar\u00e1ra iratkozott be. 1944-ben, katonai beh\u00edv\u00f3ja ellen\u00e9re megtagadta a nyugatra telep\u00fcl\u00e9st, helyette a Sv\u00e9d V\u00f6r\u00f6skereszt \u00fajpesti sz\u00fcks\u00e9gk\u00f3rh\u00e1z\u00e1ban v\u00e1llalt seg\u00e9dorvosi feladatot. Orvosi oklevel\u00e9t 1947. december 18-\u00e1n \u201eSub laurea Almae Matris\u201d kit\u00fcntet\u00e9ssel vette \u00e1t, mivel minden szigorlat\u00e1t kit\u0171n\u0151 eredm\u00e9nnyel tette le. 1947. szeptember 1-t\u0151l 1950. szeptember 30-ig a B\u0151rklinik\u00e1n dolgozott el\u0151bb d\u00edjtalan, k\u00e9s\u0151bb d\u00edjas gyakornokk\u00e9nt. K\u00f6zben mell\u00e9k\u00e1ll\u00e1sk\u00e9nt a N\u00e9pj\u00f3l\u00e9ti Miniszt\u00e9rium hadifogoly-szolg\u00e1lat\u00e1n\u00e1l v\u00e1llalt munk\u00e1t hadifogoly-otthon orvosk\u00e9nt. K\u00e9s\u0151bb a csepeli szakorvosi rendel\u0151int\u00e9zet b\u0151rgy\u00f3gy\u00e1szati oszt\u00e1ly\u00e1n szakorvosk\u00e9nt dolgozott, ugyancsak mell\u00e9k\u00e1ll\u00e1sban. 1950. okt\u00f3ber 1-j\u00e9n hivat\u00e1sos orvos sz\u00e1zadosk\u00e9nt l\u00e9pett be a Magyar N\u00e9phadsereg K\u00f6zponti K\u00f3rh\u00e1z \u00e1llom\u00e1ny\u00e1ba, ahol 1957. m\u00e1rcius 1-j\u00e9ig szolg\u00e1lt, 1956. november 15-t\u0151l m\u00e1r polg\u00e1ri alkalmazottk\u00e9nt. 1950. okt\u00f3ber 6-\u00e1n b\u0151r- \u00e9s nemibetegs\u00e9gek, kozmetika t\u00e1rgyk\u00f6rb\u0151l szakvizsg\u00e1t tett. 1956. j\u00fanius 20-\u00e1n elv\u00e9gzett egy sportorvosi tanfolyamot. 1957. m\u00e1rcius 1-t\u0151l a F\u0151v\u00e1rosi B\u0151r- Nemibeteg Gondoz\u00f3 Int\u00e9zetek K\u00f6zpontj\u00e1ban v\u00e1llalt szakf\u0151orvosi munk\u00e1t 1969. december 31-ig. 1965-ben az int\u00e9zm\u00e9ny igazgat\u00f3-f\u0151orvosa lett. 1970. janu\u00e1r 1-j\u00e9t\u0151l az Orsz\u00e1gos B\u0151r- Nemik\u00f3rtani Int\u00e9zet tudom\u00e1nyos oszt\u00e1lyvezet\u0151jek\u00e9nt folytatta m\u0171k\u00f6d\u00e9s\u00e9t. M\u00e1jus 1-t\u0151l a SOTE B\u0151r- \u00e9s Nemik\u00f3rtani Klinik\u00e1ja tudom\u00e1nyos oszt\u00e1lyvezet\u0151je, 1975. j\u00falius 1-j\u00e9t\u0151l egyetemi docens, 1979. febru\u00e1r 1-t\u0151l pedig klinikaigazgat\u00f3 egyetemi tan\u00e1r, egyben az OBNI igazgat\u00f3ja. Id\u0151k\u00f6zben, 1974. febru\u00e1r 13-\u00e1n kandid\u00e1tusi min\u0151s\u00edt\u00e9st szerzett. 1959-t\u0151l m\u00e1sod\u00e1ll\u00e1sokat is v\u00e1llalt. Kezdetben a XIII. ker\u00fcleti L\u0151port\u00e1r utcai B\u0151r- \u00e9s Nemibeteggondoz\u00f3 Int\u00e9zetben, 1960-1965 k\u00f6z\u00f6tt az Orsz\u00e1gos B\u0151r- \u00e9s Nemik\u00f3rtani Int\u00e9zetben szakorvosk\u00e9nt. 1977-t\u0151l m\u00e1sod\u00e1ll\u00e1sban az OBNI igazgat\u00f3helyettese volt.<\/p>\n<p style=\"text-align: justify\">Sokat foglalkozott a foglalkoz\u00e1si b\u0151rbetegs\u00e9gek vizsg\u00e1lat\u00e1nak, kezel\u00e9s\u00e9nek \u00e9s megel\u0151z\u00e9s\u00e9nek k\u00e9rd\u00e9seivel, a szifilisz szerol\u00f3gi\u00e1j\u00e1val, valamint a b\u0151rjelens\u00e9gek belgy\u00f3gy\u00e1szati okainak vizsg\u00e1lat\u00e1val. A f\u0151v\u00e1rosi, majd az orsz\u00e1gos int\u00e9zet vezet\u0151 munkat\u00e1rsak\u00e9nt sz\u00e9lesk\u00f6r\u0171 eg\u00e9szs\u00e9g\u00fcgyi szervez\u00e9si tapasztalatokra tett szert. T\u00e1rszerz\u0151k\u00e9nt \u00edrt, 1959-ben megjelent belgy\u00f3gy\u00e1szati vonatkoz\u00e1s\u00fa monogr\u00e1fi\u00e1j\u00e1t n\u00e9met\u00fcl \u00e9s lengyel\u00fcl is kiadt\u00e1k.<\/p>\n<p style=\"text-align: justify\">1947-t\u0151l volt tagja az Orvos-Eg\u00e9szs\u00e9g\u00fcgyi Dolgoz\u00f3k Szakszervezet\u00e9nek, ahol a B\u0151rgy\u00f3gy\u00e1sz Szakcsoportban el\u0151bb \u00fcl\u00e9stitk\u00e1ri, k\u00e9s\u0151bb vezet\u0151s\u00e9gi munk\u00e1t v\u00e1llalt. 1948-ban csatlakozott a Magyar Dolgoz\u00f3k P\u00e1rtj\u00e1hoz, de az 1949-es tagrev\u00edzi\u00f3 sor\u00e1n kiz\u00e1rt\u00e1k. Elv\u00e9gezte a Marxizmus-leninizmus Esti Egyetem filoz\u00f3fia szakk\u00e9pes\u00edt\u0151 tanfolyam\u00e1t. Az MSZMP-be 1971-ben nyert felv\u00e9telt.<\/p>\n<p style=\"text-align: justify\">A Magyar Dermatol\u00f3giai T\u00e1rsulat \u00fcl\u00e9stitk\u00e1ra, 1953-t\u00f3l a vezet\u0151s\u00e9g \u00e1lland\u00f3 tagja, 1973-1979 k\u00f6z\u00f6tt f\u0151titk\u00e1r, 1985-t\u0151l eln\u00f6ke volt. Eln\u00f6k\u00f6lte az OBNI szakmai koll\u00e9gium\u00e1t, a Magyar Allergol\u00f3giai \u00e9s Klinikai Immunol\u00f3giai T\u00e1rsas\u00e1g aleln\u00f6ke volt. Levelez\u0151 tagja volt a francia, tiszteletbeli tagja a jugoszl\u00e1v, az NSZK, az NDK, a bolg\u00e1r, az osztr\u00e1k, a lengyel, a csehszlov\u00e1k \u00e9s az \u00e9szak-amerikai klinikai dermatol\u00f3giai t\u00e1rsas\u00e1goknak. T\u00f6bb nemzetk\u00f6zi kongresszus (1965, 1969, 1978) szervez\u00e9s\u00e9ben vett r\u00e9szt.<\/p>\n<p style=\"text-align: justify\">1955-ben az Eg\u00e9szs\u00e9g\u00fcgy Kiv\u00e1l\u00f3 Dolgoz\u00f3ja, 1976-ban az Oktat\u00e1s\u00fcgy Kiv\u00e1l\u00f3 Dolgoz\u00f3ja kit\u00fcntet\u00e9seket kapott.<\/p>\n<p style=\"text-align: justify\"><strong>F\u0151bb munk\u00e1i:<\/strong> B\u0151r\u00e1pol\u00e1s, kozmetika, b\u0151rbetegs\u00e9gek (Pastinszky Istv\u00e1nnal). Bp., 1958.; Belbetegs\u00e9gek b\u0151rt\u00fcnetei (Pastinszky Istv\u00e1nnal). Bp., 1959.; Hautver\u00e4nderungen bei inneren Krankheiten (Pastinszky Istv\u00e1nnal). Berlin, 1965.; A syphilis seroreactiok biol\u00f3giai aspecifikus positivit\u00e1s\u00e1nak \u201eBAP\u201d pathomechanismusa \u00e9s jelent\u0151s\u00e9ge. Kandid\u00e1tusi \u00e9rtekez\u00e9s. MTA TMB, Bp., 1973.; B\u0151r- \u00e9s nemibetegs\u00e9gek (Kir\u00e1ly K\u00e1lm\u00e1nnal \u00e9s T\u00f6r\u00f6k Iboly\u00e1val). Bp., 1979.; Diagnostic electron microscopy in practical dermatology. Bp., 1987.; Gyakorlati b\u0151rgy\u00f3gy\u00e1szat (T\u00f6r\u00f6k Iboly\u00e1val \u00e9s Horv\u00e1th Attil\u00e1val). Bp., 1990.; A pikkelys\u00f6m\u00f6rr\u0151l (Berecz Margittal). Bp., 1992.<\/p>\n<p style=\"text-align: justify\"><strong>Nyughelye:<\/strong> Farkasr\u00e9ti temet\u0151 34-1\/0\/1\/57-58.<\/p>\n<p><a href=\"https:\/\/semmelweis.hu\/baratikor\/files\/2023\/07\/IMG_20200418_134125.jpg\"><img loading=\"lazy\" decoding=\"async\" class=\"alignleft size-medium wp-image-4916\" src=\"https:\/\/semmelweis.hu\/baratikor\/files\/2023\/07\/IMG_20200418_134125-300x400.jpg\" alt=\"\" width=\"300\" height=\"400\" srcset=\"https:\/\/semmelweis.hu\/baratikor\/files\/2023\/07\/IMG_20200418_134125-300x400.jpg 300w, https:\/\/semmelweis.hu\/baratikor\/files\/2023\/07\/IMG_20200418_134125.jpg 750w\" sizes=\"auto, (max-width: 300px) 100vw, 300px\" \/><\/a> <a href=\"https:\/\/semmelweis.hu\/baratikor\/files\/2023\/07\/IMG_20200418_134153_.jpg\"><img loading=\"lazy\" decoding=\"async\" class=\"alignleft size-medium wp-image-4917\" src=\"https:\/\/semmelweis.hu\/baratikor\/files\/2023\/07\/IMG_20200418_134153_-300x400.jpg\" alt=\"\" width=\"300\" height=\"400\" srcset=\"https:\/\/semmelweis.hu\/baratikor\/files\/2023\/07\/IMG_20200418_134153_-300x400.jpg 300w, https:\/\/semmelweis.hu\/baratikor\/files\/2023\/07\/IMG_20200418_134153_.jpg 750w\" sizes=\"auto, (max-width: 300px) 100vw, 300px\" \/><\/a><\/p>\n","protected":false},"excerpt":{"rendered":"<p>(Budapest, 1924. \u00e1prilis 14. \u2013 Budapest, 1994. \u00e1prilis 30.) Tansz\u00e9k: B\u0151r- \u00e9s Nemik\u00f3rtani Klinika 1979-1992. \u00c9desapja az Orsz\u00e1gos K\u00f6zponti Hitelsz\u00f6vetkezet f\u0151tisztvisel\u0151jek\u00e9nt dolgozott. K\u00f6z\u00e9pfok\u00fa tanulm\u00e1nyait az \u00fajpesti K\u00f6nyves K\u00e1lm\u00e1n re\u00e1lgimn\u00e1ziumban v\u00e9gezte 1942-ben, majd a kir. m. P\u00e1zm\u00e1ny P\u00e9ter Tudom\u00e1nyegyetem Orvostudom\u00e1nyi Kar\u00e1ra iratkozott be. 1944-ben, katonai beh\u00edv\u00f3ja ellen\u00e9re megtagadta a nyugatra telep\u00fcl\u00e9st, helyette a Sv\u00e9d V\u00f6r\u00f6skereszt \u00fajpesti &hellip;<\/p>\n","protected":false},"author":282,"featured_media":0,"parent":347,"menu_order":0,"comment_status":"closed","ping_status":"closed","template":"template-fullwidth.php","meta":{"_acf_changed":false,"footnotes":""},"categories":[77,14],"tags":[],"class_list":["post-2188","page","type-page","status-publish","hentry","category-kegyeleti-adattar","category-teljes-nevlista"],"acf":[],"_links":{"self":[{"href":"https:\/\/semmelweis.hu\/baratikor\/wp-json\/wp\/v2\/pages\/2188","targetHints":{"allow":["GET"]}}],"collection":[{"href":"https:\/\/semmelweis.hu\/baratikor\/wp-json\/wp\/v2\/pages"}],"about":[{"href":"https:\/\/semmelweis.hu\/baratikor\/wp-json\/wp\/v2\/types\/page"}],"author":[{"embeddable":true,"href":"https:\/\/semmelweis.hu\/baratikor\/wp-json\/wp\/v2\/users\/282"}],"replies":[{"embeddable":true,"href":"https:\/\/semmelweis.hu\/baratikor\/wp-json\/wp\/v2\/comments?post=2188"}],"version-history":[{"count":3,"href":"https:\/\/semmelweis.hu\/baratikor\/wp-json\/wp\/v2\/pages\/2188\/revisions"}],"predecessor-version":[{"id":4919,"href":"https:\/\/semmelweis.hu\/baratikor\/wp-json\/wp\/v2\/pages\/2188\/revisions\/4919"}],"up":[{"embeddable":true,"href":"https:\/\/semmelweis.hu\/baratikor\/wp-json\/wp\/v2\/pages\/347"}],"wp:attachment":[{"href":"https:\/\/semmelweis.hu\/baratikor\/wp-json\/wp\/v2\/media?parent=2188"}],"wp:term":[{"taxonomy":"category","embeddable":true,"href":"https:\/\/semmelweis.hu\/baratikor\/wp-json\/wp\/v2\/categories?post=2188"},{"taxonomy":"post_tag","embeddable":true,"href":"https:\/\/semmelweis.hu\/baratikor\/wp-json\/wp\/v2\/tags?post=2188"}],"curies":[{"name":"wp","href":"https:\/\/api.w.org\/{rel}","templated":true}]}}