{"id":2186,"date":"2023-01-04T13:59:31","date_gmt":"2023-01-04T12:59:31","guid":{"rendered":"https:\/\/semmelweis.hu\/baratikor\/?page_id=2186"},"modified":"2023-10-12T15:47:45","modified_gmt":"2023-10-12T13:47:45","slug":"rusznyak-istvan","status":"publish","type":"page","link":"https:\/\/semmelweis.hu\/baratikor\/galeria\/teljes-nevlista\/rusznyak-istvan\/","title":{"rendered":"Ruszny\u00e1k Istv\u00e1n"},"content":{"rendered":"<p style=\"text-align: justify\"><strong> <a href=\"https:\/\/semmelweis.hu\/baratikor\/files\/2023\/07\/Rusznyak-Istvan-318.-fond-II.85..jpg\"><img loading=\"lazy\" decoding=\"async\" class=\"alignleft size-medium wp-image-5009\" src=\"https:\/\/semmelweis.hu\/baratikor\/files\/2023\/07\/Rusznyak-Istvan-318.-fond-II.85.-258x400.jpg\" alt=\"\" width=\"258\" height=\"400\" srcset=\"https:\/\/semmelweis.hu\/baratikor\/files\/2023\/07\/Rusznyak-Istvan-318.-fond-II.85.-258x400.jpg 258w, https:\/\/semmelweis.hu\/baratikor\/files\/2023\/07\/Rusznyak-Istvan-318.-fond-II.85..jpg 336w\" sizes=\"auto, (max-width: 258px) 100vw, 258px\" \/><\/a> (<\/strong><strong>Budapest, 1889. janu\u00e1r 22.<\/strong><strong> \u2013 Budapest, 1974. okt\u00f3ber 15.)<\/strong><\/p>\n<p style=\"text-align: justify\"><strong>Tansz\u00e9k: <\/strong>II. sz. Belgy\u00f3gy\u00e1szati Klinika 1945-1946, I. sz. Belgy\u00f3gy\u00e1szati Klinika 1946-1963.<\/p>\n<p style=\"text-align: justify\">H\u00e1romgyermekes f\u0151v\u00e1rosi \u00e9rtelmis\u00e9gi csal\u00e1d legid\u0151sebb sarja, \u00e9desapja \u00fcgyv\u00e9d volt. 1908-t\u00f3l, III. \u00e9ves kor\u00e1t\u00f3l a II. sz. K\u00f3rbonctani Int\u00e9zetben dolgozott Pertik Ott\u00f3, majd Krompecher \u00d6d\u00f6n vezet\u00e9se alatt. 1911. november 11-\u00e9n avatt\u00e1k orvosdoktorr\u00e1. Ezut\u00e1n is a II. K\u00f3rbonctani Int\u00e9zet gyakornokak\u00e9nt dolgozott, majd 1912-ben a Kor\u00e1nyi S\u00e1ndor vezette III. sz. Belgy\u00f3gy\u00e1szati Klinik\u00e1ra ker\u00fclt gyakornoki beoszt\u00e1sban. 1914-1918 k\u00f6z\u00f6tt a zsolnai \u00e9s a k\u0151szegi fert\u0151z\u0151 k\u00f3rh\u00e1zakban szolg\u00e1lt, orvos f\u0151hadnagyk\u00e9nt szerelt le. 1918 v\u00e9g\u00e9n visszat\u00e9rt a Kor\u00e1nyi-klinik\u00e1ra, majd a prolet\u00e1rdiktat\u00fara idej\u00e9n a k\u00f6zeli Haller utcai \u00fan. Jaur\u00e8s-laktanya orvos-f\u0151n\u00f6ke volt. Szerepv\u00e1llal\u00e1sa miatt igazol\u00e1si elj\u00e1r\u00e1s al\u00e1 vont\u00e1k, de Kor\u00e1nyi S\u00e1ndor k\u00f6zbenj\u00e1r\u00e1s\u00e1ra megkapta az igazol\u00e1st. 1926-ban mag\u00e1ntan\u00e1ri habilit\u00e1ci\u00f3t <em>A vese \u00e9s a v\u00e9rkering\u00e9si szervek betegs\u00e9geinek k\u00f3r- \u00e9s gy\u00f3gytana<\/em> t\u00e1rgyk\u00f6rben. Tan\u00e1rseg\u00e9d, majd 1928-t\u00f3l adjunktusi beoszt\u00e1st nyert. 1931-ben Szegedre t\u00e1vozott a Belgy\u00f3gy\u00e1szati Klinika \u00e9l\u00e9re nyilv\u00e1nos rendes tan\u00e1ri min\u0151s\u00e9gben. 1937\/38. tan\u00e9vben a szegedi orvoskar d\u00e9k\u00e1nja, a k\u00f6vetkez\u0151ben prod\u00e9k\u00e1nja volt. A n\u00e9metek 1944 j\u00falius\u00e1ban csal\u00e1dj\u00e1val egy\u00fctt deport\u00e1lt\u00e1k, de a szegedi egyetem k\u00f6zbenj\u00e1r\u00e1s\u00e1ra Ausztri\u00e1ban levett\u00e9k a szerelv\u00e9nyr\u0151l \u00e9s visszasz\u00e1ll\u00edtott\u00e1k Budapestre, ahol hamarosan nyugd\u00edjazt\u00e1k. Id\u0151sebb l\u00e1nya t\u00fal\u00e9lte a holocaustot, \u00e9s Bergen-Belsenb\u0151l Stockholmba ker\u00fclt. 1945-ben csatlakozott az Orvoseg\u00e9szs\u00e9g\u00fcgyi Dolgoz\u00f3k Szakszervezet\u00e9hez, \u00e9s megszervezte a belgy\u00f3gy\u00e1sz szakcsoportot, majd 1950-t\u0151l a szakszervezet eln\u00f6ks\u00e9gi tagja lett. 1945 j\u00falius\u00e1ban bel\u00e9pett az MKP-ba, majd a v\u00e1laszt\u00e1sok ut\u00e1n nemzetgy\u0171l\u00e9si k\u00e9pvisel\u0151 lett 1947-ig. 1949-ben m\u00e1sodszor is k\u00e9pvisel\u0151v\u00e9 v\u00e1lasztott\u00e1k, ahol 1967-ig m\u0171k\u00f6d\u00f6tt, illetve beker\u00fclt a Magyar N\u00e9pk\u00f6zt\u00e1rsas\u00e1g Eln\u00f6ki Tan\u00e1cs\u00e1ba, ahol 1958-ig tev\u00e9kenykedett. 1945. j\u00falius v\u00e9g\u00e9n a budapesti Orvostudom\u00e1nyi Kar megh\u00edvta a II. sz. Belklinika \u00e9l\u00e9re. 1946 febru\u00e1rj\u00e1ban kinevezt\u00e9k az I. sz. Belklinika \u00e9l\u00e9re. 1946. j\u00falius 24-\u00e9n az MTA levelez\u0151, majd december 19-\u00e9n rendes tagj\u00e1v\u00e1 v\u00e1lasztotta. Ugyanezen napt\u00f3l az Akad\u00e9mia igazgat\u00f3ja lett. 1949. okt\u00f3ber 31. \u00e9s 1970. febru\u00e1r 5. k\u00f6z\u00f6tt az akad\u00e9mia eln\u00f6kek\u00e9nt m\u0171k\u00f6d\u00f6tt. 1954-1970 k\u00f6z\u00f6tt az MTA K\u00eds\u00e9rleti Orvostudom\u00e1nyi Kutat\u00f3int\u00e9zet\u00e9nek igazgat\u00f3ja is volt. 1971-t\u0151l hal\u00e1l\u00e1ig ugyanitt tudom\u00e1nyos tan\u00e1csad\u00f3k\u00e9nt m\u0171k\u00f6d\u00f6tt tov\u00e1bb. Egyetemi katedr\u00e1j\u00e1t\u00f3l 1963-ban vonult vissza.<\/p>\n<p style=\"text-align: justify\">Szegedi \u00e9veiben munk\u00e1ss\u00e1ga r\u00e9szben a v\u00e9r feh\u00e9rj\u00e9inek \u00e9s alkot\u00f3r\u00e9szeinek vizsg\u00e1lat\u00e1ra ir\u00e1nyult. Foglalkozott a m\u0171t\u00e9t ut\u00e1ni v\u00e9rkering\u00e9si zavarok keletkez\u00e9s\u00e9vel \u00e9s elh\u00e1r\u00edt\u00e1s\u00e1val, valamint Szent-Gy\u00f6rgyi Alberttel egy\u00fcttm\u0171k\u00f6dve a vitaminok szerep\u00e9vel. Ennek kapcs\u00e1n fedezt\u00e9k fel a kor\u00e1bban ismeretlen P-vitamint. 1945 ut\u00e1n a kering\u00e9s-pathol\u00f3gia \u00e9s az \u00f6d\u00e9ma-k\u00e9rd\u00e9s foglalkoztatta. Egyik felfedez\u0151je volt a flavonvegy\u00fcletek szerep\u00e9nek, a flavonidok ter\u00e1pi\u00e1s alkalmazhat\u00f3s\u00e1g\u00e1nak, vitamin-szerep\u00fcknek \u00e9s az erek permeabilit\u00e1s\u00e1ra vonatkoz\u00f3 hat\u00e1suknak.<\/p>\n<p style=\"text-align: justify\">Szakmai test\u00fcleti, t\u00e1rsas\u00e1gi tags\u00e1gai: Igazs\u00e1g\u00fcgyi Orvosi Tan\u00e1cs eln\u00f6ke (1945. szept.-1949. nov.), Magyar-Szovjet T\u00e1rsas\u00e1g eln\u00f6ke (1946. j\u00fal.-1950. dec.), Soci\u00e9t\u00e9 Internationale de M\u00e9decine Interne (1950-t\u0151l), International Society of Lymphology tiszteletbeli tagja (1955), Union Internationale d\u2019Angiologie tiszteletbeli alap\u00edt\u00f3 tagja (1961), pr\u00e1gai J. E. Purkin\u011b Orvostudom\u00e1nyi T\u00e1rsas\u00e1g tiszteletbeli tagja (1963-t\u00f3l), British Medical Association k\u00fclf\u00f6ldi levelez\u0151 tagja (1966-t\u00f3l), Kor\u00e1nyi S\u00e1ndor T\u00e1rsas\u00e1g (eln\u00f6ks\u00e9gi tag), Magyar Farmakol\u00f3giai T\u00e1rsas\u00e1g, Magyar \u00c9lettani T\u00e1rsas\u00e1g, Magyar Belgy\u00f3gy\u00e1sz T\u00e1rsas\u00e1g, Magyar Urol\u00f3gusok \u00e9s Nefrol\u00f3gusok T\u00e1rsas\u00e1ga.<\/p>\n<p style=\"text-align: justify\">Akad\u00e9miai tags\u00e1gai: szovjet (levelez\u0151, 1948), bolg\u00e1r (l. 1948), z\u00e1gr\u00e1bi jugoszl\u00e1v (l. 1960), csehszlov\u00e1k (k\u00fcls\u0151 rendes, 1960), lengyel (k\u00fcls\u0151, 1962), NDK (k\u00fcls\u0151, 1962), rom\u00e1n (tiszteletbeli, 1965), Sv\u00e1jci Orvostudom\u00e1nyi Akad\u00e9mia (l. 1966). 1971-ben a Szegedi Orvostudom\u00e1nyi Egyetem d\u00edszdoktor\u00e1v\u00e1 v\u00e1lasztotta.<\/p>\n<p style=\"text-align: justify\">Szerkeszt\u0151je, illetve f\u0151szerkeszt\u0151je volt az Orvosok Lapja, a Szovjet Kult\u00fara, az Orvosi Hetilap \u00e9s az Acta Medica Hungarica szaklapoknak.<\/p>\n<p style=\"text-align: justify\">Kit\u00fcntet\u00e9sei: Magyar Szabads\u00e1grend bronz fok. (1947), Balassa-d\u00edj (1948), Kor\u00e1nyi S\u00e1ndor-eml\u00e9k\u00e9rem (1948, 1966), Balassa-eml\u00e9k\u00e9rem (1949), Kossuth-d\u00edj I. oszt. (1949, 1955), Kossuth-\u00e9rdemrend II. oszt. (1950), Magyar N\u00e9pk\u00f6zt\u00e1rsas\u00e1gi \u00c9rdemrend IV. fok. (1950), Munka V\u00f6r\u00f6s Z\u00e1szl\u00f3 \u00c9rdemrend (1954), Koreai I. oszt. Nemzeti Z\u00e1szl\u00f3 \u00c9rdemrend (1954), Semmelweis-eml\u00e9k\u00e9rem (1959), Akad\u00e9miai Arany\u00e9rem (1961), SZU Tudom\u00e1nyos Akad\u00e9mi\u00e1j\u00e1nak Lomonoszov-arany\u00e9rme (1968), Cirill \u00e9s Met\u00f3d rend I. fokozat a Bolg\u00e1r Tudom\u00e1nyos Akad\u00e9mia centen\u00e1riuma alkalm\u00e1b\u00f3l (1970).<\/p>\n<p style=\"text-align: justify\"><strong>F\u0151bb munk\u00e1i:<\/strong> A m\u00e1j \u00e9s epeutak betegs\u00e9gei (Moln\u00e1r B\u00e9l\u00e1val). Bp., 1933.; Die Eiweissk\u00f6rper der Blutplasmas (H. Bennholddal, E. Kylinnel \u00e9s Kor\u00e1nyi Andr\u00e1ssal). Dresden-Leipzig, 1938.; A hi\u00e1nyos \u00e9s egyoldal\u00fa t\u00e1pl\u00e1lkoz\u00e1s. Debrecen, 1940.; A nyirokkering\u00e9s \u00e9let- \u00e9s k\u00f3rtana (F\u00f6ldi Mih\u00e1llyal \u00e9s Szab\u00f3 Gy\u00f6rggyel). Bp., 1955, t\u00f6bb nyelven.<\/p>\n<p style=\"text-align: justify\"><strong>Nyughelye:<\/strong> Farkasr\u00e9ti temet\u0151 25\/I\/1\/10.<\/p>\n<p><strong><a href=\"https:\/\/semmelweis.hu\/baratikor\/files\/2023\/07\/Rusznyak-Istvan_jav.jpg\"><img loading=\"lazy\" decoding=\"async\" class=\"alignleft size-medium wp-image-5010\" src=\"https:\/\/semmelweis.hu\/baratikor\/files\/2023\/07\/Rusznyak-Istvan_jav-283x400.jpg\" alt=\"\" width=\"283\" height=\"400\" srcset=\"https:\/\/semmelweis.hu\/baratikor\/files\/2023\/07\/Rusznyak-Istvan_jav-283x400.jpg 283w, https:\/\/semmelweis.hu\/baratikor\/files\/2023\/07\/Rusznyak-Istvan_jav.jpg 707w\" sizes=\"auto, (max-width: 283px) 100vw, 283px\" \/><\/a><\/strong><strong><a href=\"https:\/\/semmelweis.hu\/baratikor\/files\/2023\/07\/IMG_20200418_131135_jav.jpg\"><img loading=\"lazy\" decoding=\"async\" class=\"alignleft size-medium wp-image-5007\" src=\"https:\/\/semmelweis.hu\/baratikor\/files\/2023\/07\/IMG_20200418_131135_jav-304x400.jpg\" alt=\"\" width=\"304\" height=\"400\" srcset=\"https:\/\/semmelweis.hu\/baratikor\/files\/2023\/07\/IMG_20200418_131135_jav-304x400.jpg 304w, https:\/\/semmelweis.hu\/baratikor\/files\/2023\/07\/IMG_20200418_131135_jav-753x992.jpg 753w, https:\/\/semmelweis.hu\/baratikor\/files\/2023\/07\/IMG_20200418_131135_jav.jpg 759w\" sizes=\"auto, (max-width: 304px) 100vw, 304px\" \/><\/a><\/strong><strong><a href=\"https:\/\/semmelweis.hu\/baratikor\/files\/2023\/07\/IMG_20200418_131142_jav_2.jpg\"><img loading=\"lazy\" decoding=\"async\" class=\"alignleft size-medium wp-image-5008\" src=\"https:\/\/semmelweis.hu\/baratikor\/files\/2023\/07\/IMG_20200418_131142_jav_2-400x300.jpg\" alt=\"\" width=\"400\" height=\"300\" srcset=\"https:\/\/semmelweis.hu\/baratikor\/files\/2023\/07\/IMG_20200418_131142_jav_2-400x300.jpg 400w, https:\/\/semmelweis.hu\/baratikor\/files\/2023\/07\/IMG_20200418_131142_jav_2-768x576.jpg 768w, https:\/\/semmelweis.hu\/baratikor\/files\/2023\/07\/IMG_20200418_131142_jav_2-753x565.jpg 753w, https:\/\/semmelweis.hu\/baratikor\/files\/2023\/07\/IMG_20200418_131142_jav_2.jpg 1000w\" sizes=\"auto, (max-width: 400px) 100vw, 400px\" \/><\/a><\/strong><\/p>\n","protected":false},"excerpt":{"rendered":"<p><a href=\"https:\/\/semmelweis.hu\/baratikor\/files\/2023\/07\/Rusznyak-Istvan-318.-fond-II.85..jpg\"><\/a> (Budapest, 1889. janu\u00e1r 22. \u2013 Budapest, 1974. okt\u00f3ber 15.) Tansz\u00e9k: II. sz. Belgy\u00f3gy\u00e1szati Klinika 1945-1946, I. sz. Belgy\u00f3gy\u00e1szati Klinika 1946-1963. H\u00e1romgyermekes f\u0151v\u00e1rosi \u00e9rtelmis\u00e9gi csal\u00e1d legid\u0151sebb sarja, \u00e9desapja \u00fcgyv\u00e9d volt. 1908-t\u00f3l, III. \u00e9ves kor\u00e1t\u00f3l a II. sz. K\u00f3rbonctani Int\u00e9zetben dolgozott Pertik Ott\u00f3, majd Krompecher \u00d6d\u00f6n vezet\u00e9se alatt. 1911. november 11-\u00e9n avatt\u00e1k orvosdoktorr\u00e1. Ezut\u00e1n is a II. &hellip;<\/p>\n","protected":false},"author":282,"featured_media":5436,"parent":347,"menu_order":0,"comment_status":"closed","ping_status":"closed","template":"template-fullwidth.php","meta":{"_acf_changed":false,"footnotes":""},"categories":[77,14],"tags":[],"class_list":["post-2186","page","type-page","status-publish","has-post-thumbnail","hentry","category-kegyeleti-adattar","category-teljes-nevlista"],"acf":[],"_links":{"self":[{"href":"https:\/\/semmelweis.hu\/baratikor\/wp-json\/wp\/v2\/pages\/2186","targetHints":{"allow":["GET"]}}],"collection":[{"href":"https:\/\/semmelweis.hu\/baratikor\/wp-json\/wp\/v2\/pages"}],"about":[{"href":"https:\/\/semmelweis.hu\/baratikor\/wp-json\/wp\/v2\/types\/page"}],"author":[{"embeddable":true,"href":"https:\/\/semmelweis.hu\/baratikor\/wp-json\/wp\/v2\/users\/282"}],"replies":[{"embeddable":true,"href":"https:\/\/semmelweis.hu\/baratikor\/wp-json\/wp\/v2\/comments?post=2186"}],"version-history":[{"count":3,"href":"https:\/\/semmelweis.hu\/baratikor\/wp-json\/wp\/v2\/pages\/2186\/revisions"}],"predecessor-version":[{"id":5012,"href":"https:\/\/semmelweis.hu\/baratikor\/wp-json\/wp\/v2\/pages\/2186\/revisions\/5012"}],"up":[{"embeddable":true,"href":"https:\/\/semmelweis.hu\/baratikor\/wp-json\/wp\/v2\/pages\/347"}],"wp:featuredmedia":[{"embeddable":true,"href":"https:\/\/semmelweis.hu\/baratikor\/wp-json\/wp\/v2\/media\/5436"}],"wp:attachment":[{"href":"https:\/\/semmelweis.hu\/baratikor\/wp-json\/wp\/v2\/media?parent=2186"}],"wp:term":[{"taxonomy":"category","embeddable":true,"href":"https:\/\/semmelweis.hu\/baratikor\/wp-json\/wp\/v2\/categories?post=2186"},{"taxonomy":"post_tag","embeddable":true,"href":"https:\/\/semmelweis.hu\/baratikor\/wp-json\/wp\/v2\/tags?post=2186"}],"curies":[{"name":"wp","href":"https:\/\/api.w.org\/{rel}","templated":true}]}}