{"id":2182,"date":"2023-01-04T13:57:16","date_gmt":"2023-01-04T12:57:16","guid":{"rendered":"https:\/\/semmelweis.hu\/baratikor\/?page_id=2182"},"modified":"2023-01-04T13:57:16","modified_gmt":"2023-01-04T12:57:16","slug":"romoda-tibor","status":"publish","type":"page","link":"https:\/\/semmelweis.hu\/baratikor\/galeria\/teljes-nevlista\/romoda-tibor\/","title":{"rendered":"Romoda Tibor"},"content":{"rendered":"<p style=\"text-align: justify\"><strong>(Bajmok<\/strong><strong>, 1921. december 12.<\/strong><strong> \u2013 Budapest, 1991. december 16.)<\/strong><\/p>\n<p style=\"text-align: justify\"><strong>Tansz\u00e9k: <\/strong>IV. sz. Belgy\u00f3gy\u00e1szati Klinika (mb.) 1965-1966, Kardiol\u00f3giai Tansz\u00e9k (mb.) 1979-1981.<\/p>\n<p style=\"text-align: justify\">\u00c9desapja n\u00e9piskolai tan\u00edt\u00f3 volt. K\u00f6z\u00e9piskolai tanulm\u00e1nyait Visokon folytatta, ahol 1940 j\u00falius\u00e1ban jeles rend\u0171 \u00e9retts\u00e9git tett. M\u00e9g ebben az \u00e9vben beiratkozott a Z\u00e1gr\u00e1bi Egyetem Orvosi Kar\u00e1ra. 1941 m\u00e1jus\u00e1ban \u00e1tiratkozott a szegedi, majd k\u00e9s\u0151bb a budapesti egyetemre. 1944 december\u00e9ben katonai beh\u00edv\u00f3val N\u00e9metorsz\u00e1gba vitt\u00e9k, ahonnan csak 1945 okt\u00f3ber\u00e9ben tudott hazat\u00e9rni. Ett\u0151l kezdve az egyetem mellett a Kolt\u00f3i Ann\u00e1r\u00f3l elnevezett Baleseti K\u00f3rh\u00e1z I. Belgy\u00f3gy\u00e1szati Oszt\u00e1ly\u00e1n dolgozott szigorl\u00f3 orvosk\u00e9nt, majd v\u00e9gz\u00e9se ut\u00e1n seg\u00e9dorvosk\u00e9nt. 1947. j\u00falius 4-\u00e9n vette \u00e1t orvosdoktori diplom\u00e1j\u00e1t. 1949-ben az oszt\u00e1lyt \u00e1thelyezt\u00e9k a P\u00e9terfy S\u00e1ndor utcai k\u00f3rh\u00e1zba, majd 1950 j\u00fanius\u00e1ban a T\u00e9t\u00e9nyi \u00fati k\u00f3rh\u00e1zba, ahol az I. Belgy\u00f3gy\u00e1szati Oszt\u00e1lyon el\u0151bb alorvosi, k\u00e9s\u0151bb adjunktusi kinevez\u00e9st kapott. 1951. j\u00falius 27-\u00e9n tett belgy\u00f3gy\u00e1szati szakvizsg\u00e1t. 1952. janu\u00e1r 12-\u00e9n a F\u0151v\u00e1rosi Istv\u00e1n K\u00f3rh\u00e1z III. Belgy\u00f3gy\u00e1szati Oszt\u00e1ly\u00e1ra helyezt\u00e9k \u00e1t, ahol tov\u00e1bbra is adjunktusi beoszt\u00e1sban szolg\u00e1lt. 1955-ben az oszt\u00e1ly keretein bel\u00fcl kardiopulmonalis laborat\u00f3rium l\u00e9tes\u00fclt, melynek teend\u0151ivel \u0151t b\u00edzt\u00e1k meg. 1957 szeptember\u00e9ben megalakult az Orsz\u00e1gos Kardiol\u00f3giai Int\u00e9zet. Az ebben l\u00e9tes\u00edtett haemodynamikai laborat\u00f3rium vezet\u00e9s\u00e9t b\u00edzt\u00e1k r\u00e1, tudom\u00e1nyos oszt\u00e1lyvezet\u0151 beoszt\u00e1ssal. 1960. szeptember 1-j\u00e9n kinevezt\u00e9k az int\u00e9zeten bel\u00fcl megalakul\u00f3 IV. sz. Belgy\u00f3gy\u00e1szati Klinika egyetemi docens\u00e9v\u00e9. 1961 \u0151sz\u00e9n lett \u00f6n\u00e1ll\u00f3 aspir\u00e1ns. 1963-ban \u0151 l\u00e1tta el a II. Magyar Belgy\u00f3gy\u00e1sz Kongresszus f\u0151titk\u00e1ri feladatait. 1965. m\u00e1jus 7. \u00e9s 1966 m\u00e1rciusa k\u00f6z\u00f6tt megb\u00edz\u00e1s alapj\u00e1n, tansz\u00e9kvezet\u0151 docensk\u00e9nt \u0151 ir\u00e1ny\u00edtotta a klinik\u00e1t. 1967-ben elnyerte az orvostudom\u00e1nyok kandid\u00e1tusa fokozatot. 1979 j\u00fanius\u00e1t\u00f3l 1981\/1983-ig a Kardiol\u00f3giai Tansz\u00e9k ideiglenesen megb\u00edzott tansz\u00e9kvezet\u0151je volt. 1979. okt\u00f3ber 3-\u00e1n rehabilit\u00e1ci\u00f3s, 1981. janu\u00e1r 3-\u00e1n kardiol\u00f3giai szakvizsg\u00e1t tett. 1981-ben nevezt\u00e9k ki egyetemi tan\u00e1rnak. 1983 december\u00e9t\u0151l tansz\u00e9kvezet\u0151 helyettesk\u00e9nt dolgozott tov\u00e1bb. 1991. j\u00fanius 30-\u00e1n nyug\u00e1llom\u00e1nyba vonult.<\/p>\n<p style=\"text-align: justify\">Jelent\u0151s \u00e9rdemeket szerzett a modern haemodynamikai elj\u00e1r\u00e1soknak \u2013 balsz\u00edv-kat\u00e9terez\u00e9s, intrakardi\u00e1lis elektrokardiogr\u00e1fia stb. \u2013 haz\u00e1nkban val\u00f3 bevezet\u00e9se ter\u00e9n, miut\u00e1n sz\u00e1mos \u00f6n\u00e1ll\u00f3 m\u00f3dos\u00edt\u00e1ssal jav\u00edtotta a vil\u00e1girodalomban megadott m\u00f3dszereket. Tudom\u00e1nyos munk\u00e1ss\u00e1ga kiterjedt a hepatitis epidemic\u00e1ra, collagen betegs\u00e9gekre, az anyagcser\u00e9re, kering\u00e9sre, bronchopulmonalis betegs\u00e9gekre, szerzett \u00e9s velesz\u00fcletett sz\u00edvb\u00e1ntalmakra. P\u00e1ly\u00e1ja sor\u00e1n t\u00f6bb tanulm\u00e1nyutat tett: Vars\u00f3 (1967-ben 3 h\u00e9t), Hollandia \u2013 WHO tanfolyam (1967 \u0151sz), Moszkva \u2013 WHO tanfolyam (1969), Franciaorsz\u00e1g (1972-ben 1 h\u00f3nap), Z\u00fcrich.<\/p>\n<p style=\"text-align: justify\">N\u00e9metorsz\u00e1gb\u00f3l val\u00f3 hazat\u00e9r\u00e9se ut\u00e1n, 1945 v\u00e9g\u00e9n bel\u00e9pett a Magyar Orvosok Szabad Szakszervezet\u00e9be. 1946 derek\u00e1n a Szoci\u00e1ldemokrata P\u00e1rt tagja lett. 1948 m\u00e1rcius\u00e1ban az MKP-ba is bel\u00e9pett, majd 1956-ban megsz\u0171nt tags\u00e1g\u00e1t 1961-ben \u00faj\u00edtotta meg. Szakmai t\u00e1rsas\u00e1gok k\u00f6z\u00fcl a Magyar Kardiol\u00f3gusok T\u00e1rsas\u00e1g\u00e1nak tiszteletbeli eln\u00f6ke, a Magyar Belgy\u00f3gy\u00e1sz T\u00e1rsas\u00e1g \u00e9s a Magyar Rehabilit\u00e1ci\u00f3s T\u00e1rsas\u00e1g tagja volt.<\/p>\n<ol style=\"text-align: justify\" start=\"1968\">\n<li>augusztus 1-j\u00e9n \u00c9rdemes orvos kit\u00fcntet\u00e9st, 1984-ben Gottsegen-eml\u00e9k\u00e9rmet kapott.<\/li>\n<\/ol>\n<p style=\"text-align: justify\"><strong>F\u0151bb munk\u00e1i:<\/strong> A balsz\u00edv-katheterez\u00e9s \u00e9s intercardialis EKG jelent\u0151s\u00e9ge a klinikumban. Kandid\u00e1tusi \u00e9rtekez\u00e9s. MTA TMB, Bp., 1965.; Kardiovaszkul\u00e1ris kr\u00edzisek (fejezet szerz\u0151). Bp., 1986.<\/p>\n<p style=\"text-align: justify\"><strong>Nyughelye:<\/strong> \u00daj k\u00f6ztemet\u0151.<\/p>\n","protected":false},"excerpt":{"rendered":"<p>(Bajmok, 1921. december 12. \u2013 Budapest, 1991. december 16.) Tansz\u00e9k: IV. sz. Belgy\u00f3gy\u00e1szati Klinika (mb.) 1965-1966, Kardiol\u00f3giai Tansz\u00e9k (mb.) 1979-1981. \u00c9desapja n\u00e9piskolai tan\u00edt\u00f3 volt. K\u00f6z\u00e9piskolai tanulm\u00e1nyait Visokon folytatta, ahol 1940 j\u00falius\u00e1ban jeles rend\u0171 \u00e9retts\u00e9git tett. M\u00e9g ebben az \u00e9vben beiratkozott a Z\u00e1gr\u00e1bi Egyetem Orvosi Kar\u00e1ra. 1941 m\u00e1jus\u00e1ban \u00e1tiratkozott a szegedi, majd k\u00e9s\u0151bb a budapesti egyetemre. &hellip;<\/p>\n","protected":false},"author":282,"featured_media":0,"parent":347,"menu_order":0,"comment_status":"closed","ping_status":"closed","template":"template-fullwidth.php","meta":{"_acf_changed":false,"footnotes":""},"categories":[14],"tags":[],"class_list":["post-2182","page","type-page","status-publish","hentry","category-teljes-nevlista"],"acf":[],"_links":{"self":[{"href":"https:\/\/semmelweis.hu\/baratikor\/wp-json\/wp\/v2\/pages\/2182","targetHints":{"allow":["GET"]}}],"collection":[{"href":"https:\/\/semmelweis.hu\/baratikor\/wp-json\/wp\/v2\/pages"}],"about":[{"href":"https:\/\/semmelweis.hu\/baratikor\/wp-json\/wp\/v2\/types\/page"}],"author":[{"embeddable":true,"href":"https:\/\/semmelweis.hu\/baratikor\/wp-json\/wp\/v2\/users\/282"}],"replies":[{"embeddable":true,"href":"https:\/\/semmelweis.hu\/baratikor\/wp-json\/wp\/v2\/comments?post=2182"}],"version-history":[{"count":1,"href":"https:\/\/semmelweis.hu\/baratikor\/wp-json\/wp\/v2\/pages\/2182\/revisions"}],"predecessor-version":[{"id":2183,"href":"https:\/\/semmelweis.hu\/baratikor\/wp-json\/wp\/v2\/pages\/2182\/revisions\/2183"}],"up":[{"embeddable":true,"href":"https:\/\/semmelweis.hu\/baratikor\/wp-json\/wp\/v2\/pages\/347"}],"wp:attachment":[{"href":"https:\/\/semmelweis.hu\/baratikor\/wp-json\/wp\/v2\/media?parent=2182"}],"wp:term":[{"taxonomy":"category","embeddable":true,"href":"https:\/\/semmelweis.hu\/baratikor\/wp-json\/wp\/v2\/categories?post=2182"},{"taxonomy":"post_tag","embeddable":true,"href":"https:\/\/semmelweis.hu\/baratikor\/wp-json\/wp\/v2\/tags?post=2182"}],"curies":[{"name":"wp","href":"https:\/\/api.w.org\/{rel}","templated":true}]}}