{"id":2178,"date":"2023-01-04T13:53:35","date_gmt":"2023-01-04T12:53:35","guid":{"rendered":"https:\/\/semmelweis.hu\/baratikor\/?page_id=2178"},"modified":"2023-10-12T15:35:19","modified_gmt":"2023-10-12T13:35:19","slug":"ribari-otto","status":"publish","type":"page","link":"https:\/\/semmelweis.hu\/baratikor\/galeria\/teljes-nevlista\/ribari-otto\/","title":{"rendered":"Rib\u00e1ri Ott\u00f3"},"content":{"rendered":"<p style=\"text-align: justify\"><strong> <a href=\"https:\/\/semmelweis.hu\/baratikor\/files\/2023\/07\/Ribari-Otto-1999-2004.jpg\"><img loading=\"lazy\" decoding=\"async\" class=\"alignleft size-medium wp-image-4998\" src=\"https:\/\/semmelweis.hu\/baratikor\/files\/2023\/07\/Ribari-Otto-1999-2004-259x400.jpg\" alt=\"\" width=\"259\" height=\"400\" srcset=\"https:\/\/semmelweis.hu\/baratikor\/files\/2023\/07\/Ribari-Otto-1999-2004-259x400.jpg 259w, https:\/\/semmelweis.hu\/baratikor\/files\/2023\/07\/Ribari-Otto-1999-2004.jpg 647w\" sizes=\"auto, (max-width: 259px) 100vw, 259px\" \/><\/a>(<\/strong><strong>Budapest, 1932. febru\u00e1r 26.<\/strong><strong> \u2013 Budapest, 2015. november 12.)<\/strong><\/p>\n<p style=\"text-align: justify\"><strong>Tansz\u00e9k: <\/strong>F\u00fcl-, Orr-, G\u00e9geklinika 1985-1997.<\/p>\n<p style=\"text-align: justify\">Munk\u00e1scsal\u00e1db\u00f3l sz\u00e1rmazott, \u00e9desapja g\u00e9p\u00e9sz-kov\u00e1csk\u00e9nt, k\u00e9s\u0151bb m\u0171vezet\u0151k\u00e9nt dolgozott. 1950-ben, jeles \u00e9retts\u00e9givel vett\u00e9k fel az akkor szeptemberben E\u00f6tv\u00f6s Lor\u00e1ndr\u00f3l elnevezett budapesti tudom\u00e1nyegyetem Orvostudom\u00e1nyi Kar\u00e1ra. Medikus \u00e9vei alatt k\u00e9t \u00e9vig az anat\u00f3miai int\u00e9zetben, majd 1953-1956 k\u00f6z\u00f6tt a Gy\u00f3gyszertani Int\u00e9zetben dolgozott demonstr\u00e1tork\u00e9nt. 1956. szeptember 29-\u00e9n kit\u00fcntet\u00e9ssel vehette \u00e1t diplom\u00e1j\u00e1t. Ezut\u00e1n ker\u00fclt a BOTE F\u00fcl-Orr-G\u00e9geklinik\u00e1j\u00e1ra gyakornoki beoszt\u00e1ssal. 1959. okt\u00f3ber 6-\u00e1n jeles eredm\u00e9ny\u0171 f\u00fcl-orr-g\u00e9g\u00e9sz szakorvosi vizsg\u00e1t tett. 1960-ban ker\u00fclt a klinika Audiol\u00f3giai \u00c1llom\u00e1sa \u00e9l\u00e9re, valamint rendszeres el\u0151ad\u00f3ja lett az Orvostov\u00e1bbk\u00e9pz\u0151 Int\u00e9zetnek. 1969. december 17-\u00e9n megszerezte a kandid\u00e1tusi fokozatot. 1970. m\u00e1jus 1-j\u00e9n adjunktuss\u00e1, k\u00e9s\u0151bb docenss\u00e9 l\u00e9ptett\u00e9k el\u0151. 1977. november 1-j\u00e9n egyetemi tan\u00e1ri \u00e9s tansz\u00e9kvezet\u0151i kinevez\u00e9ssel ker\u00fclt a Szegedi Orvostudom\u00e1nyi Egyetem F\u00fcl-Orr-G\u00e9geklinik\u00e1j\u00e1nak \u00e9l\u00e9re. 1978. janu\u00e1r 1-t\u0151l Csongr\u00e1d megye szakf\u0151orvosi feladat\u00e1t is ell\u00e1tta. 1979-ben audiol\u00f3gus szakorvosi vizsg\u00e1t tett. 1982-ben a W\u00fcrzburgi Egyetem vend\u00e9gprofesszorak\u00e9nt m\u0171k\u00f6d\u00f6tt. 1984-ben a SZOTE klinikai rektorhelyettes\u00e9v\u00e9 nevezt\u00e9k ki. 1985. j\u00falius 1-t\u0151l a SOTE F\u00fcl-Orr-G\u00e9geklinik\u00e1j\u00e1nak tansz\u00e9kvezet\u0151je \u00e9s az Orsz\u00e1gos F\u00fcl-Orr-G\u00e9g\u00e9szeti Int\u00e9zet igazgat\u00f3ja lett. 1987. november 1-j\u00e9n el\u00e9rte az orvostudom\u00e1nyok doktora fokozatot. 1997-ben vonult nyug\u00e1llom\u00e1nyba, azut\u00e1n professor emeritusk\u00e9nt vett r\u00e9szt a klinika munk\u00e1j\u00e1ban.<\/p>\n<p style=\"text-align: justify\">Orvosi-oktat\u00f3i hivat\u00e1sa mellett igen \u00e9l\u00e9nk szakmai \u00e9s t\u00e1rsadalmi k\u00f6z\u00e9leti tev\u00e9kenys\u00e9get is kifejtett. 1956-t\u00f3l volt tagja az Eg\u00e9szs\u00e9g\u00fcgyi Dolgoz\u00f3k Szakszervezet\u00e9nek, ahol 1964-1971 k\u00f6z\u00f6tt alapszervi titk\u00e1r, 1967-t\u0151l vezet\u0151s\u00e9gi tag \u00e9s az Egyetemi Szakszervezeti Tan\u00e1cs tagja, 1980-t\u00f3l a K\u00f6zponti Vezet\u0151s\u00e9g tagja volt. 1961-ben csatlakozott az MSZMP-hez. 1981-1984 k\u00f6z\u00f6tt elv\u00e9gezte a Csongr\u00e1d Megyei PB egy\u00e9ni vezet\u0151k\u00e9pz\u0151j\u00e9t, tagja volt a SZOTE PB-nek \u00e9s eln\u00f6ke a Fegyelmi Bizotts\u00e1gnak. A rendszerv\u00e1lt\u00e1s idej\u00e9n, a SOTE-n megalakult egyetemi parlament eln\u00f6k\u00e9nek v\u00e1lasztotta.<\/p>\n<p style=\"text-align: justify\">Az orvostanhallgat\u00f3k oktat\u00e1s\u00e1ban 1952 \u00f3ta, a fogorvosk\u00e9pz\u00e9sben 1974 \u00f3ta vett r\u00e9szt. Tudom\u00e1nyos \u00e9rdekl\u0151d\u00e9se az audiol\u00f3gia \u00e9s a nagyothall\u00e1s m\u0171t\u00e9ti rehabilit\u00e1ci\u00f3ja ter\u00fclet\u00e9t \u00f6lelte fel. Kit\u0171n\u0151 operat\u0151rk\u00e9nt nagy j\u00e1rtass\u00e1gra tett szert a f\u00fcl\u00e9szeti mikrochirurgia, a hall\u00e1sjav\u00edt\u00f3 m\u0171t\u00e9tek ter\u00fclet\u00e9n. Magyarorsz\u00e1gon els\u0151k k\u00f6z\u00f6tt kezdett stapes-seb\u00e9szettel, illetve cochlearis implant\u00e1ci\u00f3val foglalkozni. Az ut\u00f3bbihoz sz\u00fcks\u00e9ges int\u00e9zm\u00e9nyi h\u00e1tt\u00e9r megteremt\u00e9s\u00e9r\u0151l is gondoskodott. Az 1972-es Audiol\u00f3giai Vil\u00e1gkongresszus f\u0151titk\u00e1ra, illetve az 1981-es XIII. F\u00fcl-orr-g\u00e9ge Vil\u00e1gkongresszus aleln\u00f6ke volt.<\/p>\n<p style=\"text-align: justify\">Szakmai t\u00e1rsas\u00e1gi \u00e9s test\u00fcleti tags\u00e1gai: Magyar F\u00fcl-Orr-G\u00e9georvosok Egyes\u00fclete (vezet\u0151s\u00e9gi tag 1966-t\u00f3l, f\u0151titk\u00e1r 1971-t\u0151l, eln\u00f6k 1984-t\u0151l), a Nemzetk\u00f6zi Audio-Phonol\u00f3giai Hivatal (BIAP) munkat\u00e1rsa (1973), a Collegium Otorhinolaryngologicum Sacrum nemzetk\u00f6zi szervezet v\u00e1lasztott tagja (1976), az International Commission on Biological Effects of Noise nemzetk\u00f6zi szervezet magyar k\u00e9pvisel\u0151je (1976), a Magyar K\u00f3rh\u00e1zsz\u00f6vets\u00e9g Vezet\u0151s\u00e9ge Egyetemi Klinikai Szakbizotts\u00e1g eln\u00f6ke, a Szegedi Akad\u00e9miai Klub titk\u00e1ra (1979), az ETT tagja, az Osztr\u00e1k F\u00fcl-Orr-G\u00e9ge Egyes\u00fclet levelez\u0151 tagja (1981), a MOTESZ eln\u00f6ks\u00e9gi tagja (1985-t\u0151l), az Eur\u00f3pai F\u00fcl-Orr-G\u00e9g\u00e9szeti Egyes\u00fclet vezet\u0151s\u00e9gi tagja, a Nemzetk\u00f6zi Audiol\u00f3giai T\u00e1rsas\u00e1g vezet\u0151s\u00e9gi tagja, a Nemzetk\u00f6zi Otoneurol\u00f3giai Egyes\u00fclet f\u0151titk\u00e1ra (1989-), a Collegium ORLAS tagja.<\/p>\n<p style=\"text-align: justify\">Tiszteleti tags\u00e1gok: Olasz Audiol\u00f3giai T\u00e1rsas\u00e1g, NDK F\u00fcl-Orr-G\u00e9ge T\u00e1rsas\u00e1g (1979), a szovjet \u00d6ssz-sz\u00f6vets\u00e9gi Orvosegyes\u00fclet, Jap\u00e1n F\u00fcl-Orr-G\u00e9ge Egyes\u00fclet, Purkyn\u011b T\u00e1rsas\u00e1g, Csehszlov\u00e1k F\u00fcl-Orr-G\u00e9ge Egyes\u00fclet. 1975-t\u0151l tagja, 1985-t\u0151l eln\u00f6ke volt a F\u00fcl-Orr-G\u00e9g\u00e9szeti Koll\u00e9giumnak.<\/p>\n<p style=\"text-align: justify\">R\u00e9szt vett a F\u00fcl-Orr-G\u00e9gegy\u00f3gy\u00e1szat, a Journal of Otolaryngology, a HNO, a sv\u00e9d Acta Otolaryngologica \u00e9s az Audiology c. szaklapok szerkeszt\u0151bizotts\u00e1gi munk\u00e1j\u00e1ban.<\/p>\n<p style=\"text-align: justify\">Elismer\u00e9sek, kit\u00fcntet\u00e9sek: Eg\u00e9szs\u00e9g\u00fcgyi miniszteri dics\u00e9ret (1976), Kiv\u00e1l\u00f3 orvos (1982), MOTESZ-d\u00edj (1991), Batthy\u00e1ny-Strattmann L\u00e1szl\u00f3-d\u00edj (1997), Magyar K\u00f6zt\u00e1rsas\u00e1gi \u00c9rdemrend k\u00f6z\u00e9pkeresztje (2001), Pro Universitate d\u00edj (2002).<\/p>\n<p style=\"text-align: justify\"><strong>F\u0151bb munk\u00e1i:<\/strong> Hangingerek, zajok \u00e9s hall\u00e1sjav\u00edt\u00f3 m\u0171t\u00e9tek hat\u00e1sa a hall\u00f3szerv alkalmazkod\u00f3k\u00e9pess\u00e9g\u00e9re. Kandid\u00e1tusi \u00e9rtekez\u00e9s. MTA, TMB. Bp., 1969.; Orr-f\u00fcl-g\u00e9gegy\u00f3gy\u00e1szat fogorvostanhallgat\u00f3k r\u00e9sz\u00e9re. Bp., 1975., 1976.; F\u00fcl-orr-g\u00e9g\u00e9szet. Egyetemi tank\u00f6nyv. Bp., 1979., F\u00fcl-orr-g\u00e9g\u00e9szet. Egyetemi jegyzet. Bp., 1985., 1986.; Az otosclerosis m\u0171t\u00e9ti kezel\u00e9se \u00e9s etiopathogenesise. Doktori \u00e9rtekez\u00e9s. MTA, TMB. Bp., 1987.; F\u00fcl-orr-g\u00e9gegy\u00f3gy\u00e1szat (szerk.). Bp., 1990.; F\u00fcl-orr-g\u00e9g\u00e9szet (Fabinyi Bal\u00e1zzsal). Bp., 1993., 1996.; F\u00fcl-orr-g\u00e9g\u00e9szet, fej-nyakseb\u00e9szet. Egyetemi tank\u00f6nyv. Bp., 1997., 1999.; A seb\u00e9szet \u00e9s \u00e1gainak t\u00f6rt\u00e9nete Magyarorsz\u00e1gon a II. vil\u00e1gh\u00e1bor\u00fa ut\u00e1n 1945-1990 (K\u00f3s Rudolffal). In: Orvost\u00f6rt\u00e9neti K\u00f6zlem\u00e9nyek. Bp., 2002.; F\u00fcl-orr-g\u00e9g\u00e9szet fogorvostanhallgat\u00f3k sz\u00e1m\u00e1ra (R\u00e9p\u00e1ssy G\u00e1borral, Hirschberg Andorral \u00e9s Rezek \u00d6d\u00f6nnel). Bp., 2004.<\/p>\n<p style=\"text-align: justify\"><strong>Nyughelye:<\/strong> Budapest, Farkasr\u00e9ti temet\u0151 35. parcella 14\/1\/19.<\/p>\n\r\n        [slb_exclude]\r\n        <div class=\"row galeria-wrapper mx-0 h-auto\">\r\n            <div class=\"col-9 pl-0 pr-2\">\r\n            <span class=\"gallery-item frame\">\r\n\t\t\t\t<div class=\"galeria-left-img\"><a href=\"https:\/\/semmelweis.hu\/baratikor\/files\/2023\/07\/Ribari-Otto-1985.-49.a-IV-1..jpg\"><img src=https:\/\/semmelweis.hu\/baratikor\/files\/2023\/07\/Ribari-Otto-1985.-49.a-IV-1..jpg  \r\n                            alt=\"\" \r\n                            class=\"attachment-sote-gallery-big size-sote-gallery-big\" \r\n                            srcset=\"https:\/\/semmelweis.hu\/baratikor\/files\/2023\/07\/Ribari-Otto-1985.-49.a-IV-1.-363x400.jpg 363w, https:\/\/semmelweis.hu\/baratikor\/files\/2023\/07\/Ribari-Otto-1985.-49.a-IV-1.-768x846.jpg 768w, https:\/\/semmelweis.hu\/baratikor\/files\/2023\/07\/Ribari-Otto-1985.-49.a-IV-1.-753x829.jpg 753w, https:\/\/semmelweis.hu\/baratikor\/files\/2023\/07\/Ribari-Otto-1985.-49.a-IV-1..jpg 908w\" ><\/a><\/div>\r\n            <\/span>\r\n\r\n            <\/div>\r\n\r\n\t\t\t<div class=\"col-3 pl-0 pr-0\">\r\n\t\t\t\t<div class=\"galeria-right-img d-flex justify-content-between flex-column h-100 w-100 px-0 mx-0 \">\r\n                <div class=\"galeria-box\">\r\n\t\t\t\t\t<h3 class=\"galeria-title\">Gal\u00e9ria<\/h3>\r\n\t\t\t\t\t<div class=\"galeria-subtitle\">\r\n\r\n\t\t\t\t\t\t<div class=\"galeria-page-counter\"><span>3<\/span>k\u00e9p<\/div>\r\n                    <\/div> <\/div>\r\n                    <span class=\"gallery-item frame d-none d-md-flex\">\r\n\t\t\t\t\t<div class=\"galeria-small-img mt-0\"><a href=\"https:\/\/semmelweis.hu\/baratikor\/files\/2023\/07\/Ribari-Otto-1976.-49.a-IV-1_jav.jpg\"><img src=https:\/\/semmelweis.hu\/baratikor\/files\/2023\/07\/Ribari-Otto-1976.-49.a-IV-1_jav.jpg \r\n                                alt=\"\"  \r\n                                class=\"attachment-sote-gallery-small size-sote-gallery-small\" \r\n                                srcset=\"https:\/\/semmelweis.hu\/baratikor\/files\/2023\/07\/Ribari-Otto-1976.-49.a-IV-1_jav-341x400.jpg 341w, https:\/\/semmelweis.hu\/baratikor\/files\/2023\/07\/Ribari-Otto-1976.-49.a-IV-1_jav-768x900.jpg 768w, https:\/\/semmelweis.hu\/baratikor\/files\/2023\/07\/Ribari-Otto-1976.-49.a-IV-1_jav-753x883.jpg 753w, https:\/\/semmelweis.hu\/baratikor\/files\/2023\/07\/Ribari-Otto-1976.-49.a-IV-1_jav.jpg 853w\" ><\/a><\/div>\r\n                    <\/span>\r\n                    <span class=\"gallery-item frame d-none d-md-flex\">\r\n\t\t\t\t\t<div class=\"galeria-small-img mt-0\"><a href=\"https:\/\/semmelweis.hu\/baratikor\/files\/2023\/07\/Ribari-Otto.jpg\"><img src=https:\/\/semmelweis.hu\/baratikor\/files\/2023\/07\/Ribari-Otto.jpg \r\n                                alt=\"\" \r\n                                class=\"attachment-sote-gallery-small size-sote-gallery-small\" \r\n                                srcset=\"https:\/\/semmelweis.hu\/baratikor\/files\/2023\/07\/Ribari-Otto-319x400.jpg 319w, https:\/\/semmelweis.hu\/baratikor\/files\/2023\/07\/Ribari-Otto-768x962.jpg 768w, https:\/\/semmelweis.hu\/baratikor\/files\/2023\/07\/Ribari-Otto-753x944.jpg 753w, https:\/\/semmelweis.hu\/baratikor\/files\/2023\/07\/Ribari-Otto.jpg 798w\" ><\/a><\/div>\r\n                    <\/span>\r\n\r\n                <\/div>\r\n\r\n            <\/div>\r\n\r\n            \r\n            <\/div>\r\n\r\n            [\/slb_exclude]\r\n\t\n","protected":false},"excerpt":{"rendered":"<p><a href=\"https:\/\/semmelweis.hu\/baratikor\/files\/2023\/07\/Ribari-Otto-1999-2004.jpg\"><\/a> (Budapest, 1932. febru\u00e1r 26. \u2013 Budapest, 2015. november 12.) Tansz\u00e9k: F\u00fcl-, Orr-, G\u00e9geklinika 1985-1997. Munk\u00e1scsal\u00e1db\u00f3l sz\u00e1rmazott, \u00e9desapja g\u00e9p\u00e9sz-kov\u00e1csk\u00e9nt, k\u00e9s\u0151bb m\u0171vezet\u0151k\u00e9nt dolgozott. 1950-ben, jeles \u00e9retts\u00e9givel vett\u00e9k fel az akkor szeptemberben E\u00f6tv\u00f6s Lor\u00e1ndr\u00f3l elnevezett budapesti tudom\u00e1nyegyetem Orvostudom\u00e1nyi Kar\u00e1ra. Medikus \u00e9vei alatt k\u00e9t \u00e9vig az anat\u00f3miai int\u00e9zetben, majd 1953-1956 k\u00f6z\u00f6tt a Gy\u00f3gyszertani Int\u00e9zetben dolgozott demonstr\u00e1tork\u00e9nt. 1956. szeptember 29-\u00e9n &hellip;<\/p>\n","protected":false},"author":282,"featured_media":5434,"parent":347,"menu_order":0,"comment_status":"closed","ping_status":"closed","template":"template-fullwidth.php","meta":{"_acf_changed":false,"footnotes":""},"categories":[77,14],"tags":[],"class_list":["post-2178","page","type-page","status-publish","has-post-thumbnail","hentry","category-kegyeleti-adattar","category-teljes-nevlista"],"acf":[],"_links":{"self":[{"href":"https:\/\/semmelweis.hu\/baratikor\/wp-json\/wp\/v2\/pages\/2178","targetHints":{"allow":["GET"]}}],"collection":[{"href":"https:\/\/semmelweis.hu\/baratikor\/wp-json\/wp\/v2\/pages"}],"about":[{"href":"https:\/\/semmelweis.hu\/baratikor\/wp-json\/wp\/v2\/types\/page"}],"author":[{"embeddable":true,"href":"https:\/\/semmelweis.hu\/baratikor\/wp-json\/wp\/v2\/users\/282"}],"replies":[{"embeddable":true,"href":"https:\/\/semmelweis.hu\/baratikor\/wp-json\/wp\/v2\/comments?post=2178"}],"version-history":[{"count":2,"href":"https:\/\/semmelweis.hu\/baratikor\/wp-json\/wp\/v2\/pages\/2178\/revisions"}],"predecessor-version":[{"id":4999,"href":"https:\/\/semmelweis.hu\/baratikor\/wp-json\/wp\/v2\/pages\/2178\/revisions\/4999"}],"up":[{"embeddable":true,"href":"https:\/\/semmelweis.hu\/baratikor\/wp-json\/wp\/v2\/pages\/347"}],"wp:featuredmedia":[{"embeddable":true,"href":"https:\/\/semmelweis.hu\/baratikor\/wp-json\/wp\/v2\/media\/5434"}],"wp:attachment":[{"href":"https:\/\/semmelweis.hu\/baratikor\/wp-json\/wp\/v2\/media?parent=2178"}],"wp:term":[{"taxonomy":"category","embeddable":true,"href":"https:\/\/semmelweis.hu\/baratikor\/wp-json\/wp\/v2\/categories?post=2178"},{"taxonomy":"post_tag","embeddable":true,"href":"https:\/\/semmelweis.hu\/baratikor\/wp-json\/wp\/v2\/tags?post=2178"}],"curies":[{"name":"wp","href":"https:\/\/api.w.org\/{rel}","templated":true}]}}