{"id":2176,"date":"2023-01-04T13:52:52","date_gmt":"2023-01-04T12:52:52","guid":{"rendered":"https:\/\/semmelweis.hu\/baratikor\/?page_id=2176"},"modified":"2023-10-12T15:29:48","modified_gmt":"2023-10-12T13:29:48","slug":"ratkoczy-nandor","status":"publish","type":"page","link":"https:\/\/semmelweis.hu\/baratikor\/galeria\/teljes-nevlista\/ratkoczy-nandor\/","title":{"rendered":"Ratk\u00f3czy N\u00e1ndor"},"content":{"rendered":"<p style=\"text-align: justify\"><strong> <a href=\"https:\/\/semmelweis.hu\/baratikor\/files\/2023\/07\/Ratkoczy-Nandor_.jpg\"><img loading=\"lazy\" decoding=\"async\" class=\"alignleft size-medium wp-image-4933\" src=\"https:\/\/semmelweis.hu\/baratikor\/files\/2023\/07\/Ratkoczy-Nandor_-282x400.jpg\" alt=\"\" width=\"282\" height=\"400\" srcset=\"https:\/\/semmelweis.hu\/baratikor\/files\/2023\/07\/Ratkoczy-Nandor_-282x400.jpg 282w, https:\/\/semmelweis.hu\/baratikor\/files\/2023\/07\/Ratkoczy-Nandor_.jpg 705w\" sizes=\"auto, (max-width: 282px) 100vw, 282px\" \/><\/a>(P\u00e9cs<\/strong><strong>, 1891. m\u00e1jus 9.<\/strong><strong> \u2013 Budapest, 1977. m\u00e1jus 27.)<\/strong><\/p>\n<p style=\"text-align: justify\"><strong>Tansz\u00e9k: <\/strong>R\u00f6ntgen Int\u00e9zet 1942-1962.<\/p>\n<p style=\"text-align: justify\">\u00c9desapja cip\u00e9szmesterk\u00e9nt kereste kenyer\u00e9t, eredeti csal\u00e1dneve Reisch volt. Magyaros\u00edtott nev\u00e9t \u00e9desanyja, ratk\u00f3czi Skaritza Anna nev\u00e9b\u0151l sz\u00e1rmaztatta. Elemi iskol\u00e1it P\u00e9csett \u00e9s Grazban v\u00e9gezte, majd a p\u00e9csi cisztercita rendi f\u0151gimn\u00e1ziumban tanult \u00e9s tett kit\u0171n\u0151 \u00e9retts\u00e9git (praeclare maturus) 1909-ben. A budapesti Orvostudom\u00e1nyi Karra iratkozott, ahol 1914. szeptember 12-\u00e9n kapott orvosdoktori diplom\u00e1t. M\u00e9g medikusk\u00e9nt, 1911-ben versenyvizsg\u00e1n els\u0151 d\u00edjat nyert, majd az I. sz. Anat\u00f3miai Int\u00e9zetben lett demonstr\u00e1tor, k\u00e9s\u0151bb gyakornok Lenhoss\u00e9k Mih\u00e1ly mellett. 1914-1918 k\u00f6z\u00f6tt mindv\u00e9gig katonai szolg\u00e1latot teljes\u00edtett. Az els\u0151 m\u00e1sf\u00e9l \u00e9vet a frontvonalban t\u00f6lt\u00f6tte, ami\u00e9rt megkapta a Signum Laudist a kardokkal. L\u00e1bt\u00f6r\u00e9se ut\u00e1n k\u00f3rh\u00e1zi szolg\u00e1latra, majd k\u00f3rh\u00e1zvonatokra osztott\u00e1k be. Helyt\u00e1ll\u00e1s\u00e1t csapatkereszttel, illetve koron\u00e1s arany \u00e9rdemkereszttel ismert\u00e9k el. 1918 november\u00e9ben a K\u00f6zponti R\u00f6ntgenint\u00e9zetben, Elischer Gyula mellett kapott d\u00edjas tan\u00e1rseg\u00e9di \u00e1ll\u00e1st. Az int\u00e9zet megsz\u0171n\u00e9se ut\u00e1n, 1922 j\u00fanius\u00e1ban a Kor\u00e1nyi S\u00e1ndor vezette III. sz. Belgy\u00f3gy\u00e1szati Klinika R\u00f6ntgenlaborat\u00f3rium\u00e1nak lett vezet\u0151 tan\u00e1rseg\u00e9dje. 1925-ben mag\u00e1ntan\u00e1ri habilit\u00e1ci\u00f3t szerzett a <em>R\u00f6ntgendiagnosztika \u00e9s ther\u00e1pia<\/em> t\u00e1rgyk\u00f6r\u00e9ben. 1927-ben a kar el\u0151terjeszt\u00e9se alapj\u00e1n kinevezt\u00e9k az egyetemi r\u00f6ntgenlaborat\u00f3rium vezet\u0151j\u00e9v\u00e9. 1928-ban els\u0151k\u00e9nt terjesztett el\u0151 sug\u00e1rv\u00e9delmi javaslatot. 1932-ben egyetemi rendk\u00edv\u00fcli tan\u00e1ri c\u00edmmel t\u00fcntett\u00e9k ki. 1936-ban a III. sz. Belklinik\u00e1t feloszlatt\u00e1k, ez\u00e9rt j\u00faliust\u00f3l az I. sz. Seb\u00e9szeti Klinika r\u00f6ntgen oszt\u00e1ly\u00e1nak vezet\u0151jek\u00e9nt folytatta munk\u00e1j\u00e1t. 1940 febru\u00e1rj\u00e1ban eg\u00e9szs\u00e9g\u00fcgyi f\u0151tan\u00e1csosi c\u00edmet nyert. 1942-ben egyetemi tan\u00e1ri kinevez\u00e9st kapott az egyetemi R\u00f6ntgen Int\u00e9zet \u00e9l\u00e9re, melynek \u00fajj\u00e1\u00e9leszt\u00e9s\u00e9ben d\u00f6nt\u0151 szerepet j\u00e1tszott. A h\u00e1bor\u00fa ut\u00e1n nagy er\u0151vel fogott hozz\u00e1 elpusztult int\u00e9zet\u00e9nek helyre\u00e1ll\u00edt\u00e1s\u00e1hoz, \u00e1m ek\u00f6zben sz\u00e1mos tan\u00e1rt\u00e1rs\u00e1hoz hasonl\u00f3an politikai t\u00e1mad\u00e1sok \u00e9rt\u00e9k. Ezek kiv\u00e9d\u00e9s\u00e9re 1946-ban bel\u00e9pett a Szoci\u00e1ldemokrata P\u00e1rtba. A p\u00e1rtegyes\u00fcl\u00e9s ut\u00e1n \u00f6nm\u0171k\u00f6d\u0151en lett az MDP tagja, ahonnan a fel\u00fclvizsg\u00e1latok sor\u00e1n hamarosan kiz\u00e1rt\u00e1k, mert oszt\u00e1lyidegennek min\u0151s\u00edtett\u00e9k. 1955-ben megszerezte az orvostudom\u00e1nyok doktora fokozatot. Egyetemi munk\u00e1ja mellett 1956-t\u00f3l nyug\u00e1llom\u00e1nyba vonul\u00e1s\u00e1ig igazgatta az Orsz\u00e1gos R\u00f6ntgen- \u00e9s Sug\u00e1rfizikai Int\u00e9zetet is. 1962-ben vonult vissza.<\/p>\n<p style=\"text-align: justify\">F\u0151k\u00e9nt a gyomor \u00e9s a b\u00e9lrendszer r\u00f6ntgen diagnosztik\u00e1j\u00e1val \u00e9s sug\u00e1rter\u00e1pi\u00e1val foglalkozott. Felismerte a lymphogranulomatosis daganat jelleg\u00e9t. R\u00f3la nevezt\u00e9k el azt az \u00e1ltala kidolgozott v\u00e9d\u0151 \u00fcl\u00e9sm\u00f3dot, mely \u00e1tvil\u00e1g\u00edt\u00e1s k\u00f6zben a mellkas k\u00f6zep\u00e9ig sug\u00e1rv\u00e9delmet biztos\u00edt.<\/p>\n<p style=\"text-align: justify\">1937 \u00e1prilis\u00e1ban az Osztr\u00e1k, decemberben a N\u00e9met R\u00f6ntgent\u00e1rsas\u00e1g v\u00e1lasztotta levelez\u0151 tagj\u00e1v\u00e1. 1952-ben a N\u00e9met, majd 1957-ben az Osztr\u00e1k R\u00f6ntgent\u00e1rsas\u00e1g tiszteletbeli tagg\u00e1 v\u00e1lasztotta. 1936-t\u00f3l volt tagja az Orsz\u00e1gos Szakorvosk\u00e9pes\u00edt\u0151 Bizotts\u00e1gnak. 1938-t\u00f3l a baseli sz\u00e9khely\u0171 Radiologische Rundschau t\u00e1rszerkeszt\u0151jek\u00e9nt is m\u0171k\u00f6d\u00f6tt.<\/p>\n<p style=\"text-align: justify\">Munk\u00e1ss\u00e1ga h\u00e1bor\u00fat k\u00f6vet\u0151 r\u00e9sz\u00e9ben kev\u00e9s hivatalos elismer\u00e9s \u00e9rte. 1957-ben kiv\u00e1l\u00f3 orvos kit\u00fcntet\u00e9st kapott, illetve 1964-ben \u00e1tvehette az egyetemt\u0151l arany-, majd t\u00edz \u00e9v m\u00falva gy\u00e9m\u00e1ntdiplom\u00e1j\u00e1t.<\/p>\n<p style=\"text-align: justify\"><strong>F\u0151bb munk\u00e1i:<\/strong> Belgy\u00f3gy\u00e1szati r\u00f6ntgendiagnosztika. Bp., 1925.; A lymphogranulomatosis k\u00f3r- \u00e9s gy\u00f3gytana. Bp., 1938.; R\u00f6ntgenologia I\u2013II., Bp., 1948.; Radiologia. Bp., 1959.; A magyar r\u00f6ntgenologia bibliographi\u00e1ja 1896\u20131912. Bp., 1974.<\/p>\n<p style=\"text-align: justify\"><strong>Nyughelye:<\/strong> P\u00e9csi Temet\u0151, P parcella, s\u00edrbolt 647. oldal. B\u00facs\u00faztat\u00e1s: Farkasr\u00e9ti temet\u0151 1977. j\u00fanius 3.<\/p>\n<p><strong><a href=\"https:\/\/semmelweis.hu\/baratikor\/files\/2023\/07\/2020-04-10-09.41.21.jpg\"><img loading=\"lazy\" decoding=\"async\" class=\"alignleft size-medium wp-image-4930\" src=\"https:\/\/semmelweis.hu\/baratikor\/files\/2023\/07\/2020-04-10-09.41.21-225x400.jpg\" alt=\"\" width=\"225\" height=\"400\" srcset=\"https:\/\/semmelweis.hu\/baratikor\/files\/2023\/07\/2020-04-10-09.41.21-225x400.jpg 225w, https:\/\/semmelweis.hu\/baratikor\/files\/2023\/07\/2020-04-10-09.41.21.jpg 562w\" sizes=\"auto, (max-width: 225px) 100vw, 225px\" \/><\/a><\/strong><strong><a href=\"https:\/\/semmelweis.hu\/baratikor\/files\/2023\/07\/2020-04-10-09.41.35_a.jpg\"><img loading=\"lazy\" decoding=\"async\" class=\"alignleft size-medium wp-image-4931\" src=\"https:\/\/semmelweis.hu\/baratikor\/files\/2023\/07\/2020-04-10-09.41.35_a-236x400.jpg\" alt=\"\" width=\"236\" height=\"400\" srcset=\"https:\/\/semmelweis.hu\/baratikor\/files\/2023\/07\/2020-04-10-09.41.35_a-236x400.jpg 236w, https:\/\/semmelweis.hu\/baratikor\/files\/2023\/07\/2020-04-10-09.41.35_a.jpg 590w\" sizes=\"auto, (max-width: 236px) 100vw, 236px\" \/><\/a><\/strong><strong><a href=\"https:\/\/semmelweis.hu\/baratikor\/files\/2023\/07\/2020-04-10-09.41.35_b.jpg\"><img loading=\"lazy\" decoding=\"async\" class=\"alignleft size-medium wp-image-4932\" src=\"https:\/\/semmelweis.hu\/baratikor\/files\/2023\/07\/2020-04-10-09.41.35_b-234x400.jpg\" alt=\"\" width=\"234\" height=\"400\" srcset=\"https:\/\/semmelweis.hu\/baratikor\/files\/2023\/07\/2020-04-10-09.41.35_b-234x400.jpg 234w, https:\/\/semmelweis.hu\/baratikor\/files\/2023\/07\/2020-04-10-09.41.35_b.jpg 585w\" sizes=\"auto, (max-width: 234px) 100vw, 234px\" \/><\/a><\/strong><\/p>\n","protected":false},"excerpt":{"rendered":"<p><a href=\"https:\/\/semmelweis.hu\/baratikor\/files\/2023\/07\/Ratkoczy-Nandor_.jpg\"><\/a> (P\u00e9cs, 1891. m\u00e1jus 9. \u2013 Budapest, 1977. m\u00e1jus 27.) Tansz\u00e9k: R\u00f6ntgen Int\u00e9zet 1942-1962. \u00c9desapja cip\u00e9szmesterk\u00e9nt kereste kenyer\u00e9t, eredeti csal\u00e1dneve Reisch volt. Magyaros\u00edtott nev\u00e9t \u00e9desanyja, ratk\u00f3czi Skaritza Anna nev\u00e9b\u0151l sz\u00e1rmaztatta. Elemi iskol\u00e1it P\u00e9csett \u00e9s Grazban v\u00e9gezte, majd a p\u00e9csi cisztercita rendi f\u0151gimn\u00e1ziumban tanult \u00e9s tett kit\u0171n\u0151 \u00e9retts\u00e9git (praeclare maturus) 1909-ben. A budapesti Orvostudom\u00e1nyi Karra iratkozott, ahol &hellip;<\/p>\n","protected":false},"author":282,"featured_media":5431,"parent":347,"menu_order":0,"comment_status":"closed","ping_status":"closed","template":"template-fullwidth.php","meta":{"_acf_changed":false,"footnotes":""},"categories":[77,14],"tags":[],"class_list":["post-2176","page","type-page","status-publish","has-post-thumbnail","hentry","category-kegyeleti-adattar","category-teljes-nevlista"],"acf":[],"_links":{"self":[{"href":"https:\/\/semmelweis.hu\/baratikor\/wp-json\/wp\/v2\/pages\/2176","targetHints":{"allow":["GET"]}}],"collection":[{"href":"https:\/\/semmelweis.hu\/baratikor\/wp-json\/wp\/v2\/pages"}],"about":[{"href":"https:\/\/semmelweis.hu\/baratikor\/wp-json\/wp\/v2\/types\/page"}],"author":[{"embeddable":true,"href":"https:\/\/semmelweis.hu\/baratikor\/wp-json\/wp\/v2\/users\/282"}],"replies":[{"embeddable":true,"href":"https:\/\/semmelweis.hu\/baratikor\/wp-json\/wp\/v2\/comments?post=2176"}],"version-history":[{"count":3,"href":"https:\/\/semmelweis.hu\/baratikor\/wp-json\/wp\/v2\/pages\/2176\/revisions"}],"predecessor-version":[{"id":4936,"href":"https:\/\/semmelweis.hu\/baratikor\/wp-json\/wp\/v2\/pages\/2176\/revisions\/4936"}],"up":[{"embeddable":true,"href":"https:\/\/semmelweis.hu\/baratikor\/wp-json\/wp\/v2\/pages\/347"}],"wp:featuredmedia":[{"embeddable":true,"href":"https:\/\/semmelweis.hu\/baratikor\/wp-json\/wp\/v2\/media\/5431"}],"wp:attachment":[{"href":"https:\/\/semmelweis.hu\/baratikor\/wp-json\/wp\/v2\/media?parent=2176"}],"wp:term":[{"taxonomy":"category","embeddable":true,"href":"https:\/\/semmelweis.hu\/baratikor\/wp-json\/wp\/v2\/categories?post=2176"},{"taxonomy":"post_tag","embeddable":true,"href":"https:\/\/semmelweis.hu\/baratikor\/wp-json\/wp\/v2\/tags?post=2176"}],"curies":[{"name":"wp","href":"https:\/\/api.w.org\/{rel}","templated":true}]}}