{"id":2165,"date":"2023-01-04T13:39:49","date_gmt":"2023-01-04T12:39:49","guid":{"rendered":"https:\/\/semmelweis.hu\/baratikor\/?page_id=2165"},"modified":"2023-10-12T11:50:10","modified_gmt":"2023-10-12T09:50:10","slug":"petranyi-gyula","status":"publish","type":"page","link":"https:\/\/semmelweis.hu\/baratikor\/galeria\/teljes-nevlista\/petranyi-gyula\/","title":{"rendered":"Petr\u00e1nyi Gyula"},"content":{"rendered":"<p style=\"text-align: justify\"><strong><a href=\"https:\/\/semmelweis.hu\/baratikor\/files\/2023\/07\/Petranyi-Gyula_.jpg\"><img loading=\"lazy\" decoding=\"async\" class=\"alignleft size-medium wp-image-4894\" src=\"https:\/\/semmelweis.hu\/baratikor\/files\/2023\/07\/Petranyi-Gyula_-319x400.jpg\" alt=\"\" width=\"319\" height=\"400\" srcset=\"https:\/\/semmelweis.hu\/baratikor\/files\/2023\/07\/Petranyi-Gyula_-319x400.jpg 319w, https:\/\/semmelweis.hu\/baratikor\/files\/2023\/07\/Petranyi-Gyula_-768x962.jpg 768w, https:\/\/semmelweis.hu\/baratikor\/files\/2023\/07\/Petranyi-Gyula_-753x944.jpg 753w, https:\/\/semmelweis.hu\/baratikor\/files\/2023\/07\/Petranyi-Gyula_.jpg 798w\" sizes=\"auto, (max-width: 319px) 100vw, 319px\" \/><\/a>(<\/strong><strong>Budapest, 1912. j\u00fanius 24.<\/strong><strong> \u2013 Budapest, 2000. m\u00e1rcius 5.)<\/strong><\/p>\n<p style=\"text-align: justify\"><strong>Tansz\u00e9k: <\/strong>II. sz. Belgy\u00f3gy\u00e1szati Klinika 1974-1983.<\/p>\n<p style=\"text-align: justify\">\u00c9desapja mag\u00e1nhivatalnok volt, k\u00f6z\u00e9piskolai tanulm\u00e1nyait a budapesti VIII. ker\u00fcleti V\u00f6r\u00f6smarty Mih\u00e1ly Re\u00e1lgimn\u00e1ziumban v\u00e9gezte, majd 1930-ban a kir. m. P\u00e1zm\u00e1ny P\u00e9ter Tudom\u00e1nyegyetem Orvostudom\u00e1nyi Kar\u00e1ra iratkozott be. Orvosi oklevelet 1936. okt\u00f3ber 3-\u00e1n szerzett. M\u00e1r 1932-t\u0151l az \u00c9lettani Int\u00e9zetben kezdett dolgozni, el\u0151bb demonstr\u00e1tori, majd 1934-t\u0151l gyakornoki beoszt\u00e1sban. V\u00e9gz\u00e9se ut\u00e1n a Herzog Ferenc vezette I. sz. Belgy\u00f3gy\u00e1szati Klinik\u00e1n kapott d\u00edjtalan gyakornoki \u00e1ll\u00e1st, ahol 1950-ig szolg\u00e1lt. 1940-ben belgy\u00f3gy\u00e1szati szakvizsg\u00e1t tett, \u00edgy ekkort\u00f3l d\u00edjtalan tan\u00e1rseg\u00e9dk\u00e9nt dolgozott tov\u00e1bb. 1944-ben katonai szolg\u00e1latot teljes\u00edtett a kassai hely\u0151rs\u00e9gi k\u00f3rh\u00e1zban, majd r\u00f6vid ideig hadifog\u00e1gban volt. Hazat\u00e9rve, 1945-t\u0151l fizet\u00e9ses tan\u00e1rseg\u00e9dk\u00e9nt folytatta klinikai munk\u00e1j\u00e1t. 1946-ban reumatol\u00f3gus \u00e9s fizikoterapeuta szakvizsg\u00e1t tett. 1948-ban mag\u00e1ntan\u00e1ri k\u00e9pes\u00edt\u00e9st szerzett a v\u00e9rkering\u00e9s funkcion\u00e1lis patol\u00f3gi\u00e1ja \u00e9s klinikuma t\u00e1rgyk\u00f6rben. 1948-1949-ben \u00e1llami \u00f6szt\u00f6nd\u00edjjal 8 h\u00f3napot t\u00f6lt\u00f6tt Nagy-Britanni\u00e1ban a reum\u00e1s betegs\u00e9gek \u00e9s a belgy\u00f3gy\u00e1szati tov\u00e1bbk\u00e9pz\u00e9s tanulm\u00e1nyoz\u00e1s\u00e1val. 1950-ben a debreceni egyetemi orvoskaron a belgy\u00f3gy\u00e1szat tansz\u00e9kvezet\u0151 egyetemi tan\u00e1ra, majd 1951-t\u0151l az \u00e1ltala megszervezett II. sz. Belgy\u00f3gy\u00e1szati Klinika igazgat\u00f3ja lett. 1952-ben megszerezte az orvostudom\u00e1ny kandid\u00e1tusa fokozatot. 1953\/54. tan\u00e9vben a DOTE d\u00e9k\u00e1nja, 1971-1974 k\u00f6z\u00f6tt pedig klinikai rektorhelyettese volt. 1965-ben megv\u00e9dte disszert\u00e1ci\u00f3j\u00e1t \u00e9s el\u00e9rte az orvostudom\u00e1ny doktora fokozatot. 1966-ban kinevezt\u00e9k a debreceni I. sz. Belgy\u00f3gy\u00e1szati Klinika igazgat\u00f3j\u00e1nak, de m\u00e9g egy \u00e9vig p\u00e1rhuzamosan ell\u00e1tta a II. sz\u00e1m\u00fa klinika vezet\u00e9s\u00e9t is. 1973. m\u00e1jus 11-\u00e9n az Akad\u00e9mia levelez\u0151 tagj\u00e1nak v\u00e1lasztotta. 1974-ben Budapestre h\u00edvt\u00e1k, a SOTE II. sz. Belgy\u00f3gy\u00e1szati Klinik\u00e1ja \u00e9l\u00e9re. Egyidej\u0171leg ell\u00e1tta az Orsz\u00e1gos Belgy\u00f3gy\u00e1szati Int\u00e9zet igazgat\u00e1s\u00e1t is. 1982. m\u00e1jus 7-\u00e9n lett az MTA rendes tagja. 1983-ban vonult nyug\u00e1llom\u00e1nyba. 1997-ben a SOTE professor emeritusa lett.<\/p>\n<p style=\"text-align: justify\">Munk\u00e1ss\u00e1ga sor\u00e1n 1948-ig haemodynamik\u00e1val foglalkozott, \u00e9rdekl\u0151d\u00e9se 1950-t\u0151l fordult a kollag\u00e9n betegs\u00e9gek, az immunol\u00f3gia, azon bel\u00fcl az autoimmun reakci\u00f3k kutat\u00e1sa fel\u00e9. Vizsg\u00e1latai kiterjedtek a transzplant\u00e1ci\u00f3s immunit\u00e1sra is. \u201eBehat\u00f3an foglalkozott a csontvel\u0151- \u00e9s egy\u00e9b szerv\u00e1t\u00fcltet\u00e9sek immunit\u00e1s\u00e1val, annak elm\u00e9leti \u00e9s gyakorlati k\u00e9rd\u00e9seivel. Nev\u00e9hez f\u0171z\u0151dik t\u00f6bb sejtszint\u0171, labordiagnosztikai immunol\u00f3giai m\u00f3dszer magyarorsz\u00e1gi bevezet\u00e9se (pl. kromosz\u00f3mavizsg\u00e1lat, vesebiopszia, nukle\u00e1ris medicina) az immunoendokrinol\u00f3giai szeml\u00e9let alapjainak lefektet\u00e9se.\u201d Int\u00e9zm\u00e9nyszervez\u0151k\u00e9nt is jelent\u0151s tev\u00e9kenys\u00e9get v\u00e9gzett. \u201eDebrecenben intenz\u00edv oszt\u00e1lyt, m\u0171vese\u00e1llom\u00e1st, endoszk\u00f3pos \u00e9s kromosz\u00f3malaborat\u00f3riumot hozott l\u00e9tre. Megszervezte az izot\u00f3pdiagnosztikai labort \u00e9s haz\u00e1nkban els\u0151k\u00e9nt vezette be az izot\u00f3pter\u00e1pi\u00e1s betegell\u00e1t\u00e1st.\u201d Iskolateremt\u0151 tan\u00e1regy\u00e9nis\u00e9g volt.<\/p>\n<p style=\"text-align: justify\">Sz\u00e1mos szakmai t\u00e1rsas\u00e1g tagja, illetve vezet\u0151je volt. \u00cdgy eln\u00f6ke a Magyar Nefrol\u00f3giai T\u00e1rsas\u00e1gnak, 1976-1989 k\u00f6z\u00f6tt pedig az Eg\u00e9szs\u00e9g\u00fcgyi Tudom\u00e1nyos Tan\u00e1csnak. Tagja volt ezen k\u00edv\u00fcl a Magyar Belgy\u00f3gy\u00e1sz T\u00e1rsas\u00e1gnak, a Magyar Immunol\u00f3giai T\u00e1rsas\u00e1gnak, a Magyar Hematol\u00f3giai \u00e9s Transzfuziol\u00f3giai T\u00e1rsas\u00e1gnak, a Magyar Onkol\u00f3gusok T\u00e1rsas\u00e1g\u00e1nak, a Magyar K\u00eds\u00e9rletes \u00e9s Klinikai Farmakol\u00f3giai T\u00e1rsas\u00e1gnak \u00e9s a Magyar Orvostudom\u00e1nyi Nukle\u00e1ris T\u00e1rsas\u00e1gnak. R\u00e9szt vett az Acta Medica Hungarica, az Orvostudom\u00e1ny, az Orvosi Hetilap \u00e9s a European Journal of Immunology c. szaklapok szerkeszt\u0151bizotts\u00e1gi munk\u00e1j\u00e1ban.<\/p>\n<p style=\"text-align: justify\">Elismer\u00e9sei, kit\u00fcntet\u00e9sei: Kiv\u00e1l\u00f3 munk\u00e1s (1948), Semmelweis-eml\u00e9kgy\u0171r\u0171 (1975), Kiv\u00e1l\u00f3 orvos (1978), Szocialista Haz\u00e1\u00e9rt \u00e9rdemrend (1982), DOTE d\u00edszdoktora (1984), ETT H\u0151gyes Endre-eml\u00e9k\u00e9rme (1986), Orvosi Hetilap Markusovszky Lajos-eml\u00e9k\u00e9rme (1989), Sz\u00e9chenyi-d\u00edj (1995).<\/p>\n<p style=\"text-align: justify\"><strong>F\u0151bb munk\u00e1i:<\/strong> A belgy\u00f3gy\u00e1szat alapvonalai (Magyar Imr\u00e9vel). Bp., 1948-t\u00f3l 15 kiad\u00e1s.; Karditisek \u00e9s billenty\u0171hib\u00e1k. Bp., 1951.; Bronhitis &#8211; pneumonia &#8211; pleuritis. Bp., 1953.; Belgy\u00f3gy\u00e1szati diagnosztika. Bp., 1961.; A rheum\u00e1s l\u00e1z. \u2013 Collagenosisok, immunopathol\u00f3giai k\u00f3rk\u00e9pek. Rheumatol\u00f3giai tank\u00f6nyv. Bp., 1964.; Collagenbetegs\u00e9gek (Szodoray Lajossal). Bp., 1965.; Transplantatios immunit\u00e1s. A donorselectio \u00e9s az immunosuppressio elm\u00e9leti, gyakorlati k\u00e9rd\u00e9sei (szerk.). Bp., 1971.; Autoimmun betegs\u00e9gek (szerk.). Bp., 1974.; Nephrologia. A vese megbeteged\u00e9sei (t\u00f6bbekkel). Bp., 1980.; Immunopl\u00e1zia, immunotr\u00f3fia, az immunol\u00f3gia m\u00e1sik oldala. Bp., 1984.; Belgy\u00f3gy\u00e1szat. \u00d6sszefoglal\u00e1s (szerk.). Bp., 1989.; Belgy\u00f3gy\u00e1szat. T\u00f6m\u00f6r \u00f6sszefoglal\u00e1s (szerk.). Bp., 1995, 1996, 1999, 2006.<\/p>\n<p style=\"text-align: justify\"><strong>Nyughelye:<\/strong> Budapest, \u00dajk\u00f6ztemet\u0151, sz\u00f3r\u00e1s 53. parcella 2000. \u00e1prilis 28-\u00e1n, 7\/D oszlop.<\/p>\n<p style=\"text-align: justify\">(Id\u00e9zetek forr\u00e1sa: A Magyar Tudom\u00e1nyos Akad\u00e9mia tagjainak list\u00e1ja &#8211; <a href=\"https:\/\/www.wikiwand.com\/hu\/Petr\u00e1nyi_Gyula\">https:\/\/www.wikiwand.com\/hu\/Petr\u00e1nyi_Gyula<\/a>)<\/p>\n<p><a href=\"https:\/\/semmelweis.hu\/baratikor\/files\/2023\/07\/Petranyi-Gyula-Uj-Koztemeto.jpg\"><img loading=\"lazy\" decoding=\"async\" class=\"alignleft size-medium wp-image-4893\" src=\"https:\/\/semmelweis.hu\/baratikor\/files\/2023\/07\/Petranyi-Gyula-Uj-Koztemeto-300x400.jpg\" alt=\"\" width=\"300\" height=\"400\" srcset=\"https:\/\/semmelweis.hu\/baratikor\/files\/2023\/07\/Petranyi-Gyula-Uj-Koztemeto-300x400.jpg 300w, https:\/\/semmelweis.hu\/baratikor\/files\/2023\/07\/Petranyi-Gyula-Uj-Koztemeto.jpg 749w\" sizes=\"auto, (max-width: 300px) 100vw, 300px\" \/><\/a><\/p>\n","protected":false},"excerpt":{"rendered":"<p><a href=\"https:\/\/semmelweis.hu\/baratikor\/files\/2023\/07\/Petranyi-Gyula_.jpg\"><\/a> (Budapest, 1912. j\u00fanius 24. \u2013 Budapest, 2000. m\u00e1rcius 5.) Tansz\u00e9k: II. sz. Belgy\u00f3gy\u00e1szati Klinika 1974-1983. \u00c9desapja mag\u00e1nhivatalnok volt, k\u00f6z\u00e9piskolai tanulm\u00e1nyait a budapesti VIII. ker\u00fcleti V\u00f6r\u00f6smarty Mih\u00e1ly Re\u00e1lgimn\u00e1ziumban v\u00e9gezte, majd 1930-ban a kir. m. P\u00e1zm\u00e1ny P\u00e9ter Tudom\u00e1nyegyetem Orvostudom\u00e1nyi Kar\u00e1ra iratkozott be. Orvosi oklevelet 1936. okt\u00f3ber 3-\u00e1n szerzett. M\u00e1r 1932-t\u0151l az \u00c9lettani Int\u00e9zetben kezdett dolgozni, el\u0151bb demonstr\u00e1tori, &hellip;<\/p>\n","protected":false},"author":282,"featured_media":5425,"parent":347,"menu_order":0,"comment_status":"closed","ping_status":"closed","template":"template-fullwidth.php","meta":{"_acf_changed":false,"footnotes":""},"categories":[77,14],"tags":[],"class_list":["post-2165","page","type-page","status-publish","has-post-thumbnail","hentry","category-kegyeleti-adattar","category-teljes-nevlista"],"acf":[],"_links":{"self":[{"href":"https:\/\/semmelweis.hu\/baratikor\/wp-json\/wp\/v2\/pages\/2165","targetHints":{"allow":["GET"]}}],"collection":[{"href":"https:\/\/semmelweis.hu\/baratikor\/wp-json\/wp\/v2\/pages"}],"about":[{"href":"https:\/\/semmelweis.hu\/baratikor\/wp-json\/wp\/v2\/types\/page"}],"author":[{"embeddable":true,"href":"https:\/\/semmelweis.hu\/baratikor\/wp-json\/wp\/v2\/users\/282"}],"replies":[{"embeddable":true,"href":"https:\/\/semmelweis.hu\/baratikor\/wp-json\/wp\/v2\/comments?post=2165"}],"version-history":[{"count":2,"href":"https:\/\/semmelweis.hu\/baratikor\/wp-json\/wp\/v2\/pages\/2165\/revisions"}],"predecessor-version":[{"id":4895,"href":"https:\/\/semmelweis.hu\/baratikor\/wp-json\/wp\/v2\/pages\/2165\/revisions\/4895"}],"up":[{"embeddable":true,"href":"https:\/\/semmelweis.hu\/baratikor\/wp-json\/wp\/v2\/pages\/347"}],"wp:featuredmedia":[{"embeddable":true,"href":"https:\/\/semmelweis.hu\/baratikor\/wp-json\/wp\/v2\/media\/5425"}],"wp:attachment":[{"href":"https:\/\/semmelweis.hu\/baratikor\/wp-json\/wp\/v2\/media?parent=2165"}],"wp:term":[{"taxonomy":"category","embeddable":true,"href":"https:\/\/semmelweis.hu\/baratikor\/wp-json\/wp\/v2\/categories?post=2165"},{"taxonomy":"post_tag","embeddable":true,"href":"https:\/\/semmelweis.hu\/baratikor\/wp-json\/wp\/v2\/tags?post=2165"}],"curies":[{"name":"wp","href":"https:\/\/api.w.org\/{rel}","templated":true}]}}