{"id":2160,"date":"2023-01-04T13:37:36","date_gmt":"2023-01-04T12:37:36","guid":{"rendered":"https:\/\/semmelweis.hu\/baratikor\/?page_id=2160"},"modified":"2023-07-07T10:30:04","modified_gmt":"2023-07-07T08:30:04","slug":"pandula-egon-laszlo","status":"publish","type":"page","link":"https:\/\/semmelweis.hu\/baratikor\/galeria\/teljes-nevlista\/pandula-egon-laszlo\/","title":{"rendered":"Pandula Egon L\u00e1szl\u00f3"},"content":{"rendered":"<p style=\"text-align: justify\"><strong><a href=\"https:\/\/semmelweis.hu\/baratikor\/files\/2023\/07\/Pandula-Egon_.jpg\"><img loading=\"lazy\" decoding=\"async\" class=\"alignleft size-medium wp-image-4890\" src=\"https:\/\/semmelweis.hu\/baratikor\/files\/2023\/07\/Pandula-Egon_-230x400.jpg\" alt=\"\" width=\"230\" height=\"400\" srcset=\"https:\/\/semmelweis.hu\/baratikor\/files\/2023\/07\/Pandula-Egon_-230x400.jpg 230w, https:\/\/semmelweis.hu\/baratikor\/files\/2023\/07\/Pandula-Egon_.jpg 574w\" sizes=\"auto, (max-width: 230px) 100vw, 230px\" \/><\/a>(<\/strong><strong>Budapest, 1916. \u00e1prilis 9.<\/strong><strong> \u2013 Budapest, 1970. febru\u00e1r 5.)<\/strong><\/p>\n<p style=\"text-align: justify\"><strong>Tansz\u00e9k:<\/strong> Gy\u00f3gyszer\u00e9szeti Int\u00e9zet 1962 (mb.), 1963-1970.<\/p>\n<p style=\"text-align: justify\">Gy\u00f3gyszer\u00e9sz csal\u00e1db\u00f3l sz\u00e1rmazott. \u00c9desapja, Pandula J\u00f3zsef a ferencv\u00e1rosi Soroks\u00e1ri \u00fat 35. sz. alatt tartott fenn patik\u00e1t (Szt. Anna gy\u00f3gyszert\u00e1r), ahol 1934-t\u0151l gyakornoki idej\u00e9t t\u00f6lt\u00f6tte. Tirocini\u00e1lis vizsg\u00e1t kit\u0171n\u0151 eredm\u00e9nnyel 1936-ban tett. 1936\/37-ben a Gy\u00f3gyszer\u00e9szhallgat\u00f3k Seg\u00e9ly- \u00e9s \u00d6nk\u00e9pz\u0151 Egyes\u00fclet\u00e9ben v\u00e1lasztm\u00e1nyi tagk\u00e9nt, 1937\/38-ban ifj\u00fas\u00e1gi eln\u00f6kk\u00e9nt m\u0171k\u00f6d\u00f6tt. 1938. janu\u00e1r 1-t\u0151l szeptember 15-ig a miskolci Arany Szarvas gy\u00f3gyszert\u00e1rban dolgozott. Gy\u00f3gyszer\u00e9szi oklevel\u00e9t 1938. j\u00fanius 21-\u00e9n szerezte meg a budapesti Orvostudom\u00e1nyi Karon, j\u00f3 eredm\u00e9nnyel. 1939-t\u0151l 2 \u00e9ves t\u00e9nyleges katonai szolg\u00e1latra vonult be, de ez id\u0151 alatt is folytatta 1938 \u0151sz\u00e9n megkezdett dissztert\u00e1nsi munk\u00e1j\u00e1t az egyetem Gy\u00f3gyszer\u00e9szeti Int\u00e9zet\u00e9ben. 1941. m\u00e1jus 28-\u00e1n summa cum laude min\u0151s\u00edt\u00e9ssel szerzett gy\u00f3gyszer\u00e9szdoktori fokozatot. \u00c9rtekez\u00e9s\u00e9t <em>Az \u00f6sszef\u00e9rhetetlen gy\u00f3gyszerekr\u0151l<\/em> c\u00edmmel \u00edrta. Ett\u0151l kezdve az Egyetemi Gy\u00f3gyszer\u00e9szeti Int\u00e9zet \u00e9s Egyetemi Gy\u00f3gyszert\u00e1r \u00e1llom\u00e1ny\u00e1ban m\u0171k\u00f6d\u00f6tt d\u00edjtalan gyakornokk\u00e9nt 1945-ig. K\u00f6zben t\u00f6bb alkalommal is katonai szolg\u00e1latot teljes\u00edtett. 1941. okt\u00f3ber 15. \u00e9s 1942. okt\u00f3ber 15. k\u00f6z\u00f6tt tartal\u00e9kos hadapr\u00f3d \u0151rmesterk\u00e9nt egy fert\u0151tlen\u00edt\u0151 vonaton, majd 1943. j\u00fanius 22-t\u0151l a budapesti 505. sz. hadik\u00f3rh\u00e1zban. 1944. december 16-\u00e1n a 154. sz. k\u00f3rh\u00e1zvonattal nyugatra vitt\u00e9k, ahonnan csak 1945. november 25-\u00e9n tudott hazat\u00e9rni. K\u00e9tszeri igazol\u00e1si elj\u00e1r\u00e1s ut\u00e1n 1945. december 1-t\u0151l az id\u0151k\u00f6zben \u00e1llamos\u00edtott csal\u00e1di gy\u00f3gyszert\u00e1rban helyezkedett el, imm\u00e1r az \u00c1llami Kezel\u00e9sbe Vett Gy\u00f3gyszert\u00e1rak Nagyv\u00e1llalat alkalmazottjak\u00e9nt. Hamarosan t\u00f6bb gy\u00f3gyszert\u00e1r felel\u0151s vezet\u0151jek\u00e9nt folytatta munk\u00e1j\u00e1t. 1948-t\u00f3l externistak\u00e9nt (k\u00fcls\u0151 alkalmazott) r\u00e9szt vett az egyetemi oktat\u00e1sban, majd 1949. szeptember 1-t\u0151l oszt\u00e1lyvezet\u0151 tan\u00e1rseg\u00e9dk\u00e9nt vezette az Egyetemi Gy\u00f3gyszert\u00e1r galenusi laborat\u00f3rium\u00e1t. 1950. j\u00falius 1-j\u00e9n beh\u00edvt\u00e1k a Magyar N\u00e9phadseregbe, ahol \u0151rnagyi rangban, hivat\u00e1sos tisztk\u00e9nt l\u00e1tta el a hadsereg f\u0151gy\u00f3gyszer\u00e9szi feladat\u00e1t. Tiszti munk\u00e1ja mellett az egyetemen 1954-ig m\u0171k\u00f6d\u00f6tt fizet\u00e9sn\u00e9lk\u00fcli, 1954-1961 k\u00f6z\u00f6tt f\u00e9lfizet\u00e9ses adjunktusk\u00e9nt. 1956-ban lak\u00e1sa ki\u00e9gett, ezut\u00e1n honv\u00e9ds\u00e9gi szolg\u00e1lati lak\u00e1sban \u00e9lt. 1955-ben alezredesi, 1961 janu\u00e1rj\u00e1ban f\u00e9lfizet\u00e9ses docensi kinevez\u00e9st kapott. Ugyancsak 1961-ben szerezte meg a kandid\u00e1tusi fokozatot. K\u00f6zben 1957-1959 k\u00f6z\u00f6tt elv\u00e9gezte a marxizmus-leninizmus esti egyetemet, b\u00e1r politikai p\u00e1rthoz soha nem csatlakozott. Mozsonyi S\u00e1ndor nyugd\u00edjaz\u00e1sa ut\u00e1n, 1962. szeptember 1-j\u00e9n rektori megb\u00edz\u00e1s alapj\u00e1n vezette a Gy\u00f3gyszer\u00e9szeti Int\u00e9zetet, majd 1963. szeptember 1-j\u00e9n kapott egyetemi tan\u00e1ri kinevez\u00e9st. Vezet\u00e9se idej\u00e9n ker\u00fclt sor az ipari gy\u00f3gyszerk\u00e9sz\u00edt\u00e9s alapjainak be\u00e9p\u00edt\u00e9s\u00e9re a gradu\u00e1lis k\u00e9pz\u00e9s t\u00f6rzsanyag\u00e1ba. 1969. \u00e1prilis 4-\u00e9n ezredess\u00e9 l\u00e9ptett\u00e9k el\u0151. 54 \u00e9ves kor\u00e1ban tragikus hirtelens\u00e9ggel \u00e9rte a hal\u00e1l.<\/p>\n<p style=\"text-align: justify\">Hat egyetemi jegyzetet, 34 tudom\u00e1nyos k\u00f6zlem\u00e9nyt \u00edrt, k\u00e9t szabadalom f\u0171z\u0151dik nev\u00e9hez. R\u00e9szt vett a Magyar Gy\u00f3gyszerk\u00f6nyv V. \u00e9s VI. k\u00f6teteinek, valamint a Szabv\u00e1nyos v\u00e9nymint\u00e1k szerkeszt\u00e9s\u00e9ben. F\u0151 kutat\u00e1si ter\u00fclete a gy\u00f3gyszerstabilit\u00e1s, valamint a gy\u00f3gyszer\u00e9szeti technol\u00f3gia elm\u00e9leti \u00e9s gyakorlati tov\u00e1bbfejleszt\u00e9se volt. Ut\u00f3bbi t\u00e9ren oktat\u00f3k\u00e9nt is \u00fatt\u00f6r\u0151 munk\u00e1t v\u00e9gzett.<\/p>\n<p style=\"text-align: justify\">Tagja volt az ETT Gy\u00f3gyszerk\u00f6nyvi Bizotts\u00e1g\u00e1nak, az MTA Gy\u00f3gyszer\u00e9szeti Bizotts\u00e1g\u00e1nak, a Magyar N\u00e9phadsereg Orvostudom\u00e1nyi Tan\u00e1cs\u00e1nak, az Eg\u00e9szs\u00e9g\u00fcgyi Miniszt\u00e9rium Fels\u0151fok\u00fa \u00e9s Tov\u00e1bbk\u00e9pz\u0151 Bizotts\u00e1g\u00e1nak, az Orvos- Eg\u00e9szs\u00e9g\u00fcgyi Szakszervezet Gy\u00f3gyszer\u00e9sz Szakcsoportja eln\u00f6ks\u00e9g\u00e9nek, mint a Technol\u00f3giai Szakoszt\u00e1ly eln\u00f6ke, \u00e9s egy\u00e9b bizotts\u00e1goknak. R\u00e9szt vett a Magyar Gy\u00f3gyszer\u00e9szeti T\u00e1rsas\u00e1g 1966-ban t\u00f6rt\u00e9nt \u00fajj\u00e1alakul\u00e1s\u00e1ban, melynek aleln\u00f6ke, 1968-1970 k\u00f6z\u00f6tt pedig eln\u00f6ke is volt.<\/p>\n<p style=\"text-align: justify\">Szolg\u00e1lati \u00e9rdem\u00e9rmet k\u00e9tszer kapott (1954, 1960), 1956-ban az Oktat\u00e1s\u00fcgy Kiv\u00e1l\u00f3 Dolgoz\u00f3ja, 1957-ben Kiv\u00e1l\u00f3 gy\u00f3gyszer\u00e9sz lett.<\/p>\n<p style=\"text-align: justify\"><strong>F\u0151bb munk\u00e1i:<\/strong> Gy\u00f3gyszer\u00e9szet. V\u00e9nyk\u00e9sz\u00edt\u00e9stan. Bp., 1959, 1962.; Gy\u00f3gyszer\u00e9szet (kandid\u00e1tusi \u00e9rtekez\u00e9s t\u00e9zisei). Bp., 1960.; Ipari gy\u00f3gyszer\u00e9szet (Tak\u00e1cs G\u00e9z\u00e1val). Bp., 1964.<\/p>\n<p style=\"text-align: justify\"><strong>Nyughelye:<\/strong> Farkasr\u00e9ti temet\u0151 6-1-A\/0\/1\/10.<\/p>\n<p><a href=\"https:\/\/semmelweis.hu\/baratikor\/files\/2023\/07\/IMG_20200510_120823.jpg\"><img loading=\"lazy\" decoding=\"async\" class=\"alignleft size-medium wp-image-4888\" src=\"https:\/\/semmelweis.hu\/baratikor\/files\/2023\/07\/IMG_20200510_120823-300x400.jpg\" alt=\"\" width=\"300\" height=\"400\" srcset=\"https:\/\/semmelweis.hu\/baratikor\/files\/2023\/07\/IMG_20200510_120823-300x400.jpg 300w, https:\/\/semmelweis.hu\/baratikor\/files\/2023\/07\/IMG_20200510_120823.jpg 750w\" sizes=\"auto, (max-width: 300px) 100vw, 300px\" \/><\/a><\/p>\n","protected":false},"excerpt":{"rendered":"<p><a href=\"https:\/\/semmelweis.hu\/baratikor\/files\/2023\/07\/Pandula-Egon_.jpg\"><\/a> (Budapest, 1916. \u00e1prilis 9. \u2013 Budapest, 1970. febru\u00e1r 5.) Tansz\u00e9k: Gy\u00f3gyszer\u00e9szeti Int\u00e9zet 1962 (mb.), 1963-1970. Gy\u00f3gyszer\u00e9sz csal\u00e1db\u00f3l sz\u00e1rmazott. \u00c9desapja, Pandula J\u00f3zsef a ferencv\u00e1rosi Soroks\u00e1ri \u00fat 35. sz. alatt tartott fenn patik\u00e1t (Szt. Anna gy\u00f3gyszert\u00e1r), ahol 1934-t\u0151l gyakornoki idej\u00e9t t\u00f6lt\u00f6tte. Tirocini\u00e1lis vizsg\u00e1t kit\u0171n\u0151 eredm\u00e9nnyel 1936-ban tett. 1936\/37-ben a Gy\u00f3gyszer\u00e9szhallgat\u00f3k Seg\u00e9ly- \u00e9s \u00d6nk\u00e9pz\u0151 Egyes\u00fclet\u00e9ben v\u00e1lasztm\u00e1nyi tagk\u00e9nt, 1937\/38-ban &hellip;<\/p>\n","protected":false},"author":282,"featured_media":4892,"parent":347,"menu_order":0,"comment_status":"closed","ping_status":"closed","template":"template-fullwidth.php","meta":{"_acf_changed":false,"footnotes":""},"categories":[77,14],"tags":[],"class_list":["post-2160","page","type-page","status-publish","has-post-thumbnail","hentry","category-kegyeleti-adattar","category-teljes-nevlista"],"acf":[],"_links":{"self":[{"href":"https:\/\/semmelweis.hu\/baratikor\/wp-json\/wp\/v2\/pages\/2160","targetHints":{"allow":["GET"]}}],"collection":[{"href":"https:\/\/semmelweis.hu\/baratikor\/wp-json\/wp\/v2\/pages"}],"about":[{"href":"https:\/\/semmelweis.hu\/baratikor\/wp-json\/wp\/v2\/types\/page"}],"author":[{"embeddable":true,"href":"https:\/\/semmelweis.hu\/baratikor\/wp-json\/wp\/v2\/users\/282"}],"replies":[{"embeddable":true,"href":"https:\/\/semmelweis.hu\/baratikor\/wp-json\/wp\/v2\/comments?post=2160"}],"version-history":[{"count":2,"href":"https:\/\/semmelweis.hu\/baratikor\/wp-json\/wp\/v2\/pages\/2160\/revisions"}],"predecessor-version":[{"id":4891,"href":"https:\/\/semmelweis.hu\/baratikor\/wp-json\/wp\/v2\/pages\/2160\/revisions\/4891"}],"up":[{"embeddable":true,"href":"https:\/\/semmelweis.hu\/baratikor\/wp-json\/wp\/v2\/pages\/347"}],"wp:featuredmedia":[{"embeddable":true,"href":"https:\/\/semmelweis.hu\/baratikor\/wp-json\/wp\/v2\/media\/4892"}],"wp:attachment":[{"href":"https:\/\/semmelweis.hu\/baratikor\/wp-json\/wp\/v2\/media?parent=2160"}],"wp:term":[{"taxonomy":"category","embeddable":true,"href":"https:\/\/semmelweis.hu\/baratikor\/wp-json\/wp\/v2\/categories?post=2160"},{"taxonomy":"post_tag","embeddable":true,"href":"https:\/\/semmelweis.hu\/baratikor\/wp-json\/wp\/v2\/tags?post=2160"}],"curies":[{"name":"wp","href":"https:\/\/api.w.org\/{rel}","templated":true}]}}