{"id":2156,"date":"2023-01-04T13:32:00","date_gmt":"2023-01-04T12:32:00","guid":{"rendered":"https:\/\/semmelweis.hu\/baratikor\/?page_id=2156"},"modified":"2023-10-12T11:40:07","modified_gmt":"2023-10-12T09:40:07","slug":"nonay-tibor","status":"publish","type":"page","link":"https:\/\/semmelweis.hu\/baratikor\/galeria\/teljes-nevlista\/nonay-tibor\/","title":{"rendered":"N\u00f3nay Tibor"},"content":{"rendered":"<p style=\"text-align: justify\"><strong><a href=\"https:\/\/semmelweis.hu\/baratikor\/files\/2023\/07\/Nonay-Tibor.jpg\"><img loading=\"lazy\" decoding=\"async\" class=\"alignleft size-medium wp-image-4864\" src=\"https:\/\/semmelweis.hu\/baratikor\/files\/2023\/07\/Nonay-Tibor-278x400.jpg\" alt=\"\" width=\"278\" height=\"400\" srcset=\"https:\/\/semmelweis.hu\/baratikor\/files\/2023\/07\/Nonay-Tibor-278x400.jpg 278w, https:\/\/semmelweis.hu\/baratikor\/files\/2023\/07\/Nonay-Tibor.jpg 694w\" sizes=\"auto, (max-width: 278px) 100vw, 278px\" \/><\/a>(<\/strong><strong>Budapest, 1899. okt\u00f3bet 13.<\/strong><strong> \u2013 Budapest, 1985. szeptember 19.)<\/strong><\/p>\n<p style=\"text-align: justify\"><strong>Tansz\u00e9k: <\/strong>Szem\u00e9szeti Klinika (mb.) 1945-1946, II. sz. Szem\u00e9szeti Klinika 1946-1970.<\/p>\n<p style=\"text-align: justify\">Orvosi oklevel\u00e9t 1922. december 23-\u00e1n kapta a budapesti Orvostudom\u00e1nyi Karon. 1923-t\u00f3l a p\u00e9csi Erzs\u00e9bet Tudom\u00e1nyegyetemen, Imre J\u00f3zsef Szemklinik\u00e1j\u00e1n \u00e1llt munk\u00e1ba. 1929-ben t\u00e9rt vissza Budapestre, ahol az \u00c1llami Szemk\u00f3rh\u00e1zban kapott seg\u00e9dorvosi \u00e1ll\u00e1st. 1939-ben adjunktusi beoszt\u00e1sban \u00e1tl\u00e9pett a budapesti Szemklinik\u00e1ra, amelynek vezet\u00e9s\u00e9t \u00e9pp abban az \u00e9vben vette \u00e1t p\u00e9csi professzora, Imre J\u00f3zsef. 1943-ban mag\u00e1ntan\u00e1ri k\u00e9pes\u00edt\u00e9st szerzett a szem\u00e9szeti m\u0171t\u00e9ttan t\u00e1rgyk\u00f6r\u00e9ben. Az 1940-es \u00e9vekben egyre gyakrabban helyettes\u00edtette a betegesked\u0151 Imre J\u00f3zsefet, a v\u00e1ros ostroma idej\u00e9n gyakorlatilag \u0151 vezette a klinik\u00e1t. Imre J\u00f3zsef 1945. janu\u00e1ri hal\u00e1l\u00e1t k\u00f6vet\u0151en megb\u00edzottk\u00e9nt, c\u00edmzetes rendk\u00edv\u00fcli tan\u00e1ri besorol\u00e1ssal \u00e1tvette a klinika igazgat\u00e1s\u00e1t. 1946. augusztus 15-\u00e9n nyilv\u00e1nos rendes tan\u00e1ri min\u0151s\u00edt\u00e9ssel hivatalosan is klinikaigazgat\u00f3 lett, amely feladatk\u00f6rt 1970. j\u00fanius 30-i nyugd\u00edjba vonul\u00e1s\u00e1ig ell\u00e1tott. Igazgat\u00e1sa idej\u00e9n k\u00e9tszer kellett helyre\u00e1ll\u00edttatnia a klinika \u00e9p\u00fclet\u00e9t, 1945 \u00e9s 1956 ut\u00e1n. 1950-ben ezen a klinik\u00e1n szervezt\u00e9k meg az orsz\u00e1g els\u0151 orthoptikai \u00e1llom\u00e1s\u00e1t. 1951-ben kontaktlaborat\u00f3riumot szerveztek. Kit\u0171n\u0151 operat\u0151rnek \u00e9s el\u0151ad\u00f3nak sz\u00e1m\u00edtott, 55 tudom\u00e1nyos k\u00f6zlem\u00e9nye jelent meg. Tudom\u00e1nyos \u00e9rdekl\u0151d\u00e9s\u00e9nek homlokter\u00e9ben az idegh\u00e1rtya-lev\u00e1l\u00e1s k\u00f3roktana \u00e9s gy\u00f3gy\u00edt\u00e1sa, orthoptik\u00e1val kapcsolatos kutat\u00e1sok, glaucoma, valamint a szem\u00e9szeti traumatol\u00f3gia \u00e1llt.<\/p>\n<p style=\"text-align: justify\">A h\u00e1bor\u00fa el\u0151tt tagja volt a BOSZ Orvosi Kamar\u00e1nak, a MONE Budapesti Orvosi K\u00f6r\u00e9nek (jegyz\u0151 majd h\u00e1znagy), a Kir\u00e1lyi Orvosegyes\u00fcletnek \u00e9s a Szent Luk\u00e1cs Egyes\u00fcletnek. A Magyar Szemorvos T\u00e1rsas\u00e1gnak 1941-1945 k\u00f6z\u00f6tt titk\u00e1ra, 1966 \u00e9s 1969 k\u00f6z\u00f6tt eln\u00f6ke volt. 1941-t\u0151l szerkeszt\u0151je, majd 1958-1962 k\u00f6z\u00f6tt f\u0151szerkeszt\u0151je volt a Szem\u00e9szet c. lapnak. Az Excerpta Medica Ophtalmology szekci\u00f3ja \u00e9s az Ophtalmol\u00f3gia c. szaklapok szerkeszt\u0151bizotts\u00e1g\u00e1ban is tev\u00e9kenykedett. 1984-ben Schulek-jutalom\u00e9remmel t\u00fcntett\u00e9k ki.<\/p>\n<p style=\"text-align: justify\"><strong>F\u0151bb munk\u00e1i:<\/strong> Szem\u00e9szeti m\u0171t\u00e9ttan. Bp., 1943.<\/p>\n<p style=\"text-align: justify\"><strong>Nyughelye:<\/strong> Budapest, Farkasr\u00e9ti temet\u0151 41\/0\/1\/199-200.<\/p>\n","protected":false},"excerpt":{"rendered":"<p><a href=\"https:\/\/semmelweis.hu\/baratikor\/files\/2023\/07\/Nonay-Tibor.jpg\"><\/a> (Budapest, 1899. okt\u00f3bet 13. \u2013 Budapest, 1985. szeptember 19.) Tansz\u00e9k: Szem\u00e9szeti Klinika (mb.) 1945-1946, II. sz. Szem\u00e9szeti Klinika 1946-1970. Orvosi oklevel\u00e9t 1922. december 23-\u00e1n kapta a budapesti Orvostudom\u00e1nyi Karon. 1923-t\u00f3l a p\u00e9csi Erzs\u00e9bet Tudom\u00e1nyegyetemen, Imre J\u00f3zsef Szemklinik\u00e1j\u00e1n \u00e1llt munk\u00e1ba. 1929-ben t\u00e9rt vissza Budapestre, ahol az \u00c1llami Szemk\u00f3rh\u00e1zban kapott seg\u00e9dorvosi \u00e1ll\u00e1st. 1939-ben adjunktusi beoszt\u00e1sban \u00e1tl\u00e9pett a &hellip;<\/p>\n","protected":false},"author":282,"featured_media":5420,"parent":347,"menu_order":0,"comment_status":"closed","ping_status":"closed","template":"template-fullwidth.php","meta":{"_acf_changed":false,"footnotes":""},"categories":[77,14],"tags":[],"class_list":["post-2156","page","type-page","status-publish","has-post-thumbnail","hentry","category-kegyeleti-adattar","category-teljes-nevlista"],"acf":[],"_links":{"self":[{"href":"https:\/\/semmelweis.hu\/baratikor\/wp-json\/wp\/v2\/pages\/2156","targetHints":{"allow":["GET"]}}],"collection":[{"href":"https:\/\/semmelweis.hu\/baratikor\/wp-json\/wp\/v2\/pages"}],"about":[{"href":"https:\/\/semmelweis.hu\/baratikor\/wp-json\/wp\/v2\/types\/page"}],"author":[{"embeddable":true,"href":"https:\/\/semmelweis.hu\/baratikor\/wp-json\/wp\/v2\/users\/282"}],"replies":[{"embeddable":true,"href":"https:\/\/semmelweis.hu\/baratikor\/wp-json\/wp\/v2\/comments?post=2156"}],"version-history":[{"count":2,"href":"https:\/\/semmelweis.hu\/baratikor\/wp-json\/wp\/v2\/pages\/2156\/revisions"}],"predecessor-version":[{"id":4865,"href":"https:\/\/semmelweis.hu\/baratikor\/wp-json\/wp\/v2\/pages\/2156\/revisions\/4865"}],"up":[{"embeddable":true,"href":"https:\/\/semmelweis.hu\/baratikor\/wp-json\/wp\/v2\/pages\/347"}],"wp:featuredmedia":[{"embeddable":true,"href":"https:\/\/semmelweis.hu\/baratikor\/wp-json\/wp\/v2\/media\/5420"}],"wp:attachment":[{"href":"https:\/\/semmelweis.hu\/baratikor\/wp-json\/wp\/v2\/media?parent=2156"}],"wp:term":[{"taxonomy":"category","embeddable":true,"href":"https:\/\/semmelweis.hu\/baratikor\/wp-json\/wp\/v2\/categories?post=2156"},{"taxonomy":"post_tag","embeddable":true,"href":"https:\/\/semmelweis.hu\/baratikor\/wp-json\/wp\/v2\/tags?post=2156"}],"curies":[{"name":"wp","href":"https:\/\/api.w.org\/{rel}","templated":true}]}}