{"id":2154,"date":"2023-01-04T13:28:52","date_gmt":"2023-01-04T12:28:52","guid":{"rendered":"https:\/\/semmelweis.hu\/baratikor\/?page_id=2154"},"modified":"2023-10-12T10:25:26","modified_gmt":"2023-10-12T08:25:26","slug":"nemeth-bela","status":"publish","type":"page","link":"https:\/\/semmelweis.hu\/baratikor\/galeria\/teljes-nevlista\/nemeth-bela\/","title":{"rendered":"N\u00e9meth B\u00e9la"},"content":{"rendered":"<p style=\"text-align: justify\"><strong><a href=\"https:\/\/semmelweis.hu\/baratikor\/files\/2023\/07\/Nemeth-Bela.jpg\"><img loading=\"lazy\" decoding=\"async\" class=\"alignleft size-medium wp-image-4857\" src=\"https:\/\/semmelweis.hu\/baratikor\/files\/2023\/07\/Nemeth-Bela-319x400.jpg\" alt=\"\" width=\"319\" height=\"400\" srcset=\"https:\/\/semmelweis.hu\/baratikor\/files\/2023\/07\/Nemeth-Bela-319x400.jpg 319w, https:\/\/semmelweis.hu\/baratikor\/files\/2023\/07\/Nemeth-Bela-768x962.jpg 768w, https:\/\/semmelweis.hu\/baratikor\/files\/2023\/07\/Nemeth-Bela-753x944.jpg 753w, https:\/\/semmelweis.hu\/baratikor\/files\/2023\/07\/Nemeth-Bela.jpg 798w\" sizes=\"auto, (max-width: 319px) 100vw, 319px\" \/><\/a>(Nagyb\u00e1nya<\/strong><strong>, 1916. janu\u00e1r 26.<\/strong><strong> \u2013 Budapest, 1988. \u00e1prilis 28.)<\/strong><\/p>\n<p style=\"text-align: justify\"><strong>Tansz\u00e9k: <\/strong>II. sz. Szem\u00e9szeti Klinika 1970-1985.<\/p>\n<p style=\"text-align: justify\">\u00c9rtelmis\u00e9gi csal\u00e1db\u00f3l sz\u00e1rmazott, \u00e9desapja tan\u00e1r volt. K\u00f6z\u00e9piskolai tanulm\u00e1nyait Nagyb\u00e1ny\u00e1n kezdte \u00e9s a budapesti I. ker\u00fcleti Werb\u0151czy Re\u00e1lgimn\u00e1ziumban (ma Pet\u0151fi S\u00e1ndor Gimn\u00e1zium) fejezte be 1933-ban. Az 1933\/34. tan\u00e9vben beiratkozott a kir. m. P\u00e1zm\u00e1ny P\u00e9ter Tudom\u00e1nyegyetem Orvostudom\u00e1nyi Kar\u00e1ra. 1936. m\u00e1rcius 29-t\u0151l ment\u0151tisztk\u00e9nt szolg\u00e1lt. 1940. okt\u00f3ber 1-t\u0151l a II. sz. Szem\u00e9szeti Klinik\u00e1n (M\u00e1ria u.) d\u00edjtalan gyakornokk\u00e1 v\u00e1lasztott\u00e1k. Orvosi oklevel\u00e9t 1941. \u00e1prilis 5-\u00e9n vette \u00e1t. Katonai szolg\u00e1latot t\u00f6bb r\u00e9szletben teljes\u00edtett 1937. m\u00e1jus 15. \u00e9s 1946. j\u00fanius 17. k\u00f6z\u00f6tt, \u00f6sszesen 69 h\u00f3nap id\u0151tartamban. 1944. augusztus v\u00e9g\u00e9t\u0151l a 101. T\u00e1bori Szakorvosi Csoport k\u00f6tel\u00e9k\u00e9ben teljes\u00edtett harct\u00e9ri szolg\u00e1latot, \u00e9s egys\u00e9g\u00e9vel egy\u00fctt 1945 tavasz\u00e1n, Riedben amerikai fogs\u00e1gba esett. A hadifogs\u00e1gban k\u00f3rh\u00e1za tov\u00e1bb m\u0171k\u00f6d\u00f6tt \u00e9s csak 1946 m\u00e1jus\u00e1ban siker\u00fclt hazajutnia. Legmagasabb rendfokozata 2. oszt. z\u00e1szl\u00f3s (alhadnagy) volt.<\/p>\n<p>1946. szeptember 22-\u00e9n szem\u00e9sz szakorvosi k\u00e9pes\u00edt\u00e9st szerzett. 1947-ben d\u00edjas demonstr\u00e1tor, d\u00edjtalan gyakornokk\u00e1 min\u0151s\u00edtett\u00e9k. Az 1948\/49. tan\u00e9vben fizet\u00e9stelen tan\u00e1rseg\u00e9d, d\u00edjtalan gyakornok lett, 1949\/50-ben fizet\u00e9ses tan\u00e1rseg\u00e9d. 1950 janu\u00e1rj\u00e1t\u00f3l 1963 szeptember\u00e9ig mell\u00e9k\u00e1ll\u00e1sban a K\u00f6zponti \u00c1llami K\u00f3rh\u00e1z (K\u00fatv\u00f6lgyi) szem\u00e9szeti rendel\u00e9s\u00e9t is ell\u00e1tta. 1950. okt\u00f3ber 1-j\u00e9n adjunktusi kinevez\u00e9st nyert. 1953. janu\u00e1r 4-\u00e9n az I. sz. Szemklinika \u00e1llom\u00e1ny\u00e1ba ker\u00fclt. 1958. febru\u00e1r 27-\u00e9n \u00e9rte el a kandid\u00e1tusi fokozatot. 1960. szeptember 1-t\u0151l a Pest Megyei Tan\u00e1cs Semmelweis (R\u00f3kus) K\u00f3rh\u00e1za oszt\u00e1lyvezet\u0151 f\u0151orvosak\u00e9nt m\u0171k\u00f6d\u00f6tt tov\u00e1bb. 1963. szeptember 1-j\u00e9n a k\u00f3rh\u00e1z igazgat\u00f3 f\u0151orvos\u00e1v\u00e1 nevezt\u00e9k ki. 1967. janu\u00e1r 1-j\u00e9t\u0151l a K\u00f6zponti \u00c1llami K\u00f3rh\u00e1z igazgat\u00f3 f\u0151orvosak\u00e9nt dolgozott. 1970. j\u00falius 1-j\u00e9n tansz\u00e9kvezet\u0151 egyetemi tan\u00e1ri kinevez\u00e9st kapott a SOTE II. sz. Szem\u00e9szeti Klinik\u00e1j\u00e1ra. 1985-ben vonult nyugd\u00edjba.<\/p>\n<p style=\"text-align: justify\">F\u0151k\u00e9nt a retinalev\u00e1l\u00e1s gy\u00f3gy\u00edt\u00e1s\u00e1nak t\u00f6k\u00e9letes\u00edt\u00e9s\u00e9vel, a szem \u00e9s a kering\u00e9s \u00f6sszef\u00fcgg\u00e9seivel, valamint a szem k\u00f6rny\u00e9k\u00e9nek daganataival foglalkozott. \u00daj gy\u00f3gyszerelj\u00e1r\u00e1sokat \u00e9s m\u0171t\u00e9ti megold\u00e1sokat vezetett be. Ilyenek voltak a kryo-m\u0171t\u00e9tek glaukoma \u00e9s retinalev\u00e1l\u00e1s ellen, a szemfen\u00e9ki k\u00f3rk\u00e9pek kezel\u00e9se retrobulb\u00e1ris injekci\u00f3kkal vagy a retinalev\u00e1l\u00e1s plomb-bal val\u00f3 m\u0171t\u00e9te.<\/p>\n<p style=\"text-align: justify\">1946-ban bel\u00e9pett az Orvos-Eg\u00e9szs\u00e9g\u00fcgyi Szakszervezetbe. 1947-ben az MKP tagja lett, de p\u00e1rttags\u00e1ga 1956-ban a p\u00e1rttal egy\u00fctt megsz\u0171nt. Az MSZMP-be 1966-ban l\u00e9pett be. Tagja volt tov\u00e1bb\u00e1 a Magyar Szemorvos T\u00e1rsas\u00e1gnak (1946), a Magyar-Szovjet Bar\u00e1ti T\u00e1rsas\u00e1gnak (1946), a V\u00f6r\u00f6skeresztnek (1947), a Francia Szemorvos T\u00e1rsas\u00e1gnak (1964, tiszteletbeli tag), a Kor\u00e1nyi T\u00e1rsas\u00e1gnak, a Magyar Rehabilit\u00e1ci\u00f3s T\u00e1rsas\u00e1gnak \u00e9s a Gerontol\u00f3giai T\u00e1rsas\u00e1gnak. R\u00e9szt vett a Szem\u00e9szet szerkeszt\u0151bizotts\u00e1gi munk\u00e1j\u00e1ban.<\/p>\n<p style=\"text-align: justify\">Kit\u00fcntet\u00e9sei: \u00c9rdemes Orvos (1953), Kiv\u00e1l\u00f3 Orvos (1965), Semmelweis-eml\u00e9k\u00e9rem (1976), Munka \u00c9rdemrend arany fokozata (1985).<\/p>\n<p style=\"text-align: justify\"><strong>F\u0151bb munk\u00e1i:<\/strong> K\u00eds\u00e9rletes vizsg\u00e1latok az ablatio retinae elektrocoagulatios kezel\u00e9s\u00e9nek t\u00f6k\u00e9letes\u00edt\u00e9s\u00e9re. Kandid\u00e1tusi disszert\u00e1ci\u00f3. MTA TMB, Bp., 1954.<\/p>\n<p style=\"text-align: justify\"><strong>Nyughelye:<\/strong> Farkasr\u00e9ti temet\u0151 60-8\/0\/1\/566.<\/p>\n","protected":false},"excerpt":{"rendered":"<p><a href=\"https:\/\/semmelweis.hu\/baratikor\/files\/2023\/07\/Nemeth-Bela.jpg\"><\/a> (Nagyb\u00e1nya, 1916. janu\u00e1r 26. \u2013 Budapest, 1988. \u00e1prilis 28.) Tansz\u00e9k: II. sz. Szem\u00e9szeti Klinika 1970-1985. \u00c9rtelmis\u00e9gi csal\u00e1db\u00f3l sz\u00e1rmazott, \u00e9desapja tan\u00e1r volt. K\u00f6z\u00e9piskolai tanulm\u00e1nyait Nagyb\u00e1ny\u00e1n kezdte \u00e9s a budapesti I. ker\u00fcleti Werb\u0151czy Re\u00e1lgimn\u00e1ziumban (ma Pet\u0151fi S\u00e1ndor Gimn\u00e1zium) fejezte be 1933-ban. Az 1933\/34. tan\u00e9vben beiratkozott a kir. m. P\u00e1zm\u00e1ny P\u00e9ter Tudom\u00e1nyegyetem Orvostudom\u00e1nyi Kar\u00e1ra. 1936. m\u00e1rcius 29-t\u0151l ment\u0151tisztk\u00e9nt &hellip;<\/p>\n","protected":false},"author":282,"featured_media":5419,"parent":347,"menu_order":0,"comment_status":"closed","ping_status":"closed","template":"template-fullwidth.php","meta":{"_acf_changed":false,"footnotes":""},"categories":[77,14],"tags":[],"class_list":["post-2154","page","type-page","status-publish","has-post-thumbnail","hentry","category-kegyeleti-adattar","category-teljes-nevlista"],"acf":[],"_links":{"self":[{"href":"https:\/\/semmelweis.hu\/baratikor\/wp-json\/wp\/v2\/pages\/2154","targetHints":{"allow":["GET"]}}],"collection":[{"href":"https:\/\/semmelweis.hu\/baratikor\/wp-json\/wp\/v2\/pages"}],"about":[{"href":"https:\/\/semmelweis.hu\/baratikor\/wp-json\/wp\/v2\/types\/page"}],"author":[{"embeddable":true,"href":"https:\/\/semmelweis.hu\/baratikor\/wp-json\/wp\/v2\/users\/282"}],"replies":[{"embeddable":true,"href":"https:\/\/semmelweis.hu\/baratikor\/wp-json\/wp\/v2\/comments?post=2154"}],"version-history":[{"count":2,"href":"https:\/\/semmelweis.hu\/baratikor\/wp-json\/wp\/v2\/pages\/2154\/revisions"}],"predecessor-version":[{"id":4858,"href":"https:\/\/semmelweis.hu\/baratikor\/wp-json\/wp\/v2\/pages\/2154\/revisions\/4858"}],"up":[{"embeddable":true,"href":"https:\/\/semmelweis.hu\/baratikor\/wp-json\/wp\/v2\/pages\/347"}],"wp:featuredmedia":[{"embeddable":true,"href":"https:\/\/semmelweis.hu\/baratikor\/wp-json\/wp\/v2\/media\/5419"}],"wp:attachment":[{"href":"https:\/\/semmelweis.hu\/baratikor\/wp-json\/wp\/v2\/media?parent=2154"}],"wp:term":[{"taxonomy":"category","embeddable":true,"href":"https:\/\/semmelweis.hu\/baratikor\/wp-json\/wp\/v2\/categories?post=2154"},{"taxonomy":"post_tag","embeddable":true,"href":"https:\/\/semmelweis.hu\/baratikor\/wp-json\/wp\/v2\/tags?post=2154"}],"curies":[{"name":"wp","href":"https:\/\/api.w.org\/{rel}","templated":true}]}}