{"id":2152,"date":"2023-01-04T13:27:53","date_gmt":"2023-01-04T12:27:53","guid":{"rendered":"https:\/\/semmelweis.hu\/baratikor\/?page_id=2152"},"modified":"2023-10-12T11:41:59","modified_gmt":"2023-10-12T09:41:59","slug":"nyiro-gyula","status":"publish","type":"page","link":"https:\/\/semmelweis.hu\/baratikor\/galeria\/teljes-nevlista\/nyiro-gyula\/","title":{"rendered":"Ny\u00edr\u0151 Gyula"},"content":{"rendered":"<p style=\"text-align: justify\"><strong> <a href=\"https:\/\/semmelweis.hu\/baratikor\/files\/2023\/07\/Nyiro-5.jpg\"><img loading=\"lazy\" decoding=\"async\" class=\"alignleft size-medium wp-image-4869\" src=\"https:\/\/semmelweis.hu\/baratikor\/files\/2023\/07\/Nyiro-5-252x400.jpg\" alt=\"\" width=\"252\" height=\"400\" srcset=\"https:\/\/semmelweis.hu\/baratikor\/files\/2023\/07\/Nyiro-5-252x400.jpg 252w, https:\/\/semmelweis.hu\/baratikor\/files\/2023\/07\/Nyiro-5.jpg 630w\" sizes=\"auto, (max-width: 252px) 100vw, 252px\" \/><\/a> (<\/strong><strong>D\u00e9s, 1895. m\u00e1rcius 12.<\/strong><strong> \u2013 Budapest, 1966. m\u00e1jus 4.)<\/strong><\/p>\n<p style=\"text-align: justify\"><strong>Tansz\u00e9k: <\/strong>Elme-\u00e9s Idegk\u00f3rtani Klinika 1951. janu\u00e1r 24.-1957, Elmek\u00f3rtani Klinika 1957-1966.<\/p>\n<p style=\"text-align: justify\">Tanulm\u00e1nyait Erd\u00e9lyben v\u00e9gezte, orvosi oklevel\u00e9t Kolozsv\u00e1rott szerezte 1918. november 23-\u00e1n. Medikus \u00e9vei alatt k\u00e9tszer (1915. \u00e1pr. 28.-j\u00fal. 10., 1916. jan.-j\u00fan.) teljes\u00edtett katonai szolg\u00e1latot Kolozsv\u00e1rott, de szervi sz\u00edvbaj miatt, e\u00fc. szakaszvezet\u0151 rendfokozattal, leszerelt\u00e9k. 1917. m\u00e1rcius 20. \u00e9s 1918. december 1. k\u00f6z\u00f6tt a kolozsv\u00e1ri Elme- \u00e9s Idegklinik\u00e1n napid\u00edjas orvosgyakornokk\u00e9nt m\u0171k\u00f6d\u00f6tt Lechner K\u00e1roly mellett. 1918 december\u00e9t\u0151l a budapesti Lip\u00f3tmezei Elmegy\u00f3gyint\u00e9zetben dolgozott m\u00e1sodorvosk\u00e9nt 1921 szeptember\u00e9ig, amikor Szegedre t\u00e1vozott, ahol a Kolozsv\u00e1rr\u00f3l menek\u00fclt egyetem Idegklinik\u00e1j\u00e1n I. tan\u00e1rseg\u00e9di \u00e1ll\u00e1st kapott. 1926-ban mag\u00e1ntan\u00e1ri habilit\u00e1ci\u00f3t szerzett az elmek\u00f3rtani diagnosztika t\u00e1rgyk\u00f6r\u00e9ben. Innen 1927 febru\u00e1rj\u00e1ban visszat\u00e9rt a lip\u00f3tmezei int\u00e9zetbe, ahol f\u0151orvosk\u00e9nt dolgozott tov\u00e1bb. 1937-ben elme- ideggy\u00f3gy\u00e1szati szakk\u00e9pes\u00edt\u00e9st szerzett. 1937 janu\u00e1rj\u00e1ban az Angyalf\u00f6ldi Elmegy\u00f3gyint\u00e9zet igazgat\u00f3-f\u0151orvosa lett. 1938-ban egyetemi rendk\u00edv\u00fcli tan\u00e1ri c\u00edmet nyert. 1951. janu\u00e1r 24-\u00e9n megh\u00edv\u00e1st kapott az ELTE Orvostudom\u00e1nyi Kar\u00e1nak Elme- \u00e9s Idegk\u00f3rtani Klinik\u00e1ja \u00e9l\u00e9re egyetemi tan\u00e1ri beoszt\u00e1sban. A kar egy h\u00e9ten bel\u00fcl \u00f6n\u00e1ll\u00f3sult, \u00e9s Budapesti Orvostudom\u00e1nyi Egyetem n\u00e9ven m\u0171k\u00f6d\u00f6tt tov\u00e1bb. 1952-ben kandid\u00e1tusi fokozatot szerzett. M\u00e9g 1945-ben tagja lett a F\u00fcggetlen Kisgazda-, F\u00f6ldmunk\u00e1s- \u00e9s Polg\u00e1ri P\u00e1rtnak, 1947-ben bel\u00e9pett a Magyar Kommunista P\u00e1rtba, majd a p\u00e1rtegyes\u00fcl\u00e9skor \u00f6nm\u0171k\u00f6d\u0151en az MDP tagja lett, de 1956 ut\u00e1n nem \u00faj\u00edtotta meg tags\u00e1g\u00e1t. A T\u00f3th Ilona-per egyik elmegy\u00f3gy\u00e1sz orvos-szak\u00e9rt\u0151je volt, de 1957. febru\u00e1r 22-\u00e9n adott szakv\u00e9lem\u00e9nye nem t\u00e1masztotta al\u00e1 a v\u00e1dat. Az eg\u00e9szs\u00e9g\u00fcgyi miniszter m\u00e9g ebben az \u00e9vben \u00edr\u00e1sbeli megrov\u00e1sban r\u00e9szes\u00edtette. 1957-ben a klinika k\u00e9t r\u00e9szre v\u00e1lt, ekkort\u00f3l az Elmek\u00f3rtani Klinik\u00e1t vitte tov\u00e1bb.<\/p>\n<p style=\"text-align: justify\">Legfontosabb kutat\u00e1si ter\u00fclete a skizofr\u00e9nia volt. Le\u00edrta a betegs\u00e9g strukt\u00fara-elm\u00e9let\u00e9t \u00e9s Meduna L\u00e1szl\u00f3val egy\u00fctt kidolgozta a skizofr\u00e9nia cardiozal-, illetve elektrosokk-ter\u00e1pi\u00e1j\u00e1t. Orvost\u00f6rt\u00e9neti k\u00e9rd\u00e9sekkel is foglalkozott, \u00edgy Semmelweis hal\u00e1l\u00e1nak ok\u00e1val, amit \u0151 a szepszis okozta toxinfelsz\u00edv\u00f3d\u00e1snak tulajdon\u00edtott. Egy 2000-ben elv\u00e9gzett, sokkal fejlettebb elj\u00e1r\u00e1son alapul\u00f3 vizsg\u00e1lat ezt megc\u00e1folta, \u00e9s egy m\u00e1sik, 1965-ben megfogalmazott feltev\u00e9st igazolt, a szifiliszes eredet\u0171 le\u00e9p\u00fcl\u00e9sr\u0151l.<\/p>\n<p style=\"text-align: justify\">A Magyar K\u00f6zt\u00e1rsas\u00e1gi \u00c9rdem\u00e9rem arany fokozata (1950), a kiv\u00e1l\u00f3 orvos (1952) \u00e9s a Markusovszky-eml\u00e9k\u00e9rem (1960) elismer\u00e9sekben r\u00e9szes\u00fclt.<\/p>\n<p style=\"text-align: justify\"><strong>F\u0151bb munk\u00e1i:<\/strong> Elmek\u00f3rtan (Szab\u00f3 J\u00f3zseffel). Szeged, 1926.; Psychoanalisis. Bp., 1931.; Psychiatria. Egyetemi tank\u00f6nyv. Bp., 1961.; Semmelweis betegs\u00e9ge (Haranghy L\u00e1szl\u00f3val, Reg\u00f6ly-M\u00e9rei Gyul\u00e1val \u00e9s H\u00fcttl Tivadarral). Bp., 1965.<\/p>\n<p style=\"text-align: justify\"><strong>Nyughelye:<\/strong> Budapest, Farkasr\u00e9ti temet\u0151 5\/0\/1\/240.<\/p>\n\r\n        [slb_exclude]\r\n        <div class=\"row galeria-wrapper mx-0 h-auto\">\r\n            <div class=\"col-9 pl-0 pr-2\">\r\n            <span class=\"gallery-item frame\">\r\n\t\t\t\t<div class=\"galeria-left-img\"><a href=\"https:\/\/semmelweis.hu\/baratikor\/files\/2023\/07\/Nyiro-2.jpg\"><img src=https:\/\/semmelweis.hu\/baratikor\/files\/2023\/07\/Nyiro-2.jpg  \r\n                            alt=\"\" \r\n                            class=\"attachment-sote-gallery-big size-sote-gallery-big\" \r\n                            srcset=\"https:\/\/semmelweis.hu\/baratikor\/files\/2023\/07\/Nyiro-2-400x288.jpg 400w, https:\/\/semmelweis.hu\/baratikor\/files\/2023\/07\/Nyiro-2-768x554.jpg 768w, https:\/\/semmelweis.hu\/baratikor\/files\/2023\/07\/Nyiro-2-753x543.jpg 753w, https:\/\/semmelweis.hu\/baratikor\/files\/2023\/07\/Nyiro-2.jpg 1000w\" ><\/a><\/div>\r\n            <\/span>\r\n\r\n            <\/div>\r\n\r\n\t\t\t<div class=\"col-3 pl-0 pr-0\">\r\n\t\t\t\t<div class=\"galeria-right-img d-flex justify-content-between flex-column h-100 w-100 px-0 mx-0 \">\r\n                <div class=\"galeria-box\">\r\n\t\t\t\t\t<h3 class=\"galeria-title\">Gal\u00e9ria<\/h3>\r\n\t\t\t\t\t<div class=\"galeria-subtitle\">\r\n\r\n\t\t\t\t\t\t<div class=\"galeria-page-counter\"><span>5<\/span>k\u00e9p<\/div>\r\n                    <\/div> <\/div>\r\n                    <span class=\"gallery-item frame d-none d-md-flex\">\r\n\t\t\t\t\t<div class=\"galeria-small-img mt-0\"><a href=\"https:\/\/semmelweis.hu\/baratikor\/files\/2023\/07\/Nyiro-5.jpg\"><img src=https:\/\/semmelweis.hu\/baratikor\/files\/2023\/07\/Nyiro-5.jpg \r\n                                alt=\"\"  \r\n                                class=\"attachment-sote-gallery-small size-sote-gallery-small\" \r\n                                srcset=\"https:\/\/semmelweis.hu\/baratikor\/files\/2023\/07\/Nyiro-5-252x400.jpg 252w, https:\/\/semmelweis.hu\/baratikor\/files\/2023\/07\/Nyiro-5.jpg 630w\" ><\/a><\/div>\r\n                    <\/span>\r\n                    <span class=\"gallery-item frame d-none d-md-flex\">\r\n\t\t\t\t\t<div class=\"galeria-small-img mt-0\"><a href=\"https:\/\/semmelweis.hu\/baratikor\/files\/2023\/07\/Nyiro-7.jpg\"><img src=https:\/\/semmelweis.hu\/baratikor\/files\/2023\/07\/Nyiro-7.jpg \r\n                                alt=\"\" \r\n                                class=\"attachment-sote-gallery-small size-sote-gallery-small\" \r\n                                srcset=\"https:\/\/semmelweis.hu\/baratikor\/files\/2023\/07\/Nyiro-7-248x400.jpg 248w, https:\/\/semmelweis.hu\/baratikor\/files\/2023\/07\/Nyiro-7.jpg 619w\" ><\/a><\/div>\r\n                    <\/span>\r\n\r\n                <\/div>\r\n\r\n            <\/div>\r\n\r\n            <span class=\"gallery-item\"><div class=\"hidden\"><a href=\"https:\/\/semmelweis.hu\/baratikor\/files\/2023\/07\/Nyiro-Gyula.jpg\">\r\n        <img src=https:\/\/semmelweis.hu\/baratikor\/files\/2023\/07\/Nyiro-Gyula.jpg alt=\"\" class=\"attachment-sote-gallery-big size-sote-gallery-big\" srcset=\"https:\/\/semmelweis.hu\/baratikor\/files\/2023\/07\/Nyiro-Gyula-274x400.jpg 274w, https:\/\/semmelweis.hu\/baratikor\/files\/2023\/07\/Nyiro-Gyula.jpg 684w\" >\r\n        <\/a><\/div><\/span><span class=\"gallery-item\"><div class=\"hidden\"><a href=\"https:\/\/semmelweis.hu\/baratikor\/files\/2023\/07\/Nyiro-Gyula-fortepan_3545-Becs-1966.jpg\">\r\n        <img src=https:\/\/semmelweis.hu\/baratikor\/files\/2023\/07\/Nyiro-Gyula-fortepan_3545-Becs-1966.jpg alt=\"\" class=\"attachment-sote-gallery-big size-sote-gallery-big\" srcset=\"https:\/\/semmelweis.hu\/baratikor\/files\/2023\/07\/Nyiro-Gyula-fortepan_3545-Becs-1966-340x400.jpg 340w, https:\/\/semmelweis.hu\/baratikor\/files\/2023\/07\/Nyiro-Gyula-fortepan_3545-Becs-1966-768x904.jpg 768w, https:\/\/semmelweis.hu\/baratikor\/files\/2023\/07\/Nyiro-Gyula-fortepan_3545-Becs-1966-753x886.jpg 753w, https:\/\/semmelweis.hu\/baratikor\/files\/2023\/07\/Nyiro-Gyula-fortepan_3545-Becs-1966.jpg 850w\" >\r\n        <\/a><\/div><\/span>\r\n            <\/div>\r\n\r\n            [\/slb_exclude]\r\n\t\n","protected":false},"excerpt":{"rendered":"<p><a href=\"https:\/\/semmelweis.hu\/baratikor\/files\/2023\/07\/Nyiro-5.jpg\"><\/a> (D\u00e9s, 1895. m\u00e1rcius 12. \u2013 Budapest, 1966. m\u00e1jus 4.) Tansz\u00e9k: Elme-\u00e9s Idegk\u00f3rtani Klinika 1951. janu\u00e1r 24.-1957, Elmek\u00f3rtani Klinika 1957-1966. Tanulm\u00e1nyait Erd\u00e9lyben v\u00e9gezte, orvosi oklevel\u00e9t Kolozsv\u00e1rott szerezte 1918. november 23-\u00e1n. Medikus \u00e9vei alatt k\u00e9tszer (1915. \u00e1pr. 28.-j\u00fal. 10., 1916. jan.-j\u00fan.) teljes\u00edtett katonai szolg\u00e1latot Kolozsv\u00e1rott, de szervi sz\u00edvbaj miatt, e\u00fc. szakaszvezet\u0151 rendfokozattal, leszerelt\u00e9k. 1917. m\u00e1rcius 20. \u00e9s &hellip;<\/p>\n","protected":false},"author":282,"featured_media":5421,"parent":347,"menu_order":0,"comment_status":"closed","ping_status":"closed","template":"template-fullwidth.php","meta":{"_acf_changed":false,"footnotes":""},"categories":[77,14],"tags":[],"class_list":["post-2152","page","type-page","status-publish","has-post-thumbnail","hentry","category-kegyeleti-adattar","category-teljes-nevlista"],"acf":[],"_links":{"self":[{"href":"https:\/\/semmelweis.hu\/baratikor\/wp-json\/wp\/v2\/pages\/2152","targetHints":{"allow":["GET"]}}],"collection":[{"href":"https:\/\/semmelweis.hu\/baratikor\/wp-json\/wp\/v2\/pages"}],"about":[{"href":"https:\/\/semmelweis.hu\/baratikor\/wp-json\/wp\/v2\/types\/page"}],"author":[{"embeddable":true,"href":"https:\/\/semmelweis.hu\/baratikor\/wp-json\/wp\/v2\/users\/282"}],"replies":[{"embeddable":true,"href":"https:\/\/semmelweis.hu\/baratikor\/wp-json\/wp\/v2\/comments?post=2152"}],"version-history":[{"count":4,"href":"https:\/\/semmelweis.hu\/baratikor\/wp-json\/wp\/v2\/pages\/2152\/revisions"}],"predecessor-version":[{"id":4875,"href":"https:\/\/semmelweis.hu\/baratikor\/wp-json\/wp\/v2\/pages\/2152\/revisions\/4875"}],"up":[{"embeddable":true,"href":"https:\/\/semmelweis.hu\/baratikor\/wp-json\/wp\/v2\/pages\/347"}],"wp:featuredmedia":[{"embeddable":true,"href":"https:\/\/semmelweis.hu\/baratikor\/wp-json\/wp\/v2\/media\/5421"}],"wp:attachment":[{"href":"https:\/\/semmelweis.hu\/baratikor\/wp-json\/wp\/v2\/media?parent=2152"}],"wp:term":[{"taxonomy":"category","embeddable":true,"href":"https:\/\/semmelweis.hu\/baratikor\/wp-json\/wp\/v2\/categories?post=2152"},{"taxonomy":"post_tag","embeddable":true,"href":"https:\/\/semmelweis.hu\/baratikor\/wp-json\/wp\/v2\/tags?post=2152"}],"curies":[{"name":"wp","href":"https:\/\/api.w.org\/{rel}","templated":true}]}}