{"id":2150,"date":"2023-01-04T13:27:16","date_gmt":"2023-01-04T12:27:16","guid":{"rendered":"https:\/\/semmelweis.hu\/baratikor\/?page_id=2150"},"modified":"2023-01-09T11:29:45","modified_gmt":"2023-01-09T10:29:45","slug":"neuber-ede","status":"publish","type":"page","link":"https:\/\/semmelweis.hu\/baratikor\/galeria\/teljes-nevlista\/neuber-ede\/","title":{"rendered":"Neuber Ede"},"content":{"rendered":"<p style=\"text-align: justify\"><strong>(<\/strong><strong>Munk\u00e1cs, 1882. febru\u00e1r 3.<\/strong><strong> \u2013 Mittelberg, Ausztria 1946. febru\u00e1r 2.)<\/strong><\/p>\n<p style=\"text-align: justify\"><strong>Tansz\u00e9k: <\/strong>B\u0151rgy\u00f3gy\u00e1szati Klinika 1938-1944.<\/p>\n<p style=\"text-align: justify\">Teljes nev\u00e9n Neuber Ede Gyula Antal. Katonaorvos csal\u00e1db\u00f3l sz\u00e1rmazott, \u00e9desapja t\u00e1bornoki rendfokozat\u00fa f\u0151t\u00f6rzsorvos, \u00e9desanyja b\u00e1r\u00f3n\u0151 volt. Pontos sz\u00fclet\u00e9si helye V\u00e1rpal\u00e1nka, Munk\u00e1cs egyik r\u00e9sze. Orvosi diplom\u00e1j\u00e1t 1905. okt\u00f3ber 14-\u00e9n vette \u00e1t a budapesti tudom\u00e1nyegyetemen. M\u00e1r di\u00e1k\u00e9vei alatt, 1903-t\u00f3l kezdve k\u00fcl\u00f6nb\u00f6z\u0151 egyetemi int\u00e9zetekben dolgozott. Klug N\u00e1ndorn\u00e1l \u00e9lettant, Lenhoss\u00e9k Mih\u00e1lyn\u00e1l anat\u00f3mi\u00e1t, Pertik Ott\u00f3 int\u00e9zet\u00e9ben patol\u00f3gi\u00e1t tanult. 1907-ben tan\u00e1rseg\u00e9dk\u00e9nt ker\u00fclt \u00e1t a B\u0151rgy\u00f3gy\u00e1szati Klinik\u00e1ra N\u00e9k\u00e1m Lajos mell\u00e9. 1908-ban \u00e1llami \u00f6szt\u00f6nd\u00edjjal hosszabb Nyugat- \u00e9s d\u00e9l-eur\u00f3pai tanulm\u00e1ny\u00fatra indult, melynek sor\u00e1n p\u00e1rizsi, londoni, berlini, alg\u00edri \u00e9s spanyol klinik\u00e1kat l\u00e1togatott v\u00e9gig. 1911-ben t\u00e9rt haza, ahol adjunktusi kinevez\u00e9s v\u00e1rta. A vil\u00e1gh\u00e1bor\u00fat, az apai hagyom\u00e1nyokat k\u00f6vetve, ezredorvosk\u00e9nt szolg\u00e1lta v\u00e9gig. K\u00f6zben, 1915-ben mag\u00e1ntan\u00e1ri k\u00e9pes\u00edt\u00e9st szerzett a b\u0151r- \u00e9s nemibetegs\u00e9gek patol\u00f3gi\u00e1ja \u00e9s k\u00f3rsz\u00f6vettana t\u00e1rgyk\u00f6rben. 1921-ben megh\u00edvt\u00e1k a debreceni Tisza Istv\u00e1n Tudom\u00e1nyegyetemre tansz\u00e9kvezet\u0151 nyilv\u00e1nos rendes tan\u00e1rnak a B\u0151rgy\u00f3gy\u00e1szati Klinika \u00e9l\u00e9re. Debrecenben az 1931\/32. tan\u00e9vben rektorr\u00e1 v\u00e1lasztott\u00e1k, majd k\u00e9t \u00e9s f\u00e9l tan\u00e9ven \u00e1t viselte az Orvostudom\u00e1nyi Kar d\u00e9k\u00e1ni m\u00e9lt\u00f3s\u00e1g\u00e1t (1935\/36. II. f\u00e9l\u00e9v &#8211; 1937\/38.). 1936-1938 k\u00f6z\u00f6tt az egyetem k\u00e9pviselet\u00e9ben a fels\u0151h\u00e1z tagja volt. 1938. m\u00e1jus 6-\u00e1n az MTA levelez\u0151 tagj\u00e1v\u00e1 v\u00e1lasztotta. 1938-ban visszah\u00edvt\u00e1k Budapestre, \u00e9s nyugd\u00edjba vonul\u00f3 mester\u00e9t\u0151l \u00e1tvette az itteni B\u0151rgy\u00f3gy\u00e1szati Klinika ir\u00e1ny\u00edt\u00e1s\u00e1t. 1943. m\u00e1jus 14-\u00e9n lett az MTA rendes tagja. 1944 v\u00e9g\u00e9n, a k\u00f6zeled\u0151 V\u00f6r\u00f6s Hadsereg el\u0151l N\u00e9metorsz\u00e1gba menek\u00fclt, majd Ausztria legnyugatibb, Vorarlberg tartom\u00e1ny\u00e1ban halt meg. Id\u0151k\u00f6zben itthon, 1945 m\u00e1jus\u00e1ban, t\u00e1voll\u00e9t\u00e9ben megfosztott\u00e1k \u00e1ll\u00e1s\u00e1t\u00f3l \u00e9s nyugd\u00edjig\u00e9ny\u00e9t\u0151l.<\/p>\n<p style=\"text-align: justify\">F\u0151k\u00e9nt a b\u0151r gomb\u00e1s megbeteged\u00e9seivel foglalkozott, haz\u00e1nkban az \u0151 kezdem\u00e9nyez\u00e9s\u00e9re indultak meg az ilyen ir\u00e1ny\u00fa sz\u0171r\u0151vizsg\u00e1latok. Kidolgozta az orr-, g\u00e9ge- \u00e9s garatscleroma fajlagos immunit\u00e1st kiv\u00e1lt\u00f3 ter\u00e1pi\u00e1j\u00e1t, a b\u0151rtuberkul\u00f3zis kombin\u00e1lt gy\u00f3gykezel\u00e9s\u00e9t. El\u0151\u00e1ll\u00edtotta a sug\u00e1rgomba-betegs\u00e9g (aktinomik\u00f3zis) v\u00e9d\u0151olt\u00e1s\u00e1t, melyhez a betegs\u00e9gen m\u00e1r \u00e1tesett szem\u00e9lyek v\u00e9rsav\u00f3j\u00e1t haszn\u00e1lta. Els\u0151k\u00e9nt ismerte fel a forr\u00f3 \u00e9g\u00f6vi eredet\u0171 filari\u00e1zis hazai megjelen\u00e9s\u00e9t, \u00e9s egy \u00faj, \u00fan. mal\u00e1riabeolt\u00e1sos elj\u00e1r\u00e1st dolgozott ki a k\u00f3rokoz\u00f3 fon\u00e1lf\u00e9reg elpuszt\u00edt\u00e1s\u00e1ra. Farmakol\u00f3giai kutat\u00e1sokat is v\u00e9gzett, szifilisz elleni \u00faj gy\u00f3gyk\u00e9sz\u00edtm\u00e9nyek kidolgoz\u00e1s\u00e1ra. T\u00e1rsadalmi eg\u00e9szs\u00e9gv\u00e9delemmel is foglalkozott, hozz\u00e1j\u00e1rult a b\u0151rgy\u00f3gy\u00e1szati sz\u0171r\u00e9sek megind\u00edt\u00e1s\u00e1hoz \u00e9s a nemi \u00faton terjed\u0151 betegs\u00e9gek elleni megel\u0151z\u0151 k\u00fczdelem szervez\u00e9s\u00e9hez.<\/p>\n<p style=\"text-align: justify\">Sz\u00e1mos hazai \u00e9s k\u00fclf\u00f6ldi szakmai t\u00e1rsas\u00e1g tagja volt: Magyar Dermatol\u00f3giai T\u00e1rsulat (eln\u00f6k), Magyar Hygi\u00e9nikus T\u00e1rsas\u00e1g (aleln\u00f6k), Orsz\u00e1gos Antiveneri\u00e1s Bizotts\u00e1g (eln\u00f6k). Tiszteletbeli tagja volt az Osztr\u00e1k Dermatol\u00f3giai \u00e9s Venerol\u00f3giai T\u00e1rsas\u00e1gnak (\u00d6sterreichische Gesellschaft f\u00fcr Dermatologie und Venerologie), a berlini N\u00e9met Dermatol\u00f3giai T\u00e1rsas\u00e1gnak (Deutsche Dermatologische Gesellschaft), a hamburgi \u00c9szakn\u00e9met Dermatol\u00f3giai T\u00e1rsas\u00e1gnak (Norddeutsche Dermatologische Gesellschaft), az Olasz Dermatol\u00f3giai T\u00e1rsas\u00e1gnak (Societ\u00e0 Italiana di Dermatologia), valamint a madridi sz\u00e9khely\u0171 Spanyol F\u00fcl-orr-g\u00e9g\u00e9szeti T\u00e1rsas\u00e1gnak (Sociedad Espa\u00f1ola de Otorrinolaringolog\u00eda). Levelez\u0151 tagja volt a Holland Dermatol\u00f3giai \u00e9s Venerol\u00f3giai Egyes\u00fcletnek (Nederlandse Vereniging voor Dermatologie en Venereologie) \u00e9s az Amerikai Dermatol\u00f3giai Sz\u00f6vets\u00e9gnek (American Dermatological Association). 1941-ben Corvin-koszor\u00faval t\u00fcntett\u00e9k ki. 1944-ben a bonni egyetem tiszteletbeli doktor\u00e1nak v\u00e1lasztotta.<\/p>\n<p style=\"text-align: justify\"><strong>F\u0151bb munk\u00e1i:<\/strong> Vizsg\u00e1latok a rhinosclerom\u00e1r\u00f3l (Goldzieher Miks\u00e1val)<em>.<\/em> Bp., 1909.; A Wassermann-f\u00e9le syphilisreactio \u00e9rt\u00e9ke a gyakorlatban (Guszmann J\u00f3zseffel) Bp., 1909.; Az elektromos colloid-f\u00e9mek n\u00e9mely alkalmaz\u00e1s\u00e1r\u00f3l. Bp., 1909.; Befoly\u00e1solja-e a k\u00e9nes\u0151kezel\u00e9s a szervezet v\u00e9d\u0151anyagait? Bp., 1910.; Az \u00f6r\u00f6kl\u00e9si \u00e9s fajfenntart\u00e1si hygienia alapjai. Bp., 1935.; A f\u0151iskolai ifj\u00fas\u00e1g eg\u00e9szs\u00e9gv\u00e9delme. Bp., 1937.; Ifj\u00fas\u00e1gunk eg\u00e9szs\u00e9gv\u00e9delme. Sz\u00e9kfoglal\u00f3, elhang.: 1939.II.20., In: Mathematikai \u00e9s Term\u00e9szettud. \u00c9rtes\u00edt\u0151, 1939.; A b\u0151rtuberkul\u00f3zis \u00faj gy\u00f3gym\u00f3dja. Sz\u00e9kfoglal\u00f3, elhang.: 1943.XII.15., In: Mathematikai \u00e9s Term\u00e9szettud. \u00c9rtes\u00edt\u0151, 1943.<\/p>\n<p style=\"text-align: justify\"><strong>Nyughelye:<\/strong> nincs adat, feltehet\u0151en elhunyta helysz\u00edn\u00e9n van eltemetve.<\/p>\n","protected":false},"excerpt":{"rendered":"<p>(Munk\u00e1cs, 1882. febru\u00e1r 3. \u2013 Mittelberg, Ausztria 1946. febru\u00e1r 2.) Tansz\u00e9k: B\u0151rgy\u00f3gy\u00e1szati Klinika 1938-1944. Teljes nev\u00e9n Neuber Ede Gyula Antal. Katonaorvos csal\u00e1db\u00f3l sz\u00e1rmazott, \u00e9desapja t\u00e1bornoki rendfokozat\u00fa f\u0151t\u00f6rzsorvos, \u00e9desanyja b\u00e1r\u00f3n\u0151 volt. Pontos sz\u00fclet\u00e9si helye V\u00e1rpal\u00e1nka, Munk\u00e1cs egyik r\u00e9sze. Orvosi diplom\u00e1j\u00e1t 1905. okt\u00f3ber 14-\u00e9n vette \u00e1t a budapesti tudom\u00e1nyegyetemen. M\u00e1r di\u00e1k\u00e9vei alatt, 1903-t\u00f3l kezdve k\u00fcl\u00f6nb\u00f6z\u0151 egyetemi int\u00e9zetekben &hellip;<\/p>\n","protected":false},"author":282,"featured_media":0,"parent":347,"menu_order":0,"comment_status":"closed","ping_status":"closed","template":"template-fullwidth.php","meta":{"_acf_changed":false,"footnotes":""},"categories":[77,14],"tags":[],"class_list":["post-2150","page","type-page","status-publish","hentry","category-kegyeleti-adattar","category-teljes-nevlista"],"acf":[],"_links":{"self":[{"href":"https:\/\/semmelweis.hu\/baratikor\/wp-json\/wp\/v2\/pages\/2150","targetHints":{"allow":["GET"]}}],"collection":[{"href":"https:\/\/semmelweis.hu\/baratikor\/wp-json\/wp\/v2\/pages"}],"about":[{"href":"https:\/\/semmelweis.hu\/baratikor\/wp-json\/wp\/v2\/types\/page"}],"author":[{"embeddable":true,"href":"https:\/\/semmelweis.hu\/baratikor\/wp-json\/wp\/v2\/users\/282"}],"replies":[{"embeddable":true,"href":"https:\/\/semmelweis.hu\/baratikor\/wp-json\/wp\/v2\/comments?post=2150"}],"version-history":[{"count":1,"href":"https:\/\/semmelweis.hu\/baratikor\/wp-json\/wp\/v2\/pages\/2150\/revisions"}],"predecessor-version":[{"id":2151,"href":"https:\/\/semmelweis.hu\/baratikor\/wp-json\/wp\/v2\/pages\/2150\/revisions\/2151"}],"up":[{"embeddable":true,"href":"https:\/\/semmelweis.hu\/baratikor\/wp-json\/wp\/v2\/pages\/347"}],"wp:attachment":[{"href":"https:\/\/semmelweis.hu\/baratikor\/wp-json\/wp\/v2\/media?parent=2150"}],"wp:term":[{"taxonomy":"category","embeddable":true,"href":"https:\/\/semmelweis.hu\/baratikor\/wp-json\/wp\/v2\/categories?post=2150"},{"taxonomy":"post_tag","embeddable":true,"href":"https:\/\/semmelweis.hu\/baratikor\/wp-json\/wp\/v2\/tags?post=2150"}],"curies":[{"name":"wp","href":"https:\/\/api.w.org\/{rel}","templated":true}]}}