{"id":215,"date":"2022-06-21T08:19:31","date_gmt":"2022-06-21T06:19:31","guid":{"rendered":"https:\/\/semmelweis.hu\/baratikor\/?p=215"},"modified":"2023-10-11T13:52:46","modified_gmt":"2023-10-11T11:52:46","slug":"antoni-ferenc","status":"publish","type":"page","link":"https:\/\/semmelweis.hu\/baratikor\/galeria\/teljes-nevlista\/antoni-ferenc\/","title":{"rendered":"Antoni Ferenc"},"content":{"rendered":"<p style=\"text-align: justify\"><strong> <a href=\"https:\/\/semmelweis.hu\/baratikor\/files\/2022\/05\/Antoni-Ferenc-3.-49.-fond-IV-1..jpg\"><img loading=\"lazy\" decoding=\"async\" class=\"wp-image-217 size-medium alignleft\" src=\"https:\/\/semmelweis.hu\/baratikor\/files\/2022\/05\/Antoni-Ferenc-3.-49.-fond-IV-1.-263x400.jpg\" alt=\"\" width=\"268\" height=\"400\" \/><\/a>(Budapest, 1928. febru\u00e1r 23. \u2013 Budapest, 1991. okt\u00f3ber 8.)<\/strong><\/p>\n<p style=\"text-align: justify\"><strong>Rektor: 1973-1979<\/strong><\/p>\n<p style=\"text-align: justify\">Orvosi oklevel\u00e9t a Budapesti Orvostudom\u00e1nyi Egyetemen kapta 1953. augusztus 10-\u00e9n. Tanulm\u00e1nyai alatt 1948-t\u00f3l a Straub F. Brun\u00f3 vezette Biok\u00e9miai Int\u00e9zetben dolgozott, 1951-t\u0151l demonstr\u00e1tork\u00e9nt. 1953-1957 k\u00f6z\u00f6tt Sz\u00f6r\u00e9nyi Imre professzor mellett az MTA Biok\u00e9miai Int\u00e9zet\u00e9ben m\u0171k\u00f6d\u00f6tt aspir\u00e1nsk\u00e9nt, majd visszaker\u00fclt az egyetem hasonl\u00f3 nev\u0171 int\u00e9zet\u00e9be el\u0151bb tan\u00e1rseg\u00e9di (1957-1958), majd adjunktusi (1958-1960) beoszt\u00e1sban. K\u00f6zben 1960\/1961-ben egy \u00e9vet t\u00f6lt\u00f6tt a Glasgow-i egyetemen James Norman Davidson professzor mellett a British Council \u00f6szt\u00f6nd\u00edjasak\u00e9nt, ahol a nukleinsavakkal foglalkozott. 1961-ben kinevez\u00e9st kapott az Orsz\u00e1gos Sug\u00e1rbiol\u00f3giai Kutat\u00f3 Int\u00e9zet biok\u00e9miai oszt\u00e1lya \u00e9l\u00e9re. Innen 1963-ban, 9 h\u00f3napos k\u00f6lni tanulm\u00e1ny\u00fat ut\u00e1n a B\u00e9csben sz\u00e9kel\u0151 Nemzetk\u00f6zi Atomenergia \u00dcgyn\u00f6ks\u00e9g biol\u00f3giai oszt\u00e1ly\u00e1ra ker\u00fclt, amelynek k\u00e9s\u0151bb vezet\u0151je volt 1969-ig. Hazat\u00e9rve r\u00f6vid ideig \u00fajra az Orsz\u00e1gos Sug\u00e1rbiol\u00f3giai Int\u00e9zet biok\u00e9miai oszt\u00e1ly\u00e1t vezette, illetve az int\u00e9zet igazgat\u00f3helyettese volt, majd 1970. j\u00falius 1-j\u00e9n kinevezt\u00e9k a Semmelweis Orvostudom\u00e1nyi Egyetem Orvosi Vegytani Int\u00e9zete (k\u00e9s\u0151bb I. sz. K\u00e9miai &#8211; Biok\u00e9miai Int\u00e9zet) igazgat\u00f3j\u00e1nak, ahol 1991 okt\u00f3ber\u00e9ben bek\u00f6vetkezett hal\u00e1l\u00e1ig m\u0171k\u00f6d\u00f6tt. Egyidej\u0171leg az Orsz\u00e1gos Atomenergia \u00dcgyn\u00f6ks\u00e9g k\u00fcl\u00fcgyi oszt\u00e1ly\u00e1t is vezette. Tagja volt sz\u00e1mos hazai \u00e9s nemzetk\u00f6zi szakmai szervezetnek (Magyar Sportorvos T\u00e1rsas\u00e1g eln\u00f6ke 1977-t\u0151l, Magyar K\u00f6rnyezetv\u00e9delmi Egyes\u00fclet eln\u00f6ke1988-t\u00f3l, Magyar Biok\u00e9miai Egyes\u00fclet aleln\u00f6ke, ETT eln\u00f6ks\u00e9gi tagja stb.), illetve szerkeszt\u0151bizotts\u00e1gnak. T\u00f6bb rangos kit\u00fcntet\u00e9s tulajdonosa (pl. Br\u00fcsszeli Egyetem eml\u00e9k\u00e9rme \u2013 1974, Bari Egyetem eml\u00e9k\u00e9rme \u2013 1975, Munka\u00e9rdemrend arany fokozata &#8211; 1976, Osztr\u00e1k K\u00f6zt\u00e1rsas\u00e1g\u00e9rt \u00c9rdemrend &#8211; 1978, Jancs\u00f3 Mikl\u00f3s eml\u00e9k\u00e9rem \u2013 1979, Semmelweis Ign\u00e1c eml\u00e9k\u00e9rem \u2013 1983, Szocialista Magyarorsz\u00e1g\u00e9rt \u00c9rdemrend &#8211; 1988 stb.). 1961-ben a biol\u00f3giai tudom\u00e1nyok kandid\u00e1tusa, majd 1970-ben doktora min\u0151s\u00edt\u00e9st szerzett. 1976-t\u00f3l az MTA levelez\u0151, 1985-t\u0151l rendes tagja. 1972\/73-ban az egyetem oktat\u00e1si rektorhelyettese, majd 1973-1979 k\u00f6z\u00f6tt k\u00e9t ciklusban rektora volt.<\/p>\n<p style=\"text-align: justify\">P\u00e1ly\u00e1ja elej\u00e9n arra kereste a v\u00e1laszt hogyan j\u00e1rulnak hozz\u00e1 a makromolekul\u00e1k a k\u00e9miai energia fizikai izommozg\u00e1ss\u00e1 val\u00f3 \u00e1talak\u00edt\u00e1s\u00e1hoz. K\u00e9s\u0151bb figyelme a feh\u00e9rjek\u00e9mia sug\u00e1rbiol\u00f3giai vonatkoz\u00e1saira ir\u00e1nyult, \u00e9s ez meghat\u00e1rozta tudom\u00e1nyos p\u00e1ly\u00e1j\u00e1nak f\u0151 vonulat\u00e1t. Sug\u00e1rbiol\u00f3giai kutat\u00e1sai vezett\u00e9k el a szervezet immunfolyamatainak h\u00e1tter\u00e9ben v\u00e9gbemen\u0151 biok\u00e9miai szab\u00e1lyoz\u00f3mechanizmusok vizsg\u00e1lat\u00e1hoz. \u00c1ltal\u00e1nosabb \u00e9lettani\u00a0 szempontb\u00f3l munkat\u00e1rsaival egy\u00fctt felt\u00e1rta a hasny\u00e1lmirigy- \u00e9s a m\u00e1jm\u0171k\u00f6d\u00e9s biok\u00e9miai szab\u00e1lyoz\u00f3rendszer\u00e9t, a v\u00e9rplazma feh\u00e9rj\u00e9inek aktivit\u00e1s\u00e1t. Sug\u00e1rbiol\u00f3giai kutat\u00e1si eredm\u00e9nyeit igyekezett a gyakorlatba is \u00e1t\u00fcltetni. Vizsg\u00e1lta az ioniz\u00e1l\u00f3 sug\u00e1rz\u00e1s ipari alkalmaz\u00e1s\u00e1nak lehet\u0151s\u00e9geit, bevezette Magyarorsz\u00e1gon az orvosi eszk\u00f6z\u00f6k \u00e9s anyagok sug\u00e1rsteriliz\u00e1l\u00e1s\u00e1t. A Nemzetk\u00f6zi Atomenergia-\u00fcgyn\u00f6ks\u00e9g \u00e9s az Eg\u00e9szs\u00e9g\u00fcgyi Vil\u00e1gszervezet sz\u00e1m\u00e1ra aj\u00e1nl\u00e1sokat k\u00e9sz\u00edtett a gy\u00f3gyszerek \u00e9s gy\u00f3gy\u00e1szati eszk\u00f6z\u00f6k sug\u00e1rsteriliz\u00e1l\u00e1s\u00e1t c\u00e9lz\u00f3 nemzetk\u00f6zi szabv\u00e1ny kidolgoz\u00e1s\u00e1hoz. 1982-ben kor\u00e1bbi feh\u00e9rjek\u00e9miai kutat\u00e1sai alapj\u00e1n kezdem\u00e9nyezte egy \u00e1llatorvosi c\u00e9l\u00fa, a sz\u00e1j- \u00e9s k\u00f6r\u00f6mf\u00e1j\u00e1s kezel\u00e9s\u00e9re alkalmas szintetikus peptidvakcina bevezet\u00e9s\u00e9t, amelynek el\u0151\u00e1ll\u00edt\u00e1sa \u00e9s haszn\u00e1lata 1987-ben indult meg. \u00c9lete utols\u00f3 szakasz\u00e1ban t\u00e1pl\u00e1lkoz\u00e1studom\u00e1nnyal, a t\u00e1pl\u00e1lkoz\u00e1s \u00e9s k\u00fcl\u00f6n\u00f6sen a sz\u00e9nhidr\u00e1tbevitel biok\u00e9miai vonatkoz\u00e1saival is foglalkozott.<\/p>\n<p style=\"text-align: justify\">(F\u0151bb munk\u00e1i: Szeml\u00e9ltet\u0151 biok\u00e9mia: Biok\u00e9miai folyamatok \u00e1bragy\u0171jtem\u00e9nye. Bp., 1972.; Biok\u00e9mia: Aminosavak \u00e9s nukleotidok anyagcser\u00e9je, feh\u00e9rj\u00e9k \u00e9s nukleinsavak katabolizmusa. Bp. 1976. \/Farag\u00f3 Ann\u00e1val \u00e9s Vodny\u00e1nszky Lajossal\/; A lipidanyagcsere biok\u00e9mi\u00e1ja. Bp., 1977. \/T\u00f3th Mikl\u00f3ssal \u00e9s Garz\u00f3 Tam\u00e1ssal\/; Tonsils structure, immunology and biochemistry. Bp., 1978. \/szerz\u0151t\u00e1rsakkal\/; A m\u00e1j n\u00e9h\u00e1ny fontosabb biok\u00e9miai funkci\u00f3ja. Bp., 1980.; A pajzsmirigym\u0171k\u00f6d\u00e9s \u00e9lettani alapjai. Bp., 1980. \/F\u00f6ldes J\u00e1nossal\/; A v\u00e9rplazma biok\u00e9mi\u00e1ja. Bp., 1980. \/P\u00e1pai M\u00e1ri\u00e1val\/; Az emberi t\u00e1pl\u00e1lkoz\u00e1s alapjai. Bp., 1991. \/Morava Endr\u00e9vel\/; Orvosi k\u00e9mia: Feladatgy\u0171jtem\u00e9ny \u00e1ltal\u00e1nos \u00e9s fogorvostanhallgat\u00f3k sz\u00e1m\u00e1ra. Bp., 1995.)<\/p>\n<p style=\"text-align: justify\">Forr\u00e1s: Wikip\u00e9dia: https:\/\/hu.wikipedia.org\/wiki\/Antoni_Ferenc (utols\u00f3 l\u00e1togat\u00e1s: 2018.12.27.)<\/p>\n<p><strong><a href=\"https:\/\/semmelweis.hu\/baratikor\/galeria\/teljes-nevlista\/antoni-ferenc\/antoni-ferenc-5-49-fond-iv-1\/\"><img loading=\"lazy\" decoding=\"async\" class=\"alignnone wp-image-216 size-medium\" src=\"https:\/\/semmelweis.hu\/baratikor\/files\/2022\/05\/Antoni-Ferenc-5.-49.-fond-IV-1.-380x400.jpg\" alt=\"\" width=\"380\" height=\"400\" srcset=\"https:\/\/semmelweis.hu\/baratikor\/files\/2022\/05\/Antoni-Ferenc-5.-49.-fond-IV-1.-380x400.jpg 380w, https:\/\/semmelweis.hu\/baratikor\/files\/2022\/05\/Antoni-Ferenc-5.-49.-fond-IV-1.-768x809.jpg 768w, https:\/\/semmelweis.hu\/baratikor\/files\/2022\/05\/Antoni-Ferenc-5.-49.-fond-IV-1.-753x793.jpg 753w, https:\/\/semmelweis.hu\/baratikor\/files\/2022\/05\/Antoni-Ferenc-5.-49.-fond-IV-1..jpg 949w\" sizes=\"auto, (max-width: 380px) 100vw, 380px\" \/><img loading=\"lazy\" decoding=\"async\" class=\"alignnone wp-image-746 size-full\" src=\"https:\/\/semmelweis.hu\/baratikor\/files\/2022\/06\/003_11.jpg\" alt=\"\" width=\"295\" height=\"370\" \/><\/a><\/strong><\/p>\n","protected":false},"excerpt":{"rendered":"<p><a href=\"https:\/\/semmelweis.hu\/baratikor\/files\/2022\/05\/Antoni-Ferenc-3.-49.-fond-IV-1..jpg\"><\/a> (Budapest, 1928. febru\u00e1r 23. \u2013 Budapest, 1991. okt\u00f3ber 8.) Rektor: 1973-1979 Orvosi oklevel\u00e9t a Budapesti Orvostudom\u00e1nyi Egyetemen kapta 1953. augusztus 10-\u00e9n. Tanulm\u00e1nyai alatt 1948-t\u00f3l a Straub F. Brun\u00f3 vezette Biok\u00e9miai Int\u00e9zetben dolgozott, 1951-t\u0151l demonstr\u00e1tork\u00e9nt. 1953-1957 k\u00f6z\u00f6tt Sz\u00f6r\u00e9nyi Imre professzor mellett az MTA Biok\u00e9miai Int\u00e9zet\u00e9ben m\u0171k\u00f6d\u00f6tt aspir\u00e1nsk\u00e9nt, majd visszaker\u00fclt az egyetem hasonl\u00f3 nev\u0171 int\u00e9zet\u00e9be el\u0151bb tan\u00e1rseg\u00e9di &hellip;<\/p>\n","protected":false},"author":282,"featured_media":5343,"parent":347,"menu_order":0,"comment_status":"closed","ping_status":"closed","template":"template-fullwidth.php","meta":{"_acf_changed":false,"footnotes":""},"categories":[77,5,14],"tags":[],"class_list":["post-215","page","type-page","status-publish","has-post-thumbnail","hentry","category-kegyeleti-adattar","category-rektorok","category-teljes-nevlista"],"acf":[],"_links":{"self":[{"href":"https:\/\/semmelweis.hu\/baratikor\/wp-json\/wp\/v2\/pages\/215","targetHints":{"allow":["GET"]}}],"collection":[{"href":"https:\/\/semmelweis.hu\/baratikor\/wp-json\/wp\/v2\/pages"}],"about":[{"href":"https:\/\/semmelweis.hu\/baratikor\/wp-json\/wp\/v2\/types\/page"}],"author":[{"embeddable":true,"href":"https:\/\/semmelweis.hu\/baratikor\/wp-json\/wp\/v2\/users\/282"}],"replies":[{"embeddable":true,"href":"https:\/\/semmelweis.hu\/baratikor\/wp-json\/wp\/v2\/comments?post=215"}],"version-history":[{"count":7,"href":"https:\/\/semmelweis.hu\/baratikor\/wp-json\/wp\/v2\/pages\/215\/revisions"}],"predecessor-version":[{"id":1447,"href":"https:\/\/semmelweis.hu\/baratikor\/wp-json\/wp\/v2\/pages\/215\/revisions\/1447"}],"up":[{"embeddable":true,"href":"https:\/\/semmelweis.hu\/baratikor\/wp-json\/wp\/v2\/pages\/347"}],"wp:featuredmedia":[{"embeddable":true,"href":"https:\/\/semmelweis.hu\/baratikor\/wp-json\/wp\/v2\/media\/5343"}],"wp:attachment":[{"href":"https:\/\/semmelweis.hu\/baratikor\/wp-json\/wp\/v2\/media?parent=215"}],"wp:term":[{"taxonomy":"category","embeddable":true,"href":"https:\/\/semmelweis.hu\/baratikor\/wp-json\/wp\/v2\/categories?post=215"},{"taxonomy":"post_tag","embeddable":true,"href":"https:\/\/semmelweis.hu\/baratikor\/wp-json\/wp\/v2\/tags?post=215"}],"curies":[{"name":"wp","href":"https:\/\/api.w.org\/{rel}","templated":true}]}}